{"id":27484,"date":"2024-01-11T12:54:02","date_gmt":"2024-01-11T12:54:02","guid":{"rendered":"https:\/\/sema.es\/banken-und-versicherungen\/"},"modified":"2024-12-16T10:39:11","modified_gmt":"2024-12-16T10:39:11","slug":"banca-y-seguros","status":"publish","type":"page","link":"https:\/\/sema.es\/de\/banca-y-seguros\/","title":{"rendered":"Banken und Versicherungen"},"content":{"rendered":"<?xml encoding=\"UTF-8\"><div class=\"gb-container gb-container-64391086\">\n<div class=\"gb-container gb-container-7fddd5ff\">\n\n<p class=\"gb-headline gb-headline-9b73ecbe\"><span class=\"gb-icon\"><svg xmlns=\"http:\/\/www.w3.org\/2000\/svg\" viewbox=\"0 0 36.7 3\"><path d=\"M0 0h36.7v3H0z\"><\/path><\/svg><\/span><span class=\"gb-headline-text\"><\/span><\/p>\n\n\n\n<h2 class=\"gb-headline gb-headline-d14c8852 gb-headline-text\">Banken und Versicherungen<\/h2>\n\n\n\n<p>Atos Origin hat sich als eine der wichtigsten Referenzen bei der Implementierung von L&ouml;sungen f&uuml;r den Banken- und Versicherungssektor etabliert. Unter der Philosophie eines breiten Spektrums an Funktionalit&auml;ten und abgedeckten Vorg&auml;ngen hat Atos Origin eine umfangreiche Palette an produktbasierten L&ouml;sungen entwickelt, die einen Gro&szlig;teil der wichtigsten betrieblichen Anforderungen dieses Sektors abdecken. <\/p>\n\n\n\n<p>Das umfassende funktionale und betriebswirtschaftliche Wissen, das in die eigenen Anwendungen einflie&szlig;t, hat Atos Origin ein wohlverdientes Ansehen in der Branche verschafft und dazu gef&uuml;hrt, dass das Unternehmen bei der Entscheidung &uuml;ber die Implementierung strategischer Unternehmensanwendungen zu einer Referenz auf dem Markt geworden ist.<\/p>\n\n<\/div>\n\n<div class=\"gb-container gb-container-0896ed09\">\n\n<figure class=\"wp-block-image size-full blue-shadow img\"><img loading=\"lazy\" decoding=\"async\" width=\"1024\" height=\"768\" src=\"https:\/\/sema.es\/wp-content\/uploads\/2024\/01\/Banca-edited.png\" alt=\"\" class=\"wp-image-4897\" title=\"\" srcset=\"https:\/\/sema.es\/wp-content\/uploads\/2024\/01\/Banca-edited.png 1024w, https:\/\/sema.es\/wp-content\/uploads\/2024\/01\/Banca-edited-300x225.png 300w, https:\/\/sema.es\/wp-content\/uploads\/2024\/01\/Banca-edited-768x576.png 768w\" sizes=\"auto, (max-width: 1024px) 100vw, 1024px\" \/><\/figure>\n\n<\/div>\n<\/div><div class=\"gb-container gb-container-e3990794\">\n<div class=\"gb-container gb-container-a18bb782\">\n\n<h2 class=\"gb-headline gb-headline-0cd15ade gb-headline-text\">Unser Dienstleistungsangebot f&uuml;r den Banken- und Versicherungssektor.<\/h2>\n\n\n\n<p>Seit mehr als drei&szlig;ig Jahren bietet Atos Origin Informationssysteme und Dienstleistungen f&uuml;r den Finanzsektor an. Unsere Erfahrung und unser fundiertes Wissen haben uns zu einem der internationalen Referenzunternehmen in der Welt der Informationstechnologie gemacht. <\/p>\n\n\n\n<p>Unsere L&ouml;sungen und Dienstleistungen f&uuml;r den Finanzsektor umfassen die folgenden Aspekte:<\/p>\n\n\n\n<ul class=\"wp-block-list\">\n<li>Funktionelle und technologische Beratung: Sie ist sowohl auf die Optimierung von Prozessen als auch auf betriebswirtschaftliche Studien oder die notwendigen Verbesserungen f&uuml;r die Anpassung eines Systems ausgerichtet.<\/li>\n\n\n\n<li>Systemintegration: Abdeckung der &Auml;nderungen, die f&uuml;r die Verbesserung bestehender Systeme sowie f&uuml;r die Verwaltung und Implementierung neuer Anwendungen erforderlich sind.<br><\/li>\n\n\n\n<li>Outsourcing oder Managed Services: umfassend, funktional, Migration, technischer Support, Netzwerkmanagement, Helpdesk und Sicherheit.<\/li>\n\n\n\n<li>Plattform- oder Softwareprodukte: Wir haben verschiedene Produkte entwickelt, um die Bed&uuml;rfnisse unserer Kunden zu erf&uuml;llen. Die Investitionen in Forschung und Entwicklung in Verbindung mit der Erfahrung und dem Wissen &uuml;ber das Gesch&auml;ft garantieren jede der L&ouml;sungen und garantieren ihre Qualit&auml;t, sowohl funktionell als auch technisch. <\/li>\n<\/ul>\n\n\n\n<h2 class=\"wp-block-heading\">Atos Origin integriert funktionales Wissen und Gesch&auml;ftswissen, um hochkomplexe und spezialisierte L&ouml;sungen zu entwickeln.<\/h2>\n\n\n\n<p>Dank seiner umfangreichen Erfahrung mit Implementierungsprojekten in einem so hochentwickelten IT-Umfeld wie dem spanischen Banken- und Versicherungssektor, seiner soliden Basis an eigenen Produkten, seiner st&auml;ndigen Aktualisierung und seiner F&auml;higkeit, neue Entwicklungen durchzuf&uuml;hren, konnte das Unternehmen seine Position als Marktf&uuml;hrer in diesem Bereich festigen:<\/p>\n\n\n\n<ul class=\"wp-block-list\">\n<li><strong>Das europ&auml;ische Produktentwicklungszentrum von Atos Origin f&uuml;r den Banken- und Versicherungssektor.<\/strong><\/li>\n<\/ul>\n\n\n\n<p>Erfahrung und Wissen &uuml;ber den Finanzsektor sind ein wesentlicher Bestandteil des Erbes von Atos Origin. Dadurch ist das Unternehmen in der Lage, komplexe IT-Projekte in Angriff zu nehmen und die Verantwortung f&uuml;r die Entwicklung neuer kundenspezifischer Softwarel&ouml;sungen zu &uuml;bernehmen sowie Beratungs-, Organisations- und Re-Engineering-Projekte f&uuml;r Finanzinstitute durchzuf&uuml;hren. In diesem Sinne hat Atos Origin kritische L&ouml;sungen f&uuml;r die wichtigsten Einrichtungen in seinem geografischen T&auml;tigkeitsbereich entwickelt.  <\/p>\n\n\n\n<p>Atos Origin hat die dem Markt angebotene L&ouml;sungsplattform mit einer Auswahl der renommiertesten Anwendungen internationalen Ursprungs erg&auml;nzt, mit deren Herstellern es eine enge Beziehung und Zusammenarbeit unterh&auml;lt, um eine vollst&auml;ndige Integration und Anpassung an die Besonderheiten der M&auml;rkte, in denen Atos Origin t&auml;tig ist, zu gew&auml;hrleisten und ein angemessenes Niveau an Service und Entwicklung zu garantieren.<\/p>\n\n\n\n<p>Mehr als 190 Unternehmen aus dem Banken- und Versicherungssektor haben Atos Origin mit der Implementierung ihrer IT-L&ouml;sungen betraut.<\/p>\n\n\n\n<p>Die Integration von Anwendungsprodukten mit Middleware-Tools und technologischen Entwicklungen im Bereich der Kommunikation hat es Atos Origin erm&ouml;glicht, dem Markt eine Plattform mit vollst&auml;ndig integrierten globalen L&ouml;sungen anzubieten.<\/p>\n\n\n\n<h2 class=\"wp-block-heading\">Kapitalm&auml;rkte.<\/h2>\n\n\n\n<p>Capital Markets ist die Abteilung des Finanzbereichs von Atos Origin, die sich auf die Bereitstellung von Gesch&auml;fts- und Technologieberatungsdiensten, Systemintegration und die Bereitstellung von Management-Softwarel&ouml;sungen und -produkten spezialisiert hat, die von einem wettbewerbsf&auml;higen Finanzinstitut in den Gesch&auml;ftsbereichen Private Banking, Wertpapiergesellschaften und -agenturen, Investment- oder Pensionsfondsmanager, Bank-Treasuries, Wertpapiere, E-Brokerage, Risikomanagement (Basel II) oder von den M&auml;rkten und Regulierungsbeh&ouml;rden (Zentralbanken, Wertpapieraufsichtsbeh&ouml;rden usw.) ben&ouml;tigt werden.<\/p>\n\n\n\n<h2 class=\"wp-block-heading\">Infodienste<\/h2>\n\n\n\n<p>Infoservicios, ein Unternehmen, das seinen Kunden alle Arten von professionellen Dienstleistungen im Bereich der Informationstechnologie anbietet, ist eine Tochtergesellschaft von Atos Origin, die zu 75% Atos Origin und zu 25% der Corporaci&oacute;n Financiera Caja Madrid geh&ouml;rt.<\/p>\n\n\n\n<p>Infoservicios entwickelt seinen Auftrag in enger Zusammenarbeit mit seiner Muttergesellschaft Atos Origin, indem es zentrale Abteilungen gemeinsam nutzt und alle m&ouml;glichen Synergien erzielt, um seinen Kunden den gr&ouml;&szlig;tm&ouml;glichen Mehrwert zu bieten. Gleichzeitig genie&szlig;t es eine weitreichende Autonomie, die es ihm erm&ouml;glicht, sich so flexibel wie m&ouml;glich an die vom Markt gestellten Anforderungen anzupassen.<\/p>\n\n\n\n<p>Zu den wichtigsten Kunden geh&ouml;ren die Gruppe Caja Madrid und die Autonome Beh&ouml;rde f&uuml;r Informationstechnologie und Kommunikation der Gemeinschaft Madrid (ICM), mit der Infoservicios seit seiner Gr&uuml;ndung im Jahr 1988 eine enge und fruchtbare Beziehung unterh&auml;lt.<\/p>\n\n\n\n<p>Dar&uuml;ber hinaus ist die Tradition von Infoservicios hervorzuheben, verschiedene L&ouml;sungen f&uuml;r seine Kunden zu vermarkten und anzupassen, darunter, aufgrund seiner aktuellen Bedeutung, syndizierte Darlehen und Kredite, die bei mehreren Finanzinstituten im Einsatz sind.<\/p>\n\n\n\n<h2 class=\"wp-block-heading\">Versicherung<\/h2>\n\n\n\n<p>Wir arbeiten mit den wichtigsten Unternehmen des Versicherungs- und Bancassurance-Sektors zusammen und verf&uuml;gen &uuml;ber umfangreiche Erfolgserlebnisse, die auf unserer Kenntnis des Gesch&auml;fts beruhen. Wir teilen mit unseren Kunden unsere konsolidierte Erfahrung in einem Gesch&auml;ftsmodell, das es uns erm&ouml;glicht, uns an die Bed&uuml;rfnisse des Sektors und jedes Unternehmens anzupassen, und das eine treue Unterst&uuml;tzung f&uuml;r die Gesch&auml;ftsbereiche darstellt. Unser Modell Insurance.world besteht aus einer Reihe von technologischen Komponenten, deren Kernst&uuml;ck GADOR ist. Mit Projekten in Portugal und Italien, Installationen in Lateinamerika und kommerziellen Aktivit&auml;ten im restlichen Europa und Nordafrika ist dieser Gesch&auml;ftsbereich ein wichtiger Bezugspunkt innerhalb von Atos Origin auf globaler Ebene f&uuml;r die Welt der Versicherungen.  <\/p>\n\n<\/div>\n<\/div>\n","protected":false},"excerpt":{"rendered":"<p>Banken und Versicherungen Atos Origin hat sich als eine der wichtigsten Referenzen bei der Implementierung von L&ouml;sungen f&uuml;r den Banken- und Versicherungssektor etabliert. Unter der Philosophie eines breiten Spektrums an Funktionalit&auml;ten und abgedeckten Vorg&auml;ngen hat Atos Origin eine umfangreiche Palette an produktbasierten L&ouml;sungen entwickelt, die einen Gro&szlig;teil der wichtigsten betrieblichen Anforderungen dieses Sektors abdecken. Das &#8230; <a title=\"Banken und Versicherungen\" class=\"read-more\" href=\"https:\/\/sema.es\/de\/banca-y-seguros\/\" aria-label=\"Mehr Informationen \u00fcber Banken und Versicherungen\">Weiterlesen &#8230;<\/a><\/p>\n","protected":false},"author":1,"featured_media":0,"parent":0,"menu_order":0,"comment_status":"closed","ping_status":"closed","template":"","meta":{"footnotes":""},"class_list":["post-27484","page","type-page","status-publish"],"rank_math_title":"Atos Origin: f\u00fchrender Anbieter von Bank- und Versicherungsl\u00f6sungen","rank_math_description":"St\u00e4rken Sie Ihre Bank- und Versicherungsgesch\u00e4fte mit ma\u00dfgeschneiderten IT-L\u00f6sungen von Atos Origin. Unsere End-to-End-Services verbessern Effizienz, Innovation und Wettbewerbsvorteile im Finanzsektor. ","rank_math_focus_keyword":"","_links":{"self":[{"href":"https:\/\/sema.es\/de\/wp-json\/wp\/v2\/pages\/27484","targetHints":{"allow":["GET"]}}],"collection":[{"href":"https:\/\/sema.es\/de\/wp-json\/wp\/v2\/pages"}],"about":[{"href":"https:\/\/sema.es\/de\/wp-json\/wp\/v2\/types\/page"}],"author":[{"embeddable":true,"href":"https:\/\/sema.es\/de\/wp-json\/wp\/v2\/users\/1"}],"replies":[{"embeddable":true,"href":"https:\/\/sema.es\/de\/wp-json\/wp\/v2\/comments?post=27484"}],"version-history":[{"count":0,"href":"https:\/\/sema.es\/de\/wp-json\/wp\/v2\/pages\/27484\/revisions"}],"wp:attachment":[{"href":"https:\/\/sema.es\/de\/wp-json\/wp\/v2\/media?parent=27484"}],"curies":[{"name":"wp","href":"https:\/\/api.w.org\/{rel}","templated":true}]}}