{"id":27521,"date":"2024-01-11T13:48:08","date_gmt":"2024-01-11T13:48:08","guid":{"rendered":"https:\/\/sema.es\/industrie\/"},"modified":"2024-12-16T10:39:18","modified_gmt":"2024-12-16T10:39:18","slug":"industria","status":"publish","type":"page","link":"https:\/\/sema.es\/de\/industria\/","title":{"rendered":"Industrie"},"content":{"rendered":"<?xml encoding=\"UTF-8\"><div class=\"gb-container gb-container-64391086\">\n<div class=\"gb-container gb-container-7fddd5ff\">\n\n<p class=\"gb-headline gb-headline-9b73ecbe\"><span class=\"gb-icon\"><svg xmlns=\"http:\/\/www.w3.org\/2000\/svg\" viewbox=\"0 0 36.7 3\"><path d=\"M0 0h36.7v3H0z\"><\/path><\/svg><\/span><span class=\"gb-headline-text\">Industrie<\/span><\/p>\n\n\n\n<h2 class=\"gb-headline gb-headline-d14c8852 gb-headline-text\">Bei Atos Origin stimmen wir unsere Ziele mit Ihren ab<\/h2>\n\n\n\n<p>Atos Origin hilft seinen Kunden, die Herausforderung zu meistern, ihren Marktanteil zu erh&ouml;hen, indem sie sich auf ihre Kernaktivit&auml;ten konzentrieren und ihre Gesch&auml;ftsprozesse verbessern, damit sie ihre strategischen Wachstumsziele erreichen k&ouml;nnen.<\/p>\n\n\n\n<p>Unsere Erfahrung reicht von der Beratung bis hin zur Implementierung von L&ouml;sungen, die die kritischen Gesch&auml;ftsprozesse unserer Kunden abdecken, und zwar innerhalb des erweiterten Unternehmens. Au&szlig;erdem stellen wir unsere Infrastruktur und Ressourcen f&uuml;r die vollst&auml;ndige oder teilweise Verwaltung der technologischen Umgebungen unserer Kunden (Anwendungen, Systeme und Kommunikationsnetze) zur Verf&uuml;gung. <\/p>\n\n\n\n<p>Atos Origin unterst&uuml;tzt seine Kunden durch seine Spezialisierung auf Beratung, Systemintegration und Outsourcing.<\/p>\n\n\n\n<h2 class=\"wp-block-heading\">Technologie im Dienste der Industrie<\/h2>\n\n\n\n<p>  Das Ziel von Atos Origin ist es, seine Kunden aus der Industrie in die Lage zu versetzen, die M&ouml;glichkeiten der Technologie f&uuml;r ihre Gesch&auml;ftsziele zu nutzen und den Status eines Technologiepartners zu erlangen, der sich auf die gesch&auml;ftlichen Anforderungen und Visionen seiner Kunden einl&auml;sst, um Ergebnisse zu erzielen, die ihre Investitionsrentabilit&auml;t maximieren.<\/p>\n\n\n\n<p>Atos Origin verf&uuml;gt &uuml;ber umfangreiche Erfahrungen in verschiedenen Branchen wie Automobil, Konsumg&uuml;ter\/Einzelhandel, Transport, Luft- und Raumfahrt, Wasser, Bau und Umwelt, &Ouml;l und Gas usw., die durch das globale Wissen und die Praxis der Gruppe verst&auml;rkt werden.<\/p>\n\n\n\n<p>Wir sind Ihre Wahl, wenn es darum geht, den Erfolg der technologischen Projekte zu sichern, die Ihnen bei der Entwicklung Ihrer Gesch&auml;ftspl&auml;ne helfen werden.<\/p>\n\n<\/div>\n<\/div>\n","protected":false},"excerpt":{"rendered":"<p>Industrie Bei Atos Origin stimmen wir unsere Ziele mit Ihren ab Atos Origin hilft seinen Kunden, die Herausforderung zu meistern, ihren Marktanteil zu erh&ouml;hen, indem sie sich auf ihre Kernaktivit&auml;ten konzentrieren und ihre Gesch&auml;ftsprozesse verbessern, damit sie ihre strategischen Wachstumsziele erreichen k&ouml;nnen. Unsere Erfahrung reicht von der Beratung bis hin zur Implementierung von L&ouml;sungen, die &#8230; <a title=\"Industrie\" class=\"read-more\" href=\"https:\/\/sema.es\/de\/industria\/\" aria-label=\"Mehr Informationen \u00fcber Industrie\">Weiterlesen &#8230;<\/a><\/p>\n","protected":false},"author":1,"featured_media":0,"parent":0,"menu_order":0,"comment_status":"closed","ping_status":"closed","template":"","meta":{"footnotes":""},"class_list":["post-27521","page","type-page","status-publish"],"rank_math_title":"Atos Origin: Mit f\u00fchrenden Technologiel\u00f6sungen die Industrie ver\u00e4ndern","rank_math_description":"Richten Sie Ihre industriellen Abl\u00e4ufe mit den fortschrittlichen Technologiel\u00f6sungen von Atos Origin aus. Wir sind auf Beratung, Systemintegration und Outsourcing spezialisiert, um das Wachstum zu f\u00f6rdern und die Gesch\u00e4ftsprozesse in allen Branchen zu optimieren. ","rank_math_focus_keyword":"","_links":{"self":[{"href":"https:\/\/sema.es\/de\/wp-json\/wp\/v2\/pages\/27521","targetHints":{"allow":["GET"]}}],"collection":[{"href":"https:\/\/sema.es\/de\/wp-json\/wp\/v2\/pages"}],"about":[{"href":"https:\/\/sema.es\/de\/wp-json\/wp\/v2\/types\/page"}],"author":[{"embeddable":true,"href":"https:\/\/sema.es\/de\/wp-json\/wp\/v2\/users\/1"}],"replies":[{"embeddable":true,"href":"https:\/\/sema.es\/de\/wp-json\/wp\/v2\/comments?post=27521"}],"version-history":[{"count":0,"href":"https:\/\/sema.es\/de\/wp-json\/wp\/v2\/pages\/27521\/revisions"}],"wp:attachment":[{"href":"https:\/\/sema.es\/de\/wp-json\/wp\/v2\/media?parent=27521"}],"curies":[{"name":"wp","href":"https:\/\/api.w.org\/{rel}","templated":true}]}}