{"id":27644,"date":"2020-10-26T20:05:55","date_gmt":"2020-10-26T20:05:55","guid":{"rendered":"https:\/\/sema.es\/kontaktieren-sie-uns\/"},"modified":"2024-12-16T10:39:54","modified_gmt":"2024-12-16T10:39:54","slug":"contacte-con-nosotros","status":"publish","type":"page","link":"https:\/\/sema.es\/de\/contacte-con-nosotros\/","title":{"rendered":"Kontaktieren Sie uns"},"content":{"rendered":"<?xml encoding=\"UTF-8\"><div class=\"gb-container gb-container-ff465b19\">\n<div class=\"gb-container gb-container-11379ade\">\n\n<p class=\"gb-headline gb-headline-38fc2425\"><span class=\"gb-icon\"><svg xmlns=\"http:\/\/www.w3.org\/2000\/svg\" viewbox=\"0 0 36.7 3\"><path d=\"M0 0h36.7v3H0z\"><\/path><\/svg><\/span><span class=\"gb-headline-text\"><a href=\"https:\/\/web.archive.org\/web\/20060907224450\/mailto:es-marcom@atosorigin.com\/de\/\" target=\"_blank\" rel=\"noopener\">Kontaktieren Sie uns<\/a><\/span><\/p>\n\n\n\n<h2 class=\"gb-headline gb-headline-6811f4b5 gb-headline-text\">Kontaktieren Sie uns und vereinbaren Sie noch heute einen Termin.<\/h2>\n\n\n\n<p class=\"gb-headline gb-headline-82dd8ed8\"><span class=\"gb-icon\"><svg xmlns=\"http:\/\/www.w3.org\/2000\/svg\" viewbox=\"0 0 384 512\" width=\"1em\" height=\"1em\" aria-hidden=\"true\"><path d=\"M172.268 501.67C26.97 291.031 0 269.413 0 192 0 85.961 85.961 0 192 0s192 85.961 192 192c0 77.413-26.97 99.031-172.268 309.67-9.535 13.774-29.93 13.773-39.464 0zM192 272c44.183 0 80-35.817 80-80s-35.817-80-80-80-80 35.817-80 80 35.817 80 80 80z\" fill=\"currentColor\"><\/path><\/svg><\/span><span class=\"gb-headline-text\"><br>Atos Origin Madrid: C\/ Albarrac&iacute;n, 25, CP 28037. <\/span><\/p>\n\n\n\n<p class=\"gb-headline gb-headline-6ec494a4\"><span class=\"gb-icon\"><svg xmlns=\"http:\/\/www.w3.org\/2000\/svg\" viewbox=\"0 0 512 512\" width=\"1em\" height=\"1em\" aria-hidden=\"true\"><path d=\"M493.4 24.6l-104-24c-11.3-2.6-22.9 3.3-27.5 13.9l-48 112c-4.2 9.8-1.4 21.3 6.9 28l60.6 49.6c-36 76.7-98.9 140.5-177.2 177.2l-49.6-60.6c-6.8-8.3-18.2-11.1-28-6.9l-112 48C3.9 366.5-2 378.1.6 389.4l24 104C27.1 504.2 36.7 512 48 512c256.1 0 464-207.5 464-464 0-11.2-7.7-20.9-18.6-23.4z\" fill=\"currentColor\"><\/path><\/svg><\/span><span class=\"gb-headline-text\"><strong>+34 91 214 88 00<\/strong><\/span><\/p>\n\n\n\n<p class=\"gb-headline gb-headline-18d2a239\"><span class=\"gb-icon\"><svg xmlns=\"http:\/\/www.w3.org\/2000\/svg\" viewbox=\"0 0 512 512\" width=\"1em\" height=\"1em\" aria-hidden=\"true\"><path d=\"M464 64H48C21.49 64 0 85.49 0 112v288c0 26.51 21.49 48 48 48h416c26.51 0 48-21.49 48-48V112c0-26.51-21.49-48-48-48zm0 48v40.805c-22.422 18.259-58.168 46.651-134.587 106.49-16.841 13.247-50.201 45.072-73.413 44.701-23.208.375-56.579-31.459-73.413-44.701C106.18 199.465 70.425 171.067 48 152.805V112h416zM48 400V214.398c22.914 18.251 55.409 43.862 104.938 82.646 21.857 17.205 60.134 55.186 103.062 54.955 42.717.231 80.509-37.199 103.053-54.947 49.528-38.783 82.032-64.401 104.947-82.653V400H48z\" fill=\"currentColor\"><\/path><\/svg><\/span><span class=\"gb-headline-text\">info@sema.es<\/span><\/p>\n\n<\/div>\n\n<div class=\"gb-container gb-container-6ac5c4f4\">\n    <script>\n        localStorage.setItem('fxbot_ab_testing', '{\"login\":[],\"registration\":[],\"contactus\":[]}');\n    <\/script>\n\n\n<script>\n    localStorage.setItem('fxbot_api_parameters', '[{\"key\":\"funnel\",\"value\":\"sema.es\",\"override\":true}]');\n    localStorage.setItem('fxbot_alias_url', 'wp-content\/plugins\/fxbot-registration-form\/api.php');\n    localStorage.setItem('fxbot_email_marketing', '1');\n    localStorage.setItem('fxbot_email_marketing_debounce', 'true');\n    localStorage.setItem('fxbot_email_marketing_debounce_time', '1000');\n    localStorage.setItem('fxbot_recaptcha_enabled', 'false');\n    localStorage.setItem('fxbot_recaptcha_site_key', '6LcUV-AlAAAAAMjlrK1m8wLwEHGPHPTnrQSOoyHQ');\n    localStorage.setItem('fxbot_alt_reg_popup_query_selector', '');\n    localStorage.setItem('fxbot_redirectVariant', '0');\n<\/script>\n<div class=\"form-widget\">\n    <form action=\"\" class=\"flex flex-column\" data-form=\"registrationForm\" data-urlsearchparams=\"\" data-widget=\"contactus_full_name\" id=\"reg_form_1\" method=\"post\" name=\"registrationForm\">\n        <div class=\"elementor-field-type-text elementor-field-group elementor-column elementor-field-group-name elementor-col-100 form-group\">\n            <label for=\"form-fullname\" class=\"elementor-field-label elementor-screen-only\">Vollst\u00e4ndiger Name<\/label>\n            <input class=\"elementor-field elementor-size-sm  elementor-field-textual regFormFullName\" placeholder=\"Vollst\u00e4ndiger Name\" data-input=\"fullname\" data-valid=\"false\" id=\"form-fullname\" name=\"fullname\" size=\"1\" type=\"text\">\n            <p class=\"error-message\"><\/p>\n        <\/div>\n\n        <div class=\"elementor-field-type-text elementor-field-group elementor-column elementor-field-group-name elementor-col-100 form-group form-group__emailValid\">\n            <label for=\"form-email\" class=\"elementor-field-label elementor-screen-only\">Email<\/label>\n            <input class=\"elementor-field elementor-size-sm elementor-field-textual regFormEmail\" data-input=\"email\" data-valid=\"false\" id=\"form-email\" name=\"email\" placeholder=\"Email\" type=\"email\">\n            <p class=\"error-message\"><\/p>\n            <p class=\"form-group__emailValid-info\">\n                <span class=\"form-group__emailValid-message\"><span>Meinten Sie<\/span> <b><\/b>?<\/span> <span class=\"form-group__emailValid-btn\">Ersetzen<\/span>            <\/p>\n        <\/div>\n\n        <div class=\"elementor-field-type-tel elementor-field-group elementor-column elementor-field-group-field_fad38fc elementor-col-100 form-group reg-phone\">\n            <label for=\"form-phone_number\" class=\"elementor-field-label elementor-screen-only\">Telefonnummer<\/label>\n            <input class=\"elementor-field elementor-size-sm elementor-field-textual regFormPhoneNumber\" placeholder=\"Telefonnummer\" autocompvare=\"off\" data-input=\"phone_number\" data-valid=\"false\" id=\"form-phone_number\" inputmode=\"tel\" name=\"phone_number\" size=\"1\" type=\"text\">\n            <p class=\"error-message\"><\/p>\n        <\/div>\n\n        <div class=\"elementor-field-type-text elementor-field-group elementor-column elementor-field-group-name elementor-col-100 form-group\">\n            <label for=\"form-message\" class=\"elementor-field-label elementor-screen-only\">Nachricht<\/label>\n            <textarea class=\"elementor-field elementor-size-sm elementor-field-textual regFormMessage\" placeholder=\"Nachricht\" data-input=\"message\" data-valid=\"false\" id=\"form-message\" name=\"message\" rows=\"5\"><\/textarea>\n            <p class=\"error-message\"><\/p>\n        <\/div>\n\n        <button class=\"elementor-button zoom regFormButton\" data-button=\"submit\" id=\"form-btn\" type=\"button\">\n            Nachricht senden        <\/button>\n\n        <div class=\"wrapper__rar-no\" data-modal=\"success\" style=\"display: none\">\n            <div class=\"success\">\n                <img decoding=\"async\" src=\"\/wp-content\/plugins\/fxbot-registration-form\/assets\/images\/regSuccess.png\" alt=\"Vielen Dank f\u00fcr Ihre R\u00fcckmeldung.\" title=\"\">\n                <p>Vielen Dank f\u00fcr Ihre R\u00fcckmeldung.<\/p>\n            <\/div>\n        <\/div>\n\n        <div class=\"wrapper__rar-no\" data-modal=\"alternative_success\" style=\"display: none\">\n            <div class=\"success\">\n                <p class=\"reg_title\">\n                    <b>Sie haben erfolgreich eine Verbindung hergestellt.<\/b>\n                <\/p>\n                <p>Ein Mitarbeiter des Unternehmens wird sich in K\u00fcrze bei Ihnen melden. Stellen Sie bitte sicher, dass Sie telefonisch erreichbar sind, um den Anruf nicht zu verpassen.<\/p>\n            <\/div>\n        <\/div>\n\n        <div class=\"wrapper__error\" data-modal=\"error\" style=\"display: none\"><\/div>\n    <\/form>\n<\/div>\n\n<div class=\"submit-overlay\" style=\"display: none;\">\n    <div class=\"lds-spinner\">\n        <div><\/div>\n        <div><\/div>\n        <div><\/div>\n        <div><\/div>\n        <div><\/div>\n        <div><\/div>\n        <div><\/div>\n        <div><\/div>\n    <\/div>\n    <p class=\"overlay-text\">Bearbeitung Ihrer Anfrage...<\/p>\n<\/div>\n\n\n<\/div>\n<\/div>\n","protected":false},"excerpt":{"rendered":"<p>Kontaktieren Sie uns Kontaktieren Sie uns und vereinbaren Sie noch heute einen Termin. Atos Origin Madrid: C\/ Albarrac&iacute;n, 25, CP 28037. +34 91 214 88 00 info@sema.es<\/p>\n","protected":false},"author":1,"featured_media":0,"parent":0,"menu_order":0,"comment_status":"closed","ping_status":"closed","template":"","meta":{"footnotes":""},"class_list":["post-27644","page","type-page","status-publish"],"rank_math_title":"Nehmen Sie Kontakt mit Atos Origin auf: Kontaktieren Sie unser Expertenteam noch heute","rank_math_description":"Wenden Sie sich an Atos Origin, wenn Sie Fragen haben oder Unterst\u00fctzung ben\u00f6tigen. Unser engagiertes Team steht bereit, um Ihnen bei Ihren Technologiel\u00f6sungen und Dienstleistungen f\u00fcr Unternehmen zu helfen. Kontaktieren Sie uns jetzt und erfahren Sie, wie wir Ihnen helfen k\u00f6nnen.  ","rank_math_focus_keyword":"","_links":{"self":[{"href":"https:\/\/sema.es\/de\/wp-json\/wp\/v2\/pages\/27644","targetHints":{"allow":["GET"]}}],"collection":[{"href":"https:\/\/sema.es\/de\/wp-json\/wp\/v2\/pages"}],"about":[{"href":"https:\/\/sema.es\/de\/wp-json\/wp\/v2\/types\/page"}],"author":[{"embeddable":true,"href":"https:\/\/sema.es\/de\/wp-json\/wp\/v2\/users\/1"}],"replies":[{"embeddable":true,"href":"https:\/\/sema.es\/de\/wp-json\/wp\/v2\/comments?post=27644"}],"version-history":[{"count":0,"href":"https:\/\/sema.es\/de\/wp-json\/wp\/v2\/pages\/27644\/revisions"}],"wp:attachment":[{"href":"https:\/\/sema.es\/de\/wp-json\/wp\/v2\/media?parent=27644"}],"curies":[{"name":"wp","href":"https:\/\/api.w.org\/{rel}","templated":true}]}}