{"id":27660,"date":"2024-01-11T06:57:28","date_gmt":"2024-01-11T06:57:28","guid":{"rendered":"https:\/\/sema.es\/beratung\/"},"modified":"2024-12-16T10:40:08","modified_gmt":"2024-12-16T10:40:08","slug":"consultoria","status":"publish","type":"page","link":"https:\/\/sema.es\/de\/consultoria\/","title":{"rendered":"Beratung"},"content":{"rendered":"<?xml encoding=\"UTF-8\"><div class=\"gb-container gb-container-64391086\">\n<div class=\"gb-container gb-container-7fddd5ff\">\n\n<p class=\"gb-headline gb-headline-9b73ecbe\"><span class=\"gb-icon\"><svg xmlns=\"http:\/\/www.w3.org\/2000\/svg\" viewbox=\"0 0 36.7 3\"><path d=\"M0 0h36.7v3H0z\"><\/path><\/svg><\/span><span class=\"gb-headline-text\">Ein Wettbewerbsvorteil f&uuml;r Sie<\/span><\/p>\n\n\n\n<h2 class=\"gb-headline gb-headline-d14c8852 gb-headline-text\">UNTERNEHMENSBERATUNG, TECHNOLOGIE UND UNTERNEHMENSL&Ouml;SUNGEN<\/h2>\n\n\n\n<p>Atos Consulting ist ein f&uuml;hrender Anbieter von Gesch&auml;fts-, Prozess- und IT-Beratungsdienstleistungen. Mit 2500 Mitarbeitern weltweit konzentriert sich Atos Consulting auf die Entwicklung pragmatischer und bew&auml;hrter L&ouml;sungen f&uuml;r die Bereiche Telekommunikation, Industrie, Finanzdienstleistungen und den &ouml;ffentlichen Sektor. <\/p>\n\n\n\n<p>Atos Consulting in Spanien bietet Ihnen mit einem Team von 580 Fachleuten ein multidisziplin&auml;res Team zur L&ouml;sung der Probleme Ihres Unternehmens, das Kenntnisse in den Bereichen Strategie, Gesch&auml;ft\/Markt und Technologie vereint.<\/p>\n\n\n\n<p>Unsere Gesch&auml;ftsvision verfolgt:<\/p>\n\n\n\n<ul class=\"wp-block-list\">\n<li>Geben Sie unserem Beitrag den n&ouml;tigen Pragmatismus und sichtbare Ergebnisse auf kurze Sicht.<\/li>\n\n\n\n<li>Sie leiten das Management von Technologie und konzentrieren sich dabei auf deren Beitrag zur Probleml&ouml;sung oder Gesch&auml;ftsverbesserung.<\/li>\n\n\n\n<li>Vollst&auml;ndiges Engagement und Beteiligung am Erfolg unserer Kunden.<\/li>\n<\/ul>\n\n\n\n<h3 class=\"wp-block-heading\">Atos Consulting verschafft Ihnen einen Wettbewerbsvorteil<\/h3>\n\n\n\n<p>Die Steigerung des Wettbewerbsvorteils ist ein Ziel, das alle Unternehmen teilen und das durch Verbesserungen in Bereichen wie Kundenkommunikation, Effizienz der Lieferkette, Personalmanagement oder Optimierung der betrieblichen Abl&auml;ufe erreicht werden kann. Selbst die am besten gef&uuml;hrten Unternehmen k&ouml;nnen bei der Umsetzung von Ver&auml;nderungen durch interne Richtlinien und vorher festgelegte Verfahren behindert werden. <\/p>\n\n\n\n<p><br>Eine Partnerschaft mit Atos Consulting deckt diese Bereiche vollst&auml;ndig ab, von der Unterst&uuml;tzung bei der Strategieentwicklung bis hin zur Lieferung von Ergebnissen. Unternehmen, die mit uns zusammenarbeiten, sind in der Lage, durch Innovation bei der Gestaltung von Gesch&auml;ftsprozessen, durch die Entwicklung und Implementierung der notwendigen technologischen Unterst&uuml;tzung und durch Investitionen in Mitarbeiter, die glauben, dass sie einen Wettbewerbsvorteil erhalten, einen echten Mehrwert zu schaffen. <\/p>\n\n\n\n<h3 class=\"wp-block-heading\">Atos Consulting ist Ihr zuverl&auml;ssiger Partner<\/h3>\n\n\n\n<p>Atos Consulting kann auf langj&auml;hrige und enge Beziehungen zu seinen Kunden zur&uuml;ckblicken und ist ein wichtiger operativer Gesch&auml;ftsbereich von Atos Origin. Atos Origin ist ein starkes globales Unternehmen und ein Technologiepartner f&uuml;r Unternehmen auf der ganzen Welt, der die Effektivit&auml;t der Gesch&auml;fte seiner Kunden durch die Entwicklung, den Aufbau und den Betrieb von IT-basierten Gesch&auml;ftsprozessen verbessert. Atos Origin besch&auml;ftigt in Spanien 5.000 Mitarbeiter und ist eines der wichtigsten Unternehmen des Sektors in unserem Land. In enger Zusammenarbeit mit der Muttergesellschaft kann Atos Consulting komplette L&ouml;sungen f&uuml;r die Umgestaltung von Unternehmen anbieten, die hocheffektive Ergebnisse liefern und einen echten Wettbewerbsvorteil bieten. In Zusammenarbeit mit den Bereichen Systems Integration (SI) und Managed Operations (MO) von Atos Consulting k&ouml;nnen wir jede Phase des Ver&auml;nderungsprozesses unterst&uuml;tzen, von der strategischen Planung bis zur Implementierung.   <\/p>\n\n\n\n<h3 class=\"wp-block-heading\">Atos Consulting bietet Ihnen Erfahrung und Wissen<\/h3>\n\n\n\n<p>Atos Consulting bietet objektive Empfehlungen und einen pragmatischen und realistischen Ansatz zur L&ouml;sung der Probleme unserer Kunden. Wir haben nachweislich Erfahrung in der Bereitstellung von L&ouml;sungen in den Bereichen Versorgungsunternehmen, Medien, Telekommunikation, Transport, Industrie, Finanzen und &ouml;ffentlicher Sektor. Dank unserer Unabh&auml;ngigkeit und unserer umfangreichen Erfahrung in diesen spezifischen Sektoren k&ouml;nnen sich unsere Kunden auf unsere F&auml;higkeit verlassen, praktikable und logische L&ouml;sungen mit einem optimalen Gleichgewicht zwischen Kostensenkung und Prozessverbesserung zu entwickeln.  <\/p>\n\n\n\n<p><br>Mit einem hochgradig integrierten Ansatz stellt Atos Consulting sicher, dass alle Aspekte Ihres Unternehmens &ndash; Menschen, Prozesse und Technologie &ndash; vollst&auml;ndig auf die Gesch&auml;ftsstrategie abgestimmt sind. Um diesen Ansatz zu unterst&uuml;tzen, umfasst unsere Unternehmensberatung folgende Leistungen: <\/p>\n\n\n\n<ul class=\"wp-block-list\">\n<li><strong>Unternehmensberatung<\/strong> f&uuml;r Unternehmenstransformation, strategische Entwicklung, Implementierungsplanung und Change Management.<\/li>\n\n\n\n<li><strong>Prozessberatung<\/strong> f&uuml;r die Neugestaltung von Prozessen, Prozessoptimierung und Workflow-Design.<\/li>\n\n\n\n<li><strong>Technische Beratung<\/strong> f&uuml;r die Anpassung von Gesch&auml;ftsprozessen an IT-Architekturen und -L&ouml;sungen.<br> <\/li>\n<\/ul>\n\n\n\n<p>Da gro&szlig;e Umstrukturierungs- und IT-Systemprojekte tiefgreifende Auswirkungen auf die Organisation und den Betrieb eines Unternehmens haben, bietet die Expertise von Atos Consulting im Bereich Change Management das richtige Gleichgewicht zwischen Technologie und Personalmanagement. Auf diese Weise k&ouml;nnen wir die besten L&ouml;sungen f&uuml;r unsere Kunden liefern und gleichzeitig unsere Verpflichtungen in Bezug auf Qualit&auml;t, Kosten und Zeitplan einhalten. Die F&auml;higkeit, ein Supportsystem zu entwickeln und einzusetzen, das vollst&auml;ndig an die strategischen Anforderungen der Kunden angepasst ist, ist ein Schl&uuml;sselfaktor f&uuml;r den Erfolg von Projekten und ein wichtiges Unterscheidungsmerkmal f&uuml;r Atos Consulting.  <\/p>\n\n<\/div>\n\n<div class=\"gb-container gb-container-0896ed09\">\n\n<figure class=\"wp-block-image size-large blue-shadow img\"><img loading=\"lazy\" decoding=\"async\" width=\"600\" height=\"450\" src=\"https:\/\/sema.es\/wp-content\/uploads\/2020\/10\/family-practice.jpg\" alt=\"\" class=\"wp-image-4366\" title=\"\" srcset=\"https:\/\/sema.es\/wp-content\/uploads\/2020\/10\/family-practice.jpg 600w, https:\/\/sema.es\/wp-content\/uploads\/2020\/10\/family-practice-300x225.jpg 300w\" sizes=\"auto, (max-width: 600px) 100vw, 600px\" \/><\/figure>\n\n<\/div>\n<\/div>\n","protected":false},"excerpt":{"rendered":"<p>Ein Wettbewerbsvorteil f&uuml;r Sie UNTERNEHMENSBERATUNG, TECHNOLOGIE UND UNTERNEHMENSL&Ouml;SUNGEN Atos Consulting ist ein f&uuml;hrender Anbieter von Gesch&auml;fts-, Prozess- und IT-Beratungsdienstleistungen. Mit 2500 Mitarbeitern weltweit konzentriert sich Atos Consulting auf die Entwicklung pragmatischer und bew&auml;hrter L&ouml;sungen f&uuml;r die Bereiche Telekommunikation, Industrie, Finanzdienstleistungen und den &ouml;ffentlichen Sektor. Atos Consulting in Spanien bietet Ihnen mit einem Team von 580 &#8230; <a title=\"Beratung\" class=\"read-more\" href=\"https:\/\/sema.es\/de\/consultoria\/\" aria-label=\"Mehr Informationen \u00fcber Beratung\">Weiterlesen &#8230;<\/a><\/p>\n","protected":false},"author":1,"featured_media":0,"parent":0,"menu_order":0,"comment_status":"closed","ping_status":"closed","template":"","meta":{"footnotes":""},"class_list":["post-27660","page","type-page","status-publish"],"rank_math_title":"Atos Consulting: Strategische Unternehmens- und IT-Beratungsdienste","rank_math_description":"Verschaffen Sie sich einen Wettbewerbsvorteil mit den fachkundigen IT- und Unternehmensberatungsleistungen von Atos Consulting. Ma\u00dfgeschneiderte L\u00f6sungen f\u00fcr die Bereiche Telekommunikation, Finanzen, \u00f6ffentlicher Sektor und mehr, die sichtbare Ergebnisse und strategisches Wachstum f\u00f6rdern. ","rank_math_focus_keyword":"","_links":{"self":[{"href":"https:\/\/sema.es\/de\/wp-json\/wp\/v2\/pages\/27660","targetHints":{"allow":["GET"]}}],"collection":[{"href":"https:\/\/sema.es\/de\/wp-json\/wp\/v2\/pages"}],"about":[{"href":"https:\/\/sema.es\/de\/wp-json\/wp\/v2\/types\/page"}],"author":[{"embeddable":true,"href":"https:\/\/sema.es\/de\/wp-json\/wp\/v2\/users\/1"}],"replies":[{"embeddable":true,"href":"https:\/\/sema.es\/de\/wp-json\/wp\/v2\/comments?post=27660"}],"version-history":[{"count":0,"href":"https:\/\/sema.es\/de\/wp-json\/wp\/v2\/pages\/27660\/revisions"}],"wp:attachment":[{"href":"https:\/\/sema.es\/de\/wp-json\/wp\/v2\/media?parent=27660"}],"curies":[{"name":"wp","href":"https:\/\/api.w.org\/{rel}","templated":true}]}}