{"id":27722,"date":"2024-01-11T12:27:04","date_gmt":"2024-01-11T12:27:04","guid":{"rendered":"https:\/\/sema.es\/loyalitaet-und-konsum\/"},"modified":"2024-12-16T10:40:26","modified_gmt":"2024-12-16T10:40:26","slug":"fidelizacion-y-consumo","status":"publish","type":"page","link":"https:\/\/sema.es\/de\/fidelizacion-y-consumo\/","title":{"rendered":"Loyalit\u00e4t und Konsum"},"content":{"rendered":"<?xml encoding=\"UTF-8\"><div class=\"gb-container gb-container-613ced2e\">\n<div class=\"gb-container gb-container-27a0e383\">\n\n<p class=\"gb-headline gb-headline-25158df7\"><span class=\"gb-icon\"><svg xmlns=\"http:\/\/www.w3.org\/2000\/svg\" viewbox=\"0 0 36.7 3\"><path d=\"M0 0h36.7v3H0z\"><\/path><\/svg><\/span><span class=\"gb-headline-text\"><strong>Menschliche und technische Infrastruktur im Dienste unserer Kunden<\/strong><\/span><\/p>\n\n\n\n<h2 class=\"gb-headline gb-headline-e923e090 gb-headline-text\">Loyalit&auml;t und Managed Services f&uuml;r Verbraucher<\/h2>\n\n\n\n<p>Der Bereich Loyalty and Consumer Managed Services von Atos Origin zeichnet sich durch die Bereitstellung globaler Servicel&ouml;sungen f&uuml;r verschiedene Gesch&auml;ftsbereiche aus. Mit zw&ouml;lf Jahren Erfahrung in den Bereichen Kundentreue, Verbraucherkredite, Zahlungsmittel und Leasing haben wir umfassende Kenntnisse der Gesch&auml;ftsprozesse in diesen Bereichen erworben. Wir verf&uuml;gen &uuml;ber die personellen und technischen Ressourcen, die es uns erm&ouml;glichen, die mit unseren Kunden festgelegten Ziele zu erreichen.  <\/p>\n\n\n\n<p>Mehr als 180.000 verarbeitete Transaktionen pro Jahr<\/p>\n\n\n\n<h2 class=\"wp-block-heading\">1.-Loyalit&auml;t<\/h2>\n\n\n\n<p>Die erfolgreichsten Kundenbindungsprogramme basieren auf unseren Dienstleistungen<\/p>\n\n\n\n<ul class=\"wp-block-list\">\n<li>Entwicklung von spezifischen IT-L&ouml;sungen<\/li>\n\n\n\n<li>Entwurf und Aufbau der operativen und Marketing-Datenbanken<\/li>\n\n\n\n<li>Definition und Implementierung von IT- und Kommunikationssystemen.<\/li>\n<\/ul>\n\n\n\n<p>Jede erfolgreiche Gesch&auml;ftsstrategie muss darauf basieren, zu wissen, wer die Kunden eines Unternehmens sind, wie sie sind und was sie wollen. Dieses Wissen erm&ouml;glicht es, die notwendigen Ma&szlig;nahmen zur Sicherung der Kundentreue zu entwickeln. Kurz gesagt: Bieten Sie das an, was der Kunde zu erhalten erwartet.  <\/p>\n\n\n\n<p>Das Image und den Ruf des Unternehmens zu st&auml;rken, die Effektivit&auml;t aller Marketingma&szlig;nahmen zu erh&ouml;hen, Marktanteile zu konsolidieren und auszubauen, einen Mehrwert f&uuml;r das Unternehmen zu schaffen und den Markteintritt neuer Wettbewerber zu verhindern, ist eine Herausforderung f&uuml;r jedes Unternehmen.<\/p>\n\n\n\n<p>Die Entwicklung eines guten Kundenbindungsprogramms erleichtert das Erreichen der oben genannten Gesch&auml;ftsziele. Atos Origin bietet das Wissen, die Erfahrung und die Ressourcen, die den Erfolg des Treueprogramms garantieren, das wir mit unseren Kunden vereinbaren. Wir &uuml;bernehmen das gesamte Management Ihres Programms &ndash; Marketing, IT, Logistik, Betrieb &ndash; in unseren Einrichtungen.  <\/p>\n\n\n\n<h2 class=\"wp-block-heading\">2.-Mittel der Zahlungsdienstleistung<\/h2>\n\n\n\n<p>Signifikanter Marktanteil bei den Zahlungsmitteln<\/p>\n\n\n\n<ul class=\"wp-block-list\">\n<li>Mehr als 2.000.000 verwaltete Karten<\/li>\n\n\n\n<li>11.000 bediente Verkaufsstellen<\/li>\n<\/ul>\n\n\n\n<p><br>Wir entwickeln und implementieren auf Dienstleistungsbasis unsere IT-L&ouml;sung im Umfeld von Bank- oder privaten Zahlungsmitteln. Wir verwalten Netzwerke von Terminals und anderen notwendigen oder erg&auml;nzenden Ger&auml;ten f&uuml;r die Aktivierung und Implementierung der oben genannten Zahlungsmittel, die mit den von jedem Unternehmen angebotenen Produkten zusammenh&auml;ngen. <\/p>\n\n\n\n<p>Die L&ouml;sung umfasst die Erfassung von Kunden- und Niederlassungsdaten, online, per Batch und &uuml;ber das Internet; die Pflege von Kunden, Niederlassungen und Interchange-Systemen; Scoring, Ausgabe und Erneuerung von Karten, Erfassung und Autorisierung von Transaktionen, einschlie&szlig;lich Split-Transaktionen, sowie Multimarken- und Multikollektiv-Verarbeitung; Druck von Abrechnungen, Treuemodul und Schnittstelle, Fakturierungsprozesse und Integration mit Buchhaltungs- und Inkassoanwendungen.<\/p>\n\n\n\n<p>Kurz gesagt, eine ganzheitliche Verwaltung der Bed&uuml;rfnisse des Kunden.<\/p>\n\n\n\n<h2 class=\"wp-block-heading\">3.- Verbraucherkredit<\/h2>\n\n\n\n<p>Seit 1989 ein Service, der unseren Kunden Gesch&auml;ftsl&ouml;sungen bietet.<\/p>\n\n\n\n<ul class=\"wp-block-list\">\n<li>Globale L&ouml;sung f&uuml;r E.F.C.<\/li>\n\n\n\n<li>Erfahrung in diesem Sektor<\/li>\n\n\n\n<li>Mehr als 15.000.000 abgegebene Erkl&auml;rungen<\/li>\n<\/ul>\n\n\n\n<p>Unsere L&ouml;sung erm&ouml;glicht das Management von Gesch&auml;ften und die Verwaltung von Verbraucherkrediten unter Einbeziehung von Kunden, Gesch&auml;ften, Einrichtungen und allen anderen Vermittlern, die an dem Gesch&auml;ft beteiligt sind.<\/p>\n\n\n\n<p>Wir verwalten den gesamten Lebenszyklus des Kredits, von der Gew&auml;hrung und Verwaltung bis hin zum Management von Zahlungsausf&auml;llen.<\/p>\n\n\n\n<p>Wir f&uuml;hren den Austausch mit den beteiligten externen Stellen durch (Bank, Einziehung, Risiko, usw.).<\/p>\n\n\n\n<p>Integrale Verwaltung, sowohl operativ als auch kommerziell, der Einrichtungen, die Gesch&auml;fte anbieten, f&uuml;r die wir unter anderem die M&ouml;glichkeit haben, Kredite &uuml;ber das Internet zu gew&auml;hren und Werbekampagnen f&uuml;r die Kunden der Einrichtung durchzuf&uuml;hren.<br><\/p>\n\n\n\n<h2 class=\"wp-block-heading\">4.- Leasing-Vermietung\/Gescob<\/h2>\n\n\n\n<p><br>Banken und markengebundene Finanzunternehmen vertrauen auf unsere Dienstleistungen<\/p>\n\n\n\n<h1 class=\"wp-block-heading\">Leasing-Vermietung<\/h1>\n\n\n\n<p>Unter dem Namen Paraban stellen wir eine modulare Reihe von computergest&uuml;tzten Verfahren vor, die entwickelt wurden, um L&ouml;sungen f&uuml;r Finanzkreditinstitute in Bezug auf Finanzierungsleasing, Operational Leasing und Vermietung zu bieten. Alle f&uuml;r die Verwaltung erforderlichen Informationen &ndash; Teilnehmer, zu finanzierende Objekte, wirtschaftliche Daten, vorzulegende Unterlagen, Garantien usw. &ndash; erm&ouml;glichen es, nach einer Risikoanalyse die Operation zu genehmigen oder abzulehnen. <\/p>\n\n\n\n<p>Die L&ouml;sung steuert das gesamte Portfoliomanagement, die kaufm&auml;nnische Verwaltung, die Verwaltung unbezahlter Rechnungen sowie die automatische Verbuchung der aus der Verwaltung kommenden Buchungen.<\/p>\n\n\n\n<ul class=\"wp-block-list\">\n<li>Produktions- und Investitionsberichte<\/li>\n\n\n\n<li>Weiterverfolgung von Handelsaktionen<\/li>\n\n\n\n<li>Konsolidiertes Risikomanagement nach Kunden<\/li>\n\n\n\n<li>Statistiken, Konsultationen und Berichte<\/li>\n\n\n\n<li>Gescob<\/li>\n\n\n\n<li>Inkassoverwaltungssystem, das die Verwaltung von Agenten mit Portfolioverteilung und Kunden mit elektronischer Agenda umfasst.<\/li>\n<\/ul>\n\n\n\n<p>Es regelt auch den Austausch mit externen Stellen und Systemen, Anwendungen f&uuml;r die Herkunft\/Bestimmung unbezahlter Schulden, externen Inkassounternehmen, Kreditb&uuml;ros usw.<br><\/p>\n\n\n\n<h2 class=\"wp-block-heading\">5.-Data Mining\/ Kreditw&uuml;rdigkeitspr&uuml;fung<\/h2>\n\n\n\n<p>Risiko- und Wissensmanagement sind Dienstleistungen, die wir mit unseren Kunden vereinbaren.<\/p>\n\n\n\n<h1 class=\"wp-block-heading\">Data Mining<\/h1>\n\n\n\n<p>Die Integration von fortgeschrittenem Wissen in Datenanalysetechniken und die uns zur Verf&uuml;gung stehenden technischen Mittel erm&ouml;glichen es unserem Spezialistenteam, Ihre operativen Daten in wichtige Informationen umzuwandeln und Ihre Daten in eine strategische Waffe zu verwandeln.<\/p>\n\n\n\n<p>Dank der Entwicklung dieser Analyset&auml;tigkeit betreten die Unternehmen eine aufregende Welt. Ein einziger Datensatz kann einen neuen Einblick in den Markt, eine hohe Reaktionswahrscheinlichkeit auf eine Marketingkampagne oder einen Hinweis darauf, wohin sich die Konkurrenz bewegt, liefern.<\/p>\n\n\n\n<h1 class=\"wp-block-heading\">Kreditw&uuml;rdigkeitspr&uuml;fung<\/h1>\n\n\n\n<p>Das Ziel der Kreditw&uuml;rdigkeitspr&uuml;fung ist es, das Risikoverhalten eines Antragstellers zum Zeitpunkt des Kreditantrags &bdquo;vorherzusagen&ldquo;.<\/p>\n\n\n\n<p>Das Kreditscoring ist ein mathematisches Modell zur Vorhersage des Risikoverhaltens eines Kreditantrags, das auf multivariaten statistischen Analysetechniken basiert.<\/p>\n\n\n\n<p>Zu unserem Engagement f&uuml;r unsere Kunden geh&ouml;rt es, die Zahl der Zahlungsausf&auml;lle zu reduzieren, indem wir die Kriterien f&uuml;r die Bewertung von Kreditantr&auml;gen objektivieren und straffen.<br><\/p>\n\n\n\n<h2 class=\"wp-block-heading\">6.- Dienstleistungszentrum<\/h2>\n\n\n\n<p>Die richtigen Mittel f&uuml;r integriertes Kundenmanagement<\/p>\n\n\n\n<p>Von unseren Service-Centern aus, die &uuml;ber hochqualifiziertes Personal und die neuesten Technologien verf&uuml;gen, helfen wir unseren Kunden, ihre Aktivit&auml;ten zu managen, indem wir ein operatives Service-Center einrichten, das die volle Verantwortung f&uuml;r das administrative, telefonische und logistische Management &uuml;bernimmt, das f&uuml;r ihre Aktivit&auml;ten erforderlich ist.<\/p>\n\n\n\n<p>Operational Management Centre, mit den Funktionen:<\/p>\n\n\n\n<ul class=\"wp-block-list\">\n<li>24 Stunden\/365 Tage Hotline<\/li>\n\n\n\n<li>Back-Office-Zentrum<\/li>\n\n\n\n<li>Kundenmanagement<\/li>\n\n\n\n<li>Verwaltung der Niederlassung<\/li>\n\n\n\n<li>POS-Installation und -Wartung<\/li>\n\n\n\n<li>Administrative Dienste<\/li>\n\n\n\n<li>Freundliche Tele-Collection<br><\/li>\n<\/ul>\n\n\n\n<h2 class=\"wp-block-heading\">7.- Systeme<\/h2>\n\n\n\n<p>Die technologisch fortschrittlichsten Architekturen, die dem Unternehmen zur Verf&uuml;gung stehen<\/p>\n\n\n\n<p>In unserem Rechenzentrum verf&uuml;gen wir &uuml;ber die f&uuml;r die Bed&uuml;rfnisse unserer Kunden geeigneten Systeme, die wir st&auml;ndig weiterentwickeln und mit den neuesten technologischen Innovationen versehen. Wir sorgen daf&uuml;r, dass unsere Systeme den Unternehmen unserer Kunden Vorteile bringen. <\/p>\n\n\n\n<ul class=\"wp-block-list\">\n<li>24 Stunden\/365 Tage Service<\/li>\n\n\n\n<li>Druckzentrum<\/li>\n\n\n\n<li>Medienverarbeitung und -speicherung<\/li>\n\n\n\n<li>Datensicherheit<\/li>\n\n\n\n<li>Logische Sicherheit<\/li>\n\n\n\n<li>Physische Sicherheit<\/li>\n\n\n\n<li>24 Stunden bewachtes Gel&auml;nde<\/li>\n\n\n\n<li>Systeme zur Erkennung von Feuer und Feuchtigkeit<\/li>\n\n\n\n<li>2 Aufw&auml;rtsbewegungen (300+80 Kvas)<\/li>\n\n\n\n<li>2 Generierungss&auml;tze<\/li>\n\n\n\n<li>Unbegrenzte Kontinuit&auml;tsgruppen<\/li>\n\n\n\n<li>Betreiber<\/li>\n\n\n\n<li>Systemtechniker<\/li>\n\n\n\n<li>Kommunikationstechniker<\/li>\n<\/ul>\n\n<\/div>\n<\/div>\n","protected":false},"excerpt":{"rendered":"<p>Menschliche und technische Infrastruktur im Dienste unserer Kunden Loyalit&auml;t und Managed Services f&uuml;r Verbraucher Der Bereich Loyalty and Consumer Managed Services von Atos Origin zeichnet sich durch die Bereitstellung globaler Servicel&ouml;sungen f&uuml;r verschiedene Gesch&auml;ftsbereiche aus. Mit zw&ouml;lf Jahren Erfahrung in den Bereichen Kundentreue, Verbraucherkredite, Zahlungsmittel und Leasing haben wir umfassende Kenntnisse der Gesch&auml;ftsprozesse in diesen &#8230; <a title=\"Loyalit\u00e4t und Konsum\" class=\"read-more\" href=\"https:\/\/sema.es\/de\/fidelizacion-y-consumo\/\" aria-label=\"Mehr Informationen \u00fcber Loyalit\u00e4t und Konsum\">Weiterlesen &#8230;<\/a><\/p>\n","protected":false},"author":1,"featured_media":0,"parent":0,"menu_order":0,"comment_status":"closed","ping_status":"closed","template":"","meta":{"footnotes":""},"class_list":["post-27722","page","type-page","status-publish"],"rank_math_title":"Atos Origin Loyalty and Consumer Services: Verbesserung der Kundenbindung","rank_math_description":"Maximieren Sie die Loyalit\u00e4t und das Engagement Ihrer Kunden mit den Managed Services von Atos Origin. Unser Fachwissen in den Bereichen Kundenbindungsprogramme, Kreditservices und Zahlungsl\u00f6sungen f\u00f6rdert das Gesch\u00e4ftswachstum und die Kundenzufriedenheit. ","rank_math_focus_keyword":"","_links":{"self":[{"href":"https:\/\/sema.es\/de\/wp-json\/wp\/v2\/pages\/27722","targetHints":{"allow":["GET"]}}],"collection":[{"href":"https:\/\/sema.es\/de\/wp-json\/wp\/v2\/pages"}],"about":[{"href":"https:\/\/sema.es\/de\/wp-json\/wp\/v2\/types\/page"}],"author":[{"embeddable":true,"href":"https:\/\/sema.es\/de\/wp-json\/wp\/v2\/users\/1"}],"replies":[{"embeddable":true,"href":"https:\/\/sema.es\/de\/wp-json\/wp\/v2\/comments?post=27722"}],"version-history":[{"count":0,"href":"https:\/\/sema.es\/de\/wp-json\/wp\/v2\/pages\/27722\/revisions"}],"wp:attachment":[{"href":"https:\/\/sema.es\/de\/wp-json\/wp\/v2\/media?parent=27722"}],"curies":[{"name":"wp","href":"https:\/\/api.w.org\/{rel}","templated":true}]}}