{"id":27739,"date":"2024-01-11T12:40:23","date_gmt":"2024-01-11T12:40:23","guid":{"rendered":"https:\/\/sema.es\/umwelt-und-informationssysteme\/"},"modified":"2024-12-16T10:40:34","modified_gmt":"2024-12-16T10:40:34","slug":"medio-ambiente-y-sistemas-de-informacion","status":"publish","type":"page","link":"https:\/\/sema.es\/de\/medio-ambiente-y-sistemas-de-informacion\/","title":{"rendered":"Umwelt und Informationssysteme"},"content":{"rendered":"<?xml encoding=\"UTF-8\"><div class=\"gb-container gb-container-613ced2e\">\n<div class=\"gb-container gb-container-27a0e383\">\n\n<p class=\"gb-headline gb-headline-25158df7\"><span class=\"gb-icon\"><svg xmlns=\"http:\/\/www.w3.org\/2000\/svg\" viewbox=\"0 0 36.7 3\"><path d=\"M0 0h36.7v3H0z\"><\/path><\/svg><\/span><span class=\"gb-headline-text\"><strong>Beteiligt an der nachhaltigen Entwicklung<\/strong><\/span><\/p>\n\n\n\n<h2 class=\"gb-headline gb-headline-e923e090 gb-headline-text\">Umwelt und Informationssysteme<\/h2>\n\n\n\n<p>Atos Origin und seine internationale Beratungsabteilung, Atos Consulting, sind f&uuml;hrend in der Entwicklung von Technologiel&ouml;sungen, die Unternehmen und Organisationen bei ihrem Engagement f&uuml;r eine nachhaltige Entwicklung unterst&uuml;tzen sollen.<\/p>\n\n\n\n<p>Atos Consulting ist sich der immer aktiveren Rolle des Unternehmens zugunsten der Umwelt bewusst und hat eine Reihe von L&ouml;sungen entwickelt, die sich auf den Schutz der Umwelt durch die Integration von Umweltparametern in die finanziellen und kommerziellen Informationssysteme von Unternehmen konzentrieren. Unsere Initiative begann im Jahr 2001 im Teilsektor Wassergewinnung, -aufbereitung und -versorgung ( <em><a href=\"https:\/\/sema.es\/de\/water-pack\/\" data-type=\"page\" data-id=\"4879\">Wasser-Pack<\/a><\/em> ), einer nat&uuml;rlichen Ressource von entscheidender Bedeutung, deren Verwaltung Informationssysteme erfordert, die in der Lage sind, Daten detailliert und vor allem integriert zu analysieren. <\/p>\n\n\n\n<p>Atos Consulting bietet nun L&ouml;sungen im Teilsektor Abfall an, insbesondere f&uuml;r die Bewirtschaftung von Industrieabf&auml;llen ( <a href=\"https:\/\/sema.es\/de\/environment-pack\/\" data-type=\"page\" data-id=\"4882\"><em>Umwelt-Paket<\/em> <\/a>). Zu diesem Zweck setzt es erneut SAP als Business Support Tool ein und baut darauf eine Reihe von Produkten auf, die eine Antwort auf die am Gesch&auml;ft beteiligten Parteien bieten: Erzeuger, Manager, Transporteure und Umweltverwaltung. Diese Tools schaffen einen Mehrwert f&uuml;r Ihr Unternehmen, optimieren Ihre Prozesse und sparen Ihnen Kosten bei den Verwaltungsabl&auml;ufen. Gleichzeitig erhalten Sie geeignete Kriterien f&uuml;r strategische Entscheidungen in Ihrem Unternehmen.  <\/p>\n\n<\/div>\n<\/div>\n","protected":false},"excerpt":{"rendered":"<p>Beteiligt an der nachhaltigen Entwicklung Umwelt und Informationssysteme Atos Origin und seine internationale Beratungsabteilung, Atos Consulting, sind f&uuml;hrend in der Entwicklung von Technologiel&ouml;sungen, die Unternehmen und Organisationen bei ihrem Engagement f&uuml;r eine nachhaltige Entwicklung unterst&uuml;tzen sollen. Atos Consulting ist sich der immer aktiveren Rolle des Unternehmens zugunsten der Umwelt bewusst und hat eine Reihe von &#8230; <a title=\"Umwelt und Informationssysteme\" class=\"read-more\" href=\"https:\/\/sema.es\/de\/medio-ambiente-y-sistemas-de-informacion\/\" aria-label=\"Mehr Informationen \u00fcber Umwelt und Informationssysteme\">Weiterlesen &#8230;<\/a><\/p>\n","protected":false},"author":1,"featured_media":0,"parent":0,"menu_order":0,"comment_status":"closed","ping_status":"closed","template":"","meta":{"footnotes":""},"class_list":["post-27739","page","type-page","status-publish"],"rank_math_title":"Atos Origin: Pionierarbeit f\u00fcr \u00f6kologische Nachhaltigkeit durch IT-L\u00f6sungen","rank_math_description":"St\u00e4rken Sie Ihr Engagement f\u00fcr Nachhaltigkeit mit den umweltfreundlichen IT-L\u00f6sungen von Atos Origin. Unsere innovativen Ans\u00e4tze integrieren Umweltaspekte in Ihre Gesch\u00e4ftssysteme und f\u00f6rdern nachhaltige Praktiken und Effizienz. ","rank_math_focus_keyword":"","_links":{"self":[{"href":"https:\/\/sema.es\/de\/wp-json\/wp\/v2\/pages\/27739","targetHints":{"allow":["GET"]}}],"collection":[{"href":"https:\/\/sema.es\/de\/wp-json\/wp\/v2\/pages"}],"about":[{"href":"https:\/\/sema.es\/de\/wp-json\/wp\/v2\/types\/page"}],"author":[{"embeddable":true,"href":"https:\/\/sema.es\/de\/wp-json\/wp\/v2\/users\/1"}],"replies":[{"embeddable":true,"href":"https:\/\/sema.es\/de\/wp-json\/wp\/v2\/comments?post=27739"}],"version-history":[{"count":0,"href":"https:\/\/sema.es\/de\/wp-json\/wp\/v2\/pages\/27739\/revisions"}],"wp:attachment":[{"href":"https:\/\/sema.es\/de\/wp-json\/wp\/v2\/media?parent=27739"}],"curies":[{"name":"wp","href":"https:\/\/api.w.org\/{rel}","templated":true}]}}