{"id":27742,"date":"2024-01-11T12:33:39","date_gmt":"2024-01-11T12:33:39","guid":{"rendered":"https:\/\/sema.es\/logistik\/"},"modified":"2024-12-16T10:40:35","modified_gmt":"2024-12-16T10:40:35","slug":"logistica","status":"publish","type":"page","link":"https:\/\/sema.es\/de\/logistica\/","title":{"rendered":"Logistik"},"content":{"rendered":"<?xml encoding=\"UTF-8\"><div class=\"gb-container gb-container-613ced2e\">\n<div class=\"gb-container gb-container-27a0e383\">\n\n<p class=\"gb-headline gb-headline-25158df7\"><span class=\"gb-icon\"><svg xmlns=\"http:\/\/www.w3.org\/2000\/svg\" viewbox=\"0 0 36.7 3\"><path d=\"M0 0h36.7v3H0z\"><\/path><\/svg><\/span><span class=\"gb-headline-text\"><strong>Unsere Kapazit&auml;ten<\/strong><\/span><\/p>\n\n\n\n<h2 class=\"gb-headline gb-headline-e923e090 gb-headline-text\">Logistik<\/h2>\n\n\n\n<p>Die logistischen F&auml;higkeiten von Unternehmen sind heute ein wichtiger Wettbewerbsfaktor. Die meisten Wirtschaftszweige betrachten die Logistik als strategisches Ziel, das f&uuml;r den Wettbewerb auf einem zunehmend globalen, dynamischen und aggressiven Markt von grundlegender Bedeutung ist. <\/p>\n\n\n\n<p>Die nationale und internationale Dimension, die Bereitschaft zu dienen, der Einsatz bew&auml;hrter Methoden, die st&auml;ndige Investition in Forschung und Entwicklung und die Erfahrung eines hochqualifizierten Teams von Fachleuten haben es Atos Origin erm&ouml;glicht, &uuml;ber seine Logistikabteilung innovative und effiziente L&ouml;sungen umzusetzen.<\/p>\n\n\n\n<p>F&uuml;r die Umgestaltung der Lieferkette und die Umsetzung neuer Logistikmanagementmodelle bietet Atos Origin ein globales Serviceangebot, das in drei Verfahren unterteilt ist:<\/p>\n\n\n\n<h2 class=\"wp-block-heading\">1.-Logistik-Beratung<\/h2>\n\n\n\n<p>Als wesentlicher Bestandteil seiner Unternehmenskultur unterst&uuml;tzt Atos Origin seine Kunden durch seine Beratungst&auml;tigkeit bei der Definition und Perfektionierung ihrer Strategie, ihrer Organisation und ihres Logistikmanagements, indem es den Wandel durch gemeinsame Aktionsprogramme vorantreibt und zu ihm beitr&auml;gt sowie Verbesserungs- und Innovationsprozesse definiert, strukturiert und garantiert. Atos Origin st&uuml;tzt sich beim Re-Engineering und der Neugestaltung von Logistikprozessen auf seine fundierten Kenntnisse der M&ouml;glichkeiten, die die M&auml;rkte und die Entwicklung der Technologien bieten, und bietet seinen Kunden die n&ouml;tige Unterst&uuml;tzung, Anleitung und Begleitung, um Prozesse, Technologien und Menschen synchron voranzubringen und so den Erfolg der von ihnen unternommenen Ver&auml;nderungsprozesse zu gew&auml;hrleisten. <\/p>\n\n\n\n<ul class=\"wp-block-list\">\n<li>Integrale Gestaltung von Logistikmodellen<\/li>\n\n\n\n<li>Strategien zur Umgestaltung der Lieferkette<\/li>\n\n\n\n<li>Managementmodelle f&uuml;r Lieferung, Produktion und Vertrieb<\/li>\n\n\n\n<li>Entwurf von Verteilungsnetzen<\/li>\n\n\n\n<li>Zusammenarbeit und Synchronisierung der Lieferkette durch E-Logistik<\/li>\n\n\n\n<li>Kostenkontrollmodelle und Logistikservice<\/li>\n\n\n\n<li>Gestaltung und Automatisierung von Lagern.<\/li>\n<\/ul>\n\n\n\n<p><a href=\"https:\/\/sema.es\/wp-content\/uploads\/Consultoria_web.pdf\">Das Dokument herunterladen  &gt;&gt;<\/a><\/p>\n\n\n\n<h2 class=\"wp-block-heading\">2.-Systemintegration<\/h2>\n\n\n\n<p>Auf der Grundlage eines Verst&auml;ndnisses der gesch&auml;ftlichen Anforderungen und M&ouml;glichkeiten entwirft und entwickelt Atos Origin logistische Informationssysteme, die seinen Kunden mit technologischen Fortschritten dort zugute kommen, wo sie einen echten Mehrwert bieten. Ein Eckpfeiler dieser F&auml;higkeit ist die unerm&uuml;dliche Forschungs- und Entwicklungst&auml;tigkeit, mit der das Unternehmen neue Technologien identifiziert und bewertet, um deren Reifegrad zu bestimmen und festzustellen, wann sie f&uuml;r seine Kunden geeignet sind.Um die Lebensf&auml;higkeit von Informationssystemen zu gew&auml;hrleisten, ist jedoch nicht nur ein gutes Design und eine gute Konstruktion erforderlich, sondern auch eine nahtlose Integration mit bestehenden Systemen, was oft jahrelange Arbeit und Investitionen bedeutet: Atos Origin bietet seinen Kunden ein fachkundiges Projektmanagement f&uuml;r die effektive Leitung multidisziplin&auml;rer Teams, die Erkennung und Vorwegnahme potenzieller Risiken und die Erf&uuml;llung unvermeidlicher Verpflichtungen in Bezug auf Kosten, Zeit und Ziele. <\/p>\n\n\n\n<p>Entwurf, Entwicklung und Implementierung von Logistikinformationssystemen mit hohem Mehrwert:<\/p>\n\n\n\n<ul class=\"wp-block-list\">\n<li>Systeme zur Planung und Verwaltung der Lieferkette<\/li>\n\n\n\n<li>Produktionsmanagement-Systeme<\/li>\n\n\n\n<li>R&uuml;ckverfolgbarkeit und Qualit&auml;tskontrollsysteme<\/li>\n\n\n\n<li>Systeme zur Kostenkontrolle in der Logistik<\/li>\n\n\n\n<li>Transportplanung und Verwaltungssysteme<\/li>\n<\/ul>\n\n\n\n<p>Auswahl und Umsetzung von Marktl&ouml;sungen, die sich an die Anforderungen des jeweiligen Unternehmens anpassen.<\/p>\n\n\n\n<h2 class=\"wp-block-heading\">3.-Software Produktpalette (SISLOG)<\/h2>\n\n\n\n<p>Bei der Entwicklung der SISLOG-Produktpalette hat Atos Origin der gleichzeitigen Erf&uuml;llung einer Reihe von grundlegenden Zielen Priorit&auml;t einger&auml;umt. Zum einen die Entwicklung integrierter L&ouml;sungen f&uuml;r das Logistikmanagement, die speziell auf die gesch&auml;ftlichen Bedingungen jedes Unternehmens zugeschnitten sind: Auf vertikaler Ebene verf&uuml;gt SISLOG &uuml;ber drei spezifische Produkte, die jeweils f&uuml;r die Bereiche Industrie, Vertrieb\/Einzelhandel und Logistikunternehmen entwickelt wurden. Zweitens, um die Verwaltungskapazit&auml;t auf der operativen Ebene der Grundfunktionen zu gew&auml;hrleisten: Auf horizontaler Ebene bietet SISLOG seinen Kunden Produkte f&uuml;r die Verwaltung der Lagerhaltung, des Versorgungstransports und der Nachfrageprognose. Drittens, um eine maximale Anpassung an die Bed&uuml;rfnisse und Anforderungen jedes Unternehmens zu erm&ouml;glichen: Die L&ouml;sungen von SISLOG sind modular aufgebaut und erm&ouml;glichen die schrittweise Einbindung von Funktionalit&auml;ten je nach dem Grad der logistischen Entwicklung. Und schlie&szlig;lich garantiert SISLOG eine perfekte Integration in die Managementsysteme seiner Kunden, seien es ERPs oder propriet&auml;re Systeme, und erf&uuml;llt so die anspruchsvollsten Anforderungen an das Management der Logistikkette.    <\/p>\n\n\n\n<p>SISLOG verf&uuml;gt &uuml;ber L&ouml;sungen, die perfekt integriert und an die Eigenheiten jedes Unternehmens angepasst werden k&ouml;nnen, mit dem Ziel:Vertikales Management oder integriertes Logistikmanagement, angepasst an jeden Wirtschaftszweig:<\/p>\n\n\n\n<blockquote class=\"wp-block-quote is-layout-flow wp-block-quote-is-layout-flow\">\n<p><br><br><br>-SISLOG<a href=\"https:\/\/sema.es\/wp-content\/uploads\/SISLOG_INDUSTRIA_web.pdf\">INDUSTRY<\/a> (Sektor Industrie) -SISLOG<a href=\"https:\/\/sema.es\/wp-content\/uploads\/SISLOG_Distribucion_web.pdf\" target=\"_blank\" rel=\"noreferrer noopener\">DISTRIBUTION<\/a> (Sektor Handel\/Einzelhandel) -SISLOG<a href=\"https:\/\/sema.es\/wp-content\/uploads\/Sislog_OL.pdf\" target=\"_blank\" rel=\"noreferrer noopener\">OL <\/a>(Sektor Logistikunternehmen) -SISLOG<a href=\"https:\/\/sema.es\/wp-content\/uploads\/SISLOG_TRAZABILIDAD_web.pdf\" target=\"_blank\" rel=\"noreferrer noopener\">FIELD TRACEABILITY<\/a>(Sektor Agrar- und Ern&auml;hrungswirtschaft)<\/p>\n<\/blockquote>\n\n\n\n<p>Horizontales Management oder operative Abwicklung der wichtigsten Logistikfunktionen:<\/p>\n\n\n\n<blockquote class=\"wp-block-quote is-layout-flow wp-block-quote-is-layout-flow\">\n<p><br><br>-SISLOG<a href=\"https:\/\/sema.es\/wp-content\/uploads\/SISLOG_Almacen_web.pdf\" target=\"_blank\" rel=\"noreferrer noopener\">LAGER<\/a> -SISLOG<a href=\"https:\/\/sema.es\/wp-content\/uploads\/SISLOG_Rutas_web.pdf\" target=\"_blank\" rel=\"noreferrer noopener\">ROUTEN<\/a> -SISLOG<a href=\"https:\/\/sema.es\/wp-content\/uploads\/SISLOG_Aprovisionamiento_web.pdf\" target=\"_blank\" rel=\"noreferrer noopener\">BESCHAFFUNG<\/a><\/p>\n<\/blockquote>\n\n<\/div>\n<\/div>\n","protected":false},"excerpt":{"rendered":"<p>Unsere Kapazit&auml;ten Logistik Die logistischen F&auml;higkeiten von Unternehmen sind heute ein wichtiger Wettbewerbsfaktor. Die meisten Wirtschaftszweige betrachten die Logistik als strategisches Ziel, das f&uuml;r den Wettbewerb auf einem zunehmend globalen, dynamischen und aggressiven Markt von grundlegender Bedeutung ist. Die nationale und internationale Dimension, die Bereitschaft zu dienen, der Einsatz bew&auml;hrter Methoden, die st&auml;ndige Investition in &#8230; <a title=\"Logistik\" class=\"read-more\" href=\"https:\/\/sema.es\/de\/logistica\/\" aria-label=\"Mehr Informationen \u00fcber Logistik\">Weiterlesen &#8230;<\/a><\/p>\n","protected":false},"author":1,"featured_media":0,"parent":0,"menu_order":0,"comment_status":"closed","ping_status":"closed","template":"","meta":{"footnotes":""},"class_list":["post-27742","page","type-page","status-publish"],"rank_math_title":"Atos Origin Logistikl\u00f6sungen: Rationalisierung der Lieferketten als Wettbewerbsvorteil","rank_math_description":"Erschlie\u00dfen Sie die Effizienz und den strategischen Wert Ihrer Lieferkette mit den Logistikl\u00f6sungen von Atos Origin. Unser Know-how umfasst Beratung, Systemintegration und innovative Softwareprodukte zur Verbesserung Ihrer Logistikabl\u00e4ufe. ","rank_math_focus_keyword":"","_links":{"self":[{"href":"https:\/\/sema.es\/de\/wp-json\/wp\/v2\/pages\/27742","targetHints":{"allow":["GET"]}}],"collection":[{"href":"https:\/\/sema.es\/de\/wp-json\/wp\/v2\/pages"}],"about":[{"href":"https:\/\/sema.es\/de\/wp-json\/wp\/v2\/types\/page"}],"author":[{"embeddable":true,"href":"https:\/\/sema.es\/de\/wp-json\/wp\/v2\/users\/1"}],"replies":[{"embeddable":true,"href":"https:\/\/sema.es\/de\/wp-json\/wp\/v2\/comments?post=27742"}],"version-history":[{"count":0,"href":"https:\/\/sema.es\/de\/wp-json\/wp\/v2\/pages\/27742\/revisions"}],"wp:attachment":[{"href":"https:\/\/sema.es\/de\/wp-json\/wp\/v2\/media?parent=27742"}],"curies":[{"name":"wp","href":"https:\/\/api.w.org\/{rel}","templated":true}]}}