{"id":28055,"date":"2024-12-30T10:36:07","date_gmt":"2024-12-30T10:36:07","guid":{"rendered":"https:\/\/sema.es\/entdecken-sie-die-besten-tools-fuer-kuenstliche-intelligenz-und-automatisierten-handel-auf-sema-de\/"},"modified":"2025-01-02T08:36:53","modified_gmt":"2025-01-02T08:36:53","slug":"opiniones","status":"publish","type":"page","link":"https:\/\/sema.es\/de\/opiniones\/","title":{"rendered":"Entdecken Sie die besten Tools f\u00fcr k\u00fcnstliche Intelligenz und automatisierten Handel auf Sema.de"},"content":{"rendered":"<?xml encoding=\"UTF-8\"><div class=\"gb-container gb-container-2cb3225e\">\n<div class=\"gb-container gb-container-d91a046e\">\n\n<p>Die Wahl eines Trading-Projekts ist nicht einfach. Es gibt viele und sie alle behaupten, die besten zu sein. Aber welche davon funktionieren wirklich? Hier kommt Sema.co.uk ins Spiel. Wir analysieren Handelsprojekte, die Automatisierung und k&uuml;nstliche Intelligenz nutzen, und konzentrieren uns auf das, was wirklich z&auml;hlt: Funktionieren sie wirklich gut, sind sie einfach zu bedienen, wie viel kosten sie und was sagen echte Menschen &uuml;ber sie?        <\/p>\n\n\n\n<p>Ihre Zeit ist wertvoll und die Suche nach den richtigen Tools kann eine Herausforderung sein. Deshalb werfen wir einen genaueren Blick auf die Details und schl&uuml;sseln die Leistung dieser Projekte auf. Ganz gleich, ob Sie nach einer L&ouml;sung suchen, mit der Sie Ihren Betrieb vollst&auml;ndig verwalten k&ouml;nnen, oder ob Sie nur ein wenig Unterst&uuml;tzung ben&ouml;tigen, wir vereinfachen den Prozess, damit Sie Ihre Optionen leicht vergleichen k&ouml;nnen.  <\/p>\n\n\n\n<p>Keine hochtrabenden Worte. Keine Versprechungen, die nicht aufgehen. Nur klare Informationen, die Ihnen helfen, das Richtige f&uuml;r Sie zu finden. Sie werden sehen, welche Produkte es wert sind und welche nicht. Wenn Sie das R&auml;tselraten satt haben und einfach etwas wollen, das Ihnen wirklich hilft, dann sind Sie bei uns genau richtig. Lassen Sie sich von Sema.co.uk helfen, die richtigen Tools zu finden, die Ihr Trading intelligenter und einfacher machen.     <\/p>\n\n\n\n<div class=\"gb-grid-wrapper gb-grid-wrapper-969764cd gb-query-loop-wrapper\">\n<div class=\"gb-grid-column gb-grid-column-bab92a39 gb-query-loop-item post-34087 opiniones type-opiniones status-publish format-standard has-post-thumbnail hentry\"><div class=\"gb-container gb-container-bab92a39\">\n<figure class=\"gb-block-image gb-block-image-3760521c\"><img loading=\"lazy\" decoding=\"async\" width=\"960\" height=\"538\" src=\"https:\/\/sema.es\/wp-content\/uploads\/2025\/04\/Laptop-trading-with-real-insights.jpg\" class=\"gb-image-3760521c\" alt=\"Laptop trading with real insights\" srcset=\"https:\/\/sema.es\/wp-content\/uploads\/2025\/04\/Laptop-trading-with-real-insights.jpg 960w, https:\/\/sema.es\/wp-content\/uploads\/2025\/04\/Laptop-trading-with-real-insights-300x168.jpg 300w, https:\/\/sema.es\/wp-content\/uploads\/2025\/04\/Laptop-trading-with-real-insights-768x430.jpg 768w\" sizes=\"auto, (max-width: 960px) 100vw, 960px\" title=\"\"><\/figure>\n\n<h2 class=\"gb-headline gb-headline-c749df71 gb-headline-text\"><a href=\"https:\/\/sema.es\/de\/opiniones\/immediate-sanorex-app\/\">Wie K00414 mir hilft, die Nase vorn zu behalten<\/a><\/h2>\n\n<div class=\"gb-container gb-container-f0e6f24f\">\n<p class=\"gb-headline gb-headline-34b1bc7a gb-headline-text\"><time class=\"entry-date published\" datetime=\"2025-07-09T15:32:54+00:00\">Juli 9, 2025<\/time><\/p>\n\n<p class=\"gb-headline gb-headline-d479f286 gb-headline-text\">Billy Zambrano<\/p>\n<\/div>\n\n<div class=\"gb-headline gb-headline-f7e2115e gb-headline-text\">Wenn Ihnen der Handel komplizierter erscheint als n&ouml;tig, k&ouml;nnte Ihre Plattform Sie behindern. K00414 entlastet Sie mit benutzerfreundlichen Tools und konstanter Leistung, die mit Ihnen Schritt h&auml;lt.<\/div>\n<\/div><\/div>\n\n<div class=\"gb-grid-column gb-grid-column-bab92a39 gb-query-loop-item post-34078 opiniones type-opiniones status-publish format-standard has-post-thumbnail hentry\"><div class=\"gb-container gb-container-bab92a39\">\n<figure class=\"gb-block-image gb-block-image-3760521c\"><img loading=\"lazy\" decoding=\"async\" width=\"960\" height=\"538\" src=\"https:\/\/sema.es\/wp-content\/uploads\/2025\/04\/Tablet-screen-with-trading-dashboard.jpg\" class=\"gb-image-3760521c\" alt=\"Tablet screen with trading dashboard\" srcset=\"https:\/\/sema.es\/wp-content\/uploads\/2025\/04\/Tablet-screen-with-trading-dashboard.jpg 960w, https:\/\/sema.es\/wp-content\/uploads\/2025\/04\/Tablet-screen-with-trading-dashboard-300x168.jpg 300w, https:\/\/sema.es\/wp-content\/uploads\/2025\/04\/Tablet-screen-with-trading-dashboard-768x430.jpg 768w\" sizes=\"auto, (max-width: 960px) 100vw, 960px\" title=\"\"><\/figure>\n\n<h2 class=\"gb-headline gb-headline-c749df71 gb-headline-text\"><a href=\"https:\/\/sema.es\/de\/opiniones\/immediate-sanorex-review\/\">Revision K00413 2025: Vollst&auml;ndige Aufschl&uuml;sselung der Tools, Risiken und Hilfestellungen<\/a><\/h2>\n\n<div class=\"gb-container gb-container-f0e6f24f\">\n<p class=\"gb-headline gb-headline-34b1bc7a gb-headline-text\"><time class=\"entry-date published\" datetime=\"2025-07-09T15:26:13+00:00\">Juli 9, 2025<\/time><\/p>\n\n<p class=\"gb-headline gb-headline-d479f286 gb-headline-text\">Anibal Diaz<\/p>\n<\/div>\n\n<div class=\"gb-headline gb-headline-f7e2115e gb-headline-text\">Als zertifizierter Finanzplaner (CFP) und erfahrener Analyst mit &uuml;ber einem Jahrzehnt Erfahrung auf den Kryptow&auml;hrungsm&auml;rkten bringe ich datenbasierte Erkenntnisse und eine strategische Perspektive in jede Bewertung ein.<\/div>\n<\/div><\/div>\n\n<div class=\"gb-grid-column gb-grid-column-bab92a39 gb-query-loop-item post-34069 opiniones type-opiniones status-publish format-standard has-post-thumbnail hentry\"><div class=\"gb-container gb-container-bab92a39\">\n<figure class=\"gb-block-image gb-block-image-3760521c\"><img loading=\"lazy\" decoding=\"async\" width=\"960\" height=\"538\" src=\"https:\/\/sema.es\/wp-content\/uploads\/2025\/04\/Tablet-platform-for-smart-trading.jpg\" class=\"gb-image-3760521c\" alt=\"Tablet platform for smart trading\" srcset=\"https:\/\/sema.es\/wp-content\/uploads\/2025\/04\/Tablet-platform-for-smart-trading.jpg 960w, https:\/\/sema.es\/wp-content\/uploads\/2025\/04\/Tablet-platform-for-smart-trading-300x168.jpg 300w, https:\/\/sema.es\/wp-content\/uploads\/2025\/04\/Tablet-platform-for-smart-trading-768x430.jpg 768w\" sizes=\"auto, (max-width: 960px) 100vw, 960px\" title=\"\"><\/figure>\n\n<h2 class=\"gb-headline gb-headline-c749df71 gb-headline-text\"><a href=\"https:\/\/sema.es\/de\/opiniones\/immediate-sanorex\/\">K00412 im Jahr 2025: Bewertung seiner Innovation und Offenheit<\/a><\/h2>\n\n<div class=\"gb-container gb-container-f0e6f24f\">\n<p class=\"gb-headline gb-headline-34b1bc7a gb-headline-text\"><time class=\"entry-date published\" datetime=\"2025-07-09T15:09:06+00:00\">Juli 9, 2025<\/time><\/p>\n\n<p class=\"gb-headline gb-headline-d479f286 gb-headline-text\">Anibal Diaz<\/p>\n<\/div>\n\n<div class=\"gb-headline gb-headline-f7e2115e gb-headline-text\">Mit &uuml;ber zehn Jahren Erfahrung als Finanzanalyst in der sich st&auml;ndig ver&auml;ndernden Welt der Kryptow&auml;hrungen und einer Zertifizierung in Blockchain-Systemen habe ich den Aufstieg und Fall vieler Krypto-Plattformen miterlebt.<\/div>\n<\/div><\/div>\n\n<div class=\"gb-grid-column gb-grid-column-bab92a39 gb-query-loop-item post-33236 opiniones type-opiniones status-publish format-standard has-post-thumbnail hentry\"><div class=\"gb-container gb-container-bab92a39\">\n<figure class=\"gb-block-image gb-block-image-3760521c\"><img loading=\"lazy\" decoding=\"async\" width=\"960\" height=\"538\" src=\"https:\/\/sema.es\/wp-content\/uploads\/2025\/04\/Positive-mobile-trading-experience.jpg\" class=\"gb-image-3760521c\" alt=\"Positive mobile trading experience\" srcset=\"https:\/\/sema.es\/wp-content\/uploads\/2025\/04\/Positive-mobile-trading-experience.jpg 960w, https:\/\/sema.es\/wp-content\/uploads\/2025\/04\/Positive-mobile-trading-experience-300x168.jpg 300w, https:\/\/sema.es\/wp-content\/uploads\/2025\/04\/Positive-mobile-trading-experience-768x430.jpg 768w\" sizes=\"auto, (max-width: 960px) 100vw, 960px\" title=\"\"><\/figure>\n\n<h2 class=\"gb-headline gb-headline-c749df71 gb-headline-text\"><a href=\"https:\/\/sema.es\/de\/opiniones\/ethereum-cormax-app\/\">K00411 2025-Analyse: Ein genauerer Blick auf die KI-gest&uuml;tzte Handelsplattform<\/a><\/h2>\n\n<div class=\"gb-container gb-container-f0e6f24f\">\n<p class=\"gb-headline gb-headline-34b1bc7a gb-headline-text\"><time class=\"entry-date published\" datetime=\"2025-05-28T11:46:19+00:00\">Mai 28, 2025<\/time><\/p>\n\n<p class=\"gb-headline gb-headline-d479f286 gb-headline-text\">Billy Zambrano<\/p>\n<\/div>\n\n<div class=\"gb-headline gb-headline-f7e2115e gb-headline-text\">Als erfahrener Finanzexperte mit &uuml;ber zehn Jahren Erfahrung in der Anlagestrategie und angesehener CFA-Charter-Inhaber biete ich eine detaillierte Bewertung der von K00411 gemeldeten Erfolgsquote von 81,8 % f&uuml;r 2025.<\/div>\n<\/div><\/div>\n\n<div class=\"gb-grid-column gb-grid-column-bab92a39 gb-query-loop-item post-33228 opiniones type-opiniones status-publish format-standard has-post-thumbnail hentry\"><div class=\"gb-container gb-container-bab92a39\">\n<figure class=\"gb-block-image gb-block-image-3760521c\"><img loading=\"lazy\" decoding=\"async\" width=\"960\" height=\"538\" src=\"https:\/\/sema.es\/wp-content\/uploads\/2025\/04\/Phone-based-trading-made-simple.jpg\" class=\"gb-image-3760521c\" alt=\"Phone-based trading made simple\" srcset=\"https:\/\/sema.es\/wp-content\/uploads\/2025\/04\/Phone-based-trading-made-simple.jpg 960w, https:\/\/sema.es\/wp-content\/uploads\/2025\/04\/Phone-based-trading-made-simple-300x168.jpg 300w, https:\/\/sema.es\/wp-content\/uploads\/2025\/04\/Phone-based-trading-made-simple-768x430.jpg 768w\" sizes=\"auto, (max-width: 960px) 100vw, 960px\" title=\"\"><\/figure>\n\n<h2 class=\"gb-headline gb-headline-c749df71 gb-headline-text\"><a href=\"https:\/\/sema.es\/de\/opiniones\/ethereum-cormax-review\/\">Eine Expertenanalyse der K00410-Plattform und ihrer Handelsfunktionalit&auml;t<\/a><\/h2>\n\n<div class=\"gb-container gb-container-f0e6f24f\">\n<p class=\"gb-headline gb-headline-34b1bc7a gb-headline-text\"><time class=\"entry-date published\" datetime=\"2025-05-28T11:44:09+00:00\">Mai 28, 2025<\/time><\/p>\n\n<p class=\"gb-headline gb-headline-d479f286 gb-headline-text\">Anibal Diaz<\/p>\n<\/div>\n\n<div class=\"gb-headline gb-headline-f7e2115e gb-headline-text\">Mit &uuml;ber einem Jahrzehnt praktischer Anlageerfahrung und einem Master-Abschluss in Finanz&ouml;konomie freue ich mich, Sie durch die fortgeschrittenen Funktionen von K00410 zu f&uuml;hren, einer transformativen Kraft im Krypto-Asset-Management im Jahr 2025.<\/div>\n<\/div><\/div>\n\n<div class=\"gb-grid-column gb-grid-column-bab92a39 gb-query-loop-item post-33220 opiniones type-opiniones status-publish format-standard has-post-thumbnail hentry\"><div class=\"gb-container gb-container-bab92a39\">\n<figure class=\"gb-block-image gb-block-image-3760521c\"><img loading=\"lazy\" decoding=\"async\" width=\"960\" height=\"538\" src=\"https:\/\/sema.es\/wp-content\/uploads\/2025\/04\/Tablet-app-for-successful-trading.jpg\" class=\"gb-image-3760521c\" alt=\"Tablet app for successful trading\" srcset=\"https:\/\/sema.es\/wp-content\/uploads\/2025\/04\/Tablet-app-for-successful-trading.jpg 960w, https:\/\/sema.es\/wp-content\/uploads\/2025\/04\/Tablet-app-for-successful-trading-300x168.jpg 300w, https:\/\/sema.es\/wp-content\/uploads\/2025\/04\/Tablet-app-for-successful-trading-768x430.jpg 768w\" sizes=\"auto, (max-width: 960px) 100vw, 960px\" title=\"\"><\/figure>\n\n<h2 class=\"gb-headline gb-headline-c749df71 gb-headline-text\"><a href=\"https:\/\/sema.es\/de\/opiniones\/ethereum-cormax\/\">Untersuchung der K00409-Plattform: Ein &Uuml;berblick &uuml;ber ihre wichtigsten Funktionen im Jahr 2025<\/a><\/h2>\n\n<div class=\"gb-container gb-container-f0e6f24f\">\n<p class=\"gb-headline gb-headline-34b1bc7a gb-headline-text\"><time class=\"entry-date published\" datetime=\"2025-05-28T11:35:44+00:00\">Mai 28, 2025<\/time><\/p>\n\n<p class=\"gb-headline gb-headline-d479f286 gb-headline-text\">Billy Zambrano<\/p>\n<\/div>\n\n<div class=\"gb-headline gb-headline-f7e2115e gb-headline-text\">Als erfahrener Finanzanalyst mit &uuml;ber zehn Jahren Erfahrung in diesem Bereich und einem CFA-Abschluss habe ich die dynamische Landschaft der Handelsplattformen f&uuml;r Kryptow&auml;hrungen genau studiert, wobei sich K00409 als w&uuml;rdiger Kandidat herausgestellt hat. <\/div>\n<\/div><\/div>\n\n<div class=\"gb-grid-column gb-grid-column-bab92a39 gb-query-loop-item post-33212 opiniones type-opiniones status-publish format-standard has-post-thumbnail hentry\"><div class=\"gb-container gb-container-bab92a39\">\n<figure class=\"gb-block-image gb-block-image-3760521c\"><img loading=\"lazy\" decoding=\"async\" width=\"960\" height=\"538\" src=\"https:\/\/sema.es\/wp-content\/uploads\/2025\/04\/Learn-crypto-basics-risk-free.jpg\" class=\"gb-image-3760521c\" alt=\"Learn crypto basics risk-free\" srcset=\"https:\/\/sema.es\/wp-content\/uploads\/2025\/04\/Learn-crypto-basics-risk-free.jpg 960w, https:\/\/sema.es\/wp-content\/uploads\/2025\/04\/Learn-crypto-basics-risk-free-300x168.jpg 300w, https:\/\/sema.es\/wp-content\/uploads\/2025\/04\/Learn-crypto-basics-risk-free-768x430.jpg 768w\" sizes=\"auto, (max-width: 960px) 100vw, 960px\" title=\"\"><\/figure>\n\n<h2 class=\"gb-headline gb-headline-c749df71 gb-headline-text\"><a href=\"https:\/\/sema.es\/de\/opiniones\/stream-lonox-pip\/\">Wie K00407 meinen Kryptow&auml;hrungshandelsprozess vereinfacht hat<\/a><\/h2>\n\n<div class=\"gb-container gb-container-f0e6f24f\">\n<p class=\"gb-headline gb-headline-34b1bc7a gb-headline-text\"><time class=\"entry-date published\" datetime=\"2025-05-27T12:28:07+00:00\">Mai 27, 2025<\/time><\/p>\n\n<p class=\"gb-headline gb-headline-d479f286 gb-headline-text\">Anibal Diaz<\/p>\n<\/div>\n\n<div class=\"gb-headline gb-headline-f7e2115e gb-headline-text\">Die richtige Plattform kann Ihre Abl&auml;ufe wirklich verbessern. K00407 legt Wert auf Klarheit und Funktionalit&auml;t, sodass Sie sich auf die Strategie konzentrieren k&ouml;nnen, anstatt sich durch komplexe Tools navigieren zu m&uuml;ssen.<\/div>\n<\/div><\/div>\n\n<div class=\"gb-grid-column gb-grid-column-bab92a39 gb-query-loop-item post-33206 opiniones type-opiniones status-publish format-standard has-post-thumbnail hentry\"><div class=\"gb-container gb-container-bab92a39\">\n<figure class=\"gb-block-image gb-block-image-3760521c\"><img loading=\"lazy\" decoding=\"async\" width=\"960\" height=\"538\" src=\"https:\/\/sema.es\/wp-content\/uploads\/2025\/04\/Explore-crypto-without-investment-risk.jpg\" class=\"gb-image-3760521c\" alt=\"Explore crypto without investment risk\" srcset=\"https:\/\/sema.es\/wp-content\/uploads\/2025\/04\/Explore-crypto-without-investment-risk.jpg 960w, https:\/\/sema.es\/wp-content\/uploads\/2025\/04\/Explore-crypto-without-investment-risk-300x168.jpg 300w, https:\/\/sema.es\/wp-content\/uploads\/2025\/04\/Explore-crypto-without-investment-risk-768x430.jpg 768w\" sizes=\"auto, (max-width: 960px) 100vw, 960px\" title=\"\"><\/figure>\n\n<h2 class=\"gb-headline gb-headline-c749df71 gb-headline-text\"><a href=\"https:\/\/sema.es\/de\/opiniones\/instant-akpro-app\/\">K00403 2025-R&uuml;ckblick: Kann man der Plattform vertrauen?<\/a><\/h2>\n\n<div class=\"gb-container gb-container-f0e6f24f\">\n<p class=\"gb-headline gb-headline-34b1bc7a gb-headline-text\"><time class=\"entry-date published\" datetime=\"2025-05-20T11:59:47+00:00\">Mai 20, 2025<\/time><\/p>\n\n<p class=\"gb-headline gb-headline-d479f286 gb-headline-text\">Anibal Diaz<\/p>\n<\/div>\n\n<div class=\"gb-headline gb-headline-f7e2115e gb-headline-text\">Als erfahrener Finanzanalyst mit &uuml;ber einem Jahrzehnt Erfahrung in den Kryptow&auml;hrungsm&auml;rkten und der Einhaltung gesetzlicher Vorschriften gebe ich einen detaillierten Einblick in die Entwicklung von K00403 im Jahr 2025. Dieser Artikel basiert auf Erkenntnissen f&uuml;hrender Finanzexperten und umfassender Recherche auf Grundlage regulatorischer Rahmenbedingungen.<\/div>\n<\/div><\/div>\n\n<div class=\"gb-grid-column gb-grid-column-bab92a39 gb-query-loop-item post-33198 opiniones type-opiniones status-publish format-standard has-post-thumbnail hentry\"><div class=\"gb-container gb-container-bab92a39\">\n<figure class=\"gb-block-image gb-block-image-3760521c\"><img loading=\"lazy\" decoding=\"async\" width=\"960\" height=\"538\" src=\"https:\/\/sema.es\/wp-content\/uploads\/2025\/04\/Explore-crypto-markets-risk-free.jpg\" class=\"gb-image-3760521c\" alt=\"Explore crypto markets risk-free\" srcset=\"https:\/\/sema.es\/wp-content\/uploads\/2025\/04\/Explore-crypto-markets-risk-free.jpg 960w, https:\/\/sema.es\/wp-content\/uploads\/2025\/04\/Explore-crypto-markets-risk-free-300x168.jpg 300w, https:\/\/sema.es\/wp-content\/uploads\/2025\/04\/Explore-crypto-markets-risk-free-768x430.jpg 768w\" sizes=\"auto, (max-width: 960px) 100vw, 960px\" title=\"\"><\/figure>\n\n<h2 class=\"gb-headline gb-headline-c749df71 gb-headline-text\"><a href=\"https:\/\/sema.es\/de\/opiniones\/instant-akpro-review\/\">Wie K00402 Marktaktivit&auml;ten in Echtzeit verwaltet<\/a><\/h2>\n\n<div class=\"gb-container gb-container-f0e6f24f\">\n<p class=\"gb-headline gb-headline-34b1bc7a gb-headline-text\"><time class=\"entry-date published\" datetime=\"2025-05-20T11:57:02+00:00\">Mai 20, 2025<\/time><\/p>\n\n<p class=\"gb-headline gb-headline-d479f286 gb-headline-text\">Anibal Diaz<\/p>\n<\/div>\n\n<div class=\"gb-headline gb-headline-f7e2115e gb-headline-text\">Ich freue mich, meine positiven Erfahrungen mit K00402 und seinem vielversprechenden Potenzial f&uuml;r 2025 zu teilen. Diese Bitcoin-Handelsplattform weist eine beeindruckende Erfolgsquote von 85 % auf, die viele Benutzer, mich eingeschlossen, positiv &uuml;berrascht hat.<\/div>\n<\/div><\/div>\n\n<div class=\"gb-grid-column gb-grid-column-bab92a39 gb-query-loop-item post-33190 opiniones type-opiniones status-publish format-standard has-post-thumbnail hentry\"><div class=\"gb-container gb-container-bab92a39\">\n<figure class=\"gb-block-image gb-block-image-3760521c\"><img loading=\"lazy\" decoding=\"async\" width=\"960\" height=\"538\" src=\"https:\/\/sema.es\/wp-content\/uploads\/2025\/04\/Financial-strategy-tools-on-laptop.jpg\" class=\"gb-image-3760521c\" alt=\"Financial strategy tools on laptop\" srcset=\"https:\/\/sema.es\/wp-content\/uploads\/2025\/04\/Financial-strategy-tools-on-laptop.jpg 960w, https:\/\/sema.es\/wp-content\/uploads\/2025\/04\/Financial-strategy-tools-on-laptop-300x168.jpg 300w, https:\/\/sema.es\/wp-content\/uploads\/2025\/04\/Financial-strategy-tools-on-laptop-768x430.jpg 768w\" sizes=\"auto, (max-width: 960px) 100vw, 960px\" title=\"\"><\/figure>\n\n<h2 class=\"gb-headline gb-headline-c749df71 gb-headline-text\"><a href=\"https:\/\/sema.es\/de\/opiniones\/instant-akpro\/\">Darum vertraue ich bei meinen Operationen auf K00401<\/a><\/h2>\n\n<div class=\"gb-container gb-container-f0e6f24f\">\n<p class=\"gb-headline gb-headline-34b1bc7a gb-headline-text\"><time class=\"entry-date published\" datetime=\"2025-05-20T11:53:07+00:00\">Mai 20, 2025<\/time><\/p>\n\n<p class=\"gb-headline gb-headline-d479f286 gb-headline-text\">Anibal Diaz<\/p>\n<\/div>\n\n<div class=\"gb-headline gb-headline-f7e2115e gb-headline-text\">Ich habe vor Kurzem K00401 ausprobiert und muss sagen, dass es eine &uuml;berzeugende Krypto-Handelsplattform ist. Mit einer beeindruckenden Erfolgsquote von 85 % bietet es einen interessanten Einstieg in die Welt des automatisierten Handels.<\/div>\n<\/div><\/div>\n<\/div>\n\n<div class=\"gb-container gb-container-10244f3c gb-query-loop-pagination\">\n\n\n<span class=\"gb-button gb-button-5b9c5ca3 gb-button-text page-numbers gb-block-is-current\" aria-current=\"page\">1<\/span><a class=\"gb-button gb-button-5b9c5ca3 gb-button-text page-numbers\" href=\"?query-53cbeb2c-page=2\">2<\/a><a class=\"gb-button gb-button-5b9c5ca3 gb-button-text page-numbers\" href=\"?query-53cbeb2c-page=3\">3<\/a><span class=\"gb-button gb-button-5b9c5ca3 gb-button-text page-numbers dots\">&hellip;<\/span><a class=\"gb-button gb-button-5b9c5ca3 gb-button-text page-numbers\" href=\"?query-53cbeb2c-page=10\">10<\/a>\n\n<a class=\"gb-button gb-button-3985aef4 gb-button-text\" href=\"\/de\/wp-json\/wp\/v2\/pages\/28055?query-53cbeb2c-page=2\">N&auml;chste<\/a>\n<\/div>\n\n<\/div>\n<\/div>\n","protected":false},"excerpt":{"rendered":"<p>Die Wahl eines Trading-Projekts ist nicht einfach. Es gibt viele und sie alle behaupten, die besten zu sein. Aber welche davon funktionieren wirklich? Hier kommt Sema.co.uk ins Spiel. Wir analysieren Handelsprojekte, die Automatisierung und k&uuml;nstliche Intelligenz nutzen, und konzentrieren uns auf das, was wirklich z&auml;hlt: Funktionieren sie wirklich gut, sind sie einfach zu bedienen, wie &#8230; <a title=\"Entdecken Sie die besten Tools f\u00fcr k\u00fcnstliche Intelligenz und automatisierten Handel auf Sema.de\" class=\"read-more\" href=\"https:\/\/sema.es\/de\/opiniones\/\" aria-label=\"Mehr Informationen \u00fcber Entdecken Sie die besten Tools f\u00fcr k\u00fcnstliche Intelligenz und automatisierten Handel auf Sema.de\">Weiterlesen &#8230;<\/a><\/p>\n","protected":false},"author":1,"featured_media":0,"parent":0,"menu_order":0,"comment_status":"closed","ping_status":"closed","template":"","meta":{"footnotes":""},"class_list":["post-28055","page","type-page","status-publish"],"rank_math_title":"\u00dcberblick \u00fcber die besten Tools f\u00fcr k\u00fcnstliche Intelligenz und automatisierten Handel | Sema.co.uk","rank_math_description":"Finden Sie die besten Tools f\u00fcr k\u00fcnstliche Intelligenz und automatisierten Handel mit detaillierten Bewertungen auf Sema.de. Vergleichen Sie Leistung, Benutzerfreundlichkeit, Kosten und echte Nutzerbewertungen, um die perfekte Option zu finden. ","rank_math_focus_keyword":"Sema.co.uk","_links":{"self":[{"href":"https:\/\/sema.es\/de\/wp-json\/wp\/v2\/pages\/28055","targetHints":{"allow":["GET"]}}],"collection":[{"href":"https:\/\/sema.es\/de\/wp-json\/wp\/v2\/pages"}],"about":[{"href":"https:\/\/sema.es\/de\/wp-json\/wp\/v2\/types\/page"}],"author":[{"embeddable":true,"href":"https:\/\/sema.es\/de\/wp-json\/wp\/v2\/users\/1"}],"replies":[{"embeddable":true,"href":"https:\/\/sema.es\/de\/wp-json\/wp\/v2\/comments?post=28055"}],"version-history":[{"count":0,"href":"https:\/\/sema.es\/de\/wp-json\/wp\/v2\/pages\/28055\/revisions"}],"wp:attachment":[{"href":"https:\/\/sema.es\/de\/wp-json\/wp\/v2\/media?parent=28055"}],"curies":[{"name":"wp","href":"https:\/\/api.w.org\/{rel}","templated":true}]}}