{"id":15518,"date":"2020-10-26T20:05:24","date_gmt":"2020-10-26T20:05:24","guid":{"rendered":"https:\/\/sema.es\/accueil\/"},"modified":"2025-04-29T07:10:46","modified_gmt":"2025-04-29T07:10:46","slug":"home","status":"publish","type":"page","link":"https:\/\/sema.es\/fr\/","title":{"rendered":"Accueil"},"content":{"rendered":"<?xml encoding=\"UTF-8\"><div class=\"gb-container gb-container-d3fd7850\">\n<div class=\"gb-container gb-container-0a795a4e\">\n<div class=\"gb-container gb-container-8f41981c\">\n\n<p class=\"gb-headline gb-headline-63a7ed68\"><span class=\"gb-icon\"><svg xmlns=\"http:\/\/www.w3.org\/2000\/svg\" viewbox=\"0 0 36.7 3\"><path d=\"M0 0h36.7v3H0z\"><\/path><\/svg><\/span><span class=\"gb-headline-text\">Atos Origin<\/span><\/p>\n\n\n\n<h1 class=\"gb-headline gb-headline-450cb49b gb-headline-text\">Transformer la vision du client en r&eacute;sultats<\/h1>\n\n<\/div>\n<\/div>\n<\/div><div class=\"gb-container gb-container-402dc025\">\n\n<p class=\"gb-headline gb-headline-022adf14\"><span class=\"gb-icon\"><svg viewbox=\"0 0 20 24\" xmlns=\"http:\/\/www.w3.org\/2000\/svg\"><path d=\"M10 24c-.2 0-.4-.1-.6-.2C9.1 23.6 0 17.4 0 10 0 4.5 4.5 0 10 0s10 4.5 10 10c0 7.4-9.1 13.6-9.4 13.8-.2.1-.4.2-.6.2zm0-22c-4.4 0-8 3.6-8 8 0 5.4 6.1 10.4 8 11.8 1.9-1.4 8-6.4 8-11.8 0-4.4-3.6-8-8-8z\"><\/path><path d=\"M10 14c-2.2 0-4-1.8-4-4s1.8-4 4-4 4 1.8 4 4-1.8 4-4 4zm0-6c-1.1 0-2 .9-2 2s.9 2 2 2 2-.9 2-2-.9-2-2-2z\"><\/path><\/svg><\/span><span class=\"gb-headline-text\">Madrid : C\/ Albarrac&iacute;n, <br>25. CP 28037. Espagne <\/span><\/p>\n\n\n\n<p class=\"gb-headline gb-headline-4129ea53\"><span class=\"gb-icon\"><svg xmlns=\"http:\/\/www.w3.org\/2000\/svg\" viewbox=\"0 0 16 22\"><path d=\"M13 22H3c-1.7 0-3-1.3-3-3V3c0-1.7 1.3-3 3-3h10c1.7 0 3 1.3 3 3v16c0 1.7-1.3 3-3 3zM3 2c-.6 0-1 .4-1 1v16c0 .6.4 1 1 1h10c.6 0 1-.4 1-1V3c0-.6-.4-1-1-1H3z\"><\/path><path d=\"M8 18c-.6 0-1-.4-1-1s.4-1 1-1 1 .4 1 1-.4 1-1 1z\"><\/path><\/svg><\/span><span class=\"gb-headline-text\"><br>+<strong>34 91 214 8800<\/strong> info@sema.es<\/span><\/p>\n\n\n\n<p class=\"gb-headline gb-headline-0c674fa5\"><span class=\"gb-icon\"><svg xmlns=\"http:\/\/www.w3.org\/2000\/svg\" viewbox=\"0 0 16 24\"><path d=\"M8 20c-4.4 0-8-3.6-8-8s3.6-8 8-8 8 3.6 8 8-3.6 8-8 8zM8 6c-3.3 0-6 2.7-6 6s2.7 6 6 6 6-2.7 6-6-2.7-6-6-6z\"><\/path><path d=\"M9.5 14.5c-.3 0-.5-.1-.7-.3l-1.5-1.5c-.2-.2-.3-.4-.3-.7V9c0-.6.4-1 1-1s1 .4 1 1v2.6l1.2 1.2c.4.4.4 1 0 1.4-.2.2-.4.3-.7.3zM5.8 24c-1.6 0-2.8-1.2-3-2.7l-.3-3.8c-.1-.5.4-1 .9-1.1.6 0 1 .4 1.1.9l.3 3.8c0 .5.5.9 1 .9h4.3c.5 0 1-.4 1-.9l.3-3.8c.1-.5.5-1 1.1-.9.5.1 1 .5.9 1.1l-.3 3.8c-.1 1.6-1.4 2.7-3 2.7H5.8zm6.7-16.4c-.5 0-.9-.4-1-.9l-.4-3.8c0-.5-.5-.9-1-.9H5.8c-.5 0-.9.4-1 .9l-.3 3.8c-.1.6-.5 1-1.1.9-.6-.1-1-.5-.9-1.1l.3-3.8C3 1.2 4.3 0 5.8 0h4.4c1.6 0 2.8 1.2 3 2.7l.4 3.8c0 .6-.4 1.1-1.1 1.1.1 0 .1 0 0 0z\"><\/path><\/svg><\/span><span class=\"gb-headline-text\"><br>Du lundi au vendredi de 8h00 &agrave; 18h00<\/span><\/p>\n\n<\/div><div class=\"gb-container gb-container-48442123\">\n<div class=\"gb-container gb-container-a081b176\"><div class=\"gb-inside-container\">\n\n<p class=\"gb-headline gb-headline-eb099c8d\"><span class=\"gb-icon\"><svg xmlns=\"http:\/\/www.w3.org\/2000\/svg\" viewbox=\"0 0 36.7 3\"><path d=\"M0 0h36.7v3H0z\"><\/path><\/svg><\/span><span class=\"gb-headline-text\">Bienvenue<\/span><\/p>\n\n\n\n<h2 class=\"gb-headline gb-headline-5ed2ab72 gb-headline-text\">&Agrave; propos d&rsquo;Atos Origin<\/h2>\n\n\n\n<p>Atos Origin est une soci&eacute;t&eacute; internationale de services informatiques. Son objectif est de transformer la vision strat&eacute;gique de ses clients en r&eacute;sultats gr&acirc;ce &agrave; une meilleure utilisation des solutions de conseil, d&rsquo;int&eacute;gration de syst&egrave;mes et d&rsquo;externalisation. L&rsquo;entreprise emploie 47 000 professionnels dans 40 pays et r&eacute;alise un chiffre d&rsquo;affaires annuel de 5,5 milliards d&rsquo;euros.<\/p>\n\n<\/div><\/div>\n\n<div class=\"gb-container gb-container-59b3752c\"><div class=\"gb-inside-container\">\n\n<figure class=\"wp-block-image size-full blue-shadow img\"><img loading=\"lazy\" decoding=\"async\" width=\"1024\" height=\"1024\" src=\"https:\/\/sema.es\/wp-content\/uploads\/2024\/01\/hp_001.png\" alt=\"\" class=\"wp-image-4854\" title=\"\" srcset=\"https:\/\/sema.es\/wp-content\/uploads\/2024\/01\/hp_001.png 1024w, https:\/\/sema.es\/wp-content\/uploads\/2024\/01\/hp_001-300x300.png 300w, https:\/\/sema.es\/wp-content\/uploads\/2024\/01\/hp_001-150x150.png 150w, https:\/\/sema.es\/wp-content\/uploads\/2024\/01\/hp_001-768x768.png 768w\" sizes=\"auto, (max-width: 1024px) 100vw, 1024px\" \/><\/figure>\n\n<\/div><\/div>\n<\/div><div class=\"gb-container gb-container-cced38c7\">\n<div class=\"gb-container gb-container-33b0700e\">\n\n<h3 class=\"gb-headline gb-headline-9b0597f3\"><span class=\"gb-icon\"><svg xmlns=\"http:\/\/www.w3.org\/2000\/svg\" viewbox=\"0 0 36.7 3\"><path d=\"M0 0h36.7v3H0z\"><\/path><\/svg><\/span><span class=\"gb-headline-text\"><strong>Secteurs<\/strong><\/span><\/h3>\n\n\n<div class=\"gb-container gb-container-2fc7f267\">\n<div class=\"gb-container gb-container-72224779\">\n\n<h4 class=\"gb-headline gb-headline-70db4038\"><span class=\"gb-icon\"><svg xmlns=\"http:\/\/www.w3.org\/2000\/svg\" aria-hidden=\"true\" role=\"img\" height=\"1em\" width=\"1em\" viewbox=\"0 0 512 512\"><path fill=\"currentColor\" d=\"M256 8C119.033 8 8 119.033 8 256s111.033 248 248 248 248-111.033 248-248S392.967 8 256 8zm0 48c110.532 0 200 89.451 200 200 0 110.532-89.451 200-200 200-110.532 0-200-89.451-200-200 0-110.532 89.451-200 200-200m140.204 130.267l-22.536-22.718c-4.667-4.705-12.265-4.736-16.97-.068L215.346 303.697l-59.792-60.277c-4.667-4.705-12.265-4.736-16.97-.069l-22.719 22.536c-4.705 4.667-4.736 12.265-.068 16.971l90.781 91.516c4.667 4.705 12.265 4.736 16.97.068l172.589-171.204c4.704-4.668 4.734-12.266.067-16.971z\"><\/path><\/svg><\/span><span class=\"gb-headline-text\">Banque et assurance<\/span><\/h4>\n\n<\/div>\n\n<div class=\"gb-container gb-container-2df95670\">\n\n<h4 class=\"gb-headline gb-headline-d0760bcc\"><span class=\"gb-icon\"><svg xmlns=\"http:\/\/www.w3.org\/2000\/svg\" aria-hidden=\"true\" role=\"img\" height=\"1em\" width=\"1em\" viewbox=\"0 0 512 512\"><path fill=\"currentColor\" d=\"M256 8C119.033 8 8 119.033 8 256s111.033 248 248 248 248-111.033 248-248S392.967 8 256 8zm0 48c110.532 0 200 89.451 200 200 0 110.532-89.451 200-200 200-110.532 0-200-89.451-200-200 0-110.532 89.451-200 200-200m140.204 130.267l-22.536-22.718c-4.667-4.705-12.265-4.736-16.97-.068L215.346 303.697l-59.792-60.277c-4.667-4.705-12.265-4.736-16.97-.069l-22.719 22.536c-4.705 4.667-4.736 12.265-.068 16.971l90.781 91.516c4.667 4.705 12.265 4.736 16.97.068l172.589-171.204c4.704-4.668 4.734-12.266.067-16.971z\"><\/path><\/svg><\/span><span class=\"gb-headline-text\">L&rsquo;industrie<\/span><\/h4>\n\n<\/div>\n\n<div class=\"gb-container gb-container-98085887\">\n\n<h4 class=\"gb-headline gb-headline-69afaa6b\"><span class=\"gb-icon\"><svg xmlns=\"http:\/\/www.w3.org\/2000\/svg\" aria-hidden=\"true\" role=\"img\" height=\"1em\" width=\"1em\" viewbox=\"0 0 512 512\"><path fill=\"currentColor\" d=\"M256 8C119.033 8 8 119.033 8 256s111.033 248 248 248 248-111.033 248-248S392.967 8 256 8zm0 48c110.532 0 200 89.451 200 200 0 110.532-89.451 200-200 200-110.532 0-200-89.451-200-200 0-110.532 89.451-200 200-200m140.204 130.267l-22.536-22.718c-4.667-4.705-12.265-4.736-16.97-.068L215.346 303.697l-59.792-60.277c-4.667-4.705-12.265-4.736-16.97-.069l-22.719 22.536c-4.705 4.667-4.736 12.265-.068 16.971l90.781 91.516c4.667 4.705 12.265 4.736 16.97.068l172.589-171.204c4.704-4.668 4.734-12.266.067-16.971z\"><\/path><\/svg><\/span><span class=\"gb-headline-text\">Secteur public<\/span><\/h4>\n\n<\/div>\n\n<div class=\"gb-container gb-container-9662b1fd\">\n\n<h4 class=\"gb-headline gb-headline-2882fe7b\"><span class=\"gb-icon\"><svg xmlns=\"http:\/\/www.w3.org\/2000\/svg\" aria-hidden=\"true\" role=\"img\" height=\"1em\" width=\"1em\" viewbox=\"0 0 512 512\"><path fill=\"currentColor\" d=\"M256 8C119.033 8 8 119.033 8 256s111.033 248 248 248 248-111.033 248-248S392.967 8 256 8zm0 48c110.532 0 200 89.451 200 200 0 110.532-89.451 200-200 200-110.532 0-200-89.451-200-200 0-110.532 89.451-200 200-200m140.204 130.267l-22.536-22.718c-4.667-4.705-12.265-4.736-16.97-.068L215.346 303.697l-59.792-60.277c-4.667-4.705-12.265-4.736-16.97-.069l-22.719 22.536c-4.705 4.667-4.736 12.265-.068 16.971l90.781 91.516c4.667 4.705 12.265 4.736 16.97.068l172.589-171.204c4.704-4.668 4.734-12.266.067-16.971z\"><\/path><\/svg><\/span><span class=\"gb-headline-text\">T&eacute;l&eacute;communications<\/span><\/h4>\n\n<\/div>\n\n<div class=\"gb-container gb-container-77c85e80\">\n\n<h4 class=\"gb-headline gb-headline-587d0b9e\"><span class=\"gb-icon\"><svg xmlns=\"http:\/\/www.w3.org\/2000\/svg\" aria-hidden=\"true\" role=\"img\" height=\"1em\" width=\"1em\" viewbox=\"0 0 512 512\"><path fill=\"currentColor\" d=\"M256 8C119.033 8 8 119.033 8 256s111.033 248 248 248 248-111.033 248-248S392.967 8 256 8zm0 48c110.532 0 200 89.451 200 200 0 110.532-89.451 200-200 200-110.532 0-200-89.451-200-200 0-110.532 89.451-200 200-200m140.204 130.267l-22.536-22.718c-4.667-4.705-12.265-4.736-16.97-.068L215.346 303.697l-59.792-60.277c-4.667-4.705-12.265-4.736-16.97-.069l-22.719 22.536c-4.705 4.667-4.736 12.265-.068 16.971l90.781 91.516c4.667 4.705 12.265 4.736 16.97.068l172.589-171.204c4.704-4.668 4.734-12.266.067-16.971z\"><\/path><\/svg><\/span><span class=\"gb-headline-text\">Utilitaires<\/span><\/h4>\n\n<\/div>\n\n<div class=\"gb-container gb-container-0681f23a\">\n\n<h4 class=\"gb-headline gb-headline-c7fbb350\"><span class=\"gb-icon\"><svg xmlns=\"http:\/\/www.w3.org\/2000\/svg\" aria-hidden=\"true\" role=\"img\" height=\"1em\" width=\"1em\" viewbox=\"0 0 512 512\"><path fill=\"currentColor\" d=\"M256 8C119.033 8 8 119.033 8 256s111.033 248 248 248 248-111.033 248-248S392.967 8 256 8zm0 48c110.532 0 200 89.451 200 200 0 110.532-89.451 200-200 200-110.532 0-200-89.451-200-200 0-110.532 89.451-200 200-200m140.204 130.267l-22.536-22.718c-4.667-4.705-12.265-4.736-16.97-.068L215.346 303.697l-59.792-60.277c-4.667-4.705-12.265-4.736-16.97-.069l-22.719 22.536c-4.705 4.667-4.736 12.265-.068 16.971l90.781 91.516c4.667 4.705 12.265 4.736 16.97.068l172.589-171.204c4.704-4.668 4.734-12.266.067-16.971z\"><\/path><\/svg><\/span><span class=\"gb-headline-text\">Les m&eacute;dias<\/span><\/h4>\n\n<\/div>\n<\/div>\n<\/div>\n<\/div><div class=\"gb-container gb-container-c35dd0b2\">\n<div class=\"gb-container gb-container-fa236c2e\">\n\n<figure class=\"wp-block-image size-full blue-shadow img\"><img loading=\"lazy\" decoding=\"async\" width=\"1024\" height=\"1024\" src=\"https:\/\/sema.es\/wp-content\/uploads\/2024\/01\/Outsourcing.png\" alt=\"\" class=\"wp-image-4832\" title=\"\" srcset=\"https:\/\/sema.es\/wp-content\/uploads\/2024\/01\/Outsourcing.png 1024w, https:\/\/sema.es\/wp-content\/uploads\/2024\/01\/Outsourcing-300x300.png 300w, https:\/\/sema.es\/wp-content\/uploads\/2024\/01\/Outsourcing-150x150.png 150w, https:\/\/sema.es\/wp-content\/uploads\/2024\/01\/Outsourcing-768x768.png 768w\" sizes=\"auto, (max-width: 1024px) 100vw, 1024px\" \/><\/figure>\n\n<\/div>\n\n<div class=\"gb-container gb-container-9ff8edc9\">\n\n<p class=\"gb-headline gb-headline-13404956\"><span class=\"gb-icon\"><svg xmlns=\"http:\/\/www.w3.org\/2000\/svg\" viewbox=\"0 0 36.7 3\"><path d=\"M0 0h36.7v3H0z\"><\/path><\/svg><\/span><span class=\"gb-headline-text\">Secteurs<\/span><\/p>\n\n\n\n<h2 class=\"gb-headline gb-headline-a320adae gb-headline-text\">Conna&icirc;tre votre entreprise<\/h2>\n\n\n\n<p>Atos Origin propose &agrave; ses clients des services complets d&rsquo;int&eacute;gration commerciale et technologique par le biais de ses offres de conseil, d&rsquo;int&eacute;gration de syst&egrave;mes et d&rsquo;infog&eacute;rance.<\/p>\n\n<\/div>\n<\/div><div class=\"gb-container gb-container-9abe88f3\">\n<div class=\"gb-container gb-container-dab766c3\">\n\n<h2 class=\"gb-headline gb-headline-4f267503\"><span class=\"gb-icon\"><svg xmlns=\"http:\/\/www.w3.org\/2000\/svg\" viewbox=\"0 0 36.7 3\"><path d=\"M0 0h36.7v3H0z\"><\/path><\/svg><\/span><span class=\"gb-headline-text\">Notre &eacute;quipe<\/span><\/h2>\n\n\n<div class=\"gb-grid-wrapper gb-grid-wrapper-0f47b0d2\">\n<div class=\"gb-grid-column gb-grid-column-ab479b87\"><div class=\"gb-container gb-container-ab479b87\">\n\n<figure class=\"gb-block-image gb-block-image-841ac2e7\"><img loading=\"lazy\" decoding=\"async\" width=\"300\" height=\"300\" class=\"gb-image gb-image-841ac2e7\" src=\"https:\/\/sema.es\/wp-content\/uploads\/2024\/10\/BILLY-ZAMBRANO.jpg\" alt=\"\" title=\"BILLY ZAMBRANO\" srcset=\"https:\/\/sema.es\/wp-content\/uploads\/2024\/10\/BILLY-ZAMBRANO.jpg 300w, https:\/\/sema.es\/wp-content\/uploads\/2024\/10\/BILLY-ZAMBRANO-150x150.jpg 150w\" sizes=\"auto, (max-width: 300px) 100vw, 300px\"><\/figure>\n\n\n\n<h3 class=\"gb-headline gb-headline-be5a1a06 gb-headline-text\">BILLY ZAMBRANO<\/h3>\n\n\n\n<p><em>Analyste de la plateforme de trading<\/em><\/p>\n\n\n\n<p>Billy poss&egrave;de une solide exp&eacute;rience en mati&egrave;re de coordination de projets et de gestion d&rsquo;&eacute;quipes. Sa principale comp&eacute;tence consiste &agrave; s&rsquo;assurer que les membres de l&rsquo;&eacute;quipe d&eacute;veloppent pleinement leur potentiel. Il est titulaire d&rsquo;un dipl&ocirc;me en sciences politiques de l&rsquo;Universit&eacute; Complutense de Madrid.  <\/p>\n\n<\/div><\/div>\n\n<div class=\"gb-grid-column gb-grid-column-078270c4\"><div class=\"gb-container gb-container-078270c4\">\n\n<figure class=\"gb-block-image gb-block-image-2cdaebcf\"><img loading=\"lazy\" decoding=\"async\" width=\"300\" height=\"300\" class=\"gb-image gb-image-2cdaebcf\" src=\"https:\/\/sema.es\/wp-content\/uploads\/2024\/10\/ANIBAL-DIAZ.jpg\" alt=\"\" title=\"ANIBAL D&Iacute;AZ\" srcset=\"https:\/\/sema.es\/wp-content\/uploads\/2024\/10\/ANIBAL-DIAZ.jpg 300w, https:\/\/sema.es\/wp-content\/uploads\/2024\/10\/ANIBAL-DIAZ-150x150.jpg 150w\" sizes=\"auto, (max-width: 300px) 100vw, 300px\"><\/figure>\n\n\n\n<h3 class=\"gb-headline gb-headline-d3152d84 gb-headline-text\">ANIBAL D&Iacute;AZ<\/h3>\n\n\n\n<p><em>Analyste technique<\/em><\/p>\n\n\n\n<p>Avec plus d&rsquo;une d&eacute;cennie d&rsquo;exp&eacute;rience en tant qu&rsquo;analyste et concepteur de logiciels, An&iacute;bal joue un r&ocirc;le cl&eacute; dans le d&eacute;veloppement de Cointrade et dans la garantie des performances optimales de la plateforme web.<\/p>\n\n<\/div><\/div>\n<\/div>\n<\/div>\n<\/div><div class=\"gb-container gb-container-2ffda823\">\n<div class=\"gb-container gb-container-6df77c41\">\n\n<h2 class=\"gb-headline gb-headline-3f5db836\"><span class=\"gb-icon\"><svg xmlns=\"http:\/\/www.w3.org\/2000\/svg\" viewbox=\"0 0 36.7 3\"><path d=\"M0 0h36.7v3H0z\"><\/path><\/svg><\/span><span class=\"gb-headline-text\"><strong>L&rsquo;IA comble le foss&eacute; entre les traders novices et les experts<\/strong><\/span><\/h2>\n\n\n\n<p class=\"has-text-align-center\">Le trading de crypto-monnaies semblait auparavant &ecirc;tre une chose que seuls les experts pouvaient ma&icirc;triser. Aujourd&rsquo;hui, les outils d&rsquo;IA, tels que les <a href=\"https:\/\/quantraderx.com\/fr\/\" target=\"_blank\" rel=\"noopener\">Ai Quantum<\/a> l&rsquo;apprentissage des d&eacute;butants. Ils simplifient le march&eacute; et r&eacute;v&egrave;lent des tendances claires.<\/p>\n\n\n\n<p>Pour les nouveaux traders, les outils d&rsquo;IA servent de guide pour &eacute;viter les erreurs de d&eacute;butant. Pour les experts, ils permettent de gagner du temps en d&eacute;tectant les opportunit&eacute;s et en fournissant des informations plus d&eacute;taill&eacute;es. Le march&eacute; ne cesse de bouger. Personne ne peut tout suivre. C&rsquo;est pourquoi l&rsquo;IA devient si pr&eacute;cieuse.    <\/p>\n\n\n\n<p class=\"has-text-align-center\">Que vous soyez novice ou exp&eacute;riment&eacute;, les outils d&rsquo;IA vous donnent un avantage. Ils ne sont pas parfaits, mais ils rendent la n&eacute;gociation plus accessible. <\/p>\n\n<\/div>\n<\/div><div class=\"gb-container gb-container-e9de8d1a\">\n\n<h3 class=\"gb-headline gb-headline-3cd6ad6f\"><span class=\"gb-icon\"><svg xmlns=\"http:\/\/www.w3.org\/2000\/svg\" viewbox=\"0 0 36.7 3\"><path d=\"M0 0h36.7v3H0z\"><\/path><\/svg><\/span><span class=\"gb-headline-text\">Derni&egrave;res nouvelles de notre blog<\/span><\/h3>\n\n\n\n<div class=\"gb-grid-wrapper gb-grid-wrapper-66ce529d gb-query-loop-wrapper\">\n<div class=\"gb-grid-column gb-grid-column-4d208dad gb-query-loop-item post-34086 opiniones type-opiniones status-publish format-standard has-post-thumbnail hentry\"><div class=\"gb-container gb-container-4d208dad\">\n<figure class=\"gb-block-image gb-block-image-f20ff08f\"><img loading=\"lazy\" decoding=\"async\" width=\"960\" height=\"538\" src=\"https:\/\/sema.es\/wp-content\/uploads\/2025\/04\/Laptop-trading-with-real-insights.jpg\" class=\"gb-image-f20ff08f\" alt=\"Laptop trading with real insights\" srcset=\"https:\/\/sema.es\/wp-content\/uploads\/2025\/04\/Laptop-trading-with-real-insights.jpg 960w, https:\/\/sema.es\/wp-content\/uploads\/2025\/04\/Laptop-trading-with-real-insights-300x168.jpg 300w, https:\/\/sema.es\/wp-content\/uploads\/2025\/04\/Laptop-trading-with-real-insights-768x430.jpg 768w\" sizes=\"auto, (max-width: 960px) 100vw, 960px\" title=\"\"><\/figure>\n\n<h2 class=\"gb-headline gb-headline-16954bfd gb-headline-text\"><a href=\"https:\/\/sema.es\/fr\/opiniones\/immediate-sanorex-app\/\">Comment K00414 m&rsquo;aide &agrave; garder une longueur d&rsquo;avance<\/a><\/h2>\n\n<p class=\"gb-headline gb-headline-75765f83 gb-headline-text\"><time class=\"entry-date published\" datetime=\"2025-07-09T15:32:54+00:00\">juillet 9, 2025<\/time><\/p>\n<\/div><\/div>\n\n<div class=\"gb-grid-column gb-grid-column-4d208dad gb-query-loop-item post-34077 opiniones type-opiniones status-publish format-standard has-post-thumbnail hentry\"><div class=\"gb-container gb-container-4d208dad\">\n<figure class=\"gb-block-image gb-block-image-f20ff08f\"><img loading=\"lazy\" decoding=\"async\" width=\"960\" height=\"538\" src=\"https:\/\/sema.es\/wp-content\/uploads\/2025\/04\/Tablet-screen-with-trading-dashboard.jpg\" class=\"gb-image-f20ff08f\" alt=\"Tablet screen with trading dashboard\" srcset=\"https:\/\/sema.es\/wp-content\/uploads\/2025\/04\/Tablet-screen-with-trading-dashboard.jpg 960w, https:\/\/sema.es\/wp-content\/uploads\/2025\/04\/Tablet-screen-with-trading-dashboard-300x168.jpg 300w, https:\/\/sema.es\/wp-content\/uploads\/2025\/04\/Tablet-screen-with-trading-dashboard-768x430.jpg 768w\" sizes=\"auto, (max-width: 960px) 100vw, 960px\" title=\"\"><\/figure>\n\n<h2 class=\"gb-headline gb-headline-16954bfd gb-headline-text\"><a href=\"https:\/\/sema.es\/fr\/opiniones\/immediate-sanorex-review\/\">R&eacute;vision K00413 2025&nbsp;: R&eacute;partition compl&egrave;te des outils, des risques et de l&rsquo;assistance<\/a><\/h2>\n\n<p class=\"gb-headline gb-headline-75765f83 gb-headline-text\"><time class=\"entry-date published\" datetime=\"2025-07-09T15:26:13+00:00\">juillet 9, 2025<\/time><\/p>\n<\/div><\/div>\n<\/div>\n\n<\/div>\n","protected":false},"excerpt":{"rendered":"<p>Atos Origin Transformer la vision du client en r&eacute;sultats Madrid : C\/ Albarrac&iacute;n, 25. CP 28037. Espagne +34 91 214 8800 info@sema.es Du lundi au vendredi de 8h00 &agrave; 18h00 Bienvenue &Agrave; propos d&rsquo;Atos Origin Atos Origin est une soci&eacute;t&eacute; internationale de services informatiques. Son objectif est de transformer la vision strat&eacute;gique de ses clients &#8230; <a title=\"Accueil\" class=\"read-more\" href=\"https:\/\/sema.es\/fr\/\" aria-label=\"En savoir plus sur Accueil\">Lire plus<\/a><\/p>\n","protected":false},"author":1,"featured_media":0,"parent":0,"menu_order":0,"comment_status":"closed","ping_status":"closed","template":"","meta":{"footnotes":""},"class_list":["post-15518","page","type-page","status-publish"],"rank_math_title":"Atos Origin : int\u00e9gration de syst\u00e8mes experts et services de conseil en informatique","rank_math_description":"Transformez votre entreprise gr\u00e2ce aux services informatiques de bout en bout d'Atos Origin, notamment le conseil, l'int\u00e9gration de syst\u00e8mes et l'externalisation. D\u00e9couvrez nos solutions personnalis\u00e9es pour diverses industries dans le monde entier.","rank_math_focus_keyword":"Atos","_links":{"self":[{"href":"https:\/\/sema.es\/fr\/wp-json\/wp\/v2\/pages\/15518","targetHints":{"allow":["GET"]}}],"collection":[{"href":"https:\/\/sema.es\/fr\/wp-json\/wp\/v2\/pages"}],"about":[{"href":"https:\/\/sema.es\/fr\/wp-json\/wp\/v2\/types\/page"}],"author":[{"embeddable":true,"href":"https:\/\/sema.es\/fr\/wp-json\/wp\/v2\/users\/1"}],"replies":[{"embeddable":true,"href":"https:\/\/sema.es\/fr\/wp-json\/wp\/v2\/comments?post=15518"}],"version-history":[{"count":0,"href":"https:\/\/sema.es\/fr\/wp-json\/wp\/v2\/pages\/15518\/revisions"}],"wp:attachment":[{"href":"https:\/\/sema.es\/fr\/wp-json\/wp\/v2\/media?parent=15518"}],"curies":[{"name":"wp","href":"https:\/\/api.w.org\/{rel}","templated":true}]}}