{"id":27450,"date":"2024-01-11T12:33:39","date_gmt":"2024-01-11T12:33:39","guid":{"rendered":"https:\/\/sema.es\/logistique\/"},"modified":"2024-12-16T10:38:55","modified_gmt":"2024-12-16T10:38:55","slug":"logistica","status":"publish","type":"page","link":"https:\/\/sema.es\/fr\/logistica\/","title":{"rendered":"Logistique"},"content":{"rendered":"<?xml encoding=\"UTF-8\"><div class=\"gb-container gb-container-613ced2e\">\n<div class=\"gb-container gb-container-27a0e383\">\n\n<p class=\"gb-headline gb-headline-25158df7\"><span class=\"gb-icon\"><svg xmlns=\"http:\/\/www.w3.org\/2000\/svg\" viewbox=\"0 0 36.7 3\"><path d=\"M0 0h36.7v3H0z\"><\/path><\/svg><\/span><span class=\"gb-headline-text\"><strong>Nos capacit&eacute;s<\/strong><\/span><\/p>\n\n\n\n<h2 class=\"gb-headline gb-headline-e923e090 gb-headline-text\">Logistique<\/h2>\n\n\n\n<p>Les capacit&eacute;s logistiques des entreprises constituent aujourd&rsquo;hui un facteur concurrentiel cl&eacute;. La plupart des secteurs d&rsquo;activit&eacute; consid&egrave;rent la logistique comme un objectif strat&eacute;gique, fondamental pour &ecirc;tre comp&eacute;titif sur un march&eacute; de plus en plus global, dynamique et agressif. <\/p>\n\n\n\n<p>La dimension nationale et internationale, la volont&eacute; de servir, l&rsquo;utilisation de m&eacute;thodologies &eacute;prouv&eacute;es, l&rsquo;investissement constant dans la R&amp;D et l&rsquo;exp&eacute;rience d&rsquo;une &eacute;quipe de professionnels hautement qualifi&eacute;s ont permis &agrave; Atos Origin, par le biais de sa division Logistique, de mettre en &oelig;uvre des solutions innovantes et efficaces.<\/p>\n\n\n\n<p>Pour la transformation de la cha&icirc;ne d&rsquo;approvisionnement et la mise en &oelig;uvre de nouveaux mod&egrave;les de gestion logistique, Atos Origin propose une offre de services globale structur&eacute;e en trois pratiques :<\/p>\n\n\n\n<h2 class=\"wp-block-heading\">1.- Conseil en logistique<\/h2>\n\n\n\n<p>Composante essentielle de sa culture, l&rsquo;activit&eacute; de conseil d&rsquo;Atos Origin aide ses clients &agrave; d&eacute;finir et &agrave; perfectionner leur strat&eacute;gie, leur organisation et leur gestion logistique, en conduisant et en contribuant au changement par le biais de programmes d&rsquo;action conjoints et en d&eacute;finissant, structurant et garantissant les processus d&rsquo;am&eacute;lioration et d&rsquo;innovation. Atos Origin fonde la r&eacute;ing&eacute;nierie et la refonte des processus logistiques sur sa connaissance approfondie des opportunit&eacute;s offertes par les march&eacute;s et par l&rsquo;&eacute;volution des technologies, en fournissant &agrave; ses clients le soutien, l&rsquo;orientation et l&rsquo;appui n&eacute;cessaires pour faire progresser de mani&egrave;re synchronis&eacute;e les processus, les technologies et les personnes et garantir ainsi le succ&egrave;s des processus de changement qu&rsquo;ils entreprennent. <\/p>\n\n\n\n<ul class=\"wp-block-list\">\n<li>Conception int&eacute;grale de mod&egrave;les logistiques<\/li>\n\n\n\n<li>Strat&eacute;gies de transformation de la cha&icirc;ne d&rsquo;approvisionnement<\/li>\n\n\n\n<li>Mod&egrave;les de gestion de l&rsquo;offre, de la production et de la distribution<\/li>\n\n\n\n<li>Conception des r&eacute;seaux de distribution<\/li>\n\n\n\n<li>Collaboration et synchronisation de la cha&icirc;ne d&rsquo;approvisionnement gr&acirc;ce &agrave; la logistique &eacute;lectronique<\/li>\n\n\n\n<li>Mod&egrave;les de contr&ocirc;le des co&ucirc;ts et service logistique<\/li>\n\n\n\n<li>Conception et automatisation des entrep&ocirc;ts.<\/li>\n<\/ul>\n\n\n\n<p><a href=\"https:\/\/sema.es\/wp-content\/uploads\/Consultoria_web.pdf\">T&eacute;l&eacute;charger le document  &gt;&gt;<\/a><\/p>\n\n\n\n<h2 class=\"wp-block-heading\">2 &ndash; Int&eacute;gration des syst&egrave;mes<\/h2>\n\n\n\n<p>En s&rsquo;appuyant sur une bonne compr&eacute;hension des besoins et des opportunit&eacute;s de l&rsquo;entreprise, Atos Origin con&ccedil;oit et met en place des syst&egrave;mes d&rsquo;information logistique qui profitent &agrave; ses clients gr&acirc;ce aux avanc&eacute;es technologiques, l&agrave; o&ugrave; elles apportent une r&eacute;elle valeur ajout&eacute;e. L&rsquo;une des pierres angulaires de cette capacit&eacute; est l&rsquo;activit&eacute; de R&amp;D sans rel&acirc;che par laquelle Atos Origin identifie et &eacute;value les technologies &eacute;mergentes afin de d&eacute;terminer leur maturit&eacute; et le moment o&ugrave; elles conviennent &agrave; ses clients.Mais pour garantir la viabilit&eacute; des syst&egrave;mes d&rsquo;information, il faut non seulement une conception et une construction de qualit&eacute;, mais aussi une int&eacute;gration parfaite avec les syst&egrave;mes existants, ce qui repr&eacute;sente souvent des ann&eacute;es de travail et d&rsquo;investissement : Atos Origin fournit &agrave; ses clients une gestion de projet experte pour la gestion efficace d&rsquo;&eacute;quipes pluridisciplinaires, la d&eacute;tection et l&rsquo;anticipation des risques potentiels et le respect des engagements in&eacute;vitables en termes de co&ucirc;ts, de d&eacute;lais et d&rsquo;objectifs. <\/p>\n\n\n\n<p>Conception, d&eacute;veloppement et mise en &oelig;uvre de syst&egrave;mes d&rsquo;information logistique &agrave; haute valeur ajout&eacute;e :<\/p>\n\n\n\n<ul class=\"wp-block-list\">\n<li>Syst&egrave;mes de planification et de gestion de la cha&icirc;ne d&rsquo;approvisionnement<\/li>\n\n\n\n<li>Syst&egrave;mes de gestion de la production<\/li>\n\n\n\n<li>Tra&ccedil;abilit&eacute; et syst&egrave;mes de contr&ocirc;le de la qualit&eacute;<\/li>\n\n\n\n<li>Syst&egrave;mes de contr&ocirc;le des co&ucirc;ts logistiques<\/li>\n\n\n\n<li>Syst&egrave;mes de planification et de gestion des transports<\/li>\n<\/ul>\n\n\n\n<p>S&eacute;lection et mise en &oelig;uvre de solutions de march&eacute; qui s&rsquo;adaptent aux exigences de chaque entreprise.<\/p>\n\n\n\n<h2 class=\"wp-block-heading\">3.- Gamme de logiciels (SISLOG)<\/h2>\n\n\n\n<p>En concevant la gamme de logiciels SISLOG, Atos Origin a donn&eacute; la priorit&eacute; &agrave; la r&eacute;alisation simultan&eacute;e d&rsquo;une s&eacute;rie d&rsquo;objectifs fondamentaux. D&rsquo;une part, concevoir des solutions int&eacute;gr&eacute;es de gestion logistique sp&eacute;cifiquement adapt&eacute;es aux conditions d&rsquo;activit&eacute; de chaque entreprise : au niveau vertical, SISLOG comporte trois produits sp&eacute;cifiques d&eacute;velopp&eacute;s respectivement pour les secteurs de l&rsquo;industrie, de la distribution\/commerce de d&eacute;tail et des op&eacute;rateurs logistiques. D&rsquo;autre part, pour assurer la capacit&eacute; de gestion au niveau op&eacute;rationnel des fonctions de base : au niveau horizontal, SISLOG met &agrave; la disposition de ses clients des produits pour la gestion de l&rsquo;entreposage, de l&rsquo;approvisionnement, du transport et de la pr&eacute;vision de la demande. Troisi&egrave;mement, pour faciliter l&rsquo;adaptation maximale aux besoins et aux exigences de chaque entreprise : les solutions SISLOG ont &eacute;t&eacute; con&ccedil;ues avec une structure modulaire, qui permet l&rsquo;incorporation progressive de fonctionnalit&eacute;s au fur et &agrave; mesure de leur degr&eacute; d&rsquo;&eacute;volution logistique. Enfin, pour garantir une int&eacute;gration parfaite avec les syst&egrave;mes de gestion de ses clients, qu&rsquo;il s&rsquo;agisse d&rsquo;ERP ou de syst&egrave;mes propri&eacute;taires, r&eacute;pondant ainsi aux besoins les plus exigeants de la gestion de la cha&icirc;ne logistique.    <\/p>\n\n\n\n<p>SISLOG dispose de solutions parfaitement int&eacute;grables et adapt&eacute;es aux particularit&eacute;s de chaque entreprise, visant &agrave; : une gestion verticale ou une gestion logistique int&eacute;gr&eacute;e adapt&eacute;e &agrave; chaque secteur d&rsquo;activit&eacute; &eacute;conomique :<\/p>\n\n\n\n<blockquote class=\"wp-block-quote is-layout-flow wp-block-quote-is-layout-flow\">\n<p><br><br><br>-SISLOG<a href=\"https:\/\/sema.es\/wp-content\/uploads\/SISLOG_INDUSTRIA_web.pdf\">INDUSTRY<\/a> (secteur industriel) -SISLOG<a href=\"https:\/\/sema.es\/wp-content\/uploads\/SISLOG_Distribucion_web.pdf\" target=\"_blank\" rel=\"noreferrer noopener\">DISTRIBUTION<\/a> (secteur de la distribution) -SISLOG<a href=\"https:\/\/sema.es\/wp-content\/uploads\/Sislog_OL.pdf\" target=\"_blank\" rel=\"noreferrer noopener\">OL <\/a>(secteur des op&eacute;rateurs logistiques) -SISLOG<a href=\"https:\/\/sema.es\/wp-content\/uploads\/SISLOG_TRAZABILIDAD_web.pdf\" target=\"_blank\" rel=\"noreferrer noopener\">FIELD TRACEABILITY<\/a>(secteur agro-alimentaire)<\/p>\n<\/blockquote>\n\n\n\n<p>Gestion horizontale ou traitement au niveau op&eacute;rationnel des fonctions logistiques cl&eacute;s :<\/p>\n\n\n\n<blockquote class=\"wp-block-quote is-layout-flow wp-block-quote-is-layout-flow\">\n<p><br><br>-SISLOG<a href=\"https:\/\/sema.es\/wp-content\/uploads\/SISLOG_Almacen_web.pdf\" target=\"_blank\" rel=\"noreferrer noopener\">ENTREP&Ocirc;T<\/a> -SISLOG<a href=\"https:\/\/sema.es\/wp-content\/uploads\/SISLOG_Rutas_web.pdf\" target=\"_blank\" rel=\"noreferrer noopener\">ROUTES<\/a> -SISLOG<a href=\"https:\/\/sema.es\/wp-content\/uploads\/SISLOG_Aprovisionamiento_web.pdf\" target=\"_blank\" rel=\"noreferrer noopener\">ACHATS<\/a><\/p>\n<\/blockquote>\n\n<\/div>\n<\/div>\n","protected":false},"excerpt":{"rendered":"<p>Nos capacit&eacute;s Logistique Les capacit&eacute;s logistiques des entreprises constituent aujourd&rsquo;hui un facteur concurrentiel cl&eacute;. La plupart des secteurs d&rsquo;activit&eacute; consid&egrave;rent la logistique comme un objectif strat&eacute;gique, fondamental pour &ecirc;tre comp&eacute;titif sur un march&eacute; de plus en plus global, dynamique et agressif. La dimension nationale et internationale, la volont&eacute; de servir, l&rsquo;utilisation de m&eacute;thodologies &eacute;prouv&eacute;es, l&rsquo;investissement &#8230; <a title=\"Logistique\" class=\"read-more\" href=\"https:\/\/sema.es\/fr\/logistica\/\" aria-label=\"En savoir plus sur Logistique\">Lire plus<\/a><\/p>\n","protected":false},"author":1,"featured_media":0,"parent":0,"menu_order":0,"comment_status":"closed","ping_status":"closed","template":"","meta":{"footnotes":""},"class_list":["post-27450","page","type-page","status-publish"],"rank_math_title":"Solutions logistiques d'Atos Origin : rationaliser les cha\u00eenes d'approvisionnement pour gagner en comp\u00e9titivit\u00e9","rank_math_description":"Optimisez l'efficacit\u00e9 et la valeur strat\u00e9gique de votre cha\u00eene d'approvisionnement gr\u00e2ce aux solutions logistiques d'Atos Origin. Notre expertise couvre le conseil, l'int\u00e9gration de syst\u00e8mes et les produits logiciels innovants pour am\u00e9liorer vos op\u00e9rations logistiques. ","rank_math_focus_keyword":"","_links":{"self":[{"href":"https:\/\/sema.es\/fr\/wp-json\/wp\/v2\/pages\/27450","targetHints":{"allow":["GET"]}}],"collection":[{"href":"https:\/\/sema.es\/fr\/wp-json\/wp\/v2\/pages"}],"about":[{"href":"https:\/\/sema.es\/fr\/wp-json\/wp\/v2\/types\/page"}],"author":[{"embeddable":true,"href":"https:\/\/sema.es\/fr\/wp-json\/wp\/v2\/users\/1"}],"replies":[{"embeddable":true,"href":"https:\/\/sema.es\/fr\/wp-json\/wp\/v2\/comments?post=27450"}],"version-history":[{"count":0,"href":"https:\/\/sema.es\/fr\/wp-json\/wp\/v2\/pages\/27450\/revisions"}],"wp:attachment":[{"href":"https:\/\/sema.es\/fr\/wp-json\/wp\/v2\/media?parent=27450"}],"curies":[{"name":"wp","href":"https:\/\/api.w.org\/{rel}","templated":true}]}}