{"id":27489,"date":"2024-01-11T12:54:02","date_gmt":"2024-01-11T12:54:02","guid":{"rendered":"https:\/\/sema.es\/banque-et-assurance\/"},"modified":"2024-12-16T10:39:11","modified_gmt":"2024-12-16T10:39:11","slug":"banca-y-seguros","status":"publish","type":"page","link":"https:\/\/sema.es\/fr\/banca-y-seguros\/","title":{"rendered":"Banque et assurance"},"content":{"rendered":"<?xml encoding=\"UTF-8\"><div class=\"gb-container gb-container-64391086\">\n<div class=\"gb-container gb-container-7fddd5ff\">\n\n<p class=\"gb-headline gb-headline-9b73ecbe\"><span class=\"gb-icon\"><svg xmlns=\"http:\/\/www.w3.org\/2000\/svg\" viewbox=\"0 0 36.7 3\"><path d=\"M0 0h36.7v3H0z\"><\/path><\/svg><\/span><span class=\"gb-headline-text\"><\/span><\/p>\n\n\n\n<h2 class=\"gb-headline gb-headline-d14c8852 gb-headline-text\">Banque et assurance<\/h2>\n\n\n\n<p>Atos Origin s&rsquo;est impos&eacute; comme une r&eacute;f&eacute;rence cl&eacute; dans la mise en &oelig;uvre de solutions pour les secteurs de la banque et de l&rsquo;assurance. Dans le cadre d&rsquo;une philosophie de large spectre de fonctionnalit&eacute;s et d&rsquo;op&eacute;rations couvertes, Atos Origin a construit une gamme &eacute;tendue de solutions bas&eacute;es sur des produits qui couvrent une grande partie des principaux besoins op&eacute;rationnels de ce secteur. <\/p>\n\n\n\n<p>L&rsquo;&eacute;tendue des connaissances fonctionnelles et commerciales incorpor&eacute;es dans ses propres applications a conf&eacute;r&eacute; &agrave; Atos Origin un niveau de prestige bien m&eacute;rit&eacute; dans le secteur et l&rsquo;a amen&eacute; &agrave; devenir une r&eacute;f&eacute;rence sur le march&eacute; pour la mise en &oelig;uvre d&rsquo;applications strat&eacute;giques d&rsquo;entreprise.<\/p>\n\n<\/div>\n\n<div class=\"gb-container gb-container-0896ed09\">\n\n<figure class=\"wp-block-image size-full blue-shadow img\"><img loading=\"lazy\" decoding=\"async\" width=\"1024\" height=\"768\" src=\"https:\/\/sema.es\/wp-content\/uploads\/2024\/01\/Banca-edited.png\" alt=\"\" class=\"wp-image-4897\" title=\"\" srcset=\"https:\/\/sema.es\/wp-content\/uploads\/2024\/01\/Banca-edited.png 1024w, https:\/\/sema.es\/wp-content\/uploads\/2024\/01\/Banca-edited-300x225.png 300w, https:\/\/sema.es\/wp-content\/uploads\/2024\/01\/Banca-edited-768x576.png 768w\" sizes=\"auto, (max-width: 1024px) 100vw, 1024px\" \/><\/figure>\n\n<\/div>\n<\/div><div class=\"gb-container gb-container-e3990794\">\n<div class=\"gb-container gb-container-a18bb782\">\n\n<h2 class=\"gb-headline gb-headline-0cd15ade gb-headline-text\">Notre gamme de services pour le secteur de la banque et de l&rsquo;assurance.<\/h2>\n\n\n\n<p>Depuis plus de trente ans, Atos Origin fournit des syst&egrave;mes d&rsquo;information et des services au secteur financier. Notre exp&eacute;rience et nos connaissances approfondies nous ont permis de nous positionner comme l&rsquo;une des r&eacute;f&eacute;rences internationales dans le domaine des technologies de l&rsquo;information. <\/p>\n\n\n\n<p>Nos solutions et services pour le secteur financier couvrent les aspects suivants :<\/p>\n\n\n\n<ul class=\"wp-block-list\">\n<li>Conseil fonctionnel et technologique : orient&eacute; vers l&rsquo;optimisation des processus et les &eacute;tudes commerciales ou les am&eacute;liorations n&eacute;cessaires &agrave; l&rsquo;adaptation d&rsquo;un syst&egrave;me.<\/li>\n\n\n\n<li>Int&eacute;gration des syst&egrave;mes : couverture des changements n&eacute;cessaires &agrave; l&rsquo;am&eacute;lioration des syst&egrave;mes existants, ainsi que la gestion et la mise en &oelig;uvre de nouvelles applications.<br><\/li>\n\n\n\n<li>Externalisation ou services g&eacute;r&eacute;s : services complets, fonctionnels, de migration, d&rsquo;assistance technique, de gestion de r&eacute;seau, de help desk et de s&eacute;curit&eacute;.<\/li>\n\n\n\n<li>Plateforme ou produits logiciels : nous avons d&eacute;velopp&eacute; diff&eacute;rents produits pour r&eacute;pondre aux besoins de nos clients. L&rsquo;investissement dans la recherche et le d&eacute;veloppement, ainsi que l&rsquo;exp&eacute;rience et la connaissance du secteur, garantissent chacune des solutions et leur qualit&eacute;, tant fonctionnelle que technique. <\/li>\n<\/ul>\n\n\n\n<h2 class=\"wp-block-heading\">Atos Origin int&egrave;gre la connaissance fonctionnelle et la connaissance m&eacute;tier pour construire des solutions de haute complexit&eacute; et de sp&eacute;cialisation.<\/h2>\n\n\n\n<p>Sa grande exp&eacute;rience des projets de mise en &oelig;uvre dans un environnement informatique aussi &eacute;volutif que celui du secteur espagnol de la banque et de l&rsquo;assurance, sa solide base de produits propri&eacute;taires, sa mise &agrave; jour constante et sa capacit&eacute; &agrave; r&eacute;aliser de nouveaux d&eacute;veloppements l&rsquo;ont amen&eacute; &agrave; consolider sa position de leader dans le secteur :<\/p>\n\n\n\n<ul class=\"wp-block-list\">\n<li><strong>Centre europ&eacute;en de d&eacute;veloppement de produits d&rsquo;Atos Origin pour le secteur de la banque et de l&rsquo;assurance.<\/strong><\/li>\n<\/ul>\n\n\n\n<p>L&rsquo;exp&eacute;rience et la connaissance du secteur financier font partie int&eacute;grante de l&rsquo;h&eacute;ritage d&rsquo;Atos Origin. Cela lui conf&egrave;re la capacit&eacute; d&rsquo;aborder des projets informatiques complexes en &eacute;tant responsable de la cr&eacute;ation de nouvelles solutions logicielles sp&eacute;cifiques au client, ainsi que de mener &agrave; bien des projets de conseil, d&rsquo;organisation et de r&eacute;ing&eacute;nierie pour les institutions financi&egrave;res. Dans cette optique, Atos Origin a mis au point des solutions critiques pour les entit&eacute;s les plus importantes de sa zone g&eacute;ographique d&rsquo;activit&eacute;.  <\/p>\n\n\n\n<p>Atos Origin a compl&eacute;t&eacute; la plateforme de solutions offertes au march&eacute; par une s&eacute;lection des applications les plus r&eacute;put&eacute;es d&rsquo;origine internationale avec les fabricants desquels il entretient une relation &eacute;troite et une collaboration visant &agrave; maintenir une int&eacute;gration et une adaptation totales aux sp&eacute;cificit&eacute;s des march&eacute;s sur lesquels Atos Origin op&egrave;re, en garantissant un niveau ad&eacute;quat de service et d&rsquo;&eacute;volution.<\/p>\n\n\n\n<p>Plus de 190 entit&eacute;s des secteurs de la banque et de l&rsquo;assurance ont confi&eacute; &agrave; Atos Origin la mise en &oelig;uvre de leurs solutions informatiques.<\/p>\n\n\n\n<p>L&rsquo;int&eacute;gration des produits d&rsquo;application avec les outils middleware et les d&eacute;veloppements technologiques dans le domaine des communications ont permis &agrave; Atos Origin d&rsquo;offrir au march&eacute; une plate-forme de solutions globales enti&egrave;rement int&eacute;gr&eacute;es.<\/p>\n\n\n\n<h2 class=\"wp-block-heading\">March&eacute;s des capitaux.<\/h2>\n\n\n\n<p>Capital Markets est la division du secteur financier d&rsquo;Atos Origin sp&eacute;cialis&eacute;e dans la fourniture de services de conseil en gestion et en technologie, l&rsquo;int&eacute;gration de syst&egrave;mes, la fourniture de solutions et de produits logiciels de gestion requis par une institution financi&egrave;re comp&eacute;titive dans les domaines d&rsquo;activit&eacute; de la banque priv&eacute;e, des soci&eacute;t&eacute;s et agences de titres, des gestionnaires de fonds d&rsquo;investissement ou de pension, des tr&eacute;soreries bancaires, des titres, du courtage &eacute;lectronique, de la gestion des risques (B&acirc;le II), ou par les march&eacute;s et les organismes de r&eacute;glementation (banques centrales, commissions de valeurs mobili&egrave;res, etc.).<\/p>\n\n\n\n<h2 class=\"wp-block-heading\">Services d&rsquo;information<\/h2>\n\n\n\n<p>Infoservicios, soci&eacute;t&eacute; sp&eacute;cialis&eacute;e dans la fourniture &agrave; ses clients de tous types de services professionnels dans le secteur des technologies de l&rsquo;information, est une filiale d&rsquo;Atos Origin, d&eacute;tenue &agrave; 75 % par Atos Origin et &agrave; 25 % par la Corporaci&oacute;n Financiera Caja Madrid.<\/p>\n\n\n\n<p>Infoservicios d&eacute;veloppe sa mission en &eacute;troite relation avec sa soci&eacute;t&eacute; m&egrave;re Atos Origin, partageant les d&eacute;partements centraux et r&eacute;alisant toutes les synergies possibles pour apporter la plus grande valeur ajout&eacute;e &agrave; ses clients, tout en jouissant d&rsquo;une large autonomie qui lui permet de s&rsquo;adapter de la mani&egrave;re la plus agile aux exigences du march&eacute;.<\/p>\n\n\n\n<p>Parmi ses principaux clients figurent le groupe Caja Madrid et l&rsquo;organisme autonome des technologies de l&rsquo;information et des communications de la Communaut&eacute; de Madrid (ICM), avec lequel Infoservicios entretient une relation &eacute;troite et fructueuse depuis sa cr&eacute;ation en 1988.<\/p>\n\n\n\n<p>En outre, il convient de souligner la tradition d&rsquo;Infoservicios en mati&egrave;re de commercialisation et d&rsquo;adaptation de diverses solutions pour ses clients, y compris, en raison de son importance actuelle, les pr&ecirc;ts et cr&eacute;dits syndiqu&eacute;s, qui sont op&eacute;rationnels dans plusieurs institutions financi&egrave;res.<\/p>\n\n\n\n<h2 class=\"wp-block-heading\">Assurance<\/h2>\n\n\n\n<p>Nous collaborons avec les entreprises les plus importantes du secteur de l&rsquo;assurance et de la bancassurance, avec une grande exp&eacute;rience de succ&egrave;s bas&eacute;e sur notre connaissance du m&eacute;tier, en partageant avec nos clients notre exp&eacute;rience consolid&eacute;e dans un mod&egrave;le d&rsquo;entreprise qui nous permet de nous adapter aux besoins du secteur et de chaque entreprise, et qui est un soutien fid&egrave;le pour les domaines d&rsquo;activit&eacute;. Notre mod&egrave;le Insurance.world est un ensemble de composants technologiques, dont GADOR est le noyau. Ce domaine d&rsquo;activit&eacute; maintient une importante activit&eacute; d&rsquo;exportation, avec des projets au Portugal et en Italie, des installations en Am&eacute;rique latine et une activit&eacute; commerciale dans le reste de l&rsquo;Europe et en Afrique du Nord, ce qui en fait un point de r&eacute;f&eacute;rence obligatoire au sein d&rsquo;Atos Origin au niveau mondial en ce qui concerne le monde de l&rsquo;assurance.  <\/p>\n\n<\/div>\n<\/div>\n","protected":false},"excerpt":{"rendered":"<p>Banque et assurance Atos Origin s&rsquo;est impos&eacute; comme une r&eacute;f&eacute;rence cl&eacute; dans la mise en &oelig;uvre de solutions pour les secteurs de la banque et de l&rsquo;assurance. Dans le cadre d&rsquo;une philosophie de large spectre de fonctionnalit&eacute;s et d&rsquo;op&eacute;rations couvertes, Atos Origin a construit une gamme &eacute;tendue de solutions bas&eacute;es sur des produits qui couvrent &#8230; <a title=\"Banque et assurance\" class=\"read-more\" href=\"https:\/\/sema.es\/fr\/banca-y-seguros\/\" aria-label=\"En savoir plus sur Banque et assurance\">Lire plus<\/a><\/p>\n","protected":false},"author":1,"featured_media":0,"parent":0,"menu_order":0,"comment_status":"closed","ping_status":"closed","template":"","meta":{"footnotes":""},"class_list":["post-27489","page","type-page","status-publish"],"rank_math_title":"Atos Origin : leader dans le domaine des solutions bancaires et d'assurance","rank_math_description":"Renforcez vos op\u00e9rations bancaires et d'assurance gr\u00e2ce aux solutions informatiques personnalis\u00e9es d'Atos Origin. Nos services de bout en bout am\u00e9liorent l'efficacit\u00e9, l'innovation et l'avantage concurrentiel dans le secteur financier. ","rank_math_focus_keyword":"","_links":{"self":[{"href":"https:\/\/sema.es\/fr\/wp-json\/wp\/v2\/pages\/27489","targetHints":{"allow":["GET"]}}],"collection":[{"href":"https:\/\/sema.es\/fr\/wp-json\/wp\/v2\/pages"}],"about":[{"href":"https:\/\/sema.es\/fr\/wp-json\/wp\/v2\/types\/page"}],"author":[{"embeddable":true,"href":"https:\/\/sema.es\/fr\/wp-json\/wp\/v2\/users\/1"}],"replies":[{"embeddable":true,"href":"https:\/\/sema.es\/fr\/wp-json\/wp\/v2\/comments?post=27489"}],"version-history":[{"count":0,"href":"https:\/\/sema.es\/fr\/wp-json\/wp\/v2\/pages\/27489\/revisions"}],"wp:attachment":[{"href":"https:\/\/sema.es\/fr\/wp-json\/wp\/v2\/media?parent=27489"}],"curies":[{"name":"wp","href":"https:\/\/api.w.org\/{rel}","templated":true}]}}