{"id":27505,"date":"2024-01-11T13:48:08","date_gmt":"2024-01-11T13:48:08","guid":{"rendered":"https:\/\/sema.es\/lindustrie\/"},"modified":"2024-12-16T10:39:19","modified_gmt":"2024-12-16T10:39:19","slug":"industria","status":"publish","type":"page","link":"https:\/\/sema.es\/fr\/industria\/","title":{"rendered":"L&rsquo;industrie"},"content":{"rendered":"<?xml encoding=\"UTF-8\"><div class=\"gb-container gb-container-64391086\">\n<div class=\"gb-container gb-container-7fddd5ff\">\n\n<p class=\"gb-headline gb-headline-9b73ecbe\"><span class=\"gb-icon\"><svg xmlns=\"http:\/\/www.w3.org\/2000\/svg\" viewbox=\"0 0 36.7 3\"><path d=\"M0 0h36.7v3H0z\"><\/path><\/svg><\/span><span class=\"gb-headline-text\">L&rsquo;industrie<\/span><\/p>\n\n\n\n<h2 class=\"gb-headline gb-headline-d14c8852 gb-headline-text\">Chez Atos Origin, nous faisons co&iuml;ncider nos objectifs avec les v&ocirc;tres.<\/h2>\n\n\n\n<p>Atos Origin aide ses clients &agrave; relever le d&eacute;fi de l&rsquo;augmentation de leur part de march&eacute; en se concentrant sur leurs activit&eacute;s principales et en am&eacute;liorant leurs processus op&eacute;rationnels, ce qui leur permet d&rsquo;atteindre leurs objectifs de croissance strat&eacute;gique.<\/p>\n\n\n\n<p>Notre exp&eacute;rience se traduit par des services allant du conseil &agrave; la mise en &oelig;uvre de solutions couvrant les processus m&eacute;tiers critiques de nos clients, dans le cadre de l&rsquo;entreprise &eacute;tendue. Nous mettons &eacute;galement &agrave; disposition notre infrastructure et nos ressources pour la gestion totale ou partielle des environnements technologiques de nos clients (applications, syst&egrave;mes et r&eacute;seaux de communication). <\/p>\n\n\n\n<p>Atos Origin accompagne ses clients gr&acirc;ce &agrave; sa sp&eacute;cialisation dans le conseil, l&rsquo;int&eacute;gration de syst&egrave;mes et l&rsquo;externalisation.<\/p>\n\n\n\n<h2 class=\"wp-block-heading\">La technologie au service de l&rsquo;industrie<\/h2>\n\n\n\n<p>  L&rsquo;objectif d&rsquo;Atos Origin est de permettre &agrave; ses clients du secteur industriel d&rsquo;exploiter la puissance de la technologie au service de leurs objectifs commerciaux et d&rsquo;acqu&eacute;rir le statut de partenaire technologique qui s&rsquo;engage &agrave; r&eacute;pondre aux besoins et &agrave; la vision de ses clients, en leur permettant d&rsquo;obtenir des r&eacute;sultats qui maximisent leur retour sur investissement.<\/p>\n\n\n\n<p>Chez Atos Origin, nous disposons d&rsquo;une vaste exp&eacute;rience dans diff&eacute;rents secteurs industriels tels que l&rsquo;automobile, les biens de consommation courante\/la vente au d&eacute;tail, les transports, l&rsquo;a&eacute;rospatiale, l&rsquo;eau, la construction et l&rsquo;environnement, le p&eacute;trole et le gaz, etc.<\/p>\n\n\n\n<p>Nous sommes votre choix pour assurer la r&eacute;ussite des projets technologiques qui vous aideront dans le d&eacute;veloppement de vos plans d&rsquo;affaires.<\/p>\n\n<\/div>\n<\/div>\n","protected":false},"excerpt":{"rendered":"<p>L&rsquo;industrie Chez Atos Origin, nous faisons co&iuml;ncider nos objectifs avec les v&ocirc;tres. Atos Origin aide ses clients &agrave; relever le d&eacute;fi de l&rsquo;augmentation de leur part de march&eacute; en se concentrant sur leurs activit&eacute;s principales et en am&eacute;liorant leurs processus op&eacute;rationnels, ce qui leur permet d&rsquo;atteindre leurs objectifs de croissance strat&eacute;gique. Notre exp&eacute;rience se traduit &#8230; <a title=\"L&rsquo;industrie\" class=\"read-more\" href=\"https:\/\/sema.es\/fr\/industria\/\" aria-label=\"En savoir plus sur L&rsquo;industrie\">Lire plus<\/a><\/p>\n","protected":false},"author":1,"featured_media":0,"parent":0,"menu_order":0,"comment_status":"closed","ping_status":"closed","template":"","meta":{"footnotes":""},"class_list":["post-27505","page","type-page","status-publish"],"rank_math_title":"Atos Origin : transformer l'industrie gr\u00e2ce \u00e0 des solutions technologiques de pointe","rank_math_description":"Alignez vos op\u00e9rations industrielles avec les solutions technologiques avanc\u00e9es d'Atos Origin. Sp\u00e9cialis\u00e9 dans le conseil, l'int\u00e9gration de syst\u00e8mes et l'externalisation pour stimuler la croissance et optimiser les processus op\u00e9rationnels dans tous les secteurs d'activit\u00e9. ","rank_math_focus_keyword":"","_links":{"self":[{"href":"https:\/\/sema.es\/fr\/wp-json\/wp\/v2\/pages\/27505","targetHints":{"allow":["GET"]}}],"collection":[{"href":"https:\/\/sema.es\/fr\/wp-json\/wp\/v2\/pages"}],"about":[{"href":"https:\/\/sema.es\/fr\/wp-json\/wp\/v2\/types\/page"}],"author":[{"embeddable":true,"href":"https:\/\/sema.es\/fr\/wp-json\/wp\/v2\/users\/1"}],"replies":[{"embeddable":true,"href":"https:\/\/sema.es\/fr\/wp-json\/wp\/v2\/comments?post=27505"}],"version-history":[{"count":0,"href":"https:\/\/sema.es\/fr\/wp-json\/wp\/v2\/pages\/27505\/revisions"}],"wp:attachment":[{"href":"https:\/\/sema.es\/fr\/wp-json\/wp\/v2\/media?parent=27505"}],"curies":[{"name":"wp","href":"https:\/\/api.w.org\/{rel}","templated":true}]}}