{"id":27537,"date":"2020-10-26T20:05:37","date_gmt":"2020-10-26T20:05:37","guid":{"rendered":"https:\/\/sema.es\/services\/"},"modified":"2024-12-16T10:39:45","modified_gmt":"2024-12-16T10:39:45","slug":"services","status":"publish","type":"page","link":"https:\/\/sema.es\/fr\/services\/","title":{"rendered":"Services"},"content":{"rendered":"<?xml encoding=\"UTF-8\"><div class=\"gb-container gb-container-613ced2e\">\n<div class=\"gb-container gb-container-27a0e383\">\n\n<p class=\"gb-headline gb-headline-25158df7\"><span class=\"gb-icon\"><svg xmlns=\"http:\/\/www.w3.org\/2000\/svg\" viewbox=\"0 0 36.7 3\"><path d=\"M0 0h36.7v3H0z\"><\/path><\/svg><\/span><span class=\"gb-headline-text\"><strong>am&eacute;lioration<\/strong><\/span><\/p>\n\n\n\n<h2 class=\"gb-headline gb-headline-e923e090 gb-headline-text\">Evoluer : processus, comp&eacute;titivit&eacute;<\/h2>\n\n<\/div>\n\n<div class=\"gb-container gb-container-afc3afdf\">\n\n<p>Les nouvelles technologies : I-net, r&eacute;seaux &agrave; haute capacit&eacute;, plates-formes middleware, nouvelle conception du d&eacute;veloppement de logiciels, ainsi que les immenses possibilit&eacute;s offertes par les nouvelles plates-formes multim&eacute;dias et l&rsquo;explosion du e-business jouent un r&ocirc;le fondamental dans le renforcement de la comp&eacute;titivit&eacute; et de la croissance des entreprises. Ces facteurs ont entra&icirc;n&eacute; un changement radical dans la conception des affaires dans les grandes entreprises. Face aux nouvelles orientations de la soci&eacute;t&eacute; de l&rsquo;information et en r&eacute;ponse aux d&eacute;fis actuels, Atos Origin a formul&eacute; une proposition visant &agrave;.. :  <\/p>\n\n\n\n<ul class=\"wp-block-list\">\n<li>Rentabiliser l&rsquo;investissement dans les ressources informatiques gr&acirc;ce &agrave; de nouvelles solutions en les utilisant comme facteur d&rsquo;autonomisation des entreprises et comme moyen de parvenir &agrave; une nouvelle conception de la pr&eacute;sence sur le march&eacute;.<\/li>\n\n\n\n<li>Revaloriser le capital client gr&acirc;ce &agrave; une &laquo;&nbsp;gestion de la relation client&nbsp;&raquo; compl&egrave;te.<\/li>\n\n\n\n<li>Tirer le meilleur parti des syst&egrave;mes d&rsquo;information existants pour accro&icirc;tre la r&eacute;activit&eacute; du march&eacute;<\/li>\n\n\n\n<li>  D&eacute;velopper tout le potentiel des nouvelles solutions logicielles et des technologies de communication et de mise en r&eacute;seau afin d&rsquo;ouvrir de nouvelles possibilit&eacute;s dans divers domaines d&rsquo;activit&eacute; par le biais du commerce &eacute;lectronique.<\/li>\n<\/ul>\n\n\n\n<p>Le cycle de relation et de service &agrave; ses clients ne s&rsquo;arr&ecirc;te pas apr&egrave;s la mise en &oelig;uvre du projet ; la vocation d&rsquo;Atos Origin est de continuer &agrave; fournir la couverture la plus large possible par le biais de diff&eacute;rents services dont l&rsquo;objectif est de les soutenir dans toutes les facettes technologiques qui leur permettent de rester &agrave; la pointe de la technologie et de renforcer leur activit&eacute; commerciale.<\/p>\n\n<\/div>\n<\/div><div class=\"gb-container gb-container-5bfca8d8\">\n\n<h3 class=\"gb-headline gb-headline-136b6ef2\"><span class=\"gb-icon\"><svg xmlns=\"http:\/\/www.w3.org\/2000\/svg\" viewbox=\"0 0 36.7 3\"><path d=\"M0 0h36.7v3H0z\"><\/path><\/svg><\/span><span class=\"gb-headline-text\">Services<\/span><\/h3>\n\n\n<div class=\"gb-grid-wrapper gb-grid-wrapper-c6f348c7\">\n<div class=\"gb-grid-column gb-grid-column-6fb26337\"><div class=\"gb-container gb-container-6fb26337\">\n\n<figure class=\"wp-block-image size-large grey-shadow img\"><img loading=\"lazy\" decoding=\"async\" width=\"600\" height=\"450\" src=\"https:\/\/sema.es\/wp-content\/uploads\/2020\/10\/family-practice.jpg\" alt=\"\" class=\"wp-image-4366\" title=\"\" srcset=\"https:\/\/sema.es\/wp-content\/uploads\/2020\/10\/family-practice.jpg 600w, https:\/\/sema.es\/wp-content\/uploads\/2020\/10\/family-practice-300x225.jpg 300w\" sizes=\"auto, (max-width: 600px) 100vw, 600px\" \/><\/figure>\n\n\n\n<h4 class=\"gb-headline gb-headline-387b221d gb-headline-text\">Conseil<\/h4>\n\n\n\n<a class=\"gb-button gb-button-c121cf2a gb-button-text\" href=\"https:\/\/sema.es\/consultoria\/\">Plus d&rsquo;informations<\/a>\n\n<\/div><\/div>\n\n<div class=\"gb-grid-column gb-grid-column-fd3424cf\"><div class=\"gb-container gb-container-fd3424cf\">\n\n<figure class=\"wp-block-image size-large grey-shadow img\"><img loading=\"lazy\" decoding=\"async\" width=\"600\" height=\"450\" src=\"https:\/\/sema.es\/wp-content\/uploads\/2020\/10\/counselling.jpg\" alt=\"\" class=\"wp-image-4364\" title=\"\" srcset=\"https:\/\/sema.es\/wp-content\/uploads\/2020\/10\/counselling.jpg 600w, https:\/\/sema.es\/wp-content\/uploads\/2020\/10\/counselling-300x225.jpg 300w\" sizes=\"auto, (max-width: 600px) 100vw, 600px\" \/><\/figure>\n\n\n\n<h4 class=\"gb-headline gb-headline-ecb5a3b5 gb-headline-text\">Int&eacute;gration des syst&egrave;mes<\/h4>\n\n\n\n<a class=\"gb-button gb-button-9a9a0462 gb-button-text\" href=\"https:\/\/sema.es\/integracion-de-sistemas\/\">Plus d&rsquo;informations<\/a>\n\n<\/div><\/div>\n\n<div class=\"gb-grid-column gb-grid-column-14ac2213\"><div class=\"gb-container gb-container-14ac2213\">\n\n<figure class=\"wp-block-image size-full grey-shadow img\"><img loading=\"lazy\" decoding=\"async\" width=\"853\" height=\"640\" src=\"https:\/\/sema.es\/wp-content\/uploads\/2024\/01\/Outsourcing-edited-1.png\" alt=\"\" class=\"wp-image-4835\" title=\"\" srcset=\"https:\/\/sema.es\/wp-content\/uploads\/2024\/01\/Outsourcing-edited-1.png 853w, https:\/\/sema.es\/wp-content\/uploads\/2024\/01\/Outsourcing-edited-1-300x225.png 300w, https:\/\/sema.es\/wp-content\/uploads\/2024\/01\/Outsourcing-edited-1-768x576.png 768w\" sizes=\"auto, (max-width: 853px) 100vw, 853px\" \/><\/figure>\n\n\n\n<h4 class=\"gb-headline gb-headline-94aa8199 gb-headline-text\">Externalisation<\/h4>\n\n\n\n<a class=\"gb-button gb-button-10184df4 gb-button-text\" href=\"https:\/\/sema.es\/outsourcing\/\">Plus d&rsquo;informations<\/a>\n\n<\/div><\/div>\n<\/div>\n<\/div><div class=\"gb-container gb-container-165f5d4c\">\n<div class=\"gb-container gb-container-8656b72e\">\n\n<h2 class=\"gb-headline gb-headline-7cc45e2b\"><span class=\"gb-icon\"><svg xmlns=\"http:\/\/www.w3.org\/2000\/svg\" viewbox=\"0 0 100 108.2\"><path d=\"M53.4 71.9c-.8 0-1.4-.6-1.4-1.4V56.7c0-.8.6-1.4 1.4-1.4s1.4.6 1.4 1.4v13.8c0 .8-.6 1.4-1.4 1.4zM50 108.2c-2.7 0-4.8-2.2-4.8-4.8V83.6c0-.8.6-1.4 1.4-1.4.8 0 1.4.6 1.4 1.4v19.8c0 1.1.9 2 2 2s2-.9 2-2V83.8c0-.8.6-1.4 1.4-1.4s1.4.6 1.4 1.4v19.6c0 2.7-2.1 4.8-4.8 4.8zM46.6 72c-.8 0-1.4-.6-1.4-1.4v-14c0-.8.6-1.4 1.4-1.4.8 0 1.4.6 1.4 1.4v14c0 .7-.6 1.4-1.4 1.4zM46.6 45.6c-.8 0-1.4-.6-1.4-1.4V14.3c-2.2-1.7-3.4-4.4-3.1-7.2.4-3.7 3.3-6.6 7-7.1 2.3-.3 4.5.5 6.2 2C57 3.5 58 5.7 58 8c0 2.5-1.2 4.8-3.1 6.3V44c0 .8-.6 1.4-1.4 1.4S52 44.8 52 44V13.5c0-.5.3-.9.7-1.2 1.5-.9 2.5-2.6 2.5-4.4 0-1.5-.6-2.8-1.7-3.8s-2.5-1.4-4-1.3c-2.3.3-4.3 2.2-4.5 4.5-.2 2 .7 3.9 2.4 4.9.4.3.7.7.7 1.2v30.7c-.1.9-.7 1.5-1.5 1.5z\"><\/path><path d=\"M68.2 38.8c-.4 0-.8-.2-1.1-.5-.5-.6-.5-1.5.1-2 1.1-1 1.9-2.3 2.6-3.9.1-.4.4-.7.8-.8.4-.1.8-.1 1.1 0 .4.2 3.6 1.5 5.1-1.4.2-.4.5-.6.9-.7.4-.1.8 0 1.1.2.3.2 3.3 2 5.3-.5.3-.4.9-.6 1.4-.5.3.1 6.5 1.3 10.5-2.6-3.3-.9-9.7-3.3-19-10.4l-.1-.1s-3.4-3.3-8.1-4c-2.3-.4-4.6.5-6.1 2.3-1.6 1.8-2.1 4.2-1.4 6.4.3 1.1.1 2.1-.5 2.9-1.7 2.3-6.1 2.4-7.4 2.4-.8 0-1.4-.6-1.4-1.4s.6-1.4 1.4-1.4c2.7 0 4.6-.7 5.1-1.3.1-.1.1-.2 0-.4-1-3.2-.2-6.6 2-9.1s5.4-3.7 8.7-3.2c5.2.8 9 4.2 9.5 4.7 12.9 9.8 19.8 10.3 19.9 10.3.5 0 1 .3 1.2.8.2.4.2 1 0 1.4-4 6.4-11.5 6-14 5.7-2.3 2.3-5.3 2-7.2 1.2-1.9 2.4-4.7 2.4-6.7 1.9-.7 1.5-1.7 2.7-2.8 3.7-.2.2-.6.3-.9.3zM32.4 39.3c-.3 0-.6-.1-.8-.3-1.4-1.1-2.6-2.5-3.5-4.3-2 .5-4.8.4-6.7-1.9-2 .8-4.9 1.2-7.2-1.2-2.5.3-10 .7-14-5.7-.3-.4-.3-1 0-1.4s.7-.7 1.2-.7c.1 0 7-.4 19.9-10.3.6-.5 4.3-3.9 9.5-4.7 3.3-.5 6.5.7 8.7 3.2 2.2 2.5 2.9 5.9 2 9.1-.1.2 0 .3 0 .4.5.7 2.5 1.3 5.1 1.3.8 0 1.4.6 1.4 1.4s-.6 1.4-1.4 1.4c-.9 0-5.6-.1-7.4-2.5-.6-.8-.8-1.9-.5-2.9.7-2.2.1-4.6-1.4-6.4-1.5-1.8-3.8-2.6-6.1-2.3-4.7.7-8 4-8.1 4l-.1.1C13.7 22.7 7.3 25.2 4 26c3.9 3.9 10.2 2.7 10.5 2.6.5-.1 1.1.1 1.4.5 2.1 2.5 5 .7 5.3.5.3-.2.7-.3 1.1-.2.4.1.7.4.9.7 1.5 2.9 4.7 1.5 5.1 1.4.4-.2.8-.2 1.1 0 .4.1.7.4.8.8.7 1.9 1.8 3.3 3.1 4.3.6.5.8 1.4.3 2-.3.5-.7.7-1.2.7z\"><\/path><path d=\"M14.7 31.5c-.4 0-.7-.1-1-.4-.6-.6-.6-1.4 0-2l6.2-6.2c.6-.6 1.4-.6 2 0 .6.6.6 1.4 0 2l-6.2 6.2c-.2.3-.6.4-1 .4zM21.9 32.4c-.4 0-.7-.1-1-.4-.6-.6-.6-1.4 0-2l4.9-4.9c.6-.6 1.4-.6 2 0 .6.6.6 1.4 0 2L22.9 32c-.3.2-.6.4-1 .4zM28.9 34.4c-.4 0-.7-.1-1-.4-.6-.6-.6-1.4 0-2l4.5-4.5c.6-.6 1.4-.6 2 0 .6.6.6 1.4 0 2L29.9 34c-.3.2-.7.4-1 .4zM85.3 31.5c-.4 0-.7-.1-1-.4L78.2 25c-.6-.6-.6-1.4 0-2 .6-.6 1.4-.6 2 0l6.2 6.2c.6.6.6 1.4 0 2-.3.2-.7.3-1.1.3zM78.1 32.4c-.4 0-.7-.1-1-.4l-4.9-4.9c-.6-.6-.6-1.4 0-2 .6-.6 1.4-.6 2 0l4.9 4.9c.6.6.6 1.4 0 2-.2.2-.6.4-1 .4zM71.2 34.4c-.4 0-.7-.1-1-.4l-4.5-4.5c-.6-.6-.6-1.4 0-2 .6-.6 1.4-.6 2 0l4.5 4.5c.6.6.6 1.4 0 2-.3.2-.6.4-1 .4zM42.3 96.1c-.4 0-.8-.2-1.1-.5-1.6-1.8-2.6-3.8-2.9-5.8-.6-4 1.6-8.3 5.8-11.4.6-.5 1.5-.3 2 .3s.3 1.5-.3 2c-2.6 1.9-5.2 5.2-4.7 8.7.2 1.5 1 2.9 2.2 4.3.5.6.5 1.5-.1 2-.2.3-.5.4-.9.4zM55.3 76.1c-.5 0-1-.3-1.3-.8-.3-.7 0-1.5.7-1.9.8-.4 1.4-.7 1.9-1.1 1.7-1.1 5.7-4.2 5.8-8.3.1-2.6-1.4-5.4-4-7.5-1-.8-2.1-1.5-3.4-2.1-.7-.3-1-1.2-.6-1.9.3-.7 1.2-1 1.9-.6 1.5.8 2.8 1.6 3.9 2.4 3.3 2.6 5.2 6.3 5 9.8-.2 5.3-4.5 8.9-7.1 10.6-.6.4-1.4.8-2.3 1.2-.1.2-.3.2-.5.2zM44.3 49.9c-.2 0-.4 0-.6-.1-1.2-.6-2.3-1.2-3.2-1.9-3.4-2.5-5.5-5.9-5.7-9.4-.2-4.3 2.9-8.3 6.8-8.8.8-.1 1.5.5 1.6 1.2.1.8-.5 1.5-1.2 1.6-2.7.3-4.4 3.4-4.3 5.9.1 2.6 1.8 5.3 4.5 7.3.8.6 1.8 1.2 2.8 1.7.7.3 1 1.2.6 1.9-.3.3-.8.6-1.3.6z\"><\/path><path d=\"M57.9 95.9c-.3 0-.7-.1-.9-.3-.6-.5-.7-1.4-.2-2 1.2-1.4 1.9-2.8 2.1-4.1.5-3.5-2.1-6.8-4.7-8.7-1.5-1.2-4-2.1-6.3-3.1-2.2-.9-4.4-1.8-6.1-2.9-2.6-1.7-6.9-5.3-7.1-10.6-.1-3.5 1.7-7.2 5-9.8 2.7-2.2 5.9-3.4 9.4-4.7l.3-.1c2.9-1.1 6-2.2 8.5-4 2.7-2 4.4-4.7 4.5-7.3.1-2.5-1.6-5.5-4.3-5.9-.8-.1-1.3-.8-1.2-1.6.1-.8.8-1.3 1.6-1.2 3.9.5 7 4.5 6.8 8.8-.2 3.5-2.2 6.9-5.7 9.4-2.8 2-6 3.2-9.2 4.4l-.3.1c-3.3 1.2-6.2 2.4-8.6 4.3-2.6 2.1-4.1 4.9-4 7.5.2 4.2 4.1 7.2 5.8 8.3 1.4.9 3.4 1.7 5.6 2.6 2.5 1 5.1 2 6.9 3.4 4.2 3.1 6.4 7.4 5.8 11.4-.3 1.9-1.2 3.8-2.7 5.6-.2.3-.6.5-1 .5z\"><\/path><path d=\"M75.1 17.8l-.2-.2s-2.8-2.7-6.5-3.2c-.2 0-.4-.1-.6-.1-1.6 0-2.5.9-2.9 1.4-.4.5-1.4 1.9-.8 3.8.6 1.9.2 3.9-.9 5.4-.3.3-.5.7-.9.9 2.1-.4 3.9-1.5 5-3.3.7-1.2 1.1-2.6 2.1-3.4.9-.7 2.1-.8 3.2-.8 1-.1 2-.1 3-.2l-.2-.2-.3-.1zM24.9 17.8l.2-.2s2.8-2.7 6.5-3.2c.2 0 .4-.1.6-.1 1.6 0 2.5.9 2.9 1.4.4.5 1.4 1.9.8 3.8-.6 1.9-.2 3.9.9 5.4.3.3.5.7.9.9-2.1-.4-3.9-1.5-5-3.3-.7-1.2-1.1-2.6-2.1-3.4-.9-.7-2.1-.8-3.2-.8-1-.1-2-.1-3-.2l.2-.2.3-.1z\"><\/path><\/svg><\/span><span class=\"gb-headline-text\"><\/span><\/h2>\n\n\n\n<p><\/p>\n\n<\/div>\n\n<div class=\"gb-container gb-container-df033ba0\">\n\n<p class=\"gb-headline gb-headline-7f270396\"><span class=\"gb-icon\"><svg xmlns=\"http:\/\/www.w3.org\/2000\/svg\" viewbox=\"0 0 256 512\" width=\"1em\" height=\"1em\" aria-hidden=\"true\"><path d=\"M224.3 273l-136 136c-9.4 9.4-24.6 9.4-33.9 0l-22.6-22.6c-9.4-9.4-9.4-24.6 0-33.9l96.4-96.4-96.4-96.4c-9.4-9.4-9.4-24.6 0-33.9L54.3 103c9.4-9.4 24.6-9.4 33.9 0l136 136c9.5 9.4 9.5 24.6.1 34z\" fill=\"currentColor\"><\/path><\/svg><\/span><span class=\"gb-headline-text\"><\/span><\/p>\n\n\n\n<p class=\"gb-headline gb-headline-f8165c48\"><span class=\"gb-icon\"><svg xmlns=\"http:\/\/www.w3.org\/2000\/svg\" viewbox=\"0 0 256 512\" width=\"1em\" height=\"1em\" aria-hidden=\"true\"><path d=\"M224.3 273l-136 136c-9.4 9.4-24.6 9.4-33.9 0l-22.6-22.6c-9.4-9.4-9.4-24.6 0-33.9l96.4-96.4-96.4-96.4c-9.4-9.4-9.4-24.6 0-33.9L54.3 103c9.4-9.4 24.6-9.4 33.9 0l136 136c9.5 9.4 9.5 24.6.1 34z\" fill=\"currentColor\"><\/path><\/svg><\/span><span class=\"gb-headline-text\"><\/span><\/p>\n\n\n\n<p class=\"gb-headline gb-headline-33dbab66\"><span class=\"gb-icon\"><svg xmlns=\"http:\/\/www.w3.org\/2000\/svg\" viewbox=\"0 0 256 512\" width=\"1em\" height=\"1em\" aria-hidden=\"true\"><path d=\"M224.3 273l-136 136c-9.4 9.4-24.6 9.4-33.9 0l-22.6-22.6c-9.4-9.4-9.4-24.6 0-33.9l96.4-96.4-96.4-96.4c-9.4-9.4-9.4-24.6 0-33.9L54.3 103c9.4-9.4 24.6-9.4 33.9 0l136 136c9.5 9.4 9.5 24.6.1 34z\" fill=\"currentColor\"><\/path><\/svg><\/span><span class=\"gb-headline-text\"><\/span><\/p>\n\n\n\n<p class=\"gb-headline gb-headline-e5e65d98\"><span class=\"gb-icon\"><svg xmlns=\"http:\/\/www.w3.org\/2000\/svg\" viewbox=\"0 0 256 512\" width=\"1em\" height=\"1em\" aria-hidden=\"true\"><path d=\"M224.3 273l-136 136c-9.4 9.4-24.6 9.4-33.9 0l-22.6-22.6c-9.4-9.4-9.4-24.6 0-33.9l96.4-96.4-96.4-96.4c-9.4-9.4-9.4-24.6 0-33.9L54.3 103c9.4-9.4 24.6-9.4 33.9 0l136 136c9.5 9.4 9.5 24.6.1 34z\" fill=\"currentColor\"><\/path><\/svg><\/span><span class=\"gb-headline-text\"><\/span><\/p>\n\n\n\n<p class=\"gb-headline gb-headline-6771850a\"><span class=\"gb-icon\"><svg xmlns=\"http:\/\/www.w3.org\/2000\/svg\" viewbox=\"0 0 256 512\" width=\"1em\" height=\"1em\" aria-hidden=\"true\"><path d=\"M224.3 273l-136 136c-9.4 9.4-24.6 9.4-33.9 0l-22.6-22.6c-9.4-9.4-9.4-24.6 0-33.9l96.4-96.4-96.4-96.4c-9.4-9.4-9.4-24.6 0-33.9L54.3 103c9.4-9.4 24.6-9.4 33.9 0l136 136c9.5 9.4 9.5 24.6.1 34z\" fill=\"currentColor\"><\/path><\/svg><\/span><span class=\"gb-headline-text\"><\/span><\/p>\n\n<\/div>\n<\/div>\n","protected":false},"excerpt":{"rendered":"<p>am&eacute;lioration Evoluer : processus, comp&eacute;titivit&eacute; Les nouvelles technologies : I-net, r&eacute;seaux &agrave; haute capacit&eacute;, plates-formes middleware, nouvelle conception du d&eacute;veloppement de logiciels, ainsi que les immenses possibilit&eacute;s offertes par les nouvelles plates-formes multim&eacute;dias et l&rsquo;explosion du e-business jouent un r&ocirc;le fondamental dans le renforcement de la comp&eacute;titivit&eacute; et de la croissance des entreprises. Ces facteurs &#8230; <a title=\"Services\" class=\"read-more\" href=\"https:\/\/sema.es\/fr\/services\/\" aria-label=\"En savoir plus sur Services\">Lire plus<\/a><\/p>\n","protected":false},"author":1,"featured_media":0,"parent":0,"menu_order":0,"comment_status":"closed","ping_status":"closed","template":"","meta":{"footnotes":""},"class_list":["post-27537","page","type-page","status-publish"],"rank_math_title":"Am\u00e9liorer la comp\u00e9titivit\u00e9 des entreprises gr\u00e2ce aux services d'Atos Origin","rank_math_description":"D\u00e9couvrez comment les services d'Atos Origin transforment les entreprises en exploitant les nouvelles technologies, le commerce \u00e9lectronique et les solutions logicielles avanc\u00e9es pour am\u00e9liorer la comp\u00e9titivit\u00e9, la pr\u00e9sence sur le march\u00e9 et les relations avec les clients.","rank_math_focus_keyword":"","_links":{"self":[{"href":"https:\/\/sema.es\/fr\/wp-json\/wp\/v2\/pages\/27537","targetHints":{"allow":["GET"]}}],"collection":[{"href":"https:\/\/sema.es\/fr\/wp-json\/wp\/v2\/pages"}],"about":[{"href":"https:\/\/sema.es\/fr\/wp-json\/wp\/v2\/types\/page"}],"author":[{"embeddable":true,"href":"https:\/\/sema.es\/fr\/wp-json\/wp\/v2\/users\/1"}],"replies":[{"embeddable":true,"href":"https:\/\/sema.es\/fr\/wp-json\/wp\/v2\/comments?post=27537"}],"version-history":[{"count":0,"href":"https:\/\/sema.es\/fr\/wp-json\/wp\/v2\/pages\/27537\/revisions"}],"wp:attachment":[{"href":"https:\/\/sema.es\/fr\/wp-json\/wp\/v2\/media?parent=27537"}],"curies":[{"name":"wp","href":"https:\/\/api.w.org\/{rel}","templated":true}]}}