{"id":27631,"date":"2020-10-26T20:05:47","date_gmt":"2020-10-26T20:05:47","guid":{"rendered":"https:\/\/sema.es\/crm\/"},"modified":"2020-10-26T20:05:47","modified_gmt":"2020-10-26T20:05:47","slug":"crm","status":"publish","type":"page","link":"https:\/\/sema.es\/fr\/crm\/","title":{"rendered":"CRM"},"content":{"rendered":"<?xml encoding=\"UTF-8\">\n","protected":false},"excerpt":{"rendered":"","protected":false},"author":1,"featured_media":0,"parent":0,"menu_order":0,"comment_status":"closed","ping_status":"closed","template":"","meta":{"footnotes":""},"class_list":["post-27631","page","type-page","status-publish"],"rank_math_title":"Solutions CRM d'Atos Origin : am\u00e9liorer la relation client","rank_math_description":"Transformez vos interactions avec vos clients gr\u00e2ce aux solutions CRM d'Atos Origin. Notre approche int\u00e8gre la technologie et la strat\u00e9gie pour placer les clients au c\u0153ur de votre activit\u00e9, en favorisant la satisfaction et la croissance. ","rank_math_focus_keyword":"","_links":{"self":[{"href":"https:\/\/sema.es\/fr\/wp-json\/wp\/v2\/pages\/27631","targetHints":{"allow":["GET"]}}],"collection":[{"href":"https:\/\/sema.es\/fr\/wp-json\/wp\/v2\/pages"}],"about":[{"href":"https:\/\/sema.es\/fr\/wp-json\/wp\/v2\/types\/page"}],"author":[{"embeddable":true,"href":"https:\/\/sema.es\/fr\/wp-json\/wp\/v2\/users\/1"}],"replies":[{"embeddable":true,"href":"https:\/\/sema.es\/fr\/wp-json\/wp\/v2\/comments?post=27631"}],"version-history":[{"count":0,"href":"https:\/\/sema.es\/fr\/wp-json\/wp\/v2\/pages\/27631\/revisions"}],"wp:attachment":[{"href":"https:\/\/sema.es\/fr\/wp-json\/wp\/v2\/media?parent=27631"}],"curies":[{"name":"wp","href":"https:\/\/api.w.org\/{rel}","templated":true}]}}