{"id":27664,"date":"2024-01-11T06:57:28","date_gmt":"2024-01-11T06:57:28","guid":{"rendered":"https:\/\/sema.es\/conseil\/"},"modified":"2024-12-16T10:40:08","modified_gmt":"2024-12-16T10:40:08","slug":"consultoria","status":"publish","type":"page","link":"https:\/\/sema.es\/fr\/consultoria\/","title":{"rendered":"Conseil"},"content":{"rendered":"<?xml encoding=\"UTF-8\"><div class=\"gb-container gb-container-64391086\">\n<div class=\"gb-container gb-container-7fddd5ff\">\n\n<p class=\"gb-headline gb-headline-9b73ecbe\"><span class=\"gb-icon\"><svg xmlns=\"http:\/\/www.w3.org\/2000\/svg\" viewbox=\"0 0 36.7 3\"><path d=\"M0 0h36.7v3H0z\"><\/path><\/svg><\/span><span class=\"gb-headline-text\">Vous donner un avantage concurrentiel<\/span><\/p>\n\n\n\n<h2 class=\"gb-headline gb-headline-d14c8852 gb-headline-text\">CONSEIL AUX ENTREPRISES, SOLUTIONS TECHNOLOGIQUES ET COMMERCIALES<\/h2>\n\n\n\n<p>Atos Consulting est l&rsquo;un des principaux fournisseurs de services de conseil en mati&egrave;re de gestion, de processus et d&rsquo;informatique. Avec 2500 employ&eacute;s dans le monde, Atos Consulting se concentre sur la mise en place de solutions pragmatiques et &eacute;prouv&eacute;es pour les secteurs des t&eacute;l&eacute;communications, de l&rsquo;industrie, des services financiers et du secteur public. <\/p>\n\n\n\n<p>Atos Consulting en Espagne, avec une &eacute;quipe de 580 professionnels, vous offre une &eacute;quipe multidisciplinaire pour r&eacute;soudre les probl&egrave;mes de votre entreprise, en combinant les connaissances de la strat&eacute;gie, de l&rsquo;entreprise\/du march&eacute; et de la technologie.<\/p>\n\n\n\n<p>Notre vision de l&rsquo;entreprise se poursuit :<\/p>\n\n\n\n<ul class=\"wp-block-list\">\n<li>Donnez &agrave; notre contribution le pragmatisme n&eacute;cessaire et des r&eacute;sultats visibles &agrave; court terme.<\/li>\n\n\n\n<li>Diriger la gestion de la technologie, en mettant l&rsquo;accent sur sa contribution &agrave; la r&eacute;solution des probl&egrave;mes ou &agrave; l&rsquo;am&eacute;lioration des activit&eacute;s.<\/li>\n\n\n\n<li>Un engagement total et une implication dans la r&eacute;ussite de nos clients.<\/li>\n<\/ul>\n\n\n\n<h3 class=\"wp-block-heading\">Atos Consulting vous donne un avantage concurrentiel<\/h3>\n\n\n\n<p>L&rsquo;accroissement de l&rsquo;avantage concurrentiel est un objectif partag&eacute; par toutes les entreprises et peut r&eacute;sulter d&rsquo;am&eacute;liorations dans des domaines tels que la communication avec les clients, l&rsquo;efficacit&eacute; de la cha&icirc;ne d&rsquo;approvisionnement, la gestion du personnel ou l&rsquo;optimisation des processus op&eacute;rationnels. M&ecirc;me les organisations les mieux g&eacute;r&eacute;es peuvent &ecirc;tre entrav&eacute;es dans la mise en &oelig;uvre du changement en raison de politiques internes et de proc&eacute;dures pr&eacute;&eacute;tablies. <\/p>\n\n\n\n<p><br>Le partenariat avec Atos Consulting offre une capacit&eacute; compl&egrave;te &agrave; couvrir ces domaines, de l&rsquo;aide &agrave; l&rsquo;&eacute;laboration de la strat&eacute;gie &agrave; l&rsquo;obtention de r&eacute;sultats. Les entreprises qui travaillent avec nous ont &eacute;t&eacute; en mesure de g&eacute;n&eacute;rer une valeur r&eacute;elle gr&acirc;ce &agrave; l&rsquo;innovation dans la conception des processus d&rsquo;entreprise, au d&eacute;veloppement et &agrave; la mise en &oelig;uvre du soutien technologique n&eacute;cessaire et &agrave; l&rsquo;investissement dans des personnes qui croient qu&rsquo;elles maintiennent un avantage concurrentiel. <\/p>\n\n\n\n<h3 class=\"wp-block-heading\">Atos Consulting est votre partenaire fiable<\/h3>\n\n\n\n<p>Atos Consulting, qui entretient depuis longtemps des relations &eacute;troites avec ses clients, est une division op&eacute;rationnelle cl&eacute; d&rsquo;Atos Origin, soci&eacute;t&eacute; internationale solide et partenaire technologique d&rsquo;entreprises du monde entier, qui am&eacute;liore l&rsquo;efficacit&eacute; des activit&eacute;s de ses clients en concevant, construisant et exploitant des processus m&eacute;tier bas&eacute;s sur les technologies de l&rsquo;information. Atos Origin compte 5 000 professionnels en Espagne et est l&rsquo;une des plus importantes entreprises du secteur dans notre pays. Travaillant en &eacute;troite collaboration avec sa soci&eacute;t&eacute; m&egrave;re, Atos Consulting est en mesure de fournir des solutions compl&egrave;tes de transformation de l&rsquo;entreprise qui donnent des r&eacute;sultats tr&egrave;s efficaces pour un v&eacute;ritable avantage concurrentiel. Nous pouvons vous accompagner &agrave; chaque &eacute;tape du processus de changement, de la planification strat&eacute;gique &agrave; la mise en &oelig;uvre, en collaboration avec les d&eacute;partements Int&eacute;gration de Syst&egrave;mes (SI) et Infog&eacute;rance (MO) d&rsquo;Atos Consulting.   <\/p>\n\n\n\n<h3 class=\"wp-block-heading\">Atos Consulting vous apporte son exp&eacute;rience et ses connaissances<\/h3>\n\n\n\n<p>Atos Consulting propose des recommandations objectives et une approche pragmatique et r&eacute;aliste pour r&eacute;soudre les probl&egrave;mes de ses clients. Nous avons une exp&eacute;rience &eacute;prouv&eacute;e dans la fourniture de solutions dans les secteurs des services publics, des m&eacute;dias, des t&eacute;l&eacute;communications, du transport, de l&rsquo;industrie, de la finance et du secteur public. Gr&acirc;ce &agrave; notre ind&eacute;pendance et &agrave; notre vaste exp&eacute;rience dans ces secteurs sp&eacute;cifiques, nos clients peuvent compter sur notre capacit&eacute; &agrave; &eacute;laborer des solutions r&eacute;alistes et logiques avec un &eacute;quilibre optimal entre la r&eacute;duction des co&ucirc;ts et l&rsquo;am&eacute;lioration des processus.  <\/p>\n\n\n\n<p><br>En proposant une approche hautement int&eacute;gr&eacute;e, Atos Consulting s&rsquo;assure que tous les aspects de votre organisation &ndash; les personnes, les processus et la technologie &ndash; sont enti&egrave;rement align&eacute;s sur la strat&eacute;gie de l&rsquo;entreprise. Pour soutenir cette approche, nos capacit&eacute;s de conseil en entreprise comprennent : <\/p>\n\n\n\n<ul class=\"wp-block-list\">\n<li><strong>Conseil en affaires<\/strong> pour la transformation des entreprises, le d&eacute;veloppement strat&eacute;gique, la planification de la mise en &oelig;uvre et la gestion du changement.<\/li>\n\n\n\n<li><strong>Conseil en<\/strong> mati&egrave;re de processus pour la refonte et l&rsquo;optimisation des processus et la conception des flux de travail.<\/li>\n\n\n\n<li><strong>Conseil technique<\/strong> pour l&rsquo;alignement des processus d&rsquo;entreprise sur les architectures et les solutions informatiques.<br> <\/li>\n<\/ul>\n\n\n\n<p>Les grands projets de restructuration d&rsquo;entreprise et de syst&egrave;mes informatiques ayant un impact profond sur l&rsquo;organisation et les op&eacute;rations d&rsquo;une entreprise, l&rsquo;expertise d&rsquo;Atos Consulting en mati&egrave;re de gestion du changement offre un juste &eacute;quilibre entre les comp&eacute;tences en mati&egrave;re de technologie et de gestion des ressources humaines. Nous pouvons ainsi proposer les meilleures solutions &agrave; nos clients, tout en respectant nos engagements en mati&egrave;re de qualit&eacute;, de co&ucirc;ts et de d&eacute;lais. La capacit&eacute; &agrave; concevoir et &agrave; d&eacute;ployer un syst&egrave;me de support totalement adapt&eacute; aux exigences strat&eacute;giques des clients est un facteur cl&eacute; de la r&eacute;ussite des projets et un important facteur de diff&eacute;renciation pour Atos Consulting.  <\/p>\n\n<\/div>\n\n<div class=\"gb-container gb-container-0896ed09\">\n\n<figure class=\"wp-block-image size-large blue-shadow img\"><img loading=\"lazy\" decoding=\"async\" width=\"600\" height=\"450\" src=\"https:\/\/sema.es\/wp-content\/uploads\/2020\/10\/family-practice.jpg\" alt=\"\" class=\"wp-image-4366\" title=\"\" srcset=\"https:\/\/sema.es\/wp-content\/uploads\/2020\/10\/family-practice.jpg 600w, https:\/\/sema.es\/wp-content\/uploads\/2020\/10\/family-practice-300x225.jpg 300w\" sizes=\"auto, (max-width: 600px) 100vw, 600px\" \/><\/figure>\n\n<\/div>\n<\/div>\n","protected":false},"excerpt":{"rendered":"<p>Vous donner un avantage concurrentiel CONSEIL AUX ENTREPRISES, SOLUTIONS TECHNOLOGIQUES ET COMMERCIALES Atos Consulting est l&rsquo;un des principaux fournisseurs de services de conseil en mati&egrave;re de gestion, de processus et d&rsquo;informatique. Avec 2500 employ&eacute;s dans le monde, Atos Consulting se concentre sur la mise en place de solutions pragmatiques et &eacute;prouv&eacute;es pour les secteurs des &#8230; <a title=\"Conseil\" class=\"read-more\" href=\"https:\/\/sema.es\/fr\/consultoria\/\" aria-label=\"En savoir plus sur Conseil\">Lire plus<\/a><\/p>\n","protected":false},"author":1,"featured_media":0,"parent":0,"menu_order":0,"comment_status":"closed","ping_status":"closed","template":"","meta":{"footnotes":""},"class_list":["post-27664","page","type-page","status-publish"],"rank_math_title":"Atos Consulting : Services de conseil strat\u00e9gique en entreprise et en informatique","rank_math_description":"B\u00e9n\u00e9ficiez d'un avantage concurrentiel gr\u00e2ce aux services experts d'Atos Consulting en mati\u00e8re d'informatique et de conseil aux entreprises. Des solutions sur mesure pour les t\u00e9l\u00e9communications, la finance, le secteur public et bien plus encore, pour obtenir des r\u00e9sultats visibles et une croissance strat\u00e9gique. ","rank_math_focus_keyword":"","_links":{"self":[{"href":"https:\/\/sema.es\/fr\/wp-json\/wp\/v2\/pages\/27664","targetHints":{"allow":["GET"]}}],"collection":[{"href":"https:\/\/sema.es\/fr\/wp-json\/wp\/v2\/pages"}],"about":[{"href":"https:\/\/sema.es\/fr\/wp-json\/wp\/v2\/types\/page"}],"author":[{"embeddable":true,"href":"https:\/\/sema.es\/fr\/wp-json\/wp\/v2\/users\/1"}],"replies":[{"embeddable":true,"href":"https:\/\/sema.es\/fr\/wp-json\/wp\/v2\/comments?post=27664"}],"version-history":[{"count":0,"href":"https:\/\/sema.es\/fr\/wp-json\/wp\/v2\/pages\/27664\/revisions"}],"wp:attachment":[{"href":"https:\/\/sema.es\/fr\/wp-json\/wp\/v2\/media?parent=27664"}],"curies":[{"name":"wp","href":"https:\/\/api.w.org\/{rel}","templated":true}]}}