{"id":27701,"date":"2024-01-11T07:00:27","date_gmt":"2024-01-11T07:00:27","guid":{"rendered":"https:\/\/sema.es\/integration-des-systemes\/"},"modified":"2024-12-16T10:40:16","modified_gmt":"2024-12-16T10:40:16","slug":"integracion-de-sistemas","status":"publish","type":"page","link":"https:\/\/sema.es\/fr\/integracion-de-sistemas\/","title":{"rendered":"Int\u00e9gration des syst\u00e8mes"},"content":{"rendered":"<?xml encoding=\"UTF-8\"><div class=\"gb-container gb-container-64391086\">\n<div class=\"gb-container gb-container-7fddd5ff\">\n\n<p class=\"gb-headline gb-headline-9b73ecbe\"><span class=\"gb-icon\"><svg xmlns=\"http:\/\/www.w3.org\/2000\/svg\" viewbox=\"0 0 36.7 3\"><path d=\"M0 0h36.7v3H0z\"><\/path><\/svg><\/span><span class=\"gb-headline-text\"><\/span><\/p>\n\n\n\n<h2 class=\"gb-headline gb-headline-d14c8852 gb-headline-text\">G&Eacute;RER LA COMPLEXIT&Eacute; AVEC CLART&Eacute;<\/h2>\n\n\n\n<p>L&rsquo;environnement commercial d&rsquo;aujourd&rsquo;hui apporte un barrage de nouveaux changements exigeant des am&eacute;liorations de la performance de l&rsquo;entreprise et du retour sur investissement (ROI). La productivit&eacute; doit augmenter et, simultan&eacute;ment, les d&eacute;penses li&eacute;es aux technologies de l&rsquo;information doivent diminuer. Le d&eacute;fi de faire plus avec moins met la pression sur les solutions informatiques pour qu&rsquo;elles soient plus efficaces.  <\/p>\n\n\n\n<p>Dans tous les secteurs, les principaux d&eacute;fis auxquels les entreprises sont confront&eacute;es aujourd&rsquo;hui sont les suivants :<\/p>\n\n\n\n<ul class=\"wp-block-list\">\n<li>le maintien de l&rsquo;int&eacute;grit&eacute; et de la s&eacute;curit&eacute; des donn&eacute;es strat&eacute;giques<\/li>\n\n\n\n<li>l&rsquo;utilisation des infrastructures existantes pour mettre en &oelig;uvre de nouveaux mod&egrave;les d&rsquo;entreprise<\/li>\n\n\n\n<li>accro&icirc;tre la valeur des syst&egrave;mes propri&eacute;taires<\/li>\n\n\n\n<li>l&rsquo;adoption de nouvelles technologies tout en maintenant des activit&eacute;s normales<\/li>\n\n\n\n<li>l&rsquo;utilisation des technologies de l&rsquo;information pour optimiser la productivit&eacute; des ressources<\/li>\n\n\n\n<li>maintenir un profil de leader comp&eacute;titif<\/li>\n<\/ul>\n\n\n\n<p>Atos Origin comprend ces d&eacute;fis et leur impact critique sur les activit&eacute;s de nos clients. Notre vaste exp&eacute;rience de l&rsquo;int&eacute;gration des personnes, des processus et des technologies nous permet de concevoir, de d&eacute;velopper et de mettre en &oelig;uvre des solutions pratiques et robustes. Nous appliquons des m&eacute;thodologies et des processus leaders sur le march&eacute; qui permettent &agrave; nos clients de minimiser les risques et d&rsquo;atteindre des niveaux d&rsquo;efficacit&eacute; plus &eacute;lev&eacute;s gr&acirc;ce &agrave; la mise en &oelig;uvre de solutions d&rsquo;entreprise complexes.  <\/p>\n\n\n\n<h2 class=\"wp-block-heading\">Nous disposons des capacit&eacute;s n&eacute;cessaires pour maximiser votre investissement informatique.<\/h2>\n\n\n\n<p>Nos sp&eacute;cialistes en int&eacute;gration de syst&egrave;mes d&eacute;veloppent et mettent en &oelig;uvre de nouvelles solutions et de nouveaux syst&egrave;mes informatiques. Ils garantissent une adaptation sans faille aux infrastructures existantes et assurent la maintenance et l&rsquo;am&eacute;lioration continues des applications informatiques, selon les besoins. <\/p>\n\n\n\n<p>Nous travaillons avec nos clients pour d&eacute;velopper des plans informatiques &agrave; long terme qui soutiennent et renforcent leur strat&eacute;gie commerciale globale. En outre, nous d&eacute;veloppons des solutions sp&eacute;cialis&eacute;es, nous int&eacute;grons les meilleures technologies et nous proposons des syst&egrave;mes packag&eacute;s dans le cadre d&rsquo;une offre globale. <\/p>\n\n<\/div>\n\n<div class=\"gb-container gb-container-0896ed09\">\n\n<figure class=\"wp-block-image size-full blue-shadow img\"><img loading=\"lazy\" decoding=\"async\" width=\"600\" height=\"450\" src=\"https:\/\/sema.es\/wp-content\/uploads\/2020\/10\/counselling.jpg\" alt=\"\" class=\"wp-image-4364\" title=\"\" srcset=\"https:\/\/sema.es\/wp-content\/uploads\/2020\/10\/counselling.jpg 600w, https:\/\/sema.es\/wp-content\/uploads\/2020\/10\/counselling-300x225.jpg 300w\" sizes=\"auto, (max-width: 600px) 100vw, 600px\" \/><\/figure>\n\n<\/div>\n<\/div>\n","protected":false},"excerpt":{"rendered":"<p>G&Eacute;RER LA COMPLEXIT&Eacute; AVEC CLART&Eacute; L&rsquo;environnement commercial d&rsquo;aujourd&rsquo;hui apporte un barrage de nouveaux changements exigeant des am&eacute;liorations de la performance de l&rsquo;entreprise et du retour sur investissement (ROI). La productivit&eacute; doit augmenter et, simultan&eacute;ment, les d&eacute;penses li&eacute;es aux technologies de l&rsquo;information doivent diminuer. Le d&eacute;fi de faire plus avec moins met la pression sur les &#8230; <a title=\"Int\u00e9gration des syst\u00e8mes\" class=\"read-more\" href=\"https:\/\/sema.es\/fr\/integracion-de-sistemas\/\" aria-label=\"En savoir plus sur Int\u00e9gration des syst\u00e8mes\">Lire plus<\/a><\/p>\n","protected":false},"author":1,"featured_media":0,"parent":0,"menu_order":0,"comment_status":"closed","ping_status":"closed","template":"","meta":{"footnotes":""},"class_list":["post-27701","page","type-page","status-publish"],"rank_math_title":"Services d'int\u00e9gration de syst\u00e8mes d'Atos : am\u00e9liorer l'efficacit\u00e9 des entreprises","rank_math_description":"Optimisez votre activit\u00e9 gr\u00e2ce aux services d'int\u00e9gration de syst\u00e8mes d'Atos. Augmentez votre productivit\u00e9 et votre retour sur investissement en int\u00e9grant les nouvelles technologies aux infrastructures existantes, en pr\u00e9servant l'int\u00e9grit\u00e9 des donn\u00e9es et en tirant parti des avanc\u00e9es informatiques. ","rank_math_focus_keyword":"","_links":{"self":[{"href":"https:\/\/sema.es\/fr\/wp-json\/wp\/v2\/pages\/27701","targetHints":{"allow":["GET"]}}],"collection":[{"href":"https:\/\/sema.es\/fr\/wp-json\/wp\/v2\/pages"}],"about":[{"href":"https:\/\/sema.es\/fr\/wp-json\/wp\/v2\/types\/page"}],"author":[{"embeddable":true,"href":"https:\/\/sema.es\/fr\/wp-json\/wp\/v2\/users\/1"}],"replies":[{"embeddable":true,"href":"https:\/\/sema.es\/fr\/wp-json\/wp\/v2\/comments?post=27701"}],"version-history":[{"count":0,"href":"https:\/\/sema.es\/fr\/wp-json\/wp\/v2\/pages\/27701\/revisions"}],"wp:attachment":[{"href":"https:\/\/sema.es\/fr\/wp-json\/wp\/v2\/media?parent=27701"}],"curies":[{"name":"wp","href":"https:\/\/api.w.org\/{rel}","templated":true}]}}