{"id":27710,"date":"2024-01-11T07:03:23","date_gmt":"2024-01-11T07:03:23","guid":{"rendered":"https:\/\/sema.es\/externalisation\/"},"modified":"2024-12-16T10:40:23","modified_gmt":"2024-12-16T10:40:23","slug":"outsourcing","status":"publish","type":"page","link":"https:\/\/sema.es\/fr\/outsourcing\/","title":{"rendered":"Externalisation"},"content":{"rendered":"<?xml encoding=\"UTF-8\"><div class=\"gb-container gb-container-64391086\">\n<div class=\"gb-container gb-container-7fddd5ff\">\n\n<p class=\"gb-headline gb-headline-9b73ecbe\"><span class=\"gb-icon\"><svg xmlns=\"http:\/\/www.w3.org\/2000\/svg\" viewbox=\"0 0 36.7 3\"><path d=\"M0 0h36.7v3H0z\"><\/path><\/svg><\/span><span class=\"gb-headline-text\"><\/span><\/p>\n\n\n\n<h2 class=\"gb-headline gb-headline-d14c8852 gb-headline-text\">Sous-traitance<\/h2>\n\n\n\n<p>Dans un monde en constante &eacute;volution, les entreprises doivent am&eacute;liorer leurs processus op&eacute;rationnels pour maintenir et am&eacute;liorer leur niveau de comp&eacute;titivit&eacute;. Des facteurs tels que des cycles de produits plus courts, la concurrence mondiale, des cha&icirc;nes d&rsquo;approvisionnement plus comp&eacute;titives et une sophistication croissante se sont accompagn&eacute;s d&rsquo;une contribution et d&rsquo;une complexit&eacute; accrues des syst&egrave;mes d&rsquo;information. <\/p>\n\n\n\n<p>La n&eacute;cessit&eacute; d&rsquo;une plus grande disponibilit&eacute; des ressources pour aborder les projets strat&eacute;giques, d&rsquo;avoir des syst&egrave;mes actifs 7 jours sur 7 et 24 heures sur 24, de se concentrer sur les t&acirc;ches qui ajoutent r&eacute;ellement de la valeur &agrave; votre entreprise, et d&rsquo;avoir des syst&egrave;mes informatiques dont le co&ucirc;t est contr&ocirc;l&eacute; et justifi&eacute;, devient chaque jour plus pressante.<\/p>\n\n\n\n<p>Atos Origin r&eacute;pond &agrave; ces besoins en d&eacute;ployant et en g&eacute;rant des environnements informatiques. Gr&acirc;ce &agrave; notre position de leader sur le march&eacute; de la gestion du cycle de vie des applications d&rsquo;entreprise et de l&rsquo;infrastructure qui les supporte, ainsi qu&rsquo;&agrave; notre vaste exp&eacute;rience de la prestation de services aux organisations locales et mondiales, nous pouvons partager avec nos clients les risques et les avantages de ce changement fondamental. <\/p>\n\n\n\n<p>Les services propos&eacute;s par Atos Origin couvrent l&rsquo;externalisation compl&egrave;te de vos syst&egrave;mes d&rsquo;information, adapt&eacute;s aux besoins de votre entreprise, comprenant les &eacute;l&eacute;ments suivants :<\/p>\n\n\n\n<ul class=\"wp-block-list\">\n<li>Gestion des applications<\/li>\n\n\n\n<li>Gestion du serveur<\/li>\n\n\n\n<li>Gestion de l&rsquo;environnement de travail<\/li>\n\n\n\n<li>Gestion du r&eacute;seau<\/li>\n\n\n\n<li>Services d&rsquo;assistance, Helpdesk<\/li>\n<\/ul>\n\n\n\n<p>La prestation de ces services repose sur trois piliers fondamentaux : les processus, l&rsquo;organisation et les outils. Atos Origin a d&eacute;velopp&eacute; sa propre m&eacute;thodologie de prestation de services, le Customer Service Delivery Model (CSDM), bas&eacute; sur ITIL, qui garantit que, o&ugrave; que vous soyez dans le monde, nos clients trouveront les m&ecirc;mes m&eacute;thodes de travail. Mais le CSDM va plus loin, en liant l&rsquo;organisation &agrave; ces processus, en d&eacute;finissant les responsabilit&eacute;s et les r&ocirc;les des diff&eacute;rents groupes. Enfin, les outils permettent de faciliter et de soutenir l&rsquo;organisation et ses processus, en utilisant ceux qui sont les mieux adapt&eacute;s aux besoins des clients dans chaque cas.   <\/p>\n\n\n\n<p>La solution Atos Origin vous apportera de r&eacute;els avantages :<\/p>\n\n\n\n<ul class=\"wp-block-list\">\n<li>Assurer la continuit&eacute; des syst&egrave;mes d&rsquo;information<\/li>\n\n\n\n<li>Mener l&rsquo;innovation technologique pour am&eacute;liorer la comp&eacute;titivit&eacute;<\/li>\n\n\n\n<li>Veillez &agrave; utiliser les meilleures solutions en fonction de vos objectifs commerciaux.<\/li>\n\n\n\n<li>Fusionner les besoins des entreprises et les solutions technologiques<\/li>\n\n\n\n<li>Partager l&rsquo;information en impliquant nos clients &agrave; toutes les &eacute;tapes cl&eacute;s<\/li>\n\n\n\n<li>G&eacute;rer la complexit&eacute; et la dynamique des syst&egrave;mes distribu&eacute;s, gr&acirc;ce &agrave; une gestion proactive.<\/li>\n<\/ul>\n\n<\/div>\n\n<div class=\"gb-container gb-container-0896ed09\">\n\n<figure class=\"wp-block-image size-full blue-shadow img\"><img loading=\"lazy\" decoding=\"async\" width=\"1024\" height=\"1024\" src=\"https:\/\/sema.es\/wp-content\/uploads\/2024\/01\/hp_001.png\" alt=\"\" class=\"wp-image-4854\" title=\"\" srcset=\"https:\/\/sema.es\/wp-content\/uploads\/2024\/01\/hp_001.png 1024w, https:\/\/sema.es\/wp-content\/uploads\/2024\/01\/hp_001-300x300.png 300w, https:\/\/sema.es\/wp-content\/uploads\/2024\/01\/hp_001-150x150.png 150w, https:\/\/sema.es\/wp-content\/uploads\/2024\/01\/hp_001-768x768.png 768w\" sizes=\"auto, (max-width: 1024px) 100vw, 1024px\" \/><\/figure>\n\n<\/div>\n<\/div>\n","protected":false},"excerpt":{"rendered":"<p>Sous-traitance Dans un monde en constante &eacute;volution, les entreprises doivent am&eacute;liorer leurs processus op&eacute;rationnels pour maintenir et am&eacute;liorer leur niveau de comp&eacute;titivit&eacute;. Des facteurs tels que des cycles de produits plus courts, la concurrence mondiale, des cha&icirc;nes d&rsquo;approvisionnement plus comp&eacute;titives et une sophistication croissante se sont accompagn&eacute;s d&rsquo;une contribution et d&rsquo;une complexit&eacute; accrues des syst&egrave;mes &#8230; <a title=\"Externalisation\" class=\"read-more\" href=\"https:\/\/sema.es\/fr\/outsourcing\/\" aria-label=\"En savoir plus sur Externalisation\">Lire plus<\/a><\/p>\n","protected":false},"author":1,"featured_media":0,"parent":0,"menu_order":0,"comment_status":"closed","ping_status":"closed","template":"","meta":{"footnotes":""},"class_list":["post-27710","page","type-page","status-publish"],"rank_math_title":"Atos Origin Outsourcing Services : am\u00e9liorer l'efficacit\u00e9 et l'innovation des entreprises","rank_math_description":"Rationalisez vos op\u00e9rations gr\u00e2ce aux services d'externalisation d'Atos Origin. B\u00e9n\u00e9ficiez d'une innovation continue et d'un avantage concurrentiel en tirant parti de notre expertise en mati\u00e8re de gestion des applications, de gestion des serveurs et des r\u00e9seaux, et d'assistance aux utilisateurs. ","rank_math_focus_keyword":"","_links":{"self":[{"href":"https:\/\/sema.es\/fr\/wp-json\/wp\/v2\/pages\/27710","targetHints":{"allow":["GET"]}}],"collection":[{"href":"https:\/\/sema.es\/fr\/wp-json\/wp\/v2\/pages"}],"about":[{"href":"https:\/\/sema.es\/fr\/wp-json\/wp\/v2\/types\/page"}],"author":[{"embeddable":true,"href":"https:\/\/sema.es\/fr\/wp-json\/wp\/v2\/users\/1"}],"replies":[{"embeddable":true,"href":"https:\/\/sema.es\/fr\/wp-json\/wp\/v2\/comments?post=27710"}],"version-history":[{"count":0,"href":"https:\/\/sema.es\/fr\/wp-json\/wp\/v2\/pages\/27710\/revisions"}],"wp:attachment":[{"href":"https:\/\/sema.es\/fr\/wp-json\/wp\/v2\/media?parent=27710"}],"curies":[{"name":"wp","href":"https:\/\/api.w.org\/{rel}","templated":true}]}}