{"id":27725,"date":"2024-01-11T12:27:04","date_gmt":"2024-01-11T12:27:04","guid":{"rendered":"https:\/\/sema.es\/fidelite-et-consommation\/"},"modified":"2024-12-16T10:40:35","modified_gmt":"2024-12-16T10:40:35","slug":"fidelizacion-y-consumo","status":"publish","type":"page","link":"https:\/\/sema.es\/fr\/fidelizacion-y-consumo\/","title":{"rendered":"Fid\u00e9lit\u00e9 et consommation"},"content":{"rendered":"<?xml encoding=\"UTF-8\"><div class=\"gb-container gb-container-613ced2e\">\n<div class=\"gb-container gb-container-27a0e383\">\n\n<p class=\"gb-headline gb-headline-25158df7\"><span class=\"gb-icon\"><svg xmlns=\"http:\/\/www.w3.org\/2000\/svg\" viewbox=\"0 0 36.7 3\"><path d=\"M0 0h36.7v3H0z\"><\/path><\/svg><\/span><span class=\"gb-headline-text\"><strong>Une infrastructure humaine et technique au service de nos clients<\/strong><\/span><\/p>\n\n\n\n<h2 class=\"gb-headline gb-headline-e923e090 gb-headline-text\">Fid&eacute;lisation et services g&eacute;r&eacute;s pour les consommateurs<\/h2>\n\n\n\n<p>Les services de fid&eacute;lisation et de gestion des consommateurs d&rsquo;Atos Origin se caract&eacute;risent par la fourniture de solutions de services globales &agrave; diff&eacute;rents secteurs d&rsquo;activit&eacute;. Avec douze ans d&rsquo;exp&eacute;rience dans les secteurs de la fid&eacute;lisation des clients, du cr&eacute;dit &agrave; la consommation, des moyens de paiement et du cr&eacute;dit-bail, nous avons acquis une connaissance approfondie des processus op&eacute;rationnels de ces activit&eacute;s. En termes de ressources humaines et techniques, nous disposons des moyens qui nous permettent d&rsquo;atteindre les objectifs fix&eacute;s avec nos clients.  <\/p>\n\n\n\n<p>Plus de 180 000 transactions trait&eacute;es par an<\/p>\n\n\n\n<h2 class=\"wp-block-heading\">1.-Loyaut&eacute;<\/h2>\n\n\n\n<p>Les programmes de fid&eacute;lisation les plus r&eacute;ussis s&rsquo;appuient sur nos services<\/p>\n\n\n\n<ul class=\"wp-block-list\">\n<li>D&eacute;velopper des solutions informatiques sp&eacute;cifiques<\/li>\n\n\n\n<li>Conception et cr&eacute;ation des bases de donn&eacute;es op&eacute;rationnelles et marketing<\/li>\n\n\n\n<li>D&eacute;finir et mettre en &oelig;uvre des syst&egrave;mes informatiques et de communication.<\/li>\n<\/ul>\n\n\n\n<p>Toute strat&eacute;gie commerciale r&eacute;ussie doit reposer sur l&rsquo;identification des clients de l&rsquo;entreprise, de leurs go&ucirc;ts et de leurs attentes. Cette connaissance permet de d&eacute;velopper les actions n&eacute;cessaires &agrave; la fid&eacute;lisation des clients. En bref, offrez ce que le client s&rsquo;attend &agrave; recevoir.  <\/p>\n\n\n\n<p>Renforcer l&rsquo;image et la r&eacute;putation de l&rsquo;entreprise, accro&icirc;tre l&rsquo;efficacit&eacute; de toutes les actions de marketing, consolider et &eacute;tendre la part de march&eacute;, cr&eacute;er de la valeur ajout&eacute;e pour l&rsquo;entreprise et emp&ecirc;cher de nouveaux concurrents d&rsquo;entrer sur le march&eacute; est un d&eacute;fi pour toute entreprise.<\/p>\n\n\n\n<p>L&rsquo;&eacute;laboration d&rsquo;un bon programme de fid&eacute;lisation facilite la r&eacute;alisation des objectifs commerciaux susmentionn&eacute;s. Atos Origin fournit les connaissances, l&rsquo;exp&eacute;rience et les ressources qui garantissent le succ&egrave;s du programme de fid&eacute;lisation convenu avec nos clients. Nous prenons en charge la gestion int&eacute;grale de votre programme &ndash; marketing, informatique, logistique, op&eacute;rations &ndash; dans nos locaux.  <\/p>\n\n\n\n<h2 class=\"wp-block-heading\">2.- Les moyens de paiement<\/h2>\n\n\n\n<p>Une part de march&eacute; importante dans le domaine des moyens de paiement<\/p>\n\n\n\n<ul class=\"wp-block-list\">\n<li>Plus de 2 000 000 de cartes g&eacute;r&eacute;es<\/li>\n\n\n\n<li>11 000 points de vente desservis<\/li>\n<\/ul>\n\n\n\n<p><br>Nous d&eacute;veloppons et mettons en &oelig;uvre, sur base de services, notre solution informatique dans l&rsquo;environnement des moyens de paiement bancaires ou priv&eacute;s. Nous g&eacute;rons des r&eacute;seaux de terminaux et tout autre dispositif, n&eacute;cessaire ou compl&eacute;mentaire, pour l&rsquo;activation et la mise en &oelig;uvre des moyens de paiement susmentionn&eacute;s, li&eacute;s aux produits offerts par chaque entit&eacute;. <\/p>\n\n\n\n<p>La solution pr&eacute;voit la saisie des donn&eacute;es relatives aux clients et aux &eacute;tablissements, en ligne, par lots et sur le web ; la gestion des clients, des &eacute;tablissements et des syst&egrave;mes d&rsquo;&eacute;change ; la notation, l&rsquo;&eacute;mission et le renouvellement des cartes, la saisie et l&rsquo;autorisation des transactions, y compris les transactions fractionn&eacute;es, ainsi que le traitement multimarque et multicollectif ; l&rsquo;impression des &eacute;tats financiers, le module et l&rsquo;interface de fid&eacute;lisation, les processus de facturation et l&rsquo;int&eacute;gration avec les applications de comptabilit&eacute; et d&rsquo;encaissement.<\/p>\n\n\n\n<p>En bref, une gestion int&eacute;grale des besoins du client.<\/p>\n\n\n\n<h2 class=\"wp-block-heading\">3.- Cr&eacute;dit &agrave; la consommation<\/h2>\n\n\n\n<p>Depuis 1989, un service qui fournit des solutions d&rsquo;affaires &agrave; nos clients.<\/p>\n\n\n\n<ul class=\"wp-block-list\">\n<li>Solution globale pour les C.F.E.<\/li>\n\n\n\n<li>Exp&eacute;rience dans le secteur<\/li>\n\n\n\n<li>Plus de 15 000 000 de d&eacute;clarations &eacute;mises<\/li>\n<\/ul>\n\n\n\n<p>Notre solution permet la gestion de l&rsquo;activit&eacute; et l&rsquo;administration des op&eacute;rations de cr&eacute;dit &agrave; la consommation, en int&eacute;grant les clients, les op&eacute;rations, les &eacute;tablissements et tout autre interm&eacute;diaire contribuant &agrave; l&rsquo;activit&eacute;.<\/p>\n\n\n\n<p>Nous g&eacute;rons l&rsquo;ensemble du cycle de vie du pr&ecirc;t, depuis son octroi et son administration jusqu&rsquo;&agrave; la gestion des d&eacute;faillances.<\/p>\n\n\n\n<p>Nous effectuons les &eacute;changes avec les entit&eacute;s externes concern&eacute;es (banque, recouvrement, risque, etc.).<\/p>\n\n\n\n<p>Gestion int&eacute;grale, tant op&eacute;rationnelle que commerciale, des &eacute;tablissements fournisseurs d&rsquo;affaires, pour lesquels, entre autres fonctionnalit&eacute;s, nous avons la possibilit&eacute; d&rsquo;octroyer des pr&ecirc;ts via le web ainsi que la possibilit&eacute; de r&eacute;aliser des campagnes commerciales pour les clients de l&rsquo;&eacute;tablissement.<br><\/p>\n\n\n\n<h2 class=\"wp-block-heading\">4.- Leasing-Renting\/Gescob<\/h2>\n\n\n\n<p><br>Les banques et les soci&eacute;t&eacute;s de financement de marque font appel &agrave; nos services<\/p>\n\n\n\n<h1 class=\"wp-block-heading\">Leasing-Renting<\/h1>\n\n\n\n<p>Sous le nom de Paraban, nous pr&eacute;sentons un ensemble modulaire de proc&eacute;dures informatis&eacute;es cr&eacute;&eacute;es pour fournir des solutions aux institutions de cr&eacute;dit financier en mati&egrave;re de leasing financier, de leasing op&eacute;rationnel et de location. Toutes les informations n&eacute;cessaires &agrave; la gestion &ndash; participants, objets &agrave; financer, donn&eacute;es &eacute;conomiques, documentation &agrave; fournir, garanties, etc. &ndash; permettent, une fois le risque analys&eacute;, d&rsquo;approuver ou de refuser l&rsquo;op&eacute;ration. <\/p>\n\n\n\n<p>La solution contr&ocirc;le l&rsquo;ensemble de la gestion du portefeuille, la gestion commerciale, la gestion des impay&eacute;s, ainsi que la comptabilisation automatique des &eacute;critures issues de la gestion.<\/p>\n\n\n\n<ul class=\"wp-block-list\">\n<li>Rapports de production et d&rsquo;investissement<\/li>\n\n\n\n<li>Suivi de l&rsquo;action commerciale<\/li>\n\n\n\n<li>Gestion consolid&eacute;e des risques par client<\/li>\n\n\n\n<li>Statistiques, consultations et rapports<\/li>\n\n\n\n<li>Gescob<\/li>\n\n\n\n<li>Syst&egrave;me de gestion du recouvrement des cr&eacute;ances, qui int&egrave;gre la gestion des agents avec distribution de portefeuilles et des clients avec agenda &eacute;lectronique.<\/li>\n<\/ul>\n\n\n\n<p>Il r&eacute;sout &eacute;galement les &eacute;changes avec des entit&eacute;s et des syst&egrave;mes externes, les demandes d&rsquo;origine\/destination des cr&eacute;ances impay&eacute;es, les soci&eacute;t&eacute;s de recouvrement externes, les agences d&rsquo;&eacute;valuation du cr&eacute;dit, etc.<br><\/p>\n\n\n\n<h2 class=\"wp-block-heading\">5 &ndash; Exploration de donn&eacute;es\/&eacute;valuation du cr&eacute;dit<\/h2>\n\n\n\n<p>La gestion des risques et des connaissances est un service dont nous convenons avec nos clients.<\/p>\n\n\n\n<h1 class=\"wp-block-heading\">Exploration de donn&eacute;es<\/h1>\n\n\n\n<p>L&rsquo;int&eacute;gration de connaissances avanc&eacute;es dans les techniques d&rsquo;analyse de donn&eacute;es et les moyens techniques &agrave; notre disposition permettent &agrave; notre &eacute;quipe de sp&eacute;cialistes de transformer vos donn&eacute;es op&eacute;rationnelles en informations cl&eacute;s, faisant de vos donn&eacute;es une arme strat&eacute;gique.<\/p>\n\n\n\n<p>Gr&acirc;ce au d&eacute;veloppement de cette activit&eacute; d&rsquo;analyse, les entreprises entrent dans un monde passionnant : une donn&eacute;e peut r&eacute;v&eacute;ler une nouvelle vision du march&eacute;, une forte probabilit&eacute; de r&eacute;ponse &agrave; une campagne de marketing, un indice sur l&rsquo;&eacute;volution de la concurrence.<\/p>\n\n\n\n<h1 class=\"wp-block-heading\">L&rsquo;&eacute;valuation du cr&eacute;dit<\/h1>\n\n\n\n<p>L&rsquo;objectif de l&rsquo;&eacute;valuation du cr&eacute;dit est de &laquo;&nbsp;pr&eacute;dire&nbsp;&raquo; le comportement &agrave; risque d&rsquo;un demandeur au moment m&ecirc;me o&ugrave; la demande de cr&eacute;dit est faite.<\/p>\n\n\n\n<p>L&rsquo;&eacute;valuation du cr&eacute;dit est un mod&egrave;le math&eacute;matique pr&eacute;dictif du comportement &agrave; risque d&rsquo;une demande de cr&eacute;dit, bas&eacute; sur des techniques d&rsquo;analyse statistique &agrave; plusieurs variables.<\/p>\n\n\n\n<p>Notre engagement envers nos clients comprend la r&eacute;duction des impay&eacute;s par l&rsquo;objectivation et la rationalisation des crit&egrave;res d&rsquo;&eacute;valuation des demandes de cr&eacute;dit.<br><\/p>\n\n\n\n<h2 class=\"wp-block-heading\">6.- Centre de services<\/h2>\n\n\n\n<p>Les bons moyens pour la gestion int&eacute;gr&eacute;e de la client&egrave;le<\/p>\n\n\n\n<p>Depuis nos centres de services dot&eacute;s de ressources humaines hautement qualifi&eacute;es et des derni&egrave;res technologies, nous aidons &agrave; g&eacute;rer l&rsquo;activit&eacute; de nos clients gr&acirc;ce &agrave; la cr&eacute;ation personnalis&eacute;e d&rsquo;un centre de services op&eacute;rationnel, qui prend en charge la gestion administrative, t&eacute;l&eacute;phonique et logistique requise par leur activit&eacute;.<\/p>\n\n\n\n<p>Centre de gestion op&eacute;rationnelle, dont les fonctions sont les suivantes<\/p>\n\n\n\n<ul class=\"wp-block-list\">\n<li>Ligne d&rsquo;assistance t&eacute;l&eacute;phonique 24 heures sur 24 et 365 jours par an<\/li>\n\n\n\n<li>Centre de back-office<\/li>\n\n\n\n<li>Gestion des clients<\/li>\n\n\n\n<li>Gestion de l&rsquo;&eacute;tablissement<\/li>\n\n\n\n<li>Installation et maintenance des points de vente<\/li>\n\n\n\n<li>Services administratifs<\/li>\n\n\n\n<li>T&eacute;l&eacute;-collecte conviviale<br><\/li>\n<\/ul>\n\n\n\n<h2 class=\"wp-block-heading\">7.- Syst&egrave;mes<\/h2>\n\n\n\n<p>Les architectures les plus avanc&eacute;es technologiquement, mises &agrave; la disposition de l&rsquo;entreprise<\/p>\n\n\n\n<p>Dans notre centre de donn&eacute;es, nous disposons des syst&egrave;mes appropri&eacute;s pour r&eacute;pondre aux besoins de nos clients, en maintenant une &eacute;volution constante qui inclut les derni&egrave;res innovations technologiques. Nous veillons &agrave; ce que nos syst&egrave;mes apportent des avantages aux entreprises de nos clients. <\/p>\n\n\n\n<ul class=\"wp-block-list\">\n<li>Service 24 heures\/365 jours<\/li>\n\n\n\n<li>Centre d&rsquo;impression<\/li>\n\n\n\n<li>Traitement et stockage des m&eacute;dias<\/li>\n\n\n\n<li>S&eacute;curit&eacute; des donn&eacute;es<\/li>\n\n\n\n<li>S&eacute;curit&eacute; logique<\/li>\n\n\n\n<li>S&eacute;curit&eacute; physique<\/li>\n\n\n\n<li>locaux surveill&eacute;s 24 heures sur 24<\/li>\n\n\n\n<li>Syst&egrave;mes de d&eacute;tection d&rsquo;incendie et d&rsquo;humidit&eacute;<\/li>\n\n\n\n<li>2 Ups (300+80 Kvas)<\/li>\n\n\n\n<li>2 Ensembles g&eacute;n&eacute;rateurs<\/li>\n\n\n\n<li>Groupes de continuit&eacute; illimit&eacute;s<\/li>\n\n\n\n<li>Op&eacute;rateurs<\/li>\n\n\n\n<li>Techniciens de syst&egrave;mes<\/li>\n\n\n\n<li>Techniciens en communication<\/li>\n<\/ul>\n\n<\/div>\n<\/div>\n","protected":false},"excerpt":{"rendered":"<p>Une infrastructure humaine et technique au service de nos clients Fid&eacute;lisation et services g&eacute;r&eacute;s pour les consommateurs Les services de fid&eacute;lisation et de gestion des consommateurs d&rsquo;Atos Origin se caract&eacute;risent par la fourniture de solutions de services globales &agrave; diff&eacute;rents secteurs d&rsquo;activit&eacute;. Avec douze ans d&rsquo;exp&eacute;rience dans les secteurs de la fid&eacute;lisation des clients, du &#8230; <a title=\"Fid\u00e9lit\u00e9 et consommation\" class=\"read-more\" href=\"https:\/\/sema.es\/fr\/fidelizacion-y-consumo\/\" aria-label=\"En savoir plus sur Fid\u00e9lit\u00e9 et consommation\">Lire plus<\/a><\/p>\n","protected":false},"author":1,"featured_media":0,"parent":0,"menu_order":0,"comment_status":"closed","ping_status":"closed","template":"","meta":{"footnotes":""},"class_list":["post-27725","page","type-page","status-publish"],"rank_math_title":"Atos Origin Loyalty and Consumer Services : am\u00e9liorer l'engagement des clients","rank_math_description":"Optimisez la fid\u00e9lisation et l'engagement de vos clients gr\u00e2ce aux services g\u00e9r\u00e9s d'Atos Origin. Notre expertise en mati\u00e8re de programmes de fid\u00e9lisation, de services de cr\u00e9dit et de solutions de paiement favorise la croissance de l'entreprise et la satisfaction des clients. ","rank_math_focus_keyword":"","_links":{"self":[{"href":"https:\/\/sema.es\/fr\/wp-json\/wp\/v2\/pages\/27725","targetHints":{"allow":["GET"]}}],"collection":[{"href":"https:\/\/sema.es\/fr\/wp-json\/wp\/v2\/pages"}],"about":[{"href":"https:\/\/sema.es\/fr\/wp-json\/wp\/v2\/types\/page"}],"author":[{"embeddable":true,"href":"https:\/\/sema.es\/fr\/wp-json\/wp\/v2\/users\/1"}],"replies":[{"embeddable":true,"href":"https:\/\/sema.es\/fr\/wp-json\/wp\/v2\/comments?post=27725"}],"version-history":[{"count":0,"href":"https:\/\/sema.es\/fr\/wp-json\/wp\/v2\/pages\/27725\/revisions"}],"wp:attachment":[{"href":"https:\/\/sema.es\/fr\/wp-json\/wp\/v2\/media?parent=27725"}],"curies":[{"name":"wp","href":"https:\/\/api.w.org\/{rel}","templated":true}]}}