{"id":27744,"date":"2024-01-11T12:40:23","date_gmt":"2024-01-11T12:40:23","guid":{"rendered":"https:\/\/sema.es\/environnement-et-systemes-dinformation\/"},"modified":"2024-12-16T10:40:40","modified_gmt":"2024-12-16T10:40:40","slug":"medio-ambiente-y-sistemas-de-informacion","status":"publish","type":"page","link":"https:\/\/sema.es\/fr\/medio-ambiente-y-sistemas-de-informacion\/","title":{"rendered":"Environnement et syst\u00e8mes d&rsquo;information"},"content":{"rendered":"<?xml encoding=\"UTF-8\"><div class=\"gb-container gb-container-613ced2e\">\n<div class=\"gb-container gb-container-27a0e383\">\n\n<p class=\"gb-headline gb-headline-25158df7\"><span class=\"gb-icon\"><svg xmlns=\"http:\/\/www.w3.org\/2000\/svg\" viewbox=\"0 0 36.7 3\"><path d=\"M0 0h36.7v3H0z\"><\/path><\/svg><\/span><span class=\"gb-headline-text\"><strong>Impliqu&eacute; dans le d&eacute;veloppement durable<\/strong><\/span><\/p>\n\n\n\n<h2 class=\"gb-headline gb-headline-e923e090 gb-headline-text\">Environnement et syst&egrave;mes d&rsquo;information<\/h2>\n\n\n\n<p>Atos Origin et sa division internationale de conseil, Atos Consulting, sont &agrave; la t&ecirc;te du d&eacute;veloppement de solutions technologiques visant &agrave; faciliter l&rsquo;engagement des entreprises et des organisations en faveur du d&eacute;veloppement durable.<\/p>\n\n\n\n<p>Atos Consulting, conscient du r&ocirc;le de plus en plus actif de l&rsquo;entreprise en faveur de l&rsquo;environnement, a d&eacute;velopp&eacute; une s&eacute;rie de solutions ax&eacute;es sur sa protection gr&acirc;ce &agrave; l&rsquo;int&eacute;gration de param&egrave;tres environnementaux dans les syst&egrave;mes d&rsquo;information financi&egrave;re et commerciale des organisations. Notre initiative a d&eacute;but&eacute; en 2001 dans le sous-secteur de la collecte, du traitement et de la distribution de l&rsquo;eau ( <em><a href=\"https:\/\/sema.es\/fr\/water-pack\/\" data-type=\"page\" data-id=\"4879\">Paquet d&rsquo;eau<\/a><\/em> ), une ressource naturelle d&rsquo;importance vitale dont la gestion n&eacute;cessite des syst&egrave;mes d&rsquo;information capables d&rsquo;analyser les donn&eacute;es de mani&egrave;re d&eacute;taill&eacute;e et surtout int&eacute;gr&eacute;e. <\/p>\n\n\n\n<p>Atos Consulting propose d&eacute;sormais des solutions dans le sous-secteur des d&eacute;chets, notamment dans la gestion des d&eacute;chets industriels ( <a href=\"https:\/\/sema.es\/fr\/environment-pack\/\" data-type=\"page\" data-id=\"4882\"><em>Pack Environnement<\/em> <\/a>). Pour ce faire, il adopte &agrave; nouveau SAP comme outil d&rsquo;aide &agrave; la gestion et construit sur cette base une s&eacute;rie de produits qui apportent une r&eacute;ponse aux parties impliqu&eacute;es dans l&rsquo;activit&eacute; : Producteurs, Gestionnaires, Transporteurs et Administration de l&rsquo;environnement. Ces outils apporteront une valeur ajout&eacute;e &agrave; votre entreprise, optimiseront vos processus et vous permettront d&rsquo;&eacute;conomiser sur les proc&eacute;dures administratives, tout en vous fournissant des crit&egrave;res appropri&eacute;s pour prendre des d&eacute;cisions strat&eacute;giques dans votre entreprise.  <\/p>\n\n<\/div>\n<\/div>\n","protected":false},"excerpt":{"rendered":"<p>Impliqu&eacute; dans le d&eacute;veloppement durable Environnement et syst&egrave;mes d&rsquo;information Atos Origin et sa division internationale de conseil, Atos Consulting, sont &agrave; la t&ecirc;te du d&eacute;veloppement de solutions technologiques visant &agrave; faciliter l&rsquo;engagement des entreprises et des organisations en faveur du d&eacute;veloppement durable. Atos Consulting, conscient du r&ocirc;le de plus en plus actif de l&rsquo;entreprise en &#8230; <a title=\"Environnement et syst\u00e8mes d&rsquo;information\" class=\"read-more\" href=\"https:\/\/sema.es\/fr\/medio-ambiente-y-sistemas-de-informacion\/\" aria-label=\"En savoir plus sur Environnement et syst\u00e8mes d&rsquo;information\">Lire plus<\/a><\/p>\n","protected":false},"author":1,"featured_media":0,"parent":0,"menu_order":0,"comment_status":"closed","ping_status":"closed","template":"","meta":{"footnotes":""},"class_list":["post-27744","page","type-page","status-publish"],"rank_math_title":"Atos Origin, pionnier de la durabilit\u00e9 environnementale gr\u00e2ce aux solutions informatiques","rank_math_description":"Renforcez votre engagement en faveur du d\u00e9veloppement durable gr\u00e2ce aux solutions informatiques environnementales d'Atos Origin. Nos approches innovantes int\u00e8grent les consid\u00e9rations environnementales dans vos syst\u00e8mes d'entreprise, favorisant ainsi les pratiques durables et l'efficacit\u00e9. ","rank_math_focus_keyword":"","_links":{"self":[{"href":"https:\/\/sema.es\/fr\/wp-json\/wp\/v2\/pages\/27744","targetHints":{"allow":["GET"]}}],"collection":[{"href":"https:\/\/sema.es\/fr\/wp-json\/wp\/v2\/pages"}],"about":[{"href":"https:\/\/sema.es\/fr\/wp-json\/wp\/v2\/types\/page"}],"author":[{"embeddable":true,"href":"https:\/\/sema.es\/fr\/wp-json\/wp\/v2\/users\/1"}],"replies":[{"embeddable":true,"href":"https:\/\/sema.es\/fr\/wp-json\/wp\/v2\/comments?post=27744"}],"version-history":[{"count":0,"href":"https:\/\/sema.es\/fr\/wp-json\/wp\/v2\/pages\/27744\/revisions"}],"wp:attachment":[{"href":"https:\/\/sema.es\/fr\/wp-json\/wp\/v2\/media?parent=27744"}],"curies":[{"name":"wp","href":"https:\/\/api.w.org\/{rel}","templated":true}]}}