{"id":28041,"date":"2024-12-30T10:36:07","date_gmt":"2024-12-30T10:36:07","guid":{"rendered":"https:\/\/sema.es\/decouvrez-les-meilleurs-outils-dintelligence-artificielle-et-de-trading-automatise-sur-sema-co-uk\/"},"modified":"2025-01-02T08:36:53","modified_gmt":"2025-01-02T08:36:53","slug":"opiniones","status":"publish","type":"page","link":"https:\/\/sema.es\/fr\/opiniones\/","title":{"rendered":"D\u00e9couvrez les meilleurs outils d&rsquo;intelligence artificielle et de trading automatis\u00e9 sur Sema.co.uk"},"content":{"rendered":"<?xml encoding=\"UTF-8\"><div class=\"gb-container gb-container-2cb3225e\">\n<div class=\"gb-container gb-container-d91a046e\">\n\n<p>Il n&rsquo;est pas facile de choisir un projet d&rsquo;&eacute;change. Il y en a beaucoup et ils pr&eacute;tendent tous &ecirc;tre les meilleurs. Mais quels sont ceux qui fonctionnent vraiment ? C&rsquo;est l&agrave; que Sema.co.uk intervient. Nous analysons les projets de trading qui utilisent l&rsquo;automatisation et l&rsquo;IA et nous nous concentrons sur ce qui compte vraiment : fonctionnent-ils vraiment bien, sont-ils faciles &agrave; utiliser, combien co&ucirc;tent-ils et qu&rsquo;en disent les gens ?        <\/p>\n\n\n\n<p>Votre temps est pr&eacute;cieux et trouver les bons outils peut s&rsquo;av&eacute;rer difficile. C&rsquo;est pourquoi nous examinons de plus pr&egrave;s les d&eacute;tails et analysons les performances de ces projets. Que vous recherchiez une solution pour g&eacute;rer enti&egrave;rement vos op&eacute;rations ou que vous ayez juste besoin d&rsquo;un peu de soutien, nous simplifions le processus pour que vous puissiez facilement comparer les options qui s&rsquo;offrent &agrave; vous.  <\/p>\n\n\n\n<p>Pas de paroles en l&rsquo;air. Pas de promesses qui ne tiennent pas la route. Juste des informations claires pour vous aider &agrave; choisir ce qui vous convient. Vous verrez quels sont ceux qui en valent la peine et ceux qui n&rsquo;en valent pas la peine. Si vous en avez assez de deviner et que vous voulez quelque chose qui vous aide vraiment, nous sommes l&agrave; pour vous aider. Laissez Sema.co.uk vous aider &agrave; trouver les bons outils pour rendre votre trading plus intelligent et plus facile.     <\/p>\n\n\n\n<div class=\"gb-grid-wrapper gb-grid-wrapper-969764cd gb-query-loop-wrapper\">\n<div class=\"gb-grid-column gb-grid-column-bab92a39 gb-query-loop-item post-34086 opiniones type-opiniones status-publish format-standard has-post-thumbnail hentry\"><div class=\"gb-container gb-container-bab92a39\">\n<figure class=\"gb-block-image gb-block-image-3760521c\"><img loading=\"lazy\" decoding=\"async\" width=\"960\" height=\"538\" src=\"https:\/\/sema.es\/wp-content\/uploads\/2025\/04\/Laptop-trading-with-real-insights.jpg\" class=\"gb-image-3760521c\" alt=\"Laptop trading with real insights\" srcset=\"https:\/\/sema.es\/wp-content\/uploads\/2025\/04\/Laptop-trading-with-real-insights.jpg 960w, https:\/\/sema.es\/wp-content\/uploads\/2025\/04\/Laptop-trading-with-real-insights-300x168.jpg 300w, https:\/\/sema.es\/wp-content\/uploads\/2025\/04\/Laptop-trading-with-real-insights-768x430.jpg 768w\" sizes=\"auto, (max-width: 960px) 100vw, 960px\" title=\"\"><\/figure>\n\n<h2 class=\"gb-headline gb-headline-c749df71 gb-headline-text\"><a href=\"https:\/\/sema.es\/fr\/opiniones\/immediate-sanorex-app\/\">Comment K00414 m&rsquo;aide &agrave; garder une longueur d&rsquo;avance<\/a><\/h2>\n\n<div class=\"gb-container gb-container-f0e6f24f\">\n<p class=\"gb-headline gb-headline-34b1bc7a gb-headline-text\"><time class=\"entry-date published\" datetime=\"2025-07-09T15:32:54+00:00\">juillet 9, 2025<\/time><\/p>\n\n<p class=\"gb-headline gb-headline-d479f286 gb-headline-text\">Billy Zambrano<\/p>\n<\/div>\n\n<div class=\"gb-headline gb-headline-f7e2115e gb-headline-text\">Si le trading vous semble plus complexe qu&rsquo;il ne devrait l&rsquo;&ecirc;tre, votre plateforme pourrait vous freiner. K00414 vous lib&egrave;re de la pression gr&acirc;ce &agrave; des outils accessibles et des performances constantes con&ccedil;us pour vous accompagner.<\/div>\n<\/div><\/div>\n\n<div class=\"gb-grid-column gb-grid-column-bab92a39 gb-query-loop-item post-34077 opiniones type-opiniones status-publish format-standard has-post-thumbnail hentry\"><div class=\"gb-container gb-container-bab92a39\">\n<figure class=\"gb-block-image gb-block-image-3760521c\"><img loading=\"lazy\" decoding=\"async\" width=\"960\" height=\"538\" src=\"https:\/\/sema.es\/wp-content\/uploads\/2025\/04\/Tablet-screen-with-trading-dashboard.jpg\" class=\"gb-image-3760521c\" alt=\"Tablet screen with trading dashboard\" srcset=\"https:\/\/sema.es\/wp-content\/uploads\/2025\/04\/Tablet-screen-with-trading-dashboard.jpg 960w, https:\/\/sema.es\/wp-content\/uploads\/2025\/04\/Tablet-screen-with-trading-dashboard-300x168.jpg 300w, https:\/\/sema.es\/wp-content\/uploads\/2025\/04\/Tablet-screen-with-trading-dashboard-768x430.jpg 768w\" sizes=\"auto, (max-width: 960px) 100vw, 960px\" title=\"\"><\/figure>\n\n<h2 class=\"gb-headline gb-headline-c749df71 gb-headline-text\"><a href=\"https:\/\/sema.es\/fr\/opiniones\/immediate-sanorex-review\/\">R&eacute;vision K00413 2025&nbsp;: R&eacute;partition compl&egrave;te des outils, des risques et de l&rsquo;assistance<\/a><\/h2>\n\n<div class=\"gb-container gb-container-f0e6f24f\">\n<p class=\"gb-headline gb-headline-34b1bc7a gb-headline-text\"><time class=\"entry-date published\" datetime=\"2025-07-09T15:26:13+00:00\">juillet 9, 2025<\/time><\/p>\n\n<p class=\"gb-headline gb-headline-d479f286 gb-headline-text\">Anibal Diaz<\/p>\n<\/div>\n\n<div class=\"gb-headline gb-headline-f7e2115e gb-headline-text\">En tant que planificateur financier certifi&eacute; (CFP) et analyste chevronn&eacute; avec plus d&rsquo;une d&eacute;cennie d&rsquo;exp&eacute;rience sur les march&eacute;s des crypto-monnaies, j&rsquo;apporte des informations bas&eacute;es sur les donn&eacute;es et une perspective strat&eacute;gique &agrave; chaque &eacute;valuation.<\/div>\n<\/div><\/div>\n\n<div class=\"gb-grid-column gb-grid-column-bab92a39 gb-query-loop-item post-34068 opiniones type-opiniones status-publish format-standard has-post-thumbnail hentry\"><div class=\"gb-container gb-container-bab92a39\">\n<figure class=\"gb-block-image gb-block-image-3760521c\"><img loading=\"lazy\" decoding=\"async\" width=\"960\" height=\"538\" src=\"https:\/\/sema.es\/wp-content\/uploads\/2025\/04\/Tablet-platform-for-smart-trading.jpg\" class=\"gb-image-3760521c\" alt=\"Tablet platform for smart trading\" srcset=\"https:\/\/sema.es\/wp-content\/uploads\/2025\/04\/Tablet-platform-for-smart-trading.jpg 960w, https:\/\/sema.es\/wp-content\/uploads\/2025\/04\/Tablet-platform-for-smart-trading-300x168.jpg 300w, https:\/\/sema.es\/wp-content\/uploads\/2025\/04\/Tablet-platform-for-smart-trading-768x430.jpg 768w\" sizes=\"auto, (max-width: 960px) 100vw, 960px\" title=\"\"><\/figure>\n\n<h2 class=\"gb-headline gb-headline-c749df71 gb-headline-text\"><a href=\"https:\/\/sema.es\/fr\/opiniones\/immediate-sanorex\/\">K00412 en 2025&nbsp;: &eacute;valuer son innovation et son ouverture<\/a><\/h2>\n\n<div class=\"gb-container gb-container-f0e6f24f\">\n<p class=\"gb-headline gb-headline-34b1bc7a gb-headline-text\"><time class=\"entry-date published\" datetime=\"2025-07-09T15:09:06+00:00\">juillet 9, 2025<\/time><\/p>\n\n<p class=\"gb-headline gb-headline-d479f286 gb-headline-text\">Anibal Diaz<\/p>\n<\/div>\n\n<div class=\"gb-headline gb-headline-f7e2115e gb-headline-text\">Avec plus de dix ans d&rsquo;exp&eacute;rience en tant qu&rsquo;analyste financier dans le monde en constante &eacute;volution des crypto-monnaies et certifi&eacute; dans les syst&egrave;mes blockchain, j&rsquo;ai &eacute;t&eacute; t&eacute;moin de l&rsquo;ascension et de la chute de nombreuses plateformes de crypto-monnaie.<\/div>\n<\/div><\/div>\n\n<div class=\"gb-grid-column gb-grid-column-bab92a39 gb-query-loop-item post-33235 opiniones type-opiniones status-publish format-standard has-post-thumbnail hentry\"><div class=\"gb-container gb-container-bab92a39\">\n<figure class=\"gb-block-image gb-block-image-3760521c\"><img loading=\"lazy\" decoding=\"async\" width=\"960\" height=\"538\" src=\"https:\/\/sema.es\/wp-content\/uploads\/2025\/04\/Positive-mobile-trading-experience.jpg\" class=\"gb-image-3760521c\" alt=\"Positive mobile trading experience\" srcset=\"https:\/\/sema.es\/wp-content\/uploads\/2025\/04\/Positive-mobile-trading-experience.jpg 960w, https:\/\/sema.es\/wp-content\/uploads\/2025\/04\/Positive-mobile-trading-experience-300x168.jpg 300w, https:\/\/sema.es\/wp-content\/uploads\/2025\/04\/Positive-mobile-trading-experience-768x430.jpg 768w\" sizes=\"auto, (max-width: 960px) 100vw, 960px\" title=\"\"><\/figure>\n\n<h2 class=\"gb-headline gb-headline-c749df71 gb-headline-text\"><a href=\"https:\/\/sema.es\/fr\/opiniones\/ethereum-cormax-app\/\">Analyse K00411 2025&nbsp;: un regard plus approfondi sur sa plateforme de trading bas&eacute;e sur l&rsquo;IA<\/a><\/h2>\n\n<div class=\"gb-container gb-container-f0e6f24f\">\n<p class=\"gb-headline gb-headline-34b1bc7a gb-headline-text\"><time class=\"entry-date published\" datetime=\"2025-05-28T11:46:19+00:00\">mai 28, 2025<\/time><\/p>\n\n<p class=\"gb-headline gb-headline-d479f286 gb-headline-text\">Billy Zambrano<\/p>\n<\/div>\n\n<div class=\"gb-headline gb-headline-f7e2115e gb-headline-text\">En tant que professionnel financier exp&eacute;riment&eacute; avec plus de dix ans d&rsquo;exp&eacute;rience en strat&eacute;gie d&rsquo;investissement et titulaire respect&eacute; de la charte CFA, je propose une &eacute;valuation d&eacute;taill&eacute;e du taux de r&eacute;ussite de 81,8 % rapport&eacute; par K00411 pour 2025.<\/div>\n<\/div><\/div>\n\n<div class=\"gb-grid-column gb-grid-column-bab92a39 gb-query-loop-item post-33227 opiniones type-opiniones status-publish format-standard has-post-thumbnail hentry\"><div class=\"gb-container gb-container-bab92a39\">\n<figure class=\"gb-block-image gb-block-image-3760521c\"><img loading=\"lazy\" decoding=\"async\" width=\"960\" height=\"538\" src=\"https:\/\/sema.es\/wp-content\/uploads\/2025\/04\/Phone-based-trading-made-simple.jpg\" class=\"gb-image-3760521c\" alt=\"Phone-based trading made simple\" srcset=\"https:\/\/sema.es\/wp-content\/uploads\/2025\/04\/Phone-based-trading-made-simple.jpg 960w, https:\/\/sema.es\/wp-content\/uploads\/2025\/04\/Phone-based-trading-made-simple-300x168.jpg 300w, https:\/\/sema.es\/wp-content\/uploads\/2025\/04\/Phone-based-trading-made-simple-768x430.jpg 768w\" sizes=\"auto, (max-width: 960px) 100vw, 960px\" title=\"\"><\/figure>\n\n<h2 class=\"gb-headline gb-headline-c749df71 gb-headline-text\"><a href=\"https:\/\/sema.es\/fr\/opiniones\/ethereum-cormax-review\/\">Une analyse experte de la plateforme K00410 et de ses fonctionnalit&eacute;s de trading<\/a><\/h2>\n\n<div class=\"gb-container gb-container-f0e6f24f\">\n<p class=\"gb-headline gb-headline-34b1bc7a gb-headline-text\"><time class=\"entry-date published\" datetime=\"2025-05-28T11:44:09+00:00\">mai 28, 2025<\/time><\/p>\n\n<p class=\"gb-headline gb-headline-d479f286 gb-headline-text\">Anibal Diaz<\/p>\n<\/div>\n\n<div class=\"gb-headline gb-headline-f7e2115e gb-headline-text\">Avec plus d&rsquo;une d&eacute;cennie d&rsquo;exp&eacute;rience pratique en investissement et une ma&icirc;trise en &eacute;conomie financi&egrave;re, je suis ravi de vous guider &agrave; travers le fonctionnement avanc&eacute; de K00410, une force transformatrice dans la gestion des actifs cryptographiques en 2025.<\/div>\n<\/div><\/div>\n\n<div class=\"gb-grid-column gb-grid-column-bab92a39 gb-query-loop-item post-33219 opiniones type-opiniones status-publish format-standard has-post-thumbnail hentry\"><div class=\"gb-container gb-container-bab92a39\">\n<figure class=\"gb-block-image gb-block-image-3760521c\"><img loading=\"lazy\" decoding=\"async\" width=\"960\" height=\"538\" src=\"https:\/\/sema.es\/wp-content\/uploads\/2025\/04\/Tablet-app-for-successful-trading.jpg\" class=\"gb-image-3760521c\" alt=\"Tablet app for successful trading\" srcset=\"https:\/\/sema.es\/wp-content\/uploads\/2025\/04\/Tablet-app-for-successful-trading.jpg 960w, https:\/\/sema.es\/wp-content\/uploads\/2025\/04\/Tablet-app-for-successful-trading-300x168.jpg 300w, https:\/\/sema.es\/wp-content\/uploads\/2025\/04\/Tablet-app-for-successful-trading-768x430.jpg 768w\" sizes=\"auto, (max-width: 960px) 100vw, 960px\" title=\"\"><\/figure>\n\n<h2 class=\"gb-headline gb-headline-c749df71 gb-headline-text\"><a href=\"https:\/\/sema.es\/fr\/opiniones\/ethereum-cormax\/\">Examen de la plateforme K00409&nbsp;: aper&ccedil;u de ses principales caract&eacute;ristiques en 2025<\/a><\/h2>\n\n<div class=\"gb-container gb-container-f0e6f24f\">\n<p class=\"gb-headline gb-headline-34b1bc7a gb-headline-text\"><time class=\"entry-date published\" datetime=\"2025-05-28T11:35:44+00:00\">mai 28, 2025<\/time><\/p>\n\n<p class=\"gb-headline gb-headline-d479f286 gb-headline-text\">Billy Zambrano<\/p>\n<\/div>\n\n<div class=\"gb-headline gb-headline-f7e2115e gb-headline-text\">En tant qu&rsquo;analyste financier exp&eacute;riment&eacute; avec plus de dix ans d&rsquo;exp&eacute;rience dans le domaine et une d&eacute;signation CFA &agrave; mon nom, j&rsquo;ai &eacute;tudi&eacute; de pr&egrave;s le paysage dynamique des plateformes de trading de crypto-monnaie, K00409 &eacute;mergeant comme un digne concurrent. <\/div>\n<\/div><\/div>\n\n<div class=\"gb-grid-column gb-grid-column-bab92a39 gb-query-loop-item post-33205 opiniones type-opiniones status-publish format-standard has-post-thumbnail hentry\"><div class=\"gb-container gb-container-bab92a39\">\n<figure class=\"gb-block-image gb-block-image-3760521c\"><img loading=\"lazy\" decoding=\"async\" width=\"960\" height=\"538\" src=\"https:\/\/sema.es\/wp-content\/uploads\/2025\/04\/Explore-crypto-without-investment-risk.jpg\" class=\"gb-image-3760521c\" alt=\"Explore crypto without investment risk\" srcset=\"https:\/\/sema.es\/wp-content\/uploads\/2025\/04\/Explore-crypto-without-investment-risk.jpg 960w, https:\/\/sema.es\/wp-content\/uploads\/2025\/04\/Explore-crypto-without-investment-risk-300x168.jpg 300w, https:\/\/sema.es\/wp-content\/uploads\/2025\/04\/Explore-crypto-without-investment-risk-768x430.jpg 768w\" sizes=\"auto, (max-width: 960px) 100vw, 960px\" title=\"\"><\/figure>\n\n<h2 class=\"gb-headline gb-headline-c749df71 gb-headline-text\"><a href=\"https:\/\/sema.es\/fr\/opiniones\/instant-akpro-app\/\">Test K00403 2025 : la plateforme est-elle fiable ?<\/a><\/h2>\n\n<div class=\"gb-container gb-container-f0e6f24f\">\n<p class=\"gb-headline gb-headline-34b1bc7a gb-headline-text\"><time class=\"entry-date published\" datetime=\"2025-05-20T11:59:47+00:00\">mai 20, 2025<\/time><\/p>\n\n<p class=\"gb-headline gb-headline-d479f286 gb-headline-text\">Anibal Diaz<\/p>\n<\/div>\n\n<div class=\"gb-headline gb-headline-f7e2115e gb-headline-text\">En tant qu&rsquo;analyste financier chevronn&eacute; avec plus d&rsquo;une d&eacute;cennie d&rsquo;exp&eacute;rience sur les march&eacute;s des crypto-monnaies et la conformit&eacute; r&eacute;glementaire, je propose un aper&ccedil;u approfondi de la trajectoire de K00403 en 2025. Cet article est &eacute;tay&eacute; par les points de vue d&rsquo;experts financiers de premier plan et par des recherches approfondies, bas&eacute;es sur des cadres r&eacute;glementaires.<\/div>\n<\/div><\/div>\n\n<div class=\"gb-grid-column gb-grid-column-bab92a39 gb-query-loop-item post-33197 opiniones type-opiniones status-publish format-standard has-post-thumbnail hentry\"><div class=\"gb-container gb-container-bab92a39\">\n<figure class=\"gb-block-image gb-block-image-3760521c\"><img loading=\"lazy\" decoding=\"async\" width=\"960\" height=\"538\" src=\"https:\/\/sema.es\/wp-content\/uploads\/2025\/04\/Explore-crypto-markets-risk-free.jpg\" class=\"gb-image-3760521c\" alt=\"Explore crypto markets risk-free\" srcset=\"https:\/\/sema.es\/wp-content\/uploads\/2025\/04\/Explore-crypto-markets-risk-free.jpg 960w, https:\/\/sema.es\/wp-content\/uploads\/2025\/04\/Explore-crypto-markets-risk-free-300x168.jpg 300w, https:\/\/sema.es\/wp-content\/uploads\/2025\/04\/Explore-crypto-markets-risk-free-768x430.jpg 768w\" sizes=\"auto, (max-width: 960px) 100vw, 960px\" title=\"\"><\/figure>\n\n<h2 class=\"gb-headline gb-headline-c749df71 gb-headline-text\"><a href=\"https:\/\/sema.es\/fr\/opiniones\/instant-akpro-review\/\">Comment K00402 g&egrave;re l&rsquo;activit&eacute; du march&eacute; en temps r&eacute;el<\/a><\/h2>\n\n<div class=\"gb-container gb-container-f0e6f24f\">\n<p class=\"gb-headline gb-headline-34b1bc7a gb-headline-text\"><time class=\"entry-date published\" datetime=\"2025-05-20T11:57:02+00:00\">mai 20, 2025<\/time><\/p>\n\n<p class=\"gb-headline gb-headline-d479f286 gb-headline-text\">Anibal Diaz<\/p>\n<\/div>\n\n<div class=\"gb-headline gb-headline-f7e2115e gb-headline-text\">Je suis ravi de partager mon exp&eacute;rience positive avec K00402 et son potentiel prometteur pour 2025. Cette plateforme de trading Bitcoin affiche un taux de r&eacute;ussite impressionnant de 85 %, ce qui a agr&eacute;ablement surpris de nombreux utilisateurs, dont moi-m&ecirc;me.<\/div>\n<\/div><\/div>\n\n<div class=\"gb-grid-column gb-grid-column-bab92a39 gb-query-loop-item post-33189 opiniones type-opiniones status-publish format-standard has-post-thumbnail hentry\"><div class=\"gb-container gb-container-bab92a39\">\n<figure class=\"gb-block-image gb-block-image-3760521c\"><img loading=\"lazy\" decoding=\"async\" width=\"960\" height=\"538\" src=\"https:\/\/sema.es\/wp-content\/uploads\/2025\/04\/Financial-strategy-tools-on-laptop.jpg\" class=\"gb-image-3760521c\" alt=\"Financial strategy tools on laptop\" srcset=\"https:\/\/sema.es\/wp-content\/uploads\/2025\/04\/Financial-strategy-tools-on-laptop.jpg 960w, https:\/\/sema.es\/wp-content\/uploads\/2025\/04\/Financial-strategy-tools-on-laptop-300x168.jpg 300w, https:\/\/sema.es\/wp-content\/uploads\/2025\/04\/Financial-strategy-tools-on-laptop-768x430.jpg 768w\" sizes=\"auto, (max-width: 960px) 100vw, 960px\" title=\"\"><\/figure>\n\n<h2 class=\"gb-headline gb-headline-c749df71 gb-headline-text\"><a href=\"https:\/\/sema.es\/fr\/opiniones\/instant-akpro\/\">Voici pourquoi je fais confiance &agrave; K00401 pour mes op&eacute;rations<\/a><\/h2>\n\n<div class=\"gb-container gb-container-f0e6f24f\">\n<p class=\"gb-headline gb-headline-34b1bc7a gb-headline-text\"><time class=\"entry-date published\" datetime=\"2025-05-20T11:53:07+00:00\">mai 20, 2025<\/time><\/p>\n\n<p class=\"gb-headline gb-headline-d479f286 gb-headline-text\">Anibal Diaz<\/p>\n<\/div>\n\n<div class=\"gb-headline gb-headline-f7e2115e gb-headline-text\">J&rsquo;ai r&eacute;cemment essay&eacute; K00401 et je dois dire que c&rsquo;est une plateforme de trading crypto convaincante. Avec un taux de r&eacute;ussite impressionnant de 85 %, il offre un point d&rsquo;entr&eacute;e int&eacute;ressant dans le monde du trading automatis&eacute;.<\/div>\n<\/div><\/div>\n\n<div class=\"gb-grid-column gb-grid-column-bab92a39 gb-query-loop-item post-33181 opiniones type-opiniones status-publish format-standard has-post-thumbnail hentry\"><div class=\"gb-container gb-container-bab92a39\">\n<figure class=\"gb-block-image gb-block-image-3760521c\"><img loading=\"lazy\" decoding=\"async\" width=\"960\" height=\"538\" src=\"https:\/\/sema.es\/wp-content\/uploads\/2025\/04\/Online-trading-platform-with-oversight.jpg\" class=\"gb-image-3760521c\" alt=\"Online trading platform with oversight\" srcset=\"https:\/\/sema.es\/wp-content\/uploads\/2025\/04\/Online-trading-platform-with-oversight.jpg 960w, https:\/\/sema.es\/wp-content\/uploads\/2025\/04\/Online-trading-platform-with-oversight-300x168.jpg 300w, https:\/\/sema.es\/wp-content\/uploads\/2025\/04\/Online-trading-platform-with-oversight-768x430.jpg 768w\" sizes=\"auto, (max-width: 960px) 100vw, 960px\" title=\"\"><\/figure>\n\n<h2 class=\"gb-headline gb-headline-c749df71 gb-headline-text\"><a href=\"https:\/\/sema.es\/fr\/opiniones\/energy-proair-app\/\">K00400&nbsp;: Points cl&eacute;s pour une utilisation quotidienne<\/a><\/h2>\n\n<div class=\"gb-container gb-container-f0e6f24f\">\n<p class=\"gb-headline gb-headline-34b1bc7a gb-headline-text\"><time class=\"entry-date published\" datetime=\"2025-05-20T11:46:12+00:00\">mai 20, 2025<\/time><\/p>\n\n<p class=\"gb-headline gb-headline-d479f286 gb-headline-text\">Billy Zambrano<\/p>\n<\/div>\n\n<div class=\"gb-headline gb-headline-f7e2115e gb-headline-text\">J&rsquo;ai r&eacute;cemment eu l&rsquo;occasion d&rsquo;explorer K00400 et je dois dire que ce fut une exp&eacute;rience &eacute;tonnamment positive. L&rsquo;interface conviviale de la plateforme et son syst&egrave;me aliment&eacute; par l&rsquo;IA se sont vraiment d&eacute;marqu&eacute;s.<\/div>\n<\/div><\/div>\n<\/div>\n\n<div class=\"gb-container gb-container-10244f3c gb-query-loop-pagination\">\n\n\n<span class=\"gb-button gb-button-5b9c5ca3 gb-button-text page-numbers gb-block-is-current\" aria-current=\"page\">1<\/span><a class=\"gb-button gb-button-5b9c5ca3 gb-button-text page-numbers\" href=\"?query-53cbeb2c-page=2\">2<\/a><a class=\"gb-button gb-button-5b9c5ca3 gb-button-text page-numbers\" href=\"?query-53cbeb2c-page=3\">3<\/a><span class=\"gb-button gb-button-5b9c5ca3 gb-button-text page-numbers dots\">&hellip;<\/span><a class=\"gb-button gb-button-5b9c5ca3 gb-button-text page-numbers\" href=\"?query-53cbeb2c-page=9\">9<\/a>\n\n<a class=\"gb-button gb-button-3985aef4 gb-button-text\" href=\"\/fr\/wp-json\/wp\/v2\/pages\/28041?query-53cbeb2c-page=2\">Suivant<\/a>\n<\/div>\n\n<\/div>\n<\/div>\n","protected":false},"excerpt":{"rendered":"<p>Il n&rsquo;est pas facile de choisir un projet d&rsquo;&eacute;change. Il y en a beaucoup et ils pr&eacute;tendent tous &ecirc;tre les meilleurs. Mais quels sont ceux qui fonctionnent vraiment ? C&rsquo;est l&agrave; que Sema.co.uk intervient. Nous analysons les projets de trading qui utilisent l&rsquo;automatisation et l&rsquo;IA et nous nous concentrons sur ce qui compte vraiment : &#8230; <a title=\"D\u00e9couvrez les meilleurs outils d&rsquo;intelligence artificielle et de trading automatis\u00e9 sur Sema.co.uk\" class=\"read-more\" href=\"https:\/\/sema.es\/fr\/opiniones\/\" aria-label=\"En savoir plus sur D\u00e9couvrez les meilleurs outils d&rsquo;intelligence artificielle et de trading automatis\u00e9 sur Sema.co.uk\">Lire plus<\/a><\/p>\n","protected":false},"author":1,"featured_media":0,"parent":0,"menu_order":0,"comment_status":"closed","ping_status":"closed","template":"","meta":{"footnotes":""},"class_list":["post-28041","page","type-page","status-publish"],"rank_math_title":"Revue des meilleurs outils d'intelligence artificielle et de trading automatis\u00e9 | Sema.co.uk","rank_math_description":"Trouvez les meilleurs outils d'intelligence artificielle et de trading automatis\u00e9 avec des avis d\u00e9taill\u00e9s sur Sema.fr. Comparez les performances, la facilit\u00e9 d'utilisation, le co\u00fbt et les avis de vrais utilisateurs pour choisir l'option id\u00e9ale. ","rank_math_focus_keyword":"Sema.co.uk","_links":{"self":[{"href":"https:\/\/sema.es\/fr\/wp-json\/wp\/v2\/pages\/28041","targetHints":{"allow":["GET"]}}],"collection":[{"href":"https:\/\/sema.es\/fr\/wp-json\/wp\/v2\/pages"}],"about":[{"href":"https:\/\/sema.es\/fr\/wp-json\/wp\/v2\/types\/page"}],"author":[{"embeddable":true,"href":"https:\/\/sema.es\/fr\/wp-json\/wp\/v2\/users\/1"}],"replies":[{"embeddable":true,"href":"https:\/\/sema.es\/fr\/wp-json\/wp\/v2\/comments?post=28041"}],"version-history":[{"count":0,"href":"https:\/\/sema.es\/fr\/wp-json\/wp\/v2\/pages\/28041\/revisions"}],"wp:attachment":[{"href":"https:\/\/sema.es\/fr\/wp-json\/wp\/v2\/media?parent=28041"}],"curies":[{"name":"wp","href":"https:\/\/api.w.org\/{rel}","templated":true}]}}