{"id":27693,"date":"2024-01-11T07:00:27","date_gmt":"2024-01-11T07:00:27","guid":{"rendered":"https:\/\/sema.es\/integrazione-dei-sistemi\/"},"modified":"2024-12-16T10:40:16","modified_gmt":"2024-12-16T10:40:16","slug":"integracion-de-sistemas","status":"publish","type":"page","link":"https:\/\/sema.es\/it\/integracion-de-sistemas\/","title":{"rendered":"Integrazione dei sistemi"},"content":{"rendered":"<?xml encoding=\"UTF-8\"><div class=\"gb-container gb-container-64391086\">\n<div class=\"gb-container gb-container-7fddd5ff\">\n\n<p class=\"gb-headline gb-headline-9b73ecbe\"><span class=\"gb-icon\"><svg xmlns=\"http:\/\/www.w3.org\/2000\/svg\" viewbox=\"0 0 36.7 3\"><path d=\"M0 0h36.7v3H0z\"><\/path><\/svg><\/span><span class=\"gb-headline-text\"><\/span><\/p>\n\n\n\n<h2 class=\"gb-headline gb-headline-d14c8852 gb-headline-text\">GESTIRE LA COMPLESSIT&Agrave; CON CHIAREZZA<\/h2>\n\n\n\n<p>L&rsquo;ambiente aziendale odierno &egrave; caratterizzato da una serie di nuovi cambiamenti che richiedono un miglioramento delle prestazioni aziendali e del ritorno sugli investimenti (ROI). La produttivit&agrave; deve aumentare e contemporaneamente le spese legate all&rsquo;IT devono diminuire. La sfida di fare di pi&ugrave; con meno risorse mette sotto pressione le soluzioni IT affinch&eacute; siano pi&ugrave; efficaci.  <\/p>\n\n\n\n<p>In tutti i settori, le sfide principali che le aziende devono affrontare oggi sono:<\/p>\n\n\n\n<ul class=\"wp-block-list\">\n<li>il mantenimento dell&rsquo;integrit&agrave; e della sicurezza dei dati strategici<\/li>\n\n\n\n<li>l&rsquo;uso delle infrastrutture esistenti per implementare nuovi modelli di business<\/li>\n\n\n\n<li>estendere il valore dei sistemi proprietari<\/li>\n\n\n\n<li>l&rsquo;adozione di nuove tecnologie mantenendo le normali attivit&agrave;<\/li>\n\n\n\n<li>l&rsquo;uso dell&rsquo;informatica per ottimizzare la produttivit&agrave; delle risorse<\/li>\n\n\n\n<li>mantenere un profilo di leadership competitivo<\/li>\n<\/ul>\n\n\n\n<p>Atos Origin comprende queste sfide e il loro impatto critico sulle attivit&agrave; dei nostri clienti. La nostra vasta esperienza nell&rsquo;integrazione di persone, processi e tecnologie ci permette di progettare, sviluppare e implementare soluzioni pratiche e solide. Applichiamo metodologie e processi leader di mercato che consentono ai nostri clienti di ridurre al minimo i rischi e di raggiungere livelli di efficienza pi&ugrave; elevati attraverso l&rsquo;implementazione di soluzioni aziendali complesse.  <\/p>\n\n\n\n<h2 class=\"wp-block-heading\">Abbiamo le capacit&agrave; per massimizzare il tuo investimento IT<\/h2>\n\n\n\n<p>I nostri specialisti di integrazione di sistemi sviluppano e implementano nuove soluzioni e sistemi IT. Garantiscono un adattamento perfetto alle infrastrutture esistenti e forniscono una manutenzione continua e il miglioramento delle applicazioni IT, come richiesto. <\/p>\n\n\n\n<p>Lavoriamo con i nostri clienti per sviluppare piani IT a lungo termine che supportino e rafforzino la loro strategia aziendale complessiva. Inoltre, sviluppiamo soluzioni specializzate, integriamo le migliori tecnologie e offriamo sistemi pacchettizzati come parte di un&rsquo;offerta end-to-end. <\/p>\n\n<\/div>\n\n<div class=\"gb-container gb-container-0896ed09\">\n\n<figure class=\"wp-block-image size-full blue-shadow img\"><img loading=\"lazy\" decoding=\"async\" width=\"600\" height=\"450\" src=\"https:\/\/sema.es\/wp-content\/uploads\/2020\/10\/counselling.jpg\" alt=\"\" class=\"wp-image-4364\" title=\"\" srcset=\"https:\/\/sema.es\/wp-content\/uploads\/2020\/10\/counselling.jpg 600w, https:\/\/sema.es\/wp-content\/uploads\/2020\/10\/counselling-300x225.jpg 300w\" sizes=\"auto, (max-width: 600px) 100vw, 600px\" \/><\/figure>\n\n<\/div>\n<\/div>\n","protected":false},"excerpt":{"rendered":"<p>GESTIRE LA COMPLESSIT&Agrave; CON CHIAREZZA L&rsquo;ambiente aziendale odierno &egrave; caratterizzato da una serie di nuovi cambiamenti che richiedono un miglioramento delle prestazioni aziendali e del ritorno sugli investimenti (ROI). La produttivit&agrave; deve aumentare e contemporaneamente le spese legate all&rsquo;IT devono diminuire. La sfida di fare di pi&ugrave; con meno risorse mette sotto pressione le soluzioni &#8230; <a title=\"Integrazione dei sistemi\" class=\"read-more\" href=\"https:\/\/sema.es\/it\/integracion-de-sistemas\/\" aria-label=\"Per saperne di pi\u00f9 su Integrazione dei sistemi\">Leggi tutto<\/a><\/p>\n","protected":false},"author":1,"featured_media":0,"parent":0,"menu_order":0,"comment_status":"closed","ping_status":"closed","template":"","meta":{"footnotes":""},"class_list":["post-27693","page","type-page","status-publish"],"rank_math_title":"Atos Systems Integration Services: migliorare l'efficienza aziendale","rank_math_description":"Ottimizza la tua attivit\u00e0 con i servizi di integrazione dei sistemi Atos. Ottieni maggiore produttivit\u00e0 e ROI integrando le nuove tecnologie con le infrastrutture esistenti, mantenendo l'integrit\u00e0 dei dati e sfruttando i progressi dell'IT. ","rank_math_focus_keyword":"","_links":{"self":[{"href":"https:\/\/sema.es\/it\/wp-json\/wp\/v2\/pages\/27693","targetHints":{"allow":["GET"]}}],"collection":[{"href":"https:\/\/sema.es\/it\/wp-json\/wp\/v2\/pages"}],"about":[{"href":"https:\/\/sema.es\/it\/wp-json\/wp\/v2\/types\/page"}],"author":[{"embeddable":true,"href":"https:\/\/sema.es\/it\/wp-json\/wp\/v2\/users\/1"}],"replies":[{"embeddable":true,"href":"https:\/\/sema.es\/it\/wp-json\/wp\/v2\/comments?post=27693"}],"version-history":[{"count":0,"href":"https:\/\/sema.es\/it\/wp-json\/wp\/v2\/pages\/27693\/revisions"}],"wp:attachment":[{"href":"https:\/\/sema.es\/it\/wp-json\/wp\/v2\/media?parent=27693"}],"curies":[{"name":"wp","href":"https:\/\/api.w.org\/{rel}","templated":true}]}}