{"id":27513,"date":"2024-01-11T13:48:08","date_gmt":"2024-01-11T13:48:08","guid":{"rendered":"https:\/\/sema.es\/industrie\/"},"modified":"2024-12-16T10:39:19","modified_gmt":"2024-12-16T10:39:19","slug":"industria","status":"publish","type":"page","link":"https:\/\/sema.es\/nl\/industria\/","title":{"rendered":"Industrie"},"content":{"rendered":"<?xml encoding=\"UTF-8\"><div class=\"gb-container gb-container-64391086\">\n<div class=\"gb-container gb-container-7fddd5ff\">\n\n<p class=\"gb-headline gb-headline-9b73ecbe\"><span class=\"gb-icon\"><svg xmlns=\"http:\/\/www.w3.org\/2000\/svg\" viewbox=\"0 0 36.7 3\"><path d=\"M0 0h36.7v3H0z\"><\/path><\/svg><\/span><span class=\"gb-headline-text\">Industrie<\/span><\/p>\n\n\n\n<h2 class=\"gb-headline gb-headline-d14c8852 gb-headline-text\">Bij Atos Origin stemmen we onze doelen af op de uwe<\/h2>\n\n\n\n<p>Atos Origin helpt zijn klanten de uitdaging aan te gaan om hun marktaandeel te vergroten door zich te concentreren op hun kernactiviteiten en hun bedrijfsprocessen te verbeteren, zodat ze hun strategische groeidoelstellingen kunnen halen.<\/p>\n\n\n\n<p>Onze ervaring vertaalt zich in diensten die vari&euml;ren van consultancy tot de implementatie van oplossingen die de kritieke bedrijfsprocessen van onze klanten afdekken, allemaal binnen de uitgebreide onderneming. We stellen ook onze infrastructuur en middelen ter beschikking voor het volledige of gedeeltelijke beheer van de technologische omgevingen van onze klanten (toepassingen, systemen en communicatienetwerken). <\/p>\n\n\n\n<p>Atos Origin ondersteunt haar klanten door haar specialisatie in consulting, systeemintegratie en outsourcing.<\/p>\n\n\n\n<h2 class=\"wp-block-heading\">Technologie ten dienste van de industrie<\/h2>\n\n\n\n<p>  Het doel van Atos Origin is om haar klanten in de industri&euml;le sector in staat te stellen de kracht van technologie te benutten ten behoeve van hun bedrijfsdoelstellingen en om de status van technologiepartner te bereiken die zich bezighoudt met de bedrijfsbehoeften en visie van haar klanten, waardoor resultaten worden behaald die hun rendement op investering maximaliseren.<\/p>\n\n\n\n<p>Bij Atos Origin hebben we uitgebreide ervaring in verschillende industriesectoren, zoals Automotive, CPG\/Retail, Transport, Aerospace, Water, Bouw en Milieu, Olie &amp; Gas, enz.<\/p>\n\n\n\n<p>Wij zijn uw keuze voor het succes van de technologische projecten die u helpen bij de ontwikkeling van uw bedrijfsplannen.<\/p>\n\n<\/div>\n<\/div>\n","protected":false},"excerpt":{"rendered":"<p>Industrie Bij Atos Origin stemmen we onze doelen af op de uwe Atos Origin helpt zijn klanten de uitdaging aan te gaan om hun marktaandeel te vergroten door zich te concentreren op hun kernactiviteiten en hun bedrijfsprocessen te verbeteren, zodat ze hun strategische groeidoelstellingen kunnen halen. Onze ervaring vertaalt zich in diensten die vari&euml;ren van &#8230; <a title=\"Industrie\" class=\"read-more\" href=\"https:\/\/sema.es\/nl\/industria\/\" aria-label=\"Lees meer over Industrie\">Lees meer<\/a><\/p>\n","protected":false},"author":1,"featured_media":0,"parent":0,"menu_order":0,"comment_status":"closed","ping_status":"closed","template":"","meta":{"footnotes":""},"class_list":["post-27513","page","type-page","status-publish"],"rank_math_title":"Atos Origin: de industrie transformeren met toonaangevende technologische oplossingen","rank_math_description":"Breng uw industri\u00eble activiteiten op \u00e9\u00e9n lijn met de geavanceerde technologische oplossingen van Atos Origin. Gespecialiseerd in consulting, systeemintegratie en outsourcing om groei te stimuleren en bedrijfsprocessen in alle sectoren te optimaliseren. ","rank_math_focus_keyword":"","_links":{"self":[{"href":"https:\/\/sema.es\/nl\/wp-json\/wp\/v2\/pages\/27513","targetHints":{"allow":["GET"]}}],"collection":[{"href":"https:\/\/sema.es\/nl\/wp-json\/wp\/v2\/pages"}],"about":[{"href":"https:\/\/sema.es\/nl\/wp-json\/wp\/v2\/types\/page"}],"author":[{"embeddable":true,"href":"https:\/\/sema.es\/nl\/wp-json\/wp\/v2\/users\/1"}],"replies":[{"embeddable":true,"href":"https:\/\/sema.es\/nl\/wp-json\/wp\/v2\/comments?post=27513"}],"version-history":[{"count":0,"href":"https:\/\/sema.es\/nl\/wp-json\/wp\/v2\/pages\/27513\/revisions"}],"wp:attachment":[{"href":"https:\/\/sema.es\/nl\/wp-json\/wp\/v2\/media?parent=27513"}],"curies":[{"name":"wp","href":"https:\/\/api.w.org\/{rel}","templated":true}]}}