{"id":15486,"date":"2023-12-15T03:56:05","date_gmt":"2023-12-15T03:56:05","guid":{"rendered":"https:\/\/sema.es\/warunki-uzytkowania-i-prywatnosc\/"},"modified":"2024-05-29T07:40:36","modified_gmt":"2024-05-29T07:40:36","slug":"privacy-policy","status":"publish","type":"page","link":"https:\/\/sema.es\/pl\/privacy-policy\/","title":{"rendered":"Warunki u\u017cytkowania i prywatno\u015b\u0107"},"content":{"rendered":"<?xml encoding=\"UTF-8\"><h2 class=\"wp-block-heading\">Warunki u&#380;ytkowania<\/h2><p>Jeste&#347; po&#322;&#261;czony z publiczn&#261; stron&#261; internetow&#261; Atos Origin. Informacje i tre&#347;ci pojawiaj&#261;ce si&#281; na tej Stronie podlegaj&#261; nast&#281;puj&#261;cym Warunkom, a dost&#281;p i dalsze korzystanie z tej Strony oznacza pe&#322;n&#261; akceptacj&#281; tych Warunk&oacute;w: Niniejsza Strona ma na celu dostarczenie informacji o Atos Origin i jej podmiotach stowarzyszonych, jej organizacji, oferowanych produktach i us&#322;ugach. Informacje te stanowi&#261; jednak jedynie prezentacj&#281; us&#322;ug i produkt&oacute;w Atos Origin i nie s&#261; wi&#261;&#380;&#261;ce umownie. Aby zawrze&#263; jak&#261;kolwiek umow&#281;, nale&#380;y skontaktowa&#263; si&#281; bezpo&#347;rednio z Atos Origin.<\/p><p>Chocia&#380; Atos Origin dok&#322;ada wszelkich stara&#324;, aby informacje na tej stronie by&#322;y dok&#322;adne i aktualne, mo&#380;e ona zawiera&#263; nie&#347;cis&#322;o&#347;ci, nieaktualne informacje lub b&#322;&#281;dy typograficzne. W zwi&#261;zku z tym Atos Origin nie udziela &#380;adnych gwarancji ani o&#347;wiadcze&#324; co do dok&#322;adno&#347;ci lub kompletno&#347;ci jakichkolwiek informacji, kt&oacute;re mog&#261; by&#263; zawarte na tej Stronie. Ponadto Atos Origin nie ponosi &#380;adnej odpowiedzialno&#347;ci za jakiekolwiek b&#322;&#281;dy lub pomini&#281;cia w tre&#347;ci niniejszej Witryny. Nazwy, dokumenty, obrazy, logo i zdj&#281;cia identyfikuj&#261;ce us&#322;ugi Atos Origin s&#261; wy&#322;&#261;czn&#261; w&#322;asno&#347;ci&#261; Atos Origin i\/lub jej podmiot&oacute;w stowarzyszonych. Wszelkie odniesienia do informacji, tre&#347;ci, artyku&#322;&oacute;w, produkt&oacute;w, proces&oacute;w lub us&#322;ug os&oacute;b trzecich za pomoc&#261; nazwy handlowej, znaku towarowego, producenta lub w inny spos&oacute;b, kt&oacute;re mog&#261; by&#263; dokonywane w ramach korzystania z niniejszej Witryny, niekoniecznie stanowi&#261; lub sugeruj&#261; ich akceptacj&#281;, zatwierdzenie lub rekomendacj&#281; przez Atos Origin lub jakiekolwiek powi&#261;zanie z Atos Origin. Ponadto niniejsza Witryna mo&#380;e zawiera&#263; &#322;&#261;cza do innych witryn internetowych, kt&oacute;re nie s&#261; kontrolowane ani utrzymywane przez Atos Origin. Atos Origin nie dokona&#322; przegl&#261;du wszystkich lub jakichkolwiek stron powi&#261;zanych z niniejsz&#261; Witryn&#261; i nie ponosi odpowiedzialno&#347;ci za zawarto&#347;&#263; jakichkolwiek stron zewn&#281;trznych lub innych stron powi&#261;zanych z niniejsz&#261; Witryn&#261;. Atos Origin udost&#281;pnia te &#322;&#261;cza wy&#322;&#261;cznie dla wygody u&#380;ytkownika, a umieszczenie jakiegokolwiek &#322;&#261;cza do takich witryn nie oznacza poparcia Atos Origin dla tych witryn.<\/p><p>U&#380;ytkownik korzysta z niniejszej Witryny i przegl&#261;da j&#261; na w&#322;asne ryzyko. Atos Origin ani &#380;adna inna strona zaanga&#380;owana w tworzenie, produkcj&#281; lub dostarczanie Witryny nie ponosi odpowiedzialno&#347;ci za jakiekolwiek bezpo&#347;rednie, po&#347;rednie, wt&oacute;rne, przypadkowe lub karne szkody wynikaj&#261;ce z dost&#281;pu do Witryny lub korzystania z niej. Nie ograniczaj&#261;c powy&#380;szego, wszystkie informacje udost&#281;pniane na niniejszej Stronie s&#261; dostarczane &bdquo;w stanie, w jakim si&#281; znajduj&#261;&rdquo; i &bdquo;w miar&#281; dost&#281;pno&#347;ci&rdquo;, bez jakiejkolwiek gwarancji, wyra&#378;nej lub dorozumianej, w tym (ale nie wy&#322;&#261;cznie) jakiejkolwiek dorozumianej gwarancji przydatno&#347;ci handlowej, przydatno&#347;ci do okre&#347;lonego celu lub nienaruszania praw w&#322;asno&#347;ci intelektualnej os&oacute;b trzecich.<\/p><p>Atos Origin mo&#380;e w dowolnym momencie wprowadza&#263; modyfikacje, ulepszenia, poprawki i\/lub zmiany w niniejszej Witrynie bez wcze&#347;niejszego powiadomienia.<\/p><p>Je&#347;li jakakolwiek cz&#281;&#347;&#263; niniejszych Warunk&oacute;w zostanie uznana za niewykonaln&#261;, cz&#281;&#347;&#263; ta b&#281;dzie interpretowana zgodnie z obowi&#261;zuj&#261;cym prawem w spos&oacute;b najbardziej zbli&#380;ony do pierwotnego zamiaru stron, a pozosta&#322;e postanowienia pozostan&#261; w pe&#322;nej mocy.<\/p><p>W przypadku, gdy Atos Origin nie b&#281;dzie nalega&#263; na wykonanie lub &#347;cis&#322;e przestrzeganie kt&oacute;regokolwiek z postanowie&#324; niniejszej Umowy, takie dzia&#322;anie nie b&#281;dzie uwa&#380;ane za zrzeczenie si&#281; jakiegokolwiek prawa lub postanowienia. Ani spos&oacute;b post&#281;powania stron, ani jakakolwiek praktyka handlowa nie spowoduje zmiany kt&oacute;regokolwiek z postanowie&#324; niniejszych Warunk&oacute;w.<\/p><p>Niniejsze Warunki podlegaj&#261; i b&#281;d&#261; interpretowane zgodnie z prawem hiszpa&#324;skim. Wszelkie roszczenia przeciwko Atos Origin musz&#261; by&#263; wnoszone w Hiszpanii.<\/p><p>JE&#346;LI NINIEJSZE WARUNKI NIE ZOSTAN&#260; W PE&#321;NI ZAAKCEPTOWANE, KORZYSTANIE Z NINIEJSZEJ STRONY INTERNETOWEJ MUSI ZOSTA&#262; NATYCHMIAST ZAKO&#323;CZONE.<\/p><h2 class=\"wp-block-heading\">Prywatno&#347;&#263;<\/h2><p>Atos Origin przygotowa&#322; niniejsze o&#347;wiadczenie o ochronie prywatno&#347;ci w celu zademonstrowania swojego zdecydowanego zaanga&#380;owania w ochron&#281; prywatno&#347;ci. Poni&#380;ej ujawniono nasze praktyki w zakresie gromadzenia i rozpowszechniania informacji na naszej stronie internetowej:<\/p><p>U&#380;ywamy adresu IP u&#380;ytkownika, aby pom&oacute;c nam zidentyfikowa&#263; problemy z naszym serwerem i administrowa&#263; nasz&#261; witryn&#261; internetow&#261;.<\/p><p>Niniejsza Witryna mo&#380;e zawiera&#263; &#322;&#261;cza do innych Witryn, takich jak Witryny naszych partner&oacute;w. Atos Origin nie ponosi odpowiedzialno&#347;ci za tre&#347;ci lub praktyki dotycz&#261;ce prywatno&#347;ci stosowane na takich innych stronach internetowych.<\/p><h2 class=\"wp-block-heading\">Bezpiecze&#324;stwo<\/h2><p>Niniejsza Witryna stosuje rygorystyczne &#347;rodki bezpiecze&#324;stwa, aby zapobiec utracie, zmianie lub niew&#322;a&#347;ciwemu wykorzystaniu informacji znajduj&#261;cych si&#281; pod nasz&#261; kontrol&#261;.<\/p><h2 class=\"wp-block-heading\">Jak skontaktowa&#263; si&#281; z witryn&#261;<\/h2><p>W przypadku jakichkolwiek pyta&#324; dotycz&#261;cych niniejszego o&#347;wiadczenia o ochronie prywatno&#347;ci, praktyk stosowanych na tej Stronie lub kontakt&oacute;w z t&#261; Stron&#261;, mo&#380;na skontaktowa&#263; si&#281; z nami pod nast&#281;puj&#261;cym adresem:<\/p><p><a href=\"mailto:es-marcom@sema.es\" data-type=\"mailto\" data-id=\"mailto:es-marcom@sema.es\">es-marcom@sema.es<\/a><\/p>\n","protected":false},"excerpt":{"rendered":"<p>Warunki u&#380;ytkowania Jeste&#347; po&#322;&#261;czony z publiczn&#261; stron&#261; internetow&#261; Atos Origin. Informacje i tre&#347;ci pojawiaj&#261;ce si&#281; na tej Stronie podlegaj&#261; nast&#281;puj&#261;cym Warunkom, a dost&#281;p i dalsze korzystanie z tej Strony oznacza pe&#322;n&#261; akceptacj&#281; tych Warunk&oacute;w: Niniejsza Strona ma na celu dostarczenie informacji o Atos Origin i jej podmiotach stowarzyszonych, jej organizacji, oferowanych produktach i us&#322;ugach. Informacje &#8230; <a title=\"Warunki u\u017cytkowania i prywatno\u015b\u0107\" class=\"read-more\" href=\"https:\/\/sema.es\/pl\/privacy-policy\/\" aria-label=\"Dowiedz si\u0119 wi\u0119cej o Warunki u\u017cytkowania i prywatno\u015b\u0107\">Czytaj dalej<\/a><\/p>\n","protected":false},"author":1,"featured_media":0,"parent":0,"menu_order":0,"comment_status":"closed","ping_status":"open","template":"","meta":{"footnotes":""},"class_list":["post-15486","page","type-page","status-publish"],"rank_math_title":"","rank_math_description":"","rank_math_focus_keyword":"","_links":{"self":[{"href":"https:\/\/sema.es\/pl\/wp-json\/wp\/v2\/pages\/15486","targetHints":{"allow":["GET"]}}],"collection":[{"href":"https:\/\/sema.es\/pl\/wp-json\/wp\/v2\/pages"}],"about":[{"href":"https:\/\/sema.es\/pl\/wp-json\/wp\/v2\/types\/page"}],"author":[{"embeddable":true,"href":"https:\/\/sema.es\/pl\/wp-json\/wp\/v2\/users\/1"}],"replies":[{"embeddable":true,"href":"https:\/\/sema.es\/pl\/wp-json\/wp\/v2\/comments?post=15486"}],"version-history":[{"count":0,"href":"https:\/\/sema.es\/pl\/wp-json\/wp\/v2\/pages\/15486\/revisions"}],"wp:attachment":[{"href":"https:\/\/sema.es\/pl\/wp-json\/wp\/v2\/media?parent=15486"}],"curies":[{"name":"wp","href":"https:\/\/api.w.org\/{rel}","templated":true}]}}