{"id":27467,"date":"2024-01-11T12:45:19","date_gmt":"2024-01-11T12:45:19","guid":{"rendered":"https:\/\/sema.es\/pakiet-srodowiskowy\/"},"modified":"2024-12-16T10:39:02","modified_gmt":"2024-12-16T10:39:02","slug":"environment-pack","status":"publish","type":"page","link":"https:\/\/sema.es\/pl\/environment-pack\/","title":{"rendered":"Pakiet \u015brodowiskowy"},"content":{"rendered":"<?xml encoding=\"UTF-8\"><div class=\"gb-container gb-container-613ced2e\">\n<div class=\"gb-container gb-container-27a0e383\">\n\n<p class=\"gb-headline gb-headline-25158df7\"><span class=\"gb-icon\"><svg xmlns=\"http:\/\/www.w3.org\/2000\/svg\" viewbox=\"0 0 36.7 3\"><path d=\"M0 0h36.7v3H0z\"><\/path><\/svg><\/span><span class=\"gb-headline-text\"><strong>Nasza propozycja doradztwa w zakresie ochrony &#347;rodowiska i gospodarki odpadami<\/strong><\/span><\/p>\n\n\n\n<h2 class=\"gb-headline gb-headline-e923e090 gb-headline-text\">Pakiet &#347;rodowiskowy<\/h2>\n\n\n\n<h3 class=\"wp-block-heading\">ePack Consulting<\/h3>\n\n\n\n<p>Oferuje bezstronne i obiektywne porady, praktyczne i namacalne zalecenia oraz sprawdzone rozwi&#261;zania, kt&oacute;re mog&#261; generowa&#263; doskona&#322;e wyniki biznesowe w nast&#281;puj&#261;cych kluczowych obszarach: strategia biznesowa i technologiczna, transformacja operacyjna, rozwi&#261;zania w zakresie zarz&#261;dzania finansami, zarz&#261;dzanie zmianami i zasobami ludzkimi oraz plany Environment Pack. S&#261; to us&#322;ugi, kt&oacute;re nasi konsultanci &#347;wiadcz&#261; dla Twojej firmy w celu osi&#261;gni&#281;cia wi&#281;kszej rentowno&#347;ci biznesowej i redukcji koszt&oacute;w. <\/p>\n\n\n\n<h3 class=\"wp-block-heading\">ePack Plus<\/h3>\n\n\n\n<p>Wst&#281;pnie skonfigurowane rozwi&#261;zanie ePack Plus, przeznaczone dla organizacji o globalnej misji w dziedzinie ochrony &#347;rodowiska, a w szczeg&oacute;lno&#347;ci zintegrowanej gospodarki odpadami, obejmuje procesy w obszarach rachunkowo&#347;ci finansowej, analityki biznesowej oraz konsolidacji i skarbu. Obs&#322;uguje r&oacute;wnie&#380; procesy zwi&#261;zane z projektami in&#380;ynierii &#347;rodowiska, us&#322;ugami &#347;rodowiskowymi i doradztwem, zbi&oacute;rk&#261; i transportem odpad&oacute;w przemys&#322;owych, przetwarzaniem i odzyskiem, magazynowaniem i utylizacj&#261;, fakturowaniem, zaopatrzeniem, zarz&#261;dzaniem aktywami i zarz&#261;dzaniem kosztami podr&oacute;&#380;y. <\/p>\n\n\n\n<h3 class=\"wp-block-heading\">ePack Express<\/h3>\n\n\n\n<p>Niezale&#380;nie od ca&#322;o&#347;ciowego rozwi&#261;zania ePack Plus, ePack Express umo&#380;liwia wst&#281;pnie skonfigurowan&#261; instalacj&#281; podstawowych komponent&oacute;w, kt&oacute;rych wdro&#380;enie jest szybkie i op&#322;acalne. Oparty na rozwi&#261;zaniu ePack Plus i skierowany do firm zajmuj&#261;cych si&#281; zbi&oacute;rk&#261; i przetwarzaniem odpad&oacute;w przemys&#322;owych, stanowi odpowiednie i niedrogie rozwi&#261;zanie do zarz&#261;dzania tego typu przedsi&#281;biorstwami. ePack Express jest r&oacute;wnie&#380; podstaw&#261; pierwszych faz wdra&#380;ania w firmach z innymi obszarami dzia&#322;alno&#347;ci &#347;rodowiskowej. Jego szybkie wdro&#380;enie zapewnia niezawodno&#347;&#263; organizacji w zakresie zanurzenia w produktach ERP. Rozwi&#261;zanie obejmuje ksi&#281;gowo&#347;&#263; finansow&#261;, procesy zbi&oacute;rki i transportu odpad&oacute;w przemys&#322;owych, przetwarzanie i odzysk, magazynowanie i utylizacj&#281;, fakturowanie i og&oacute;lne zaopatrzenie firmy.    <\/p>\n\n\n\n<h3 class=\"wp-block-heading\">ePack Pro<\/h3>\n\n\n\n<p>Ten pakiet rozwi&#261;za&#324; skierowany jest do wytw&oacute;rc&oacute;w odpad&oacute;w, kt&oacute;rzy musz&#261; rozwi&#261;za&#263; problem, w kt&oacute;rym rosn&#261;ce koszty i presja ze strony administracji zmuszaj&#261; ich do informatyzacji i integracji z pozosta&#322;ymi obszarami firmy. Z funkcjonalnego punktu widzenia ePack Pro pozwoli na rejestracj&#281; danych podstawowych odpad&oacute;w i ich odpowiedni&#261; charakterystyk&#281;, zarz&#261;dzanie zapasami odpad&oacute;w, wsparcie proces&oacute;w kontraktowania centr&oacute;w zbi&oacute;rki i transferu, zarz&#261;dc&oacute;w odpad&oacute;w i kontrolowanych sk&#322;adowisk. Jednocze&#347;nie wszystkie procesy wspieraj&#261; wystawianie obowi&#261;zkowej dokumentacji transportowej. Produkt jest zintegrowany z modu&#322;ami zaopatrzeniowymi, finansowymi i kontrolingowymi SAP R\/3 i generuje niezb&#281;dne raporty, kt&oacute;re pomagaj&#261; firmie w przekazywaniu informacji wymaganych przez w&#322;adze do obowi&#261;zkowej deklaracji odpadowej. Organizacje b&#281;d&#261;ce w trakcie procesu certyfikacji systemu zarz&#261;dzania &#347;rodowiskowego b&#281;d&#261; mog&#322;y wykorzysta&#263; informacje dostarczane przez ePack Pro do walidacji proces&oacute;w i informacji.    <\/p>\n\n\n\n<h3 class=\"wp-block-heading\">ePack Connect<\/h3>\n\n\n\n<p>Technologia ePack Connect umo&#380;liwia wsp&oacute;&#322;prac&#281; mi&#281;dzy r&oacute;&#380;nymi partnerami zaanga&#380;owanymi w zarz&#261;dzanie odpadami przemys&#322;owymi. Elektroniczna wymiana danych umo&#380;liwia, na przyk&#322;ad, szybkie i &#322;atwe dostarczanie wymaganych informacji r&oacute;&#380;nym organizacjom, w wymaganym czasie oraz z solidnymi i wiarygodnymi informacjami. Podobnie producenci i odbiorcy mog&#261; ustali&#263; zasady handlu elektronicznego, przesy&#322;aj&#261;c za po&#347;rednictwem sieci wnioski o odbi&oacute;r odpad&oacute;w, wnioski o odbi&oacute;r i faktury. Dzi&#281;ki ePack Connect odbiorcy odpad&oacute;w b&#281;d&#261; mieli mo&#380;liwo&#347;&#263; otrzymywania zg&#322;osze&#324; odbioru bezpo&#347;rednio w sieci, kt&oacute;re b&#281;d&#261; natychmiast przetwarzane bezpo&#347;rednio przez SAP dzi&#281;ki technologii NetWeaver. Zarz&#261;dzanie informacjami wymaganymi przez administracj&#281; b&#281;dzie przetwarzane elektronicznie, co u&#322;atwi proces zarz&#261;dzaj&#261;cym odpadami, producentom i samej administracji.    <\/p>\n\n\n\n<h3 class=\"wp-block-heading\">Wsparcie ePack<\/h3>\n\n\n\n<p>Us&#322;ugi oferowane przez Atos Consulting obejmuj&#261; kompletn&#261; naprawcz&#261; i ewolucyjn&#261; konserwacj&#281; system&oacute;w informatycznych, dostosowan&#261; do potrzeb biznesowych i obejmuj&#261;c&#261; nast&#281;puj&#261;ce elementy: zarz&#261;dzanie aplikacjami SAP, a w szczeg&oacute;lno&#347;ci nasze pionowe rozwi&#261;zanie Environment Pack, zarz&#261;dzanie serwerami, zarz&#261;dzanie &#347;rodowiskiem komputer&oacute;w stacjonarnych, zarz&#261;dzanie sieci&#261;, us&#322;ugi wsparcia, centrum obs&#322;ugi u&#380;ytkownik&oacute;w oraz informacje o nowych funkcjach Environment Pack w celu ich natychmiastowego wdro&#380;enia.<\/p>\n\n<\/div>\n<\/div>\n","protected":false},"excerpt":{"rendered":"<p>Nasza propozycja doradztwa w zakresie ochrony &#347;rodowiska i gospodarki odpadami Pakiet &#347;rodowiskowy ePack Consulting Oferuje bezstronne i obiektywne porady, praktyczne i namacalne zalecenia oraz sprawdzone rozwi&#261;zania, kt&oacute;re mog&#261; generowa&#263; doskona&#322;e wyniki biznesowe w nast&#281;puj&#261;cych kluczowych obszarach: strategia biznesowa i technologiczna, transformacja operacyjna, rozwi&#261;zania w zakresie zarz&#261;dzania finansami, zarz&#261;dzanie zmianami i zasobami ludzkimi oraz plany Environment &#8230; <a title=\"Pakiet \u015brodowiskowy\" class=\"read-more\" href=\"https:\/\/sema.es\/pl\/environment-pack\/\" aria-label=\"Dowiedz si\u0119 wi\u0119cej o Pakiet \u015brodowiskowy\">Czytaj dalej<\/a><\/p>\n","protected":false},"author":1,"featured_media":0,"parent":0,"menu_order":0,"comment_status":"closed","ping_status":"closed","template":"","meta":{"footnotes":""},"class_list":["post-27467","page","type-page","status-publish"],"rank_math_title":"","rank_math_description":"","rank_math_focus_keyword":"","_links":{"self":[{"href":"https:\/\/sema.es\/pl\/wp-json\/wp\/v2\/pages\/27467","targetHints":{"allow":["GET"]}}],"collection":[{"href":"https:\/\/sema.es\/pl\/wp-json\/wp\/v2\/pages"}],"about":[{"href":"https:\/\/sema.es\/pl\/wp-json\/wp\/v2\/types\/page"}],"author":[{"embeddable":true,"href":"https:\/\/sema.es\/pl\/wp-json\/wp\/v2\/users\/1"}],"replies":[{"embeddable":true,"href":"https:\/\/sema.es\/pl\/wp-json\/wp\/v2\/comments?post=27467"}],"version-history":[{"count":0,"href":"https:\/\/sema.es\/pl\/wp-json\/wp\/v2\/pages\/27467\/revisions"}],"wp:attachment":[{"href":"https:\/\/sema.es\/pl\/wp-json\/wp\/v2\/media?parent=27467"}],"curies":[{"name":"wp","href":"https:\/\/api.w.org\/{rel}","templated":true}]}}