{"id":27479,"date":"2024-01-11T12:54:02","date_gmt":"2024-01-11T12:54:02","guid":{"rendered":"https:\/\/sema.es\/bankowosc-i-ubezpieczenia\/"},"modified":"2024-12-16T10:39:11","modified_gmt":"2024-12-16T10:39:11","slug":"banca-y-seguros","status":"publish","type":"page","link":"https:\/\/sema.es\/pl\/banca-y-seguros\/","title":{"rendered":"Bankowo\u015b\u0107 i ubezpieczenia"},"content":{"rendered":"<?xml encoding=\"UTF-8\"><div class=\"gb-container gb-container-64391086\">\n<div class=\"gb-container gb-container-7fddd5ff\">\n\n<p class=\"gb-headline gb-headline-9b73ecbe\"><span class=\"gb-icon\"><svg xmlns=\"http:\/\/www.w3.org\/2000\/svg\" viewbox=\"0 0 36.7 3\"><path d=\"M0 0h36.7v3H0z\"><\/path><\/svg><\/span><span class=\"gb-headline-text\"><\/span><\/p>\n\n\n\n<h2 class=\"gb-headline gb-headline-d14c8852 gb-headline-text\">Bankowo&#347;&#263; i ubezpieczenia<\/h2>\n\n\n\n<p>Atos Origin sta&#322; si&#281; kluczowym punktem odniesienia we wdra&#380;aniu rozwi&#261;za&#324; dla sektora bankowego i ubezpieczeniowego. Zgodnie z filozofi&#261; szerokiego spektrum funkcjonalno&#347;ci i operacji, Atos Origin stworzy&#322; szerok&#261; gam&#281; rozwi&#261;za&#324; opartych na produktach, kt&oacute;re pokrywaj&#261; du&#380;&#261; cz&#281;&#347;&#263; g&#322;&oacute;wnych potrzeb operacyjnych tego sektora. <\/p>\n\n\n\n<p>Szeroki zakres wiedzy funkcjonalnej i biznesowej zawartej we w&#322;asnych aplikacjach zapewni&#322; Atos Origin zas&#322;u&#380;ony presti&#380; w bran&#380;y i sprawi&#322;, &#380;e sta&#322; si&#281; punktem odniesienia na rynku przy podejmowaniu decyzji o wdro&#380;eniu strategicznych aplikacji korporacyjnych.<\/p>\n\n<\/div>\n\n<div class=\"gb-container gb-container-0896ed09\">\n\n<figure class=\"wp-block-image size-full blue-shadow img\"><img loading=\"lazy\" decoding=\"async\" width=\"1024\" height=\"768\" src=\"https:\/\/sema.es\/wp-content\/uploads\/2024\/01\/Banca-edited.png\" alt=\"\" class=\"wp-image-4897\" title=\"\" srcset=\"https:\/\/sema.es\/wp-content\/uploads\/2024\/01\/Banca-edited.png 1024w, https:\/\/sema.es\/wp-content\/uploads\/2024\/01\/Banca-edited-300x225.png 300w, https:\/\/sema.es\/wp-content\/uploads\/2024\/01\/Banca-edited-768x576.png 768w\" sizes=\"auto, (max-width: 1024px) 100vw, 1024px\" \/><\/figure>\n\n<\/div>\n<\/div><div class=\"gb-container gb-container-e3990794\">\n<div class=\"gb-container gb-container-a18bb782\">\n\n<h2 class=\"gb-headline gb-headline-0cd15ade gb-headline-text\">Nasz zakres us&#322;ug dla sektora bankowego i ubezpieczeniowego.<\/h2>\n\n\n\n<p>Od ponad trzydziestu lat Atos Origin dostarcza systemy informatyczne i us&#322;ugi dla sektora finansowego. Nasze do&#347;wiadczenie i dog&#322;&#281;bna wiedza sprawi&#322;y, &#380;e jeste&#347;my jednym z mi&#281;dzynarodowych punkt&oacute;w odniesienia w &#347;wiecie technologii informatycznych. <\/p>\n\n\n\n<p>Nasze rozwi&#261;zania i us&#322;ugi dla sektora finansowego obejmuj&#261; nast&#281;puj&#261;ce aspekty:<\/p>\n\n\n\n<ul class=\"wp-block-list\">\n<li>Doradztwo funkcjonalne i technologiczne: ukierunkowane zar&oacute;wno na optymalizacj&#281; proces&oacute;w, jak i badania biznesowe lub niezb&#281;dne ulepszenia w celu dostosowania systemu.<\/li>\n\n\n\n<li>Integracja system&oacute;w: obejmuje zmiany niezb&#281;dne do ulepszenia istniej&#261;cych system&oacute;w, a tak&#380;e zarz&#261;dzanie i wdra&#380;anie nowych aplikacji.<br><\/li>\n\n\n\n<li>Outsourcing lub us&#322;ugi zarz&#261;dzane: kompleksowe, funkcjonalne, migracyjne, wsparcia technicznego, zarz&#261;dzania sieci&#261;, help desk i bezpiecze&#324;stwa.<\/li>\n\n\n\n<li>Platforma lub oprogramowanie: opracowali&#347;my r&oacute;&#380;ne produkty, aby zaspokoi&#263; potrzeby naszych klient&oacute;w. Inwestycje w badania i rozw&oacute;j wraz z do&#347;wiadczeniem i wiedz&#261; biznesow&#261; gwarantuj&#261; ka&#380;de z rozwi&#261;za&#324; i gwarantuj&#261; ich jako&#347;&#263;, zar&oacute;wno funkcjonaln&#261;, jak i techniczn&#261;. <\/li>\n<\/ul>\n\n\n\n<h2 class=\"wp-block-heading\">Atos Origin integruje wiedz&#281; funkcjonaln&#261; i biznesow&#261; w celu tworzenia rozwi&#261;za&#324; o wysokiej z&#322;o&#380;ono&#347;ci i specjalizacji.<\/h2>\n\n\n\n<p>Bogate do&#347;wiadczenie w projektach wdro&#380;eniowych w tak wysoce rozwini&#281;tym &#347;rodowisku IT, jakim jest hiszpa&#324;ski sektor bankowy i ubezpieczeniowy, solidna baza w&#322;asnych produkt&oacute;w, ci&#261;g&#322;e aktualizacje i zdolno&#347;&#263; do wprowadzania nowych rozwi&#261;za&#324; sprawi&#322;y, &#380;e firma umocni&#322;a swoj&#261; pozycj&#281; lidera w bran&#380;y:<\/p>\n\n\n\n<ul class=\"wp-block-list\">\n<li><strong>Europejskie Centrum Rozwoju Produkt&oacute;w Atos Origin dla sektora bankowego i ubezpieczeniowego.<\/strong><\/li>\n<\/ul>\n\n\n\n<p>Do&#347;wiadczenie i znajomo&#347;&#263; sektora finansowego stanowi&#261; fundamentaln&#261; cz&#281;&#347;&#263; dziedzictwa Atos Origin. Dzi&#281;ki temu Atos Origin jest w stanie sprosta&#263; z&#322;o&#380;onym projektom IT, odpowiadaj&#261;c za tworzenie nowych rozwi&#261;za&#324; programistycznych dostosowanych do potrzeb klient&oacute;w, a tak&#380;e realizowa&#263; projekty doradcze, organizacyjne i rein&#380;ynieryjne dla instytucji finansowych. Maj&#261;c to na uwadze, Atos Origin stworzy&#322; krytyczne rozwi&#261;zania dla najwa&#380;niejszych podmiot&oacute;w w swoim geograficznym obszarze dzia&#322;alno&#347;ci.  <\/p>\n\n\n\n<p>Atos Origin uzupe&#322;ni&#322; platform&#281; rozwi&#261;za&#324; oferowanych na rynku o wyb&oacute;r najbardziej renomowanych aplikacji pochodzenia mi&#281;dzynarodowego, z kt&oacute;rych producentami utrzymuje bliskie relacje i wsp&oacute;&#322;prac&#281; maj&#261;c&#261; na celu utrzymanie ca&#322;kowitej integracji i dostosowania do specyfiki rynk&oacute;w, na kt&oacute;rych dzia&#322;a Atos Origin, gwarantuj&#261;c odpowiedni poziom us&#322;ug i ewolucji.<\/p>\n\n\n\n<p>Ponad 190 podmiot&oacute;w z sektora bankowego i ubezpieczeniowego powierzy&#322;o Atos Origin wdro&#380;enie swoich rozwi&#261;za&#324; IT.<\/p>\n\n\n\n<p>Integracja produkt&oacute;w aplikacyjnych z narz&#281;dziami middleware i rozwojem technologicznym w dziedzinie komunikacji umo&#380;liwi&#322;a Atos Origin zaoferowanie na rynku platformy w pe&#322;ni zintegrowanych rozwi&#261;za&#324; globalnych.<\/p>\n\n\n\n<h2 class=\"wp-block-heading\">Rynki kapita&#322;owe.<\/h2>\n\n\n\n<p>Capital Markets to dzia&#322; finansowy Atos Origin specjalizuj&#261;cy si&#281; w &#347;wiadczeniu us&#322;ug doradztwa biznesowego i technologicznego, integracji system&oacute;w oraz dostarczaniu rozwi&#261;za&#324; i produkt&oacute;w oprogramowania do zarz&#261;dzania wymaganych przez konkurencyjn&#261; instytucj&#281; finansow&#261; w obszarach biznesowych bankowo&#347;ci prywatnej, sp&oacute;&#322;ek i agencji papier&oacute;w warto&#347;ciowych, zarz&#261;dzaj&#261;cych funduszami inwestycyjnymi lub emerytalnymi, skarbc&oacute;w bankowych, papier&oacute;w warto&#347;ciowych, e-brokerage, zarz&#261;dzania ryzykiem (Bazylea II) lub przez rynki i organy regulacyjne (banki centralne, komisje papier&oacute;w warto&#347;ciowych itp.).<\/p>\n\n\n\n<h2 class=\"wp-block-heading\">Us&#322;ugi informacyjne<\/h2>\n\n\n\n<p>Infoservicios, firma zajmuj&#261;ca si&#281; dostarczaniem swoim klientom wszelkiego rodzaju profesjonalnych us&#322;ug w sektorze technologii informatycznych, jest sp&oacute;&#322;k&#261; zale&#380;n&#261; Atos Origin, nale&#380;&#261;c&#261; w 75% do Atos Origin i w 25% do Corporaci&oacute;n Financiera Caja Madrid.<\/p>\n\n\n\n<p>Infoservicios realizuje swoj&#261; misj&#281; w &#347;cis&#322;ej wsp&oacute;&#322;pracy z firm&#261; macierzyst&#261; Atos Origin, dziel&#261;c si&#281; centralnymi dzia&#322;ami i osi&#261;gaj&#261;c wszelkie mo&#380;liwe synergie w celu zapewnienia jak najwi&#281;kszej warto&#347;ci dodanej swoim klientom, jednocze&#347;nie ciesz&#261;c si&#281; szerok&#261; autonomi&#261;, kt&oacute;ra pozwala jej dostosowa&#263; si&#281; w najbardziej elastyczny spos&oacute;b do wymaga&#324; stawianych przez rynek.<\/p>\n\n\n\n<p>W&#347;r&oacute;d jej g&#322;&oacute;wnych klient&oacute;w znajduj&#261; si&#281; grupa Caja Madrid i Autonomiczny Organ Technologii Informacyjnych i Komunikacji Wsp&oacute;lnoty Madrytu (ICM), z kt&oacute;rymi Infoservicios utrzymuje bliskie i owocne relacje od momentu powstania w 1988 roku.<\/p>\n\n\n\n<p>Ponadto warto podkre&#347;li&#263; tradycj&#281; Infoservicios w zakresie marketingu i dostosowywania r&oacute;&#380;nych rozwi&#261;za&#324; dla swoich klient&oacute;w, w tym, ze wzgl&#281;du na jego obecne znaczenie, po&#380;yczek konsorcjalnych i kredyt&oacute;w, kt&oacute;re dzia&#322;aj&#261; w kilku instytucjach finansowych.<\/p>\n\n\n\n<h2 class=\"wp-block-heading\">Ubezpieczenie<\/h2>\n\n\n\n<p>Wsp&oacute;&#322;pracujemy z najwa&#380;niejszymi firmami w sektorze ubezpiecze&#324; i bancassurance, z du&#380;ym do&#347;wiadczeniem w osi&#261;ganiu sukces&oacute;w w oparciu o nasz&#261; wiedz&#281; biznesow&#261;, dziel&#261;c si&#281; z naszymi klientami naszym skonsolidowanym do&#347;wiadczeniem w modelu biznesowym, kt&oacute;ry pozwala nam dostosowa&#263; si&#281; do potrzeb sektora i ka&#380;dej firmy, i kt&oacute;ry jest wiernym wsparciem dla obszar&oacute;w biznesowych. Nasz model Insurance.world to zestaw komponent&oacute;w technologicznych, kt&oacute;rych rdzeniem jest GADOR. Ten obszar biznesowy prowadzi znacz&#261;c&#261; dzia&#322;alno&#347;&#263; eksportow&#261;, z projektami w Portugalii i we W&#322;oszech, instalacjami w Ameryce &#321;aci&#324;skiej i dzia&#322;alno&#347;ci&#261; handlow&#261; w pozosta&#322;ej cz&#281;&#347;ci Europy i Afryki P&oacute;&#322;nocnej, co czyni go obowi&#261;zkowym punktem odniesienia w Atos Origin na poziomie globalnym w odniesieniu do &#347;wiata ubezpiecze&#324;.  <\/p>\n\n<\/div>\n<\/div>\n","protected":false},"excerpt":{"rendered":"<p>Bankowo&#347;&#263; i ubezpieczenia Atos Origin sta&#322; si&#281; kluczowym punktem odniesienia we wdra&#380;aniu rozwi&#261;za&#324; dla sektora bankowego i ubezpieczeniowego. Zgodnie z filozofi&#261; szerokiego spektrum funkcjonalno&#347;ci i operacji, Atos Origin stworzy&#322; szerok&#261; gam&#281; rozwi&#261;za&#324; opartych na produktach, kt&oacute;re pokrywaj&#261; du&#380;&#261; cz&#281;&#347;&#263; g&#322;&oacute;wnych potrzeb operacyjnych tego sektora. Szeroki zakres wiedzy funkcjonalnej i biznesowej zawartej we w&#322;asnych aplikacjach zapewni&#322; &#8230; <a title=\"Bankowo\u015b\u0107 i ubezpieczenia\" class=\"read-more\" href=\"https:\/\/sema.es\/pl\/banca-y-seguros\/\" aria-label=\"Dowiedz si\u0119 wi\u0119cej o Bankowo\u015b\u0107 i ubezpieczenia\">Czytaj dalej<\/a><\/p>\n","protected":false},"author":1,"featured_media":0,"parent":0,"menu_order":0,"comment_status":"closed","ping_status":"closed","template":"","meta":{"footnotes":""},"class_list":["post-27479","page","type-page","status-publish"],"rank_math_title":"Atos Origin: wiod\u0105cy dostawca rozwi\u0105za\u0144 bankowych i ubezpieczeniowych","rank_math_description":"Wzmocnij swoje operacje bankowe i ubezpieczeniowe dzi\u0119ki spersonalizowanym rozwi\u0105zaniom IT od Atos Origin. Nasze kompleksowe us\u0142ugi zwi\u0119kszaj\u0105 wydajno\u015b\u0107, innowacyjno\u015b\u0107 i przewag\u0119 konkurencyjn\u0105 w sektorze finansowym. ","rank_math_focus_keyword":"","_links":{"self":[{"href":"https:\/\/sema.es\/pl\/wp-json\/wp\/v2\/pages\/27479","targetHints":{"allow":["GET"]}}],"collection":[{"href":"https:\/\/sema.es\/pl\/wp-json\/wp\/v2\/pages"}],"about":[{"href":"https:\/\/sema.es\/pl\/wp-json\/wp\/v2\/types\/page"}],"author":[{"embeddable":true,"href":"https:\/\/sema.es\/pl\/wp-json\/wp\/v2\/users\/1"}],"replies":[{"embeddable":true,"href":"https:\/\/sema.es\/pl\/wp-json\/wp\/v2\/comments?post=27479"}],"version-history":[{"count":0,"href":"https:\/\/sema.es\/pl\/wp-json\/wp\/v2\/pages\/27479\/revisions"}],"wp:attachment":[{"href":"https:\/\/sema.es\/pl\/wp-json\/wp\/v2\/media?parent=27479"}],"curies":[{"name":"wp","href":"https:\/\/api.w.org\/{rel}","templated":true}]}}