{"id":27514,"date":"2024-01-11T13:48:08","date_gmt":"2024-01-11T13:48:08","guid":{"rendered":"https:\/\/sema.es\/przemysl\/"},"modified":"2024-12-16T10:39:18","modified_gmt":"2024-12-16T10:39:18","slug":"industria","status":"publish","type":"page","link":"https:\/\/sema.es\/pl\/industria\/","title":{"rendered":"Przemys\u0142"},"content":{"rendered":"<?xml encoding=\"UTF-8\"><div class=\"gb-container gb-container-64391086\">\n<div class=\"gb-container gb-container-7fddd5ff\">\n\n<p class=\"gb-headline gb-headline-9b73ecbe\"><span class=\"gb-icon\"><svg xmlns=\"http:\/\/www.w3.org\/2000\/svg\" viewbox=\"0 0 36.7 3\"><path d=\"M0 0h36.7v3H0z\"><\/path><\/svg><\/span><span class=\"gb-headline-text\">Przemys&#322;<\/span><\/p>\n\n\n\n<h2 class=\"gb-headline gb-headline-d14c8852 gb-headline-text\">W Atos Origin dopasowujemy nasze cele do Twoich<\/h2>\n\n\n\n<p>Atos Origin pomaga swoim klientom sprosta&#263; wyzwaniu zwi&#281;kszenia udzia&#322;u w rynku poprzez skupienie si&#281; na ich podstawowej dzia&#322;alno&#347;ci i modernizacji proces&oacute;w biznesowych, umo&#380;liwiaj&#261;c im osi&#261;gni&#281;cie strategicznych cel&oacute;w wzrostu.<\/p>\n\n\n\n<p>Nasze do&#347;wiadczenie przek&#322;ada si&#281; na us&#322;ugi od doradztwa po wdra&#380;anie rozwi&#261;za&#324; obejmuj&#261;cych krytyczne procesy biznesowe naszych klient&oacute;w, a wszystko to w ramach rozszerzonego przedsi&#281;biorstwa. Zapewniamy r&oacute;wnie&#380; nasz&#261; infrastruktur&#281; i zasoby do ca&#322;kowitego lub cz&#281;&#347;ciowego zarz&#261;dzania &#347;rodowiskami technologicznymi naszych klient&oacute;w (aplikacjami, systemami i sieciami komunikacyjnymi). <\/p>\n\n\n\n<p>Atos Origin wspiera swoich klient&oacute;w poprzez specjalizacj&#281; w konsultingu, integracji system&oacute;w i outsourcingu.<\/p>\n\n\n\n<h2 class=\"wp-block-heading\">Technologia w s&#322;u&#380;bie przemys&#322;u<\/h2>\n\n\n\n<p>  Celem Atos Origin jest umo&#380;liwienie klientom z sektora przemys&#322;owego wykorzystania mocy technologii w celu osi&#261;gni&#281;cia korzy&#347;ci biznesowych i osi&#261;gni&#281;cia statusu partnera technologicznego, kt&oacute;ry anga&#380;uje si&#281; w potrzeby biznesowe i wizj&#281; swoich klient&oacute;w, umo&#380;liwiaj&#261;c wyniki, kt&oacute;re maksymalizuj&#261; zwrot z inwestycji.<\/p>\n\n\n\n<p>W Atos Origin mamy bogate do&#347;wiadczenie w r&oacute;&#380;nych sektorach przemys&#322;u, takich jak motoryzacja, CPG \/ handel detaliczny, transport, lotnictwo, woda, budownictwo i &#347;rodowisko, ropa i gaz itp.<\/p>\n\n\n\n<p>Jeste&#347;my Twoim wyborem, aby zapewni&#263; sukces projekt&oacute;w technologicznych, kt&oacute;re pomog&#261; Ci w rozwoju Twoich plan&oacute;w biznesowych.<\/p>\n\n<\/div>\n<\/div>\n","protected":false},"excerpt":{"rendered":"<p>Przemys&#322; W Atos Origin dopasowujemy nasze cele do Twoich Atos Origin pomaga swoim klientom sprosta&#263; wyzwaniu zwi&#281;kszenia udzia&#322;u w rynku poprzez skupienie si&#281; na ich podstawowej dzia&#322;alno&#347;ci i modernizacji proces&oacute;w biznesowych, umo&#380;liwiaj&#261;c im osi&#261;gni&#281;cie strategicznych cel&oacute;w wzrostu. Nasze do&#347;wiadczenie przek&#322;ada si&#281; na us&#322;ugi od doradztwa po wdra&#380;anie rozwi&#261;za&#324; obejmuj&#261;cych krytyczne procesy biznesowe naszych klient&oacute;w, a &#8230; <a title=\"Przemys\u0142\" class=\"read-more\" href=\"https:\/\/sema.es\/pl\/industria\/\" aria-label=\"Dowiedz si\u0119 wi\u0119cej o Przemys\u0142\">Czytaj dalej<\/a><\/p>\n","protected":false},"author":1,"featured_media":0,"parent":0,"menu_order":0,"comment_status":"closed","ping_status":"closed","template":"","meta":{"footnotes":""},"class_list":["post-27514","page","type-page","status-publish"],"rank_math_title":"Atos Origin: przekszta\u0142canie przemys\u0142u dzi\u0119ki wiod\u0105cym rozwi\u0105zaniom technologicznym","rank_math_description":"Dostosuj swoje operacje przemys\u0142owe dzi\u0119ki zaawansowanym rozwi\u0105zaniom technologicznym Atos Origin. Specjalizujemy si\u0119 w doradztwie, integracji system\u00f3w i outsourcingu w celu stymulowania wzrostu i optymalizacji proces\u00f3w biznesowych we wszystkich bran\u017cach. ","rank_math_focus_keyword":"","_links":{"self":[{"href":"https:\/\/sema.es\/pl\/wp-json\/wp\/v2\/pages\/27514","targetHints":{"allow":["GET"]}}],"collection":[{"href":"https:\/\/sema.es\/pl\/wp-json\/wp\/v2\/pages"}],"about":[{"href":"https:\/\/sema.es\/pl\/wp-json\/wp\/v2\/types\/page"}],"author":[{"embeddable":true,"href":"https:\/\/sema.es\/pl\/wp-json\/wp\/v2\/users\/1"}],"replies":[{"embeddable":true,"href":"https:\/\/sema.es\/pl\/wp-json\/wp\/v2\/comments?post=27514"}],"version-history":[{"count":0,"href":"https:\/\/sema.es\/pl\/wp-json\/wp\/v2\/pages\/27514\/revisions"}],"wp:attachment":[{"href":"https:\/\/sema.es\/pl\/wp-json\/wp\/v2\/media?parent=27514"}],"curies":[{"name":"wp","href":"https:\/\/api.w.org\/{rel}","templated":true}]}}