{"id":27525,"date":"2024-01-11T13:50:14","date_gmt":"2024-01-11T13:50:14","guid":{"rendered":"https:\/\/sema.es\/narzedzia\/"},"modified":"2024-12-16T10:39:29","modified_gmt":"2024-12-16T10:39:29","slug":"utilities","status":"publish","type":"page","link":"https:\/\/sema.es\/pl\/utilities\/","title":{"rendered":"Narz\u0119dzia"},"content":{"rendered":"<?xml encoding=\"UTF-8\"><div class=\"gb-container gb-container-64391086\">\n<div class=\"gb-container gb-container-7fddd5ff\">\n\n<p class=\"gb-headline gb-headline-9b73ecbe\"><span class=\"gb-icon\"><svg xmlns=\"http:\/\/www.w3.org\/2000\/svg\" viewbox=\"0 0 36.7 3\"><path d=\"M0 0h36.7v3H0z\"><\/path><\/svg><\/span><span class=\"gb-headline-text\">Narz&#281;dzia<\/span><\/p>\n\n\n\n<h2 class=\"gb-headline gb-headline-d14c8852 gb-headline-text\">Budowanie silnych powi&#261;za&#324; w &#322;a&#324;cuchu warto&#347;ci<\/h2>\n\n\n\n<p>Na rynku nap&#281;dzanym przez wyb&oacute;r klient&oacute;w, ci&#261;g&#322;e zmiany i wp&#322;yw Internetu, utrzymanie si&#281; na czele oznacza znalezienie nowych sposob&oacute;w konkurowania.<\/p>\n\n\n\n<ul class=\"wp-block-list\">\n<li>Znalezienie najlepszego sposobu na dopasowanie poda&#380;y i popytu<\/li>\n\n\n\n<li>Znalezienie sposobu na znaczne wykorzystanie wielkiego zasobu informacji<\/li>\n\n\n\n<li>Zwi&#281;kszenie zaufania, obni&#380;enie koszt&oacute;w i zwi&#281;kszenie zysk&oacute;w<\/li>\n\n\n\n<li>Usprawnij obs&#322;ug&#281; klienta, zwi&#281;ksz jego zadowolenie i buduj lojalno&#347;&#263;.<\/li>\n<\/ul>\n\n\n\n<p>Kr&oacute;tko m&oacute;wi&#261;c, wybierz rozwi&#261;zania IT oferowane przez Atos Origin, poniewa&#380; obejmuj&#261; one ca&#322;y &#322;a&#324;cuch biznesowy zar&oacute;wno w &#347;wiecie energii, jak i wody.<\/p>\n\n\n\n<p>Atos Origin jest wiod&#261;c&#261; firm&#261; &#347;wiadcz&#261;c&#261; us&#322;ugi technologiczne na rynkach energii i wody na ca&#322;ym &#347;wiecie.<\/p>\n\n\n\n<p>Dzi&#281;ki sprawdzonemu do&#347;wiadczeniu i mo&#380;liwo&#347;ciom, wiod&#261;cym w bran&#380;y partnerom i strategii biznesowej, a tak&#380;e sile firmy technologicznej o warto&#347;ci 12 miliard&oacute;w dolar&oacute;w, zatrudniaj&#261;cej 30 000 specjalist&oacute;w na ca&#322;ym &#347;wiecie, Atos Origin stanowi ogromn&#261; warto&#347;&#263; dla naszych obecnych klient&oacute;w.<\/p>\n\n\n\n<p>&#379;adna inna firma IT nie mo&#380;e zaoferowa&#263; Twojej firmie wi&#281;cej ni&#380; Atos Origin. &#379;adna inna firma nie &#322;&#261;czy w sobie najnowocze&#347;niejszych technologii cyfrowych i sprawdzonych proces&oacute;w biznesowych, kt&oacute;re przekszta&#322;caj&#261; dane w decyzje podejmowane w czasie rzeczywistym, co stanowi klucz do spe&#322;nienia dzisiejszych wymaga&#324; rynkowych. <\/p>\n\n\n\n<p>Rozwi&#261;zania, kt&oacute;re nie tylko obejmuj&#261; ca&#322;y cykl &#380;ycia projektu, od doradztwa strategicznego i projektowania proces&oacute;w biznesowych po integracj&#281; system&oacute;w, us&#322;ugi zarz&#261;dzane i najbardziej zaawansowane technologie w bran&#380;y, ale mog&#261; r&oacute;wnie&#380; obejmowa&#263; pe&#322;ne spektrum &#322;a&#324;cuch&oacute;w warto&#347;ci energii i wody:<\/p>\n\n\n\n<ul class=\"wp-block-list\">\n<li>Kontrola generacji<\/li>\n\n\n\n<li>Handel energi&#261;<\/li>\n\n\n\n<li>Zarz&#261;dzanie energi&#261; i dostawami wody<\/li>\n\n\n\n<li>Zarz&#261;dzanie energi&#261; w czasie rzeczywistym<\/li>\n\n\n\n<li>Zarz&#261;dzanie zasobami wodnymi<\/li>\n\n\n\n<li>Zarz&#261;dzanie klientami<\/li>\n<\/ul>\n\n\n\n<p>Wyobra&#378; sobie mo&#380;liwo&#347;ci. W przeciwie&#324;stwie do innych, rozwi&#261;zania IT Atos Origin daj&#261; nieograniczone mo&#380;liwo&#347;ci aktywnego rozwi&#261;zywania problem&oacute;w przy u&#380;yciu informacji energetycznych w czasie rzeczywistym i zarz&#261;dzania ci&#261;g&#322;ymi zmianami. <\/p>\n\n\n\n<p>Co wi&#281;cej, rozwi&#261;zania te pozwalaj&#261; dopasowa&#263; poda&#380; do popytu, umo&#380;liwiaj&#261;c osi&#261;gni&#281;cie wydajno&#347;ci rynkowej, kt&oacute;ra wcze&#347;niej by&#322;a niemo&#380;liwa do osi&#261;gni&#281;cia. Oto niekt&oacute;re z zalet, kt&oacute;re zapewni&#261; ci klucz do sukcesu w dzisiejszym zmieniaj&#261;cym si&#281; &#347;rodowisku biznesowym. <\/p>\n\n\n\n<h3 class=\"wp-block-heading\">Kontrola generacji<\/h3>\n\n\n\n<p>Dlaczego warto wybra&#263; Atos Origin dla swoich rozwi&#261;za&#324; Generation Control?<\/p>\n\n\n\n<p>Uzyskanie przewagi, kt&oacute;r&#261; inne wiod&#261;ce przedsi&#281;biorstwa u&#380;yteczno&#347;ci publicznej ju&#380; osi&#261;gn&#281;&#322;y, polegaj&#261;c na naszych zaawansowanych aplikacjach. Obejmuje to ponad 60 elektrowni j&#261;drowych na ca&#322;ym &#347;wiecie oraz pe&#322;n&#261; kontrol&#281; nad wytwarzaniem energii we Francji, Chinach i Brazylii. <\/p>\n\n\n\n<p>Obejmuj&#261;c doradztwo w zakresie proces&oacute;w biznesowych, zarz&#261;dzanie projektami, projektowanie architektury i us&#322;ugi integracyjne, nasze rozwi&#261;zania w zakresie kontroli generowania umo&#380;liwi&#261; Ci<\/p>\n\n\n\n<ul class=\"wp-block-list\">\n<li>Zdalne pobieranie danych w czasie rzeczywistym<\/li>\n\n\n\n<li>Obliczanie i sprawdzanie informacji o stanie sprz&#281;tu \/ pomiarach<\/li>\n\n\n\n<li>Organizowanie operacji<\/li>\n\n\n\n<li>Przeprowadzanie symulacji kontroli<\/li>\n<\/ul>\n\n\n\n<h3 class=\"wp-block-heading\">Handel energi&#261;<\/h3>\n\n\n\n<p>Rosn&#261;ca liczba wiod&#261;cych &#347;wiatowych gie&#322;d energii i trader&oacute;w polega obecnie na us&#322;ugach Atos Origin. W rzeczywisto&#347;ci ponad 42 miliardy dolar&oacute;w zosta&#322;o ju&#380; sprzedanych za po&#347;rednictwem naszych rozwi&#261;za&#324; handlu energi&#261;, World Energy Markets (WEM). <br><\/p>\n\n\n\n<p>WEM umo&#380;liwia zintegrowany obr&oacute;t kontraktami fizycznymi (forward, day ahead, ci&#261;g&#322;e, us&#322;ugi dodatkowe i OTC) oraz kontraktami finansowymi (instrumenty pochodne, opcje i swapy). Rozwi&#261;zanie to obejmuje r&oacute;wnie&#380; rozwi&#261;zania handlowe (rozliczanie, rozrachunek i po&#347;rednictwo informacyjne). <\/p>\n\n\n\n<p>Z perspektywy handlu energi&#261;, WEM stanowi zaawansowan&#261; baz&#281; danych portfela, kt&oacute;ra przechowuje wszystkie kontrakty, ich r&oacute;&#380;ne typy i obejmuje szereg program&oacute;w:<\/p>\n\n\n\n<ul class=\"wp-block-list\">\n<li>Handel front-end<\/li>\n\n\n\n<li>Automatyczne generatory fizycznych program&oacute;w dostaw<\/li>\n\n\n\n<li>Wspomaganie decyzji<\/li>\n\n\n\n<li>&#346;rodki<\/li>\n\n\n\n<li>Zarz&#261;dzanie ryzykiem<\/li>\n\n\n\n<li>Korelacja kontrakt&oacute;w na gaz i energi&#281; elektryczn&#261;<\/li>\n<\/ul>\n\n\n\n<h3 class=\"wp-block-heading\">Zarz&#261;dzanie energi&#261; i dostawami wody<\/h3>\n\n\n\n<p>Nasze zintegrowane aplikacje biznesowe i rozwi&#261;zania dla operacji zaopatrzenia w energi&#281; i wod&#281; od Atos Origin s&#261; uznawane na ca&#322;ym &#347;wiecie za najlepsze w bran&#380;y. I nie ma co do tego w&#261;tpliwo&#347;ci. <\/p>\n\n\n\n<p>Posiadamy unikaln&#261; wiedz&#281; na temat proces&oacute;w i zagadnie&#324; zwi&#261;zanych z dzia&#322;alno&#347;ci&#261; u&#380;yteczno&#347;ci publicznej, a tak&#380;e rozleg&#322;e do&#347;wiadczenie w organizacji, projektowaniu, dostarczaniu, kontroli i integracji r&oacute;&#380;nych system&oacute;w zaopatrzenia w energi&#281; i wod&#281;.<\/p>\n\n\n\n<p>Wiedza ta opiera si&#281; na pomy&#347;lnej realizacji setek projekt&oacute;w na ca&#322;ym &#347;wiecie. W rezultacie opracowali&#347;my nasz Model Office, ramy technologiczne, kt&oacute;re obejmuj&#261; metodologi&#281;, integracj&#281; i modele proces&oacute;w biznesowych, a tak&#380;e integracj&#281; system&oacute;w, us&#322;ugi konsultingowe i &#347;wiatowej klasy oprogramowanie od naszych wiod&#261;cych w bran&#380;y partner&oacute;w. <\/p>\n\n\n\n<p>Korzystaj&#261;c z tego modelu, mo&#380;emy przyspieszy&#263; wdro&#380;enie rozwi&#261;zania do kontroli dostaw energii i wody oraz szybki zwrot z inwestycji. Rozwi&#261;zania Atos Origin w zakresie kontroli dostaw energii i wody obejmuj&#261;: <\/p>\n\n\n\n<ul class=\"wp-block-list\">\n<li>GIS<\/li>\n\n\n\n<li>Zarz&#261;dzanie prac&#261;<\/li>\n\n\n\n<li>Zarz&#261;dzanie awariami i dystrybucj&#261;<\/li>\n\n\n\n<li>Zarz&#261;dzanie i planowanie sieci<\/li>\n\n\n\n<li>Zarz&#261;dzanie pracownikami mobilnymi<\/li>\n\n\n\n<li>Zarz&#261;dzanie &#347;rodkami trwa&#322;ymi<\/li>\n\n\n\n<li>Mapowanie i lokalizowanie zasob&oacute;w podziemnych<\/li>\n\n\n\n<li>Kontrola sieci, w tym: SCADA, zarz&#261;dzanie energi&#261; i zarz&#261;dzanie sieci&#261;<\/li>\n<\/ul>\n\n\n\n<h3 class=\"wp-block-heading\">Zarz&#261;dzanie energi&#261; w czasie rzeczywistym<\/h3>\n\n\n\n<p>Najlepsze w swojej klasie technologie, doradztwo i us&#322;ugi integracji system&oacute;w, inteligentne sieci energetyczne obejmuj&#261;ce inteligentne liczniki, sta&#322;e systemy sieciowe i rozwi&#261;zania do zarz&#261;dzania energi&#261; w czasie rzeczywistym.<\/p>\n\n\n\n<p>Umo&#380;liwia to optymalizacj&#281; informacji o zu&#380;yciu energii, prowadz&#261;c do bezprecedensowej poprawy proces&oacute;w, takich jak zarz&#261;dzanie obci&#261;&#380;eniem, zarz&#261;dzanie energi&#261;, reagowanie na awarie, zarz&#261;dzanie rynkiem i us&#322;ugi handlu energi&#261;, wszystkie zawarte w oferowanych przez nich innowacyjnych rozwi&#261;zaniach do zarz&#261;dzania energi&#261; w czasie rzeczywistym:<\/p>\n\n\n\n<ul class=\"wp-block-list\">\n<li>Sprz&#281;t pomiarowy<\/li>\n\n\n\n<li>Infrastruktura do komunikacji w zakresie gromadzenia danych<\/li>\n\n\n\n<li>Oprogramowanie do gromadzenia danych i zarz&#261;dzania sieci&#261;<\/li>\n\n\n\n<li>Zarz&#261;dzanie danymi poprzez przechowywanie danych, oprogramowanie zabezpieczaj&#261;ce i infrastruktur&#281;<\/li>\n\n\n\n<li>Aplikacje do walidacji, ekspozycji i analizy danych<\/li>\n\n\n\n<li>Aplikacje do zarz&#261;dzania energi&#261;<\/li>\n\n\n\n<li>Integracja aplikacji poprzez zarz&#261;dzanie relacjami z klientami, relacjami z klientami i rozliczeniami, dystrybucj&#261; energii i systemami handlowymi<\/li>\n\n\n\n<li>Portale do zarz&#261;dzania informacjami<\/li>\n<\/ul>\n\n\n\n<p>Rozwa&#380; korzy&#347;ci. Dzi&#281;ki dost&#281;powi w czasie rzeczywistym do kluczowych informacji umo&#380;liwiaj&#261;cych szybkie podejmowanie decyzji, firmy energetyczne mog&#261; radzi&#263; sobie ze zmianami i w pe&#322;ni wykorzystywa&#263; mo&#380;liwo&#347;ci oferowane przez dzisiejszy dynamiczny rynek. To wyja&#347;nia, dlaczego coraz wi&#281;cej firm polega na Atos Origin i naszych rozwi&#261;zaniach do zarz&#261;dzania energi&#261; w czasie rzeczywistym.  <\/p>\n\n\n\n<h3 class=\"wp-block-heading\">Zarz&#261;dzanie zasobami wodnymi<\/h3>\n\n\n\n<p>Dog&#322;&#281;bne zrozumienie obieg&oacute;w wody, przepis&oacute;w &#347;rodowiskowych i proces&oacute;w dystrybucji, w po&#322;&#261;czeniu z najnowocze&#347;niejsz&#261; technologi&#261;, sprawia, &#380;e Atos Origin jest najlepszym wyborem do zarz&#261;dzania jako&#347;ci&#261; i ilo&#347;ci&#261; zasob&oacute;w oraz wspierania przedsi&#281;biorstw u&#380;yteczno&#347;ci publicznej w opracowywaniu zr&oacute;wnowa&#380;onych strategii zarz&#261;dzania wod&#261;.<\/p>\n\n\n\n<p>Oferujemy kreatywne rozwi&#261;zania i podej&#347;cia wykorzystuj&#261;ce jedynie kombinacj&#281; nast&#281;puj&#261;cych dyscyplin:<\/p>\n\n\n\n<ul class=\"wp-block-list\">\n<li>Analiza system&oacute;w wodnych<\/li>\n\n\n\n<li>Hydrogeologia<\/li>\n\n\n\n<li>Monitorowanie i pobieranie pr&oacute;bek<\/li>\n\n\n\n<li>In&#380;ynieria wodna i &#347;rodowiskowa<\/li>\n\n\n\n<li>Technologia informacyjna<\/li>\n\n\n\n<li>Analiza strategiczna<\/li>\n<\/ul>\n\n\n\n<h3 class=\"wp-block-heading\">Zarz&#261;dzanie klientami<\/h3>\n\n\n\n<p>Na rynku nap&#281;dzanym przez wyb&oacute;r klient&oacute;w, ci&#261;g&#322;e zmiany i wp&#322;yw Internetu, utrzymanie si&#281; na czele oznacza znalezienie nowych sposob&oacute;w konkurowania.<\/p>\n\n\n\n<p>Faktem jest, &#380;e aby sprosta&#263; wyzwaniu zwi&#281;kszenia zaufania klient&oacute;w do nas poprzez lepsze i bardziej kompleksowe us&#322;ugi, musimy wzmocni&#263; nasze relacje z klientami.<\/p>\n\n\n\n<p>Dok&#322;adnie to oferuje nasze portfolio rozwi&#261;za&#324;. Rozwi&#261;zania te obejmuj&#261; us&#322;ugi doradztwa strategicznego i zarz&#261;dzania zmian&#261;, opracowywanie odpowiednich modeli i proces&oacute;w biznesowych oraz wdra&#380;anie najnowocze&#347;niejszych technologii: <\/p>\n\n\n\n<ul class=\"wp-block-list\">\n<li>Obs&#322;uga klienta i rozliczenia<\/li>\n\n\n\n<li>CRM<\/li>\n\n\n\n<li>Zarz&#261;dzanie zmian&#261; dostawcy<\/li>\n\n\n\n<li>Optymalizacja call center<\/li>\n\n\n\n<li>Zarz&#261;dzanie energi&#261; klienta<\/li>\n<\/ul>\n\n\n\n<p>Nasze do&#347;wiadczenie przek&#322;ada si&#281; na us&#322;ugi od doradztwa po wdra&#380;anie rozwi&#261;za&#324; obejmuj&#261;cych krytyczne procesy biznesowe naszych klient&oacute;w w rozszerzonym przedsi&#281;biorstwie. Zapewniamy r&oacute;wnie&#380; nasz&#261; infrastruktur&#281; i zasoby do ca&#322;kowitego lub cz&#281;&#347;ciowego zarz&#261;dzania &#347;rodowiskami technologicznymi naszych klient&oacute;w (aplikacjami, systemami i sieciami komunikacyjnymi). <\/p>\n\n<\/div>\n<\/div>\n","protected":false},"excerpt":{"rendered":"<p>Narz&#281;dzia Budowanie silnych powi&#261;za&#324; w &#322;a&#324;cuchu warto&#347;ci Na rynku nap&#281;dzanym przez wyb&oacute;r klient&oacute;w, ci&#261;g&#322;e zmiany i wp&#322;yw Internetu, utrzymanie si&#281; na czele oznacza znalezienie nowych sposob&oacute;w konkurowania. Kr&oacute;tko m&oacute;wi&#261;c, wybierz rozwi&#261;zania IT oferowane przez Atos Origin, poniewa&#380; obejmuj&#261; one ca&#322;y &#322;a&#324;cuch biznesowy zar&oacute;wno w &#347;wiecie energii, jak i wody. Atos Origin jest wiod&#261;c&#261; firm&#261; &#347;wiadcz&#261;c&#261; &#8230; <a title=\"Narz\u0119dzia\" class=\"read-more\" href=\"https:\/\/sema.es\/pl\/utilities\/\" aria-label=\"Dowiedz si\u0119 wi\u0119cej o Narz\u0119dzia\">Czytaj dalej<\/a><\/p>\n","protected":false},"author":1,"featured_media":0,"parent":0,"menu_order":0,"comment_status":"closed","ping_status":"closed","template":"","meta":{"footnotes":""},"class_list":["post-27525","page","type-page","status-publish"],"rank_math_title":"","rank_math_description":"","rank_math_focus_keyword":"","_links":{"self":[{"href":"https:\/\/sema.es\/pl\/wp-json\/wp\/v2\/pages\/27525","targetHints":{"allow":["GET"]}}],"collection":[{"href":"https:\/\/sema.es\/pl\/wp-json\/wp\/v2\/pages"}],"about":[{"href":"https:\/\/sema.es\/pl\/wp-json\/wp\/v2\/types\/page"}],"author":[{"embeddable":true,"href":"https:\/\/sema.es\/pl\/wp-json\/wp\/v2\/users\/1"}],"replies":[{"embeddable":true,"href":"https:\/\/sema.es\/pl\/wp-json\/wp\/v2\/comments?post=27525"}],"version-history":[{"count":0,"href":"https:\/\/sema.es\/pl\/wp-json\/wp\/v2\/pages\/27525\/revisions"}],"wp:attachment":[{"href":"https:\/\/sema.es\/pl\/wp-json\/wp\/v2\/media?parent=27525"}],"curies":[{"name":"wp","href":"https:\/\/api.w.org\/{rel}","templated":true}]}}