{"id":27614,"date":"2020-10-26T20:05:47","date_gmt":"2020-10-26T20:05:47","guid":{"rendered":"https:\/\/sema.es\/crm\/"},"modified":"2024-12-16T10:39:53","modified_gmt":"2024-12-16T10:39:53","slug":"crm","status":"publish","type":"page","link":"https:\/\/sema.es\/pl\/crm\/","title":{"rendered":"CRM"},"content":{"rendered":"<?xml encoding=\"UTF-8\"><div class=\"gb-container gb-container-dbd7fb60\">\n<div class=\"gb-container gb-container-132b70d5\"><div class=\"gb-inside-container\">\n\n<p class=\"gb-headline gb-headline-1dae00de\"><span class=\"gb-icon\"><svg xmlns=\"http:\/\/www.w3.org\/2000\/svg\" viewbox=\"0 0 36.7 3\"><path d=\"M0 0h36.7v3H0z\"><\/path><\/svg><\/span><span class=\"gb-headline-text\">Rozwi&#261;zania<\/span><\/p>\n\n\n\n<h2 class=\"gb-headline gb-headline-7f28430c gb-headline-text\">Zarz&#261;dzanie relacjami z klientami (CRM)<\/h2>\n\n<\/div><\/div>\n\n<div class=\"gb-container gb-container-b898dd4b\"><div class=\"gb-inside-container\">\n\n<p class=\"gb-headline gb-headline-57614a78 gb-headline-text\">&bdquo;Firmy odnios&#261; sukces, je&#347;li klient b&#281;dzie w centrum ich strategii. W Atos Origin mamy jasne pomys&#322;y, kt&oacute;re pomog&#261; ci to osi&#261;gn&#261;&#263;&rdquo;.<\/p>\n\n\n\n<p class=\"gb-headline gb-headline-d268030b gb-headline-text\"><em>Sara M. &ndash; Miami<\/em><\/p>\n\n<\/div><\/div>\n<\/div><div class=\"gb-container gb-container-613ced2e\">\n<div class=\"gb-container gb-container-27a0e383\">\n\n<p class=\"gb-headline gb-headline-25158df7\"><span class=\"gb-icon\"><svg xmlns=\"http:\/\/www.w3.org\/2000\/svg\" viewbox=\"0 0 36.7 3\"><path d=\"M0 0h36.7v3H0z\"><\/path><\/svg><\/span><span class=\"gb-headline-text\"><strong>poprawa<\/strong><\/span><\/p>\n\n\n\n<h2 class=\"gb-headline gb-headline-e923e090 gb-headline-text\">Ewolucja: procesy, konkurencyjno&#347;&#263;<\/h2>\n\n\n\n<figure class=\"wp-block-image size-full\"><img loading=\"lazy\" decoding=\"async\" width=\"460\" height=\"278\" src=\"https:\/\/sema.es\/wp-content\/uploads\/2024\/01\/ciclo_crm.jpg\" alt=\"\" class=\"wp-image-4839\" title=\"\" srcset=\"https:\/\/sema.es\/wp-content\/uploads\/2024\/01\/ciclo_crm.jpg 460w, https:\/\/sema.es\/wp-content\/uploads\/2024\/01\/ciclo_crm-300x181.jpg 300w\" sizes=\"auto, (max-width: 460px) 100vw, 460px\" \/><\/figure>\n\n<\/div>\n\n<div class=\"gb-container gb-container-afc3afdf\">\n\n<p>Obecnie klienci coraz cz&#281;&#347;ciej wymagaj&#261; spersonalizowanych ofert. Rynki s&#261; bardziej przejrzyste i u&#322;atwiaj&#261; zast&#261;pienie jednego dostawcy innym. Globalizacja i ni&#380;sze bariery handlowe zwi&#281;kszy&#322;y konkurencj&#281;.  <\/p>\n\n\n\n<p><br>Aby si&#281; rozwija&#263;, trzeba zdobywa&#263; nowych klient&oacute;w i rozwija&#263; istniej&#261;ce relacje. Dlatego warto&#347;&#263; relacji z klientami ma kluczowe znaczenie dla sukcesu firmy. <\/p>\n\n\n\n<p><br>Dla Atos Origin rozwi&#261;zania CRM powinny by&#263; podej&#347;ciem do zarz&#261;dzania, kt&oacute;re stawia klienta w centrum proces&oacute;w i praktyk ka&#380;dej firmy. W ko&#324;cu jaka jest lepsza reklama dla firmy ni&#380; zwi&#281;kszenie liczby zadowolonych klient&oacute;w? <\/p>\n\n\n\n<h3 class=\"gb-headline gb-headline-de303d0c gb-headline-text\">Rozwi&#261;zania CRM<\/h3>\n\n\n\n<p>Rozwi&#261;zania i technologie CRM oferuj&#261; lepszy wgl&#261;d w klienta wewn&#281;trznego, zwi&#281;kszony dost&#281;p do klienta, bardziej efektywn&#261; interakcj&#281; i ostatecznie integracj&#281; wszystkich kana&#322;&oacute;w kontaktu z klientem i funkcji zaplecza.<\/p>\n\n\n\n<p>Atos Origin, jako lider w dziedzinie integracji biznesowej i technologicznej, oferuje kompleksowe us&#322;ugi na ca&#322;ym &#347;wiecie. Nasze sprawdzone podej&#347;cie &bdquo;Zaprojektuj, Zbuduj, Dzia&#322;aj&rdquo; umo&#380;liwi Ci przekszta&#322;cenie Twojej wizji w strategi&#281; zorientowan&#261; na klienta. Procesy zostan&#261; zaprojektowane z my&#347;l&#261; o klientach, a rozwi&#261;zanie biznesowe we&#378;mie to pod uwag&#281; i zostanie zintegrowane z procesami back-office.  <\/p>\n\n<\/div>\n<\/div><div class=\"gb-container gb-container-b763d655\">\n\n<p class=\"gb-headline gb-headline-df762b4f\"><span class=\"gb-icon\"><svg xmlns=\"http:\/\/www.w3.org\/2000\/svg\" viewbox=\"0 0 36.7 3\"><path d=\"M0 0h36.7v3H0z\"><\/path><\/svg><\/span><span class=\"gb-headline-text\">Skontaktuj si&#281; z nami<\/span><\/p>\n\n\n\n<h2 class=\"gb-headline gb-headline-fbeda807 gb-headline-text\">Skontaktuj si&#281; z naszym dzia&#322;em planowania ju&#380; dzi&#347;, aby um&oacute;wi&#263; si&#281; na wizyt&#281;.<\/h2>\n\n\n\n<a class=\"gb-button gb-button-0d97623a gb-button-text button\" href=\"https:\/\/sema.es\/contact\/\">Um&oacute;w si&#281; na spotkanie<\/a>\n\n<\/div>\n","protected":false},"excerpt":{"rendered":"<p>Rozwi&#261;zania Zarz&#261;dzanie relacjami z klientami (CRM) &bdquo;Firmy odnios&#261; sukces, je&#347;li klient b&#281;dzie w centrum ich strategii. W Atos Origin mamy jasne pomys&#322;y, kt&oacute;re pomog&#261; ci to osi&#261;gn&#261;&#263;&rdquo;. Sara M. &ndash; Miami poprawa Ewolucja: procesy, konkurencyjno&#347;&#263; Obecnie klienci coraz cz&#281;&#347;ciej wymagaj&#261; spersonalizowanych ofert. Rynki s&#261; bardziej przejrzyste i u&#322;atwiaj&#261; zast&#261;pienie jednego dostawcy innym. Globalizacja i ni&#380;sze &#8230; <a title=\"CRM\" class=\"read-more\" href=\"https:\/\/sema.es\/pl\/crm\/\" aria-label=\"Dowiedz si\u0119 wi\u0119cej o CRM\">Czytaj dalej<\/a><\/p>\n","protected":false},"author":1,"featured_media":0,"parent":0,"menu_order":0,"comment_status":"closed","ping_status":"closed","template":"","meta":{"footnotes":""},"class_list":["post-27614","page","type-page","status-publish"],"rank_math_title":"Rozwi\u0105zania CRM Atos Origin: poprawa relacji z klientami","rank_math_description":"Przekszta\u0142\u0107 swoje interakcje z klientami dzi\u0119ki rozwi\u0105zaniom Atos Origin CRM. Nasze podej\u015bcie integruje technologi\u0119 i strategi\u0119, aby umie\u015bci\u0107 klient\u00f3w w centrum Twojej firmy, zwi\u0119kszaj\u0105c satysfakcj\u0119 i wzrost. ","rank_math_focus_keyword":"","_links":{"self":[{"href":"https:\/\/sema.es\/pl\/wp-json\/wp\/v2\/pages\/27614","targetHints":{"allow":["GET"]}}],"collection":[{"href":"https:\/\/sema.es\/pl\/wp-json\/wp\/v2\/pages"}],"about":[{"href":"https:\/\/sema.es\/pl\/wp-json\/wp\/v2\/types\/page"}],"author":[{"embeddable":true,"href":"https:\/\/sema.es\/pl\/wp-json\/wp\/v2\/users\/1"}],"replies":[{"embeddable":true,"href":"https:\/\/sema.es\/pl\/wp-json\/wp\/v2\/comments?post=27614"}],"version-history":[{"count":0,"href":"https:\/\/sema.es\/pl\/wp-json\/wp\/v2\/pages\/27614\/revisions"}],"wp:attachment":[{"href":"https:\/\/sema.es\/pl\/wp-json\/wp\/v2\/media?parent=27614"}],"curies":[{"name":"wp","href":"https:\/\/api.w.org\/{rel}","templated":true}]}}