{"id":27689,"date":"2024-01-11T07:00:27","date_gmt":"2024-01-11T07:00:27","guid":{"rendered":"https:\/\/sema.es\/integracja-systemow\/"},"modified":"2024-12-16T10:40:16","modified_gmt":"2024-12-16T10:40:16","slug":"integracion-de-sistemas","status":"publish","type":"page","link":"https:\/\/sema.es\/pl\/integracion-de-sistemas\/","title":{"rendered":"Integracja system\u00f3w"},"content":{"rendered":"<?xml encoding=\"UTF-8\"><div class=\"gb-container gb-container-64391086\">\n<div class=\"gb-container gb-container-7fddd5ff\">\n\n<p class=\"gb-headline gb-headline-9b73ecbe\"><span class=\"gb-icon\"><svg xmlns=\"http:\/\/www.w3.org\/2000\/svg\" viewbox=\"0 0 36.7 3\"><path d=\"M0 0h36.7v3H0z\"><\/path><\/svg><\/span><span class=\"gb-headline-text\"><\/span><\/p>\n\n\n\n<h2 class=\"gb-headline gb-headline-d14c8852 gb-headline-text\">PRZEJRZYSTE ZARZ&#260;DZANIE Z&#321;O&#379;ONO&#346;CI&#260;<\/h2>\n\n\n\n<p>Dzisiejsze &#347;rodowisko biznesowe przynosi lawin&#281; nowych zmian wymagaj&#261;cych poprawy wydajno&#347;ci biznesowej i zwrotu z inwestycji (ROI). Wydajno&#347;&#263; musi rosn&#261;&#263;, a jednocze&#347;nie wydatki zwi&#261;zane z IT musz&#261; male&#263;. Wyzwanie, aby robi&#263; wi&#281;cej za mniej, wywiera presj&#281; na rozwi&#261;zania IT, aby by&#322;y bardziej skuteczne.  <\/p>\n\n\n\n<p>We wszystkich sektorach kluczowymi wyzwaniami stoj&#261;cymi obecnie przed firmami s&#261;:<\/p>\n\n\n\n<ul class=\"wp-block-list\">\n<li>utrzymanie integralno&#347;ci i bezpiecze&#324;stwa danych strategicznych<\/li>\n\n\n\n<li>wykorzystanie istniej&#261;cej infrastruktury do wdro&#380;enia nowych modeli biznesowych<\/li>\n\n\n\n<li>Rozszerzenie warto&#347;ci system&oacute;w w&#322;asno&#347;ciowych<\/li>\n\n\n\n<li>wdra&#380;anie nowych technologii przy jednoczesnym utrzymaniu normalnej dzia&#322;alno&#347;ci<\/li>\n\n\n\n<li>wykorzystanie IT do optymalizacji produktywno&#347;ci zasob&oacute;w<\/li>\n\n\n\n<li>utrzymanie konkurencyjnego profilu lidera<\/li>\n<\/ul>\n\n\n\n<p>Atos Origin rozumie te wyzwania i ich krytyczny wp&#322;yw na dzia&#322;alno&#347;&#263; naszych klient&oacute;w. Nasze bogate do&#347;wiadczenie w integracji ludzi, proces&oacute;w i technologii pozwala nam projektowa&#263;, rozwija&#263; i wdra&#380;a&#263; praktyczne i solidne rozwi&#261;zania. Stosujemy wiod&#261;ce na rynku metodologie i procesy, kt&oacute;re umo&#380;liwiaj&#261; naszym klientom minimalizacj&#281; ryzyka i skalowanie do wy&#380;szych poziom&oacute;w wydajno&#347;ci poprzez wdra&#380;anie z&#322;o&#380;onych rozwi&#261;za&#324; biznesowych.  <\/p>\n\n\n\n<h2 class=\"wp-block-heading\">Dysponujemy mo&#380;liwo&#347;ciami, kt&oacute;re pozwalaj&#261; zmaksymalizowa&#263; inwestycje w IT<\/h2>\n\n\n\n<p>Nasi specjali&#347;ci ds. integracji system&oacute;w opracowuj&#261; i wdra&#380;aj&#261; nowe rozwi&#261;zania i systemy IT. Zapewniaj&#261; p&#322;ynn&#261; adaptacj&#281; do istniej&#261;cej infrastruktury oraz ci&#261;g&#322;&#261; konserwacj&#281; i ulepszanie aplikacji IT zgodnie z wymaganiami. <\/p>\n\n\n\n<p>Wsp&oacute;&#322;pracujemy z naszymi klientami w celu opracowania d&#322;ugoterminowych plan&oacute;w IT, kt&oacute;re wspieraj&#261; i wzmacniaj&#261; ich og&oacute;ln&#261; strategi&#281; biznesow&#261;. Ponadto opracowujemy specjalistyczne rozwi&#261;zania i integrujemy najlepsze w swojej klasie technologie oraz oferujemy systemy w pakietach w ramach kompleksowej oferty. <\/p>\n\n<\/div>\n\n<div class=\"gb-container gb-container-0896ed09\">\n\n<figure class=\"wp-block-image size-full blue-shadow img\"><img loading=\"lazy\" decoding=\"async\" width=\"600\" height=\"450\" src=\"https:\/\/sema.es\/wp-content\/uploads\/2020\/10\/counselling.jpg\" alt=\"\" class=\"wp-image-4364\" title=\"\" srcset=\"https:\/\/sema.es\/wp-content\/uploads\/2020\/10\/counselling.jpg 600w, https:\/\/sema.es\/wp-content\/uploads\/2020\/10\/counselling-300x225.jpg 300w\" sizes=\"auto, (max-width: 600px) 100vw, 600px\" \/><\/figure>\n\n<\/div>\n<\/div>\n","protected":false},"excerpt":{"rendered":"<p>PRZEJRZYSTE ZARZ&#260;DZANIE Z&#321;O&#379;ONO&#346;CI&#260; Dzisiejsze &#347;rodowisko biznesowe przynosi lawin&#281; nowych zmian wymagaj&#261;cych poprawy wydajno&#347;ci biznesowej i zwrotu z inwestycji (ROI). Wydajno&#347;&#263; musi rosn&#261;&#263;, a jednocze&#347;nie wydatki zwi&#261;zane z IT musz&#261; male&#263;. Wyzwanie, aby robi&#263; wi&#281;cej za mniej, wywiera presj&#281; na rozwi&#261;zania IT, aby by&#322;y bardziej skuteczne. We wszystkich sektorach kluczowymi wyzwaniami stoj&#261;cymi obecnie przed firmami s&#261;: &#8230; <a title=\"Integracja system\u00f3w\" class=\"read-more\" href=\"https:\/\/sema.es\/pl\/integracion-de-sistemas\/\" aria-label=\"Dowiedz si\u0119 wi\u0119cej o Integracja system\u00f3w\">Czytaj dalej<\/a><\/p>\n","protected":false},"author":1,"featured_media":0,"parent":0,"menu_order":0,"comment_status":"closed","ping_status":"closed","template":"","meta":{"footnotes":""},"class_list":["post-27689","page","type-page","status-publish"],"rank_math_title":"Us\u0142ugi integracji system\u00f3w Atos: poprawa wydajno\u015bci biznesowej","rank_math_description":"Zoptymalizuj swoj\u0105 dzia\u0142alno\u015b\u0107 dzi\u0119ki us\u0142ugom integracji system\u00f3w Atos. Osi\u0105gnij wi\u0119ksz\u0105 produktywno\u015b\u0107 i zwrot z inwestycji poprzez integracj\u0119 nowych technologii z istniej\u0105c\u0105 infrastruktur\u0105, utrzymanie integralno\u015bci danych i wykorzystanie post\u0119pu IT. ","rank_math_focus_keyword":"","_links":{"self":[{"href":"https:\/\/sema.es\/pl\/wp-json\/wp\/v2\/pages\/27689","targetHints":{"allow":["GET"]}}],"collection":[{"href":"https:\/\/sema.es\/pl\/wp-json\/wp\/v2\/pages"}],"about":[{"href":"https:\/\/sema.es\/pl\/wp-json\/wp\/v2\/types\/page"}],"author":[{"embeddable":true,"href":"https:\/\/sema.es\/pl\/wp-json\/wp\/v2\/users\/1"}],"replies":[{"embeddable":true,"href":"https:\/\/sema.es\/pl\/wp-json\/wp\/v2\/comments?post=27689"}],"version-history":[{"count":0,"href":"https:\/\/sema.es\/pl\/wp-json\/wp\/v2\/pages\/27689\/revisions"}],"wp:attachment":[{"href":"https:\/\/sema.es\/pl\/wp-json\/wp\/v2\/media?parent=27689"}],"curies":[{"name":"wp","href":"https:\/\/api.w.org\/{rel}","templated":true}]}}