{"id":27699,"date":"2024-01-11T07:03:23","date_gmt":"2024-01-11T07:03:23","guid":{"rendered":"https:\/\/sema.es\/outsourcing\/"},"modified":"2024-12-16T10:40:15","modified_gmt":"2024-12-16T10:40:15","slug":"outsourcing","status":"publish","type":"page","link":"https:\/\/sema.es\/pl\/outsourcing\/","title":{"rendered":"Outsourcing"},"content":{"rendered":"<?xml encoding=\"UTF-8\"><div class=\"gb-container gb-container-64391086\">\n<div class=\"gb-container gb-container-7fddd5ff\">\n\n<p class=\"gb-headline gb-headline-9b73ecbe\"><span class=\"gb-icon\"><svg xmlns=\"http:\/\/www.w3.org\/2000\/svg\" viewbox=\"0 0 36.7 3\"><path d=\"M0 0h36.7v3H0z\"><\/path><\/svg><\/span><span class=\"gb-headline-text\"><\/span><\/p>\n\n\n\n<h2 class=\"gb-headline gb-headline-d14c8852 gb-headline-text\">Podwykonawstwo<\/h2>\n\n\n\n<p>W ci&#261;gle zmieniaj&#261;cym si&#281; &#347;wiecie firmy musz&#261; usprawnia&#263; swoje procesy biznesowe, aby utrzyma&#263; i podnosi&#263; poziom konkurencyjno&#347;ci. Czynniki takie jak kr&oacute;tsze cykle produkt&oacute;w, globalna konkurencja, bardziej konkurencyjne &#322;a&#324;cuchy dostaw i rosn&#261;ce wyrafinowanie towarzysz&#261; wi&#281;kszemu wk&#322;adowi i z&#322;o&#380;ono&#347;ci system&oacute;w informatycznych. <\/p>\n\n\n\n<p>Potrzeba wi&#281;kszej dost&#281;pno&#347;ci zasob&oacute;w do realizacji strategicznych projekt&oacute;w, posiadania system&oacute;w aktywnych 7 dni w tygodniu, 24 godziny na dob&#281;, skupienia si&#281; na zadaniach, kt&oacute;re naprawd&#281; dodaj&#261; warto&#347;ci firmie, a tak&#380;e posiadania system&oacute;w IT, kt&oacute;rych koszty s&#261; kontrolowane i uzasadnione, staje si&#281; coraz bardziej nagl&#261;ca ka&#380;dego dnia.<\/p>\n\n\n\n<p>Atos Origin odpowiada na te potrzeby klient&oacute;w poprzez wdra&#380;anie i zarz&#261;dzanie &#347;rodowiskami IT. Dzi&#281;ki naszej pozycji lidera rynku w zarz&#261;dzaniu cyklem &#380;ycia aplikacji biznesowych i infrastruktury, kt&oacute;ra je obs&#322;uguje, a tak&#380;e naszemu bogatemu do&#347;wiadczeniu w dostarczaniu us&#322;ug lokalnym i globalnym organizacjom, mo&#380;emy dzieli&#263; si&#281; z naszymi klientami ryzykiem i korzy&#347;ciami p&#322;yn&#261;cymi z tej fundamentalnej zmiany. <\/p>\n\n\n\n<p>Us&#322;ugi oferowane przez Atos Origin obejmuj&#261; kompletny outsourcing system&oacute;w informatycznych, dostosowany do potrzeb biznesowych klienta, obejmuj&#261;cy nast&#281;puj&#261;ce elementy:<\/p>\n\n\n\n<ul class=\"wp-block-list\">\n<li>Zarz&#261;dzanie aplikacjami<\/li>\n\n\n\n<li>Zarz&#261;dzanie serwerem<\/li>\n\n\n\n<li>Zarz&#261;dzanie &#347;rodowiskiem graficznym<\/li>\n\n\n\n<li>Zarz&#261;dzanie sieci&#261;<\/li>\n\n\n\n<li>Us&#322;ugi wsparcia, Helpdesk<\/li>\n<\/ul>\n\n\n\n<p>Dostarczanie tych us&#322;ug opiera si&#281; na trzech podstawowych filarach: procesach, organizacji i narz&#281;dziach. Atos Origin opracowa&#322; w&#322;asn&#261; metodologi&#281; dostarczania us&#322;ug, Customer Service Delivery Model, opart&#261; na ITIL, kt&oacute;ra zapewnia, &#380;e w ka&#380;dym miejscu na &#347;wiecie nasi klienci znajd&#261; te same sposoby dzia&#322;ania. CSDM idzie jednak dalej, &#322;&#261;cz&#261;c organizacj&#281; z tymi procesami, definiuj&#261;c obowi&#261;zki i role r&oacute;&#380;nych grup. Wreszcie, narz&#281;dzia pozwalaj&#261; u&#322;atwia&#263; i wspiera&#263; organizacj&#281; i jej procesy, wykorzystuj&#261;c te, kt&oacute;re s&#261; najlepiej dostosowane do potrzeb klient&oacute;w w ka&#380;dym przypadku.   <\/p>\n\n\n\n<p>Rozwi&#261;zanie Atos Origin przyniesie realne korzy&#347;ci:<\/p>\n\n\n\n<ul class=\"wp-block-list\">\n<li>Zapewnienie ci&#261;g&#322;o&#347;ci dzia&#322;ania system&oacute;w informatycznych<\/li>\n\n\n\n<li>Wiod&#261;ce innowacje technologiczne w celu poprawy konkurencyjno&#347;ci<\/li>\n\n\n\n<li>Upewnij si&#281;, &#380;e korzystasz z najlepszych rozwi&#261;za&#324; zgodnych z Twoimi celami biznesowymi.<\/li>\n\n\n\n<li>&#321;&#261;czenie wymaga&#324; biznesowych z rozwi&#261;zaniami technologicznymi<\/li>\n\n\n\n<li>Dzielenie si&#281; informacjami poprzez anga&#380;owanie naszych klient&oacute;w na wszystkich kluczowych etapach.<\/li>\n\n\n\n<li>Zarz&#261;dzanie z&#322;o&#380;ono&#347;ci&#261; i dynamik&#261; system&oacute;w rozproszonych poprzez proaktywne zarz&#261;dzanie.<\/li>\n<\/ul>\n\n<\/div>\n\n<div class=\"gb-container gb-container-0896ed09\">\n\n<figure class=\"wp-block-image size-full blue-shadow img\"><img loading=\"lazy\" decoding=\"async\" width=\"1024\" height=\"1024\" src=\"https:\/\/sema.es\/wp-content\/uploads\/2024\/01\/hp_001.png\" alt=\"\" class=\"wp-image-4854\" title=\"\" srcset=\"https:\/\/sema.es\/wp-content\/uploads\/2024\/01\/hp_001.png 1024w, https:\/\/sema.es\/wp-content\/uploads\/2024\/01\/hp_001-300x300.png 300w, https:\/\/sema.es\/wp-content\/uploads\/2024\/01\/hp_001-150x150.png 150w, https:\/\/sema.es\/wp-content\/uploads\/2024\/01\/hp_001-768x768.png 768w\" sizes=\"auto, (max-width: 1024px) 100vw, 1024px\" \/><\/figure>\n\n<\/div>\n<\/div>\n","protected":false},"excerpt":{"rendered":"<p>Podwykonawstwo W ci&#261;gle zmieniaj&#261;cym si&#281; &#347;wiecie firmy musz&#261; usprawnia&#263; swoje procesy biznesowe, aby utrzyma&#263; i podnosi&#263; poziom konkurencyjno&#347;ci. Czynniki takie jak kr&oacute;tsze cykle produkt&oacute;w, globalna konkurencja, bardziej konkurencyjne &#322;a&#324;cuchy dostaw i rosn&#261;ce wyrafinowanie towarzysz&#261; wi&#281;kszemu wk&#322;adowi i z&#322;o&#380;ono&#347;ci system&oacute;w informatycznych. Potrzeba wi&#281;kszej dost&#281;pno&#347;ci zasob&oacute;w do realizacji strategicznych projekt&oacute;w, posiadania system&oacute;w aktywnych 7 dni w tygodniu, &#8230; <a title=\"Outsourcing\" class=\"read-more\" href=\"https:\/\/sema.es\/pl\/outsourcing\/\" aria-label=\"Dowiedz si\u0119 wi\u0119cej o Outsourcing\">Czytaj dalej<\/a><\/p>\n","protected":false},"author":1,"featured_media":0,"parent":0,"menu_order":0,"comment_status":"closed","ping_status":"closed","template":"","meta":{"footnotes":""},"class_list":["post-27699","page","type-page","status-publish"],"rank_math_title":"Us\u0142ugi outsourcingowe Atos Origin: poprawa wydajno\u015bci biznesowej i innowacyjno\u015bci","rank_math_description":"Usprawnij swoje operacje dzi\u0119ki us\u0142ugom Atos Origin Outsourcing. Osi\u0105gaj ci\u0105g\u0142e innowacje i przewag\u0119 konkurencyjn\u0105, wykorzystuj\u0105c nasz\u0105 wiedz\u0119 w zakresie zarz\u0105dzania aplikacjami, serwerami i sieci\u0105 oraz wsparcia u\u017cytkownik\u00f3w. ","rank_math_focus_keyword":"","_links":{"self":[{"href":"https:\/\/sema.es\/pl\/wp-json\/wp\/v2\/pages\/27699","targetHints":{"allow":["GET"]}}],"collection":[{"href":"https:\/\/sema.es\/pl\/wp-json\/wp\/v2\/pages"}],"about":[{"href":"https:\/\/sema.es\/pl\/wp-json\/wp\/v2\/types\/page"}],"author":[{"embeddable":true,"href":"https:\/\/sema.es\/pl\/wp-json\/wp\/v2\/users\/1"}],"replies":[{"embeddable":true,"href":"https:\/\/sema.es\/pl\/wp-json\/wp\/v2\/comments?post=27699"}],"version-history":[{"count":0,"href":"https:\/\/sema.es\/pl\/wp-json\/wp\/v2\/pages\/27699\/revisions"}],"wp:attachment":[{"href":"https:\/\/sema.es\/pl\/wp-json\/wp\/v2\/media?parent=27699"}],"curies":[{"name":"wp","href":"https:\/\/api.w.org\/{rel}","templated":true}]}}