{"id":27731,"date":"2024-01-11T12:40:23","date_gmt":"2024-01-11T12:40:23","guid":{"rendered":"https:\/\/sema.es\/srodowisko-i-systemy-informacyjne\/"},"modified":"2024-12-16T10:40:34","modified_gmt":"2024-12-16T10:40:34","slug":"medio-ambiente-y-sistemas-de-informacion","status":"publish","type":"page","link":"https:\/\/sema.es\/pl\/medio-ambiente-y-sistemas-de-informacion\/","title":{"rendered":"\u015arodowisko i systemy informacyjne"},"content":{"rendered":"<?xml encoding=\"UTF-8\"><div class=\"gb-container gb-container-613ced2e\">\n<div class=\"gb-container gb-container-27a0e383\">\n\n<p class=\"gb-headline gb-headline-25158df7\"><span class=\"gb-icon\"><svg xmlns=\"http:\/\/www.w3.org\/2000\/svg\" viewbox=\"0 0 36.7 3\"><path d=\"M0 0h36.7v3H0z\"><\/path><\/svg><\/span><span class=\"gb-headline-text\"><strong>Zaanga&#380;owany w zr&oacute;wnowa&#380;ony rozw&oacute;j<\/strong><\/span><\/p>\n\n\n\n<h2 class=\"gb-headline gb-headline-e923e090 gb-headline-text\">&#346;rodowisko i systemy informacyjne<\/h2>\n\n\n\n<p>Atos Origin i jego mi&#281;dzynarodowy oddzia&#322; konsultingowy, Atos Consulting, s&#261; liderami w opracowywaniu rozwi&#261;za&#324; technologicznych skoncentrowanych na u&#322;atwianiu firmom i organizacjom zaanga&#380;owania w zr&oacute;wnowa&#380;ony rozw&oacute;j.<\/p>\n\n\n\n<p>Atos Consulting, &#347;wiadomy coraz bardziej aktywnej roli firmy na rzecz &#347;rodowiska, opracowa&#322; szereg rozwi&#261;za&#324; skoncentrowanych na jego ochronie poprzez integracj&#281; parametr&oacute;w &#347;rodowiskowych w finansowych i handlowych systemach informacyjnych organizacji. Nasza inicjatywa rozpocz&#281;&#322;a si&#281; w 2001 roku w podsektorze gromadzenia, oczyszczania i dostarczania wody ( <em><a href=\"https:\/\/sema.es\/pl\/water-pack\/\" data-type=\"page\" data-id=\"4879\">Water-Pack<\/a><\/em> ), zasobu naturalnego o kluczowym znaczeniu, kt&oacute;rego zarz&#261;dzanie wymaga system&oacute;w informatycznych zdolnych do szczeg&oacute;&#322;owej i przede wszystkim zintegrowanej analizy danych. <\/p>\n\n\n\n<p>Atos Consulting proponuje obecnie rozwi&#261;zania w podsektorze odpad&oacute;w, w szczeg&oacute;lno&#347;ci w zakresie zarz&#261;dzania odpadami przemys&#322;owymi ( <a href=\"https:\/\/sema.es\/pl\/environment-pack\/\" data-type=\"page\" data-id=\"4882\"><em>Environment Pack<\/em> <\/a>). W tym celu po raz kolejny wykorzystuje SAP jako narz&#281;dzie wsparcia biznesowego i buduje na nim seri&#281; produkt&oacute;w, kt&oacute;re stanowi&#261; odpowied&#378; dla stron zaanga&#380;owanych w biznes: producent&oacute;w, mened&#380;er&oacute;w, przewo&#378;nik&oacute;w i administracji &#347;rodowiskowej. Narz&#281;dzia te zwi&#281;ksz&#261; warto&#347;&#263; firmy, zoptymalizuj&#261; procesy i zaoszcz&#281;dz&#261; koszty procedur administracyjnych, zapewniaj&#261;c jednocze&#347;nie odpowiednie kryteria do podejmowania strategicznych decyzji w firmie.  <\/p>\n\n<\/div>\n<\/div>\n","protected":false},"excerpt":{"rendered":"<p>Zaanga&#380;owany w zr&oacute;wnowa&#380;ony rozw&oacute;j &#346;rodowisko i systemy informacyjne Atos Origin i jego mi&#281;dzynarodowy oddzia&#322; konsultingowy, Atos Consulting, s&#261; liderami w opracowywaniu rozwi&#261;za&#324; technologicznych skoncentrowanych na u&#322;atwianiu firmom i organizacjom zaanga&#380;owania w zr&oacute;wnowa&#380;ony rozw&oacute;j. Atos Consulting, &#347;wiadomy coraz bardziej aktywnej roli firmy na rzecz &#347;rodowiska, opracowa&#322; szereg rozwi&#261;za&#324; skoncentrowanych na jego ochronie poprzez integracj&#281; parametr&oacute;w &#347;rodowiskowych &#8230; <a title=\"\u015arodowisko i systemy informacyjne\" class=\"read-more\" href=\"https:\/\/sema.es\/pl\/medio-ambiente-y-sistemas-de-informacion\/\" aria-label=\"Dowiedz si\u0119 wi\u0119cej o \u015arodowisko i systemy informacyjne\">Czytaj dalej<\/a><\/p>\n","protected":false},"author":1,"featured_media":0,"parent":0,"menu_order":0,"comment_status":"closed","ping_status":"closed","template":"","meta":{"footnotes":""},"class_list":["post-27731","page","type-page","status-publish"],"rank_math_title":"Atos Origin: Pionier w zakresie zr\u00f3wnowa\u017conego rozwoju \u015brodowiska dzi\u0119ki rozwi\u0105zaniom IT","rank_math_description":"Zwi\u0119ksz swoje zaanga\u017cowanie w zr\u00f3wnowa\u017cony rozw\u00f3j dzi\u0119ki ekologicznym rozwi\u0105zaniom IT Atos Origin. Nasze innowacyjne podej\u015bcia integruj\u0105 kwestie \u015brodowiskowe z systemami biznesowymi, promuj\u0105c zr\u00f3wnowa\u017cone praktyki i wydajno\u015b\u0107. ","rank_math_focus_keyword":"","_links":{"self":[{"href":"https:\/\/sema.es\/pl\/wp-json\/wp\/v2\/pages\/27731","targetHints":{"allow":["GET"]}}],"collection":[{"href":"https:\/\/sema.es\/pl\/wp-json\/wp\/v2\/pages"}],"about":[{"href":"https:\/\/sema.es\/pl\/wp-json\/wp\/v2\/types\/page"}],"author":[{"embeddable":true,"href":"https:\/\/sema.es\/pl\/wp-json\/wp\/v2\/users\/1"}],"replies":[{"embeddable":true,"href":"https:\/\/sema.es\/pl\/wp-json\/wp\/v2\/comments?post=27731"}],"version-history":[{"count":0,"href":"https:\/\/sema.es\/pl\/wp-json\/wp\/v2\/pages\/27731\/revisions"}],"wp:attachment":[{"href":"https:\/\/sema.es\/pl\/wp-json\/wp\/v2\/media?parent=27731"}],"curies":[{"name":"wp","href":"https:\/\/api.w.org\/{rel}","templated":true}]}}