{"id":28048,"date":"2024-12-30T10:36:07","date_gmt":"2024-12-30T10:36:07","guid":{"rendered":"https:\/\/sema.es\/odkryj-najlepsza-sztuczna-inteligencje-i-narzedzia-do-automatycznego-handlu-na-sema-co-uk\/"},"modified":"2025-01-02T08:36:55","modified_gmt":"2025-01-02T08:36:55","slug":"opiniones","status":"publish","type":"page","link":"https:\/\/sema.es\/pl\/opiniones\/","title":{"rendered":"Odkryj najlepsz\u0105 sztuczn\u0105 inteligencj\u0119 i narz\u0119dzia do automatycznego handlu na Sema.co.uk"},"content":{"rendered":"<?xml encoding=\"UTF-8\"><div class=\"gb-container gb-container-2cb3225e\">\n<div class=\"gb-container gb-container-d91a046e\">\n\n<p>Wyb&oacute;r projektu tradingowego nie jest &#322;atwy. Jest ich wiele i wszystkie twierdz&#261;, &#380;e s&#261; najlepsze. Ale kt&oacute;re z nich naprawd&#281; dzia&#322;aj&#261;? Tutaj w&#322;a&#347;nie wkracza Sema.co.uk. Analizujemy projekty handlowe wykorzystuj&#261;ce automatyzacj&#281; i sztuczn&#261; inteligencj&#281; i skupiamy si&#281; na tym, co naprawd&#281; wa&#380;ne: czy naprawd&#281; dzia&#322;aj&#261; dobrze, czy s&#261; &#322;atwe w u&#380;yciu, ile kosztuj&#261; i co m&oacute;wi&#261; o nich prawdziwi ludzie?        <\/p>\n\n\n\n<p>Tw&oacute;j czas jest cenny, a znalezienie odpowiednich narz&#281;dzi mo&#380;e by&#263; wyzwaniem. W&#322;a&#347;nie dlatego przygl&#261;damy si&#281; szczeg&oacute;&#322;om i analizujemy wydajno&#347;&#263; tych projekt&oacute;w. Niezale&#380;nie od tego, czy szukasz rozwi&#261;zania do pe&#322;nego zarz&#261;dzania operacjami, czy potrzebujesz tylko niewielkiego wsparcia, upraszczamy proces, aby&#347; m&oacute;g&#322; &#322;atwo por&oacute;wna&#263; dost&#281;pne opcje.  <\/p>\n\n\n\n<p>&#379;adnych wyszukanych s&#322;&oacute;w. &#379;adnych obietnic bez pokrycia. Tylko jasne informacje, kt&oacute;re pomog&#261; ci wybra&#263; to, co dzia&#322;a dla ciebie. Zobaczysz, kt&oacute;re z nich s&#261; tego warte, a kt&oacute;re nie. Je&#347;li jeste&#347; zm&#281;czony zgadywaniem i po prostu chcesz czego&#347;, co naprawd&#281; pomaga, mamy Twoje wsparcie. Pozw&oacute;l Sema.co.uk pom&oacute;c Ci znale&#378;&#263; odpowiednie narz&#281;dzia, kt&oacute;re sprawi&#261;, &#380;e Tw&oacute;j handel b&#281;dzie m&#261;drzejszy i &#322;atwiejszy.     <\/p>\n\n\n\n<div class=\"gb-grid-wrapper gb-grid-wrapper-969764cd gb-query-loop-wrapper\">\n<div class=\"gb-grid-column gb-grid-column-bab92a39 gb-query-loop-item post-34089 opiniones type-opiniones status-publish format-standard has-post-thumbnail hentry\"><div class=\"gb-container gb-container-bab92a39\">\n<figure class=\"gb-block-image gb-block-image-3760521c\"><img loading=\"lazy\" decoding=\"async\" width=\"960\" height=\"538\" src=\"https:\/\/sema.es\/wp-content\/uploads\/2025\/04\/Laptop-trading-with-real-insights.jpg\" class=\"gb-image-3760521c\" alt=\"Laptop trading with real insights\" srcset=\"https:\/\/sema.es\/wp-content\/uploads\/2025\/04\/Laptop-trading-with-real-insights.jpg 960w, https:\/\/sema.es\/wp-content\/uploads\/2025\/04\/Laptop-trading-with-real-insights-300x168.jpg 300w, https:\/\/sema.es\/wp-content\/uploads\/2025\/04\/Laptop-trading-with-real-insights-768x430.jpg 768w\" sizes=\"auto, (max-width: 960px) 100vw, 960px\" title=\"\"><\/figure>\n\n<h2 class=\"gb-headline gb-headline-c749df71 gb-headline-text\"><a href=\"https:\/\/sema.es\/pl\/opiniones\/immediate-sanorex-app\/\">Jak K00414 pomaga mi utrzyma&#263; si&#281; na czele<\/a><\/h2>\n\n<div class=\"gb-container gb-container-f0e6f24f\">\n<p class=\"gb-headline gb-headline-34b1bc7a gb-headline-text\"><time class=\"entry-date published\" datetime=\"2025-07-09T15:32:54+00:00\">9 lipca, 2025<\/time><\/p>\n\n<p class=\"gb-headline gb-headline-d479f286 gb-headline-text\">Billy Zambrano<\/p>\n<\/div>\n\n<div class=\"gb-headline gb-headline-f7e2115e gb-headline-text\">Je&#347;li handel wydaje si&#281; bardziej skomplikowany ni&#380; powinien by&#263;, Twoja platforma mo&#380;e Ci&#281; powstrzymywa&#263;. K00414 zdejmuje presj&#281; dzi&#281;ki dost&#281;pnym narz&#281;dziom i sta&#322;ej wydajno&#347;ci zaprojektowanej tak, aby dotrzyma&#263; Ci kroku.<\/div>\n<\/div><\/div>\n\n<div class=\"gb-grid-column gb-grid-column-bab92a39 gb-query-loop-item post-34080 opiniones type-opiniones status-publish format-standard has-post-thumbnail hentry\"><div class=\"gb-container gb-container-bab92a39\">\n<figure class=\"gb-block-image gb-block-image-3760521c\"><img loading=\"lazy\" decoding=\"async\" width=\"960\" height=\"538\" src=\"https:\/\/sema.es\/wp-content\/uploads\/2025\/04\/Tablet-screen-with-trading-dashboard.jpg\" class=\"gb-image-3760521c\" alt=\"Tablet screen with trading dashboard\" srcset=\"https:\/\/sema.es\/wp-content\/uploads\/2025\/04\/Tablet-screen-with-trading-dashboard.jpg 960w, https:\/\/sema.es\/wp-content\/uploads\/2025\/04\/Tablet-screen-with-trading-dashboard-300x168.jpg 300w, https:\/\/sema.es\/wp-content\/uploads\/2025\/04\/Tablet-screen-with-trading-dashboard-768x430.jpg 768w\" sizes=\"auto, (max-width: 960px) 100vw, 960px\" title=\"\"><\/figure>\n\n<h2 class=\"gb-headline gb-headline-c749df71 gb-headline-text\"><a href=\"https:\/\/sema.es\/pl\/opiniones\/immediate-sanorex-review\/\">Wersja K00413 2025: Pe&#322;ne zestawienie narz&#281;dzi, zagro&#380;e&#324; i pomocy<\/a><\/h2>\n\n<div class=\"gb-container gb-container-f0e6f24f\">\n<p class=\"gb-headline gb-headline-34b1bc7a gb-headline-text\"><time class=\"entry-date published\" datetime=\"2025-07-09T15:26:13+00:00\">9 lipca, 2025<\/time><\/p>\n\n<p class=\"gb-headline gb-headline-d479f286 gb-headline-text\">Anibal Diaz<\/p>\n<\/div>\n\n<div class=\"gb-headline gb-headline-f7e2115e gb-headline-text\">Jako certyfikowany doradca finansowy (CFP) i do&#347;wiadczony analityk z ponad dziesi&#281;cioletnim do&#347;wiadczeniem na rynkach kryptowalut, do ka&#380;dej oceny wnosz&#281; wiedz&#281; opart&#261; na danych i strategiczn&#261; perspektyw&#281;.<\/div>\n<\/div><\/div>\n\n<div class=\"gb-grid-column gb-grid-column-bab92a39 gb-query-loop-item post-34071 opiniones type-opiniones status-publish format-standard has-post-thumbnail hentry\"><div class=\"gb-container gb-container-bab92a39\">\n<figure class=\"gb-block-image gb-block-image-3760521c\"><img loading=\"lazy\" decoding=\"async\" width=\"960\" height=\"538\" src=\"https:\/\/sema.es\/wp-content\/uploads\/2025\/04\/Tablet-platform-for-smart-trading.jpg\" class=\"gb-image-3760521c\" alt=\"Tablet platform for smart trading\" srcset=\"https:\/\/sema.es\/wp-content\/uploads\/2025\/04\/Tablet-platform-for-smart-trading.jpg 960w, https:\/\/sema.es\/wp-content\/uploads\/2025\/04\/Tablet-platform-for-smart-trading-300x168.jpg 300w, https:\/\/sema.es\/wp-content\/uploads\/2025\/04\/Tablet-platform-for-smart-trading-768x430.jpg 768w\" sizes=\"auto, (max-width: 960px) 100vw, 960px\" title=\"\"><\/figure>\n\n<h2 class=\"gb-headline gb-headline-c749df71 gb-headline-text\"><a href=\"https:\/\/sema.es\/pl\/opiniones\/immediate-sanorex\/\">K00412 w 2025 r.: Ocena jego innowacyjno&#347;ci i otwarto&#347;ci<\/a><\/h2>\n\n<div class=\"gb-container gb-container-f0e6f24f\">\n<p class=\"gb-headline gb-headline-34b1bc7a gb-headline-text\"><time class=\"entry-date published\" datetime=\"2025-07-09T15:09:06+00:00\">9 lipca, 2025<\/time><\/p>\n\n<p class=\"gb-headline gb-headline-d479f286 gb-headline-text\">Anibal Diaz<\/p>\n<\/div>\n\n<div class=\"gb-headline gb-headline-f7e2115e gb-headline-text\">Posiadaj&#261;c ponad dziesi&#281;cioletnie do&#347;wiadczenie jako analityk finansowy w ci&#261;gle zmieniaj&#261;cym si&#281; &#347;wiecie kryptowalut i posiadaj&#261;c certyfikat w zakresie system&oacute;w blockchain, by&#322;em &#347;wiadkiem wzlot&oacute;w i upadk&oacute;w wielu platform kryptowalutowych.<\/div>\n<\/div><\/div>\n\n<div class=\"gb-grid-column gb-grid-column-bab92a39 gb-query-loop-item post-33238 opiniones type-opiniones status-publish format-standard has-post-thumbnail hentry\"><div class=\"gb-container gb-container-bab92a39\">\n<figure class=\"gb-block-image gb-block-image-3760521c\"><img loading=\"lazy\" decoding=\"async\" width=\"960\" height=\"538\" src=\"https:\/\/sema.es\/wp-content\/uploads\/2025\/04\/Positive-mobile-trading-experience.jpg\" class=\"gb-image-3760521c\" alt=\"Positive mobile trading experience\" srcset=\"https:\/\/sema.es\/wp-content\/uploads\/2025\/04\/Positive-mobile-trading-experience.jpg 960w, https:\/\/sema.es\/wp-content\/uploads\/2025\/04\/Positive-mobile-trading-experience-300x168.jpg 300w, https:\/\/sema.es\/wp-content\/uploads\/2025\/04\/Positive-mobile-trading-experience-768x430.jpg 768w\" sizes=\"auto, (max-width: 960px) 100vw, 960px\" title=\"\"><\/figure>\n\n<h2 class=\"gb-headline gb-headline-c749df71 gb-headline-text\"><a href=\"https:\/\/sema.es\/pl\/opiniones\/ethereum-cormax-app\/\">K00411 Analiza 2025: Bli&#380;sze spojrzenie na platform&#281; handlow&#261; opart&#261; na sztucznej inteligencji<\/a><\/h2>\n\n<div class=\"gb-container gb-container-f0e6f24f\">\n<p class=\"gb-headline gb-headline-34b1bc7a gb-headline-text\"><time class=\"entry-date published\" datetime=\"2025-05-28T11:46:19+00:00\">28 maja, 2025<\/time><\/p>\n\n<p class=\"gb-headline gb-headline-d479f286 gb-headline-text\">Billy Zambrano<\/p>\n<\/div>\n\n<div class=\"gb-headline gb-headline-f7e2115e gb-headline-text\">Jako do&#347;wiadczony specjalista finansowy z ponad dziesi&#281;cioletnim do&#347;wiadczeniem w zakresie strategii inwestycyjnych i szanowany posiadacz tytu&#322;u CFA, oferuj&#281; szczeg&oacute;&#322;ow&#261; ocen&#281; wska&#378;nika powodzenia K00411 wynosz&#261;cego 81,8% na rok 2025.<\/div>\n<\/div><\/div>\n\n<div class=\"gb-grid-column gb-grid-column-bab92a39 gb-query-loop-item post-33230 opiniones type-opiniones status-publish format-standard has-post-thumbnail hentry\"><div class=\"gb-container gb-container-bab92a39\">\n<figure class=\"gb-block-image gb-block-image-3760521c\"><img loading=\"lazy\" decoding=\"async\" width=\"960\" height=\"538\" src=\"https:\/\/sema.es\/wp-content\/uploads\/2025\/04\/Phone-based-trading-made-simple.jpg\" class=\"gb-image-3760521c\" alt=\"Phone-based trading made simple\" srcset=\"https:\/\/sema.es\/wp-content\/uploads\/2025\/04\/Phone-based-trading-made-simple.jpg 960w, https:\/\/sema.es\/wp-content\/uploads\/2025\/04\/Phone-based-trading-made-simple-300x168.jpg 300w, https:\/\/sema.es\/wp-content\/uploads\/2025\/04\/Phone-based-trading-made-simple-768x430.jpg 768w\" sizes=\"auto, (max-width: 960px) 100vw, 960px\" title=\"\"><\/figure>\n\n<h2 class=\"gb-headline gb-headline-c749df71 gb-headline-text\"><a href=\"https:\/\/sema.es\/pl\/opiniones\/ethereum-cormax-review\/\">Ekspercka analiza platformy K00410 i jej funkcjonalno&#347;ci handlowych<\/a><\/h2>\n\n<div class=\"gb-container gb-container-f0e6f24f\">\n<p class=\"gb-headline gb-headline-34b1bc7a gb-headline-text\"><time class=\"entry-date published\" datetime=\"2025-05-28T11:44:09+00:00\">28 maja, 2025<\/time><\/p>\n\n<p class=\"gb-headline gb-headline-d479f286 gb-headline-text\">Anibal Diaz<\/p>\n<\/div>\n\n<div class=\"gb-headline gb-headline-f7e2115e gb-headline-text\">Posiadaj&#261;c ponad dziesi&#281;cioletnie do&#347;wiadczenie w inwestowaniu i tytu&#322; magistra ekonomii finansowej, z przyjemno&#347;ci&#261; przedstawi&#281; Ci zaawansowane metody dzia&#322;ania K00410, rewolucyjnej si&#322;y w zarz&#261;dzaniu aktywami kryptograficznymi w 2025 roku.<\/div>\n<\/div><\/div>\n\n<div class=\"gb-grid-column gb-grid-column-bab92a39 gb-query-loop-item post-33222 opiniones type-opiniones status-publish format-standard has-post-thumbnail hentry\"><div class=\"gb-container gb-container-bab92a39\">\n<figure class=\"gb-block-image gb-block-image-3760521c\"><img loading=\"lazy\" decoding=\"async\" width=\"960\" height=\"538\" src=\"https:\/\/sema.es\/wp-content\/uploads\/2025\/04\/Tablet-app-for-successful-trading.jpg\" class=\"gb-image-3760521c\" alt=\"Tablet app for successful trading\" srcset=\"https:\/\/sema.es\/wp-content\/uploads\/2025\/04\/Tablet-app-for-successful-trading.jpg 960w, https:\/\/sema.es\/wp-content\/uploads\/2025\/04\/Tablet-app-for-successful-trading-300x168.jpg 300w, https:\/\/sema.es\/wp-content\/uploads\/2025\/04\/Tablet-app-for-successful-trading-768x430.jpg 768w\" sizes=\"auto, (max-width: 960px) 100vw, 960px\" title=\"\"><\/figure>\n\n<h2 class=\"gb-headline gb-headline-c749df71 gb-headline-text\"><a href=\"https:\/\/sema.es\/pl\/opiniones\/ethereum-cormax\/\">Badanie platformy K00409: Przegl&#261;d jej kluczowych funkcji w 2025 r.<\/a><\/h2>\n\n<div class=\"gb-container gb-container-f0e6f24f\">\n<p class=\"gb-headline gb-headline-34b1bc7a gb-headline-text\"><time class=\"entry-date published\" datetime=\"2025-05-28T11:35:44+00:00\">28 maja, 2025<\/time><\/p>\n\n<p class=\"gb-headline gb-headline-d479f286 gb-headline-text\">Billy Zambrano<\/p>\n<\/div>\n\n<div class=\"gb-headline gb-headline-f7e2115e gb-headline-text\">Jako do&#347;wiadczony analityk finansowy z ponad dziesi&#281;cioletnim do&#347;wiadczeniem w tej dziedzinie i tytu&#322;em CFA na swoim koncie, uwa&#380;nie przyjrza&#322;em si&#281; dynamicznemu krajobrazowi platform do handlu kryptowalutami, a K00409 jawi si&#281; jako godny uwagi kandydat. <\/div>\n<\/div><\/div>\n\n<div class=\"gb-grid-column gb-grid-column-bab92a39 gb-query-loop-item post-33211 opiniones type-opiniones status-publish format-standard has-post-thumbnail hentry\"><div class=\"gb-container gb-container-bab92a39\">\n<figure class=\"gb-block-image gb-block-image-3760521c\"><img loading=\"lazy\" decoding=\"async\" width=\"960\" height=\"538\" src=\"https:\/\/sema.es\/wp-content\/uploads\/2025\/04\/Laptop-for-tracking-crypto-markets.jpg\" class=\"gb-image-3760521c\" alt=\"Laptop for tracking crypto markets\" srcset=\"https:\/\/sema.es\/wp-content\/uploads\/2025\/04\/Laptop-for-tracking-crypto-markets.jpg 960w, https:\/\/sema.es\/wp-content\/uploads\/2025\/04\/Laptop-for-tracking-crypto-markets-300x168.jpg 300w, https:\/\/sema.es\/wp-content\/uploads\/2025\/04\/Laptop-for-tracking-crypto-markets-768x430.jpg 768w\" sizes=\"auto, (max-width: 960px) 100vw, 960px\" title=\"\"><\/figure>\n\n<h2 class=\"gb-headline gb-headline-c749df71 gb-headline-text\"><a href=\"https:\/\/sema.es\/pl\/opiniones\/chain-adipex-xp\/\">Recenzja K00405 Dociera do podstaw<\/a><\/h2>\n\n<div class=\"gb-container gb-container-f0e6f24f\">\n<p class=\"gb-headline gb-headline-34b1bc7a gb-headline-text\"><time class=\"entry-date published\" datetime=\"2025-05-27T12:24:54+00:00\">27 maja, 2025<\/time><\/p>\n\n<p class=\"gb-headline gb-headline-d479f286 gb-headline-text\">Billy Zambrano<\/p>\n<\/div>\n\n<div class=\"gb-headline gb-headline-f7e2115e gb-headline-text\">Je&#380;eli kiedykolwiek czu&#322;e&#347; si&#281; przyt&#322;oczony platformami handlowymi, z pewno&#347;ci&#261; nie jeste&#347; sam. K00405 zosta&#322; zaprojektowany z my&#347;l&#261; o prawdziwych traderach i oferuje &#322;atwe w u&#380;yciu, a jednocze&#347;nie bogate w funkcje narz&#281;dzia.<\/div>\n<\/div><\/div>\n\n<div class=\"gb-grid-column gb-grid-column-bab92a39 gb-query-loop-item post-33208 opiniones type-opiniones status-publish format-standard has-post-thumbnail hentry\"><div class=\"gb-container gb-container-bab92a39\">\n<figure class=\"gb-block-image gb-block-image-3760521c\"><img loading=\"lazy\" decoding=\"async\" width=\"960\" height=\"538\" src=\"https:\/\/sema.es\/wp-content\/uploads\/2025\/04\/Explore-crypto-without-investment-risk.jpg\" class=\"gb-image-3760521c\" alt=\"Explore crypto without investment risk\" srcset=\"https:\/\/sema.es\/wp-content\/uploads\/2025\/04\/Explore-crypto-without-investment-risk.jpg 960w, https:\/\/sema.es\/wp-content\/uploads\/2025\/04\/Explore-crypto-without-investment-risk-300x168.jpg 300w, https:\/\/sema.es\/wp-content\/uploads\/2025\/04\/Explore-crypto-without-investment-risk-768x430.jpg 768w\" sizes=\"auto, (max-width: 960px) 100vw, 960px\" title=\"\"><\/figure>\n\n<h2 class=\"gb-headline gb-headline-c749df71 gb-headline-text\"><a href=\"https:\/\/sema.es\/pl\/opiniones\/instant-akpro-app\/\">K00403 2025 Recenzja: Czy mo&#380;na zaufa&#263; platformie?<\/a><\/h2>\n\n<div class=\"gb-container gb-container-f0e6f24f\">\n<p class=\"gb-headline gb-headline-34b1bc7a gb-headline-text\"><time class=\"entry-date published\" datetime=\"2025-05-20T11:59:47+00:00\">20 maja, 2025<\/time><\/p>\n\n<p class=\"gb-headline gb-headline-d479f286 gb-headline-text\">Anibal Diaz<\/p>\n<\/div>\n\n<div class=\"gb-headline gb-headline-f7e2115e gb-headline-text\">Jako do&#347;wiadczony analityk finansowy z ponad dziesi&#281;cioletnim do&#347;wiadczeniem na rynkach kryptowalut i zgodno&#347;ci z przepisami, przedstawiam dog&#322;&#281;bny wgl&#261;d w trajektori&#281; K00403 w 2025 r. Niniejszy artyku&#322; jest poparty spostrze&#380;eniami wiod&#261;cych ekspert&oacute;w finansowych i obszernymi badaniami opartymi na ramach regulacyjnych.<\/div>\n<\/div><\/div>\n\n<div class=\"gb-grid-column gb-grid-column-bab92a39 gb-query-loop-item post-33200 opiniones type-opiniones status-publish format-standard has-post-thumbnail hentry\"><div class=\"gb-container gb-container-bab92a39\">\n<figure class=\"gb-block-image gb-block-image-3760521c\"><img loading=\"lazy\" decoding=\"async\" width=\"960\" height=\"538\" src=\"https:\/\/sema.es\/wp-content\/uploads\/2025\/04\/Explore-crypto-markets-risk-free.jpg\" class=\"gb-image-3760521c\" alt=\"Explore crypto markets risk-free\" srcset=\"https:\/\/sema.es\/wp-content\/uploads\/2025\/04\/Explore-crypto-markets-risk-free.jpg 960w, https:\/\/sema.es\/wp-content\/uploads\/2025\/04\/Explore-crypto-markets-risk-free-300x168.jpg 300w, https:\/\/sema.es\/wp-content\/uploads\/2025\/04\/Explore-crypto-markets-risk-free-768x430.jpg 768w\" sizes=\"auto, (max-width: 960px) 100vw, 960px\" title=\"\"><\/figure>\n\n<h2 class=\"gb-headline gb-headline-c749df71 gb-headline-text\"><a href=\"https:\/\/sema.es\/pl\/opiniones\/instant-akpro-review\/\">W jaki spos&oacute;b K00402 zarz&#261;dza bie&#380;&#261;c&#261; aktywno&#347;ci&#261; rynkow&#261;<\/a><\/h2>\n\n<div class=\"gb-container gb-container-f0e6f24f\">\n<p class=\"gb-headline gb-headline-34b1bc7a gb-headline-text\"><time class=\"entry-date published\" datetime=\"2025-05-20T11:57:02+00:00\">20 maja, 2025<\/time><\/p>\n\n<p class=\"gb-headline gb-headline-d479f286 gb-headline-text\">Anibal Diaz<\/p>\n<\/div>\n\n<div class=\"gb-headline gb-headline-f7e2115e gb-headline-text\">Z przyjemno&#347;ci&#261; dziel&#281; si&#281; moimi pozytywnymi do&#347;wiadczeniami z K00402 i jego obiecuj&#261;cym potencja&#322;em na rok 2025. Ta platforma do handlu Bitcoinami mo&#380;e pochwali&#263; si&#281; imponuj&#261;cym wska&#378;nikiem sukcesu na poziomie 85%, co mile zaskoczy&#322;o wielu u&#380;ytkownik&oacute;w, w tym mnie.<\/div>\n<\/div><\/div>\n\n<div class=\"gb-grid-column gb-grid-column-bab92a39 gb-query-loop-item post-33192 opiniones type-opiniones status-publish format-standard has-post-thumbnail hentry\"><div class=\"gb-container gb-container-bab92a39\">\n<figure class=\"gb-block-image gb-block-image-3760521c\"><img loading=\"lazy\" decoding=\"async\" width=\"960\" height=\"538\" src=\"https:\/\/sema.es\/wp-content\/uploads\/2025\/04\/Financial-strategy-tools-on-laptop.jpg\" class=\"gb-image-3760521c\" alt=\"Financial strategy tools on laptop\" srcset=\"https:\/\/sema.es\/wp-content\/uploads\/2025\/04\/Financial-strategy-tools-on-laptop.jpg 960w, https:\/\/sema.es\/wp-content\/uploads\/2025\/04\/Financial-strategy-tools-on-laptop-300x168.jpg 300w, https:\/\/sema.es\/wp-content\/uploads\/2025\/04\/Financial-strategy-tools-on-laptop-768x430.jpg 768w\" sizes=\"auto, (max-width: 960px) 100vw, 960px\" title=\"\"><\/figure>\n\n<h2 class=\"gb-headline gb-headline-c749df71 gb-headline-text\"><a href=\"https:\/\/sema.es\/pl\/opiniones\/instant-akpro\/\">Oto dlaczego ufam K00401 w moich operacjach<\/a><\/h2>\n\n<div class=\"gb-container gb-container-f0e6f24f\">\n<p class=\"gb-headline gb-headline-34b1bc7a gb-headline-text\"><time class=\"entry-date published\" datetime=\"2025-05-20T11:53:07+00:00\">20 maja, 2025<\/time><\/p>\n\n<p class=\"gb-headline gb-headline-d479f286 gb-headline-text\">Anibal Diaz<\/p>\n<\/div>\n\n<div class=\"gb-headline gb-headline-f7e2115e gb-headline-text\">Niedawno wypr&oacute;bowa&#322;em K00401 i musz&#281; powiedzie&#263;, &#380;e jest to naprawd&#281; interesuj&#261;ca platforma do handlu kryptowalutami. Przy imponuj&#261;cym wska&#378;niku sukcesu wynosz&#261;cym 85%, jest to interesuj&#261;cy punkt wej&#347;cia do &#347;wiata zautomatyzowanego handlu.<\/div>\n<\/div><\/div>\n<\/div>\n\n<div class=\"gb-container gb-container-10244f3c gb-query-loop-pagination\">\n\n\n<span class=\"gb-button gb-button-5b9c5ca3 gb-button-text page-numbers gb-block-is-current\" aria-current=\"page\">1<\/span><a class=\"gb-button gb-button-5b9c5ca3 gb-button-text page-numbers\" href=\"?query-53cbeb2c-page=2\">2<\/a><a class=\"gb-button gb-button-5b9c5ca3 gb-button-text page-numbers\" href=\"?query-53cbeb2c-page=3\">3<\/a><span class=\"gb-button gb-button-5b9c5ca3 gb-button-text page-numbers dots\">&hellip;<\/span><a class=\"gb-button gb-button-5b9c5ca3 gb-button-text page-numbers\" href=\"?query-53cbeb2c-page=10\">10<\/a>\n\n<a class=\"gb-button gb-button-3985aef4 gb-button-text\" href=\"\/pl\/wp-json\/wp\/v2\/pages\/28048?query-53cbeb2c-page=2\">Nast&#281;pny<\/a>\n<\/div>\n\n<\/div>\n<\/div>\n","protected":false},"excerpt":{"rendered":"<p>Wyb&oacute;r projektu tradingowego nie jest &#322;atwy. Jest ich wiele i wszystkie twierdz&#261;, &#380;e s&#261; najlepsze. Ale kt&oacute;re z nich naprawd&#281; dzia&#322;aj&#261;? Tutaj w&#322;a&#347;nie wkracza Sema.co.uk. Analizujemy projekty handlowe wykorzystuj&#261;ce automatyzacj&#281; i sztuczn&#261; inteligencj&#281; i skupiamy si&#281; na tym, co naprawd&#281; wa&#380;ne: czy naprawd&#281; dzia&#322;aj&#261; dobrze, czy s&#261; &#322;atwe w u&#380;yciu, ile kosztuj&#261; i co m&oacute;wi&#261; &#8230; <a title=\"Odkryj najlepsz\u0105 sztuczn\u0105 inteligencj\u0119 i narz\u0119dzia do automatycznego handlu na Sema.co.uk\" class=\"read-more\" href=\"https:\/\/sema.es\/pl\/opiniones\/\" aria-label=\"Dowiedz si\u0119 wi\u0119cej o Odkryj najlepsz\u0105 sztuczn\u0105 inteligencj\u0119 i narz\u0119dzia do automatycznego handlu na Sema.co.uk\">Czytaj dalej<\/a><\/p>\n","protected":false},"author":1,"featured_media":0,"parent":0,"menu_order":0,"comment_status":"closed","ping_status":"closed","template":"","meta":{"footnotes":""},"class_list":["post-28048","page","type-page","status-publish"],"rank_math_title":"Przegl\u0105d najlepszych narz\u0119dzi sztucznej inteligencji i automatycznego handlu | Sema.co.uk","rank_math_description":"Znajd\u017a najlepsz\u0105 sztuczn\u0105 inteligencj\u0119 i narz\u0119dzia do automatycznego handlu ze szczeg\u00f3\u0142owymi recenzjami na Sema.co.uk. Por\u00f3wnaj wydajno\u015b\u0107, \u0142atwo\u015b\u0107 obs\u0142ugi, koszty i prawdziwe recenzje u\u017cytkownik\u00f3w, aby wybra\u0107 idealn\u0105 opcj\u0119. ","rank_math_focus_keyword":"Sema.co.uk","_links":{"self":[{"href":"https:\/\/sema.es\/pl\/wp-json\/wp\/v2\/pages\/28048","targetHints":{"allow":["GET"]}}],"collection":[{"href":"https:\/\/sema.es\/pl\/wp-json\/wp\/v2\/pages"}],"about":[{"href":"https:\/\/sema.es\/pl\/wp-json\/wp\/v2\/types\/page"}],"author":[{"embeddable":true,"href":"https:\/\/sema.es\/pl\/wp-json\/wp\/v2\/users\/1"}],"replies":[{"embeddable":true,"href":"https:\/\/sema.es\/pl\/wp-json\/wp\/v2\/comments?post=28048"}],"version-history":[{"count":0,"href":"https:\/\/sema.es\/pl\/wp-json\/wp\/v2\/pages\/28048\/revisions"}],"wp:attachment":[{"href":"https:\/\/sema.es\/pl\/wp-json\/wp\/v2\/media?parent=28048"}],"curies":[{"name":"wp","href":"https:\/\/api.w.org\/{rel}","templated":true}]}}