{"id":27435,"date":"2024-01-11T12:33:39","date_gmt":"2024-01-11T12:33:39","guid":{"rendered":"https:\/\/sema.es\/logistica\/"},"modified":"2024-12-16T10:38:55","modified_gmt":"2024-12-16T10:38:55","slug":"logistica","status":"publish","type":"page","link":"https:\/\/sema.es\/pt-br\/logistica\/","title":{"rendered":"Log\u00edstica"},"content":{"rendered":"<?xml encoding=\"UTF-8\"><div class=\"gb-container gb-container-613ced2e\">\n<div class=\"gb-container gb-container-27a0e383\">\n\n<p class=\"gb-headline gb-headline-25158df7\"><span class=\"gb-icon\"><svg xmlns=\"http:\/\/www.w3.org\/2000\/svg\" viewbox=\"0 0 36.7 3\"><path d=\"M0 0h36.7v3H0z\"><\/path><\/svg><\/span><span class=\"gb-headline-text\"><strong>Nossas capacidades<\/strong><\/span><\/p>\n\n\n\n<h2 class=\"gb-headline gb-headline-e923e090 gb-headline-text\">Log&iacute;stica<\/h2>\n\n\n\n<p>Atualmente, a capacidade log&iacute;stica das empresas &eacute; um fator competitivo fundamental. A maioria dos setores de atividade considera a log&iacute;stica como um objetivo estrat&eacute;gico, fundamental para competir em um mercado cada vez mais global, din&acirc;mico e agressivo. <\/p>\n\n\n\n<p>A dimens&atilde;o nacional e internacional, a vontade de servir, a utiliza&ccedil;&atilde;o de metodologias comprovadas, o investimento constante em P&amp;D e a experi&ecirc;ncia de uma equipe de profissionais altamente qualificada t&ecirc;m permitido &agrave; Atos Origin, por meio de sua Divis&atilde;o de Log&iacute;stica, implementar solu&ccedil;&otilde;es inovadoras e eficientes.<\/p>\n\n\n\n<p>Para a transforma&ccedil;&atilde;o da cadeia de suprimentos e a implementa&ccedil;&atilde;o de novos modelos de gerenciamento de log&iacute;stica, a Atos Origin oferece uma oferta global de servi&ccedil;os estruturada em tr&ecirc;s pr&aacute;ticas:<\/p>\n\n\n\n<h2 class=\"wp-block-heading\">1 &ndash; Consultoria em log&iacute;stica<\/h2>\n\n\n\n<p>Componente essencial de sua cultura, atrav&eacute;s de sua atividade de consultoria a Atos Origin ajuda seus clientes a definir e aperfei&ccedil;oar sua estrat&eacute;gia, organiza&ccedil;&atilde;o e gest&atilde;o log&iacute;stica, impulsionando e contribuindo para a mudan&ccedil;a atrav&eacute;s de programas de a&ccedil;&atilde;o conjunta e definindo, estruturando e garantindo processos de melhoria e inova&ccedil;&atilde;o. A Atos Origin baseia a reengenharia e o redesenho dos processos log&iacute;sticos em seu profundo conhecimento das oportunidades oferecidas pelos mercados e pela evolu&ccedil;&atilde;o das tecnologias, fornecendo a seus clientes o apoio, a orienta&ccedil;&atilde;o e o suporte necess&aacute;rios para avan&ccedil;ar de forma sincronizada em processos, tecnologias e pessoas e, assim, garantir o sucesso dos processos de mudan&ccedil;a por eles empreendidos. <\/p>\n\n\n\n<ul class=\"wp-block-list\">\n<li>Projeto integral de modelos de log&iacute;stica<\/li>\n\n\n\n<li>Estrat&eacute;gias de transforma&ccedil;&atilde;o da cadeia de suprimentos<\/li>\n\n\n\n<li>Modelos de gerenciamento de suprimentos, produ&ccedil;&atilde;o e distribui&ccedil;&atilde;o<\/li>\n\n\n\n<li>Projeto de redes de distribui&ccedil;&atilde;o<\/li>\n\n\n\n<li>Colabora&ccedil;&atilde;o e sincroniza&ccedil;&atilde;o da cadeia de suprimentos por meio da log&iacute;stica eletr&ocirc;nica<\/li>\n\n\n\n<li>Modelos de controle de custos e servi&ccedil;o de log&iacute;stica<\/li>\n\n\n\n<li>Projeto e automa&ccedil;&atilde;o de armaz&eacute;ns.<\/li>\n<\/ul>\n\n\n\n<p><a href=\"https:\/\/sema.es\/wp-content\/uploads\/Consultoria_web.pdf\">Fa&ccedil;a o download do documento  &gt;&gt;<\/a><\/p>\n\n\n\n<h2 class=\"wp-block-heading\">2.-Integra&ccedil;&atilde;o de sistemas<\/h2>\n\n\n\n<p>Com base no entendimento das necessidades e oportunidades de neg&oacute;cios, a Atos Origin projeta e constr&oacute;i sistemas de informa&ccedil;&otilde;es log&iacute;sticas que beneficiam seus clientes com avan&ccedil;os tecnol&oacute;gicos que realmente agregam valor. Um dos pilares dessa capacidade &eacute; a atividade incans&aacute;vel de P&amp;D, por meio da qual a empresa identifica e avalia tecnologias emergentes para determinar sua maturidade e quando elas s&atilde;o apropriadas para seus clientes.Mas, para garantir a viabilidade dos sistemas de informa&ccedil;&atilde;o, &eacute; essencial n&atilde;o apenas um bom projeto e constru&ccedil;&atilde;o, mas tamb&eacute;m uma integra&ccedil;&atilde;o perfeita com os sistemas existentes, o que muitas vezes representa anos de trabalho e investimento: a Atos Origin oferece a seus clientes um gerenciamento de projetos especializado para a gest&atilde;o eficaz de equipes multidisciplinares, a detec&ccedil;&atilde;o e antecipa&ccedil;&atilde;o de riscos potenciais e o cumprimento de compromissos inevit&aacute;veis em termos de custo, tempo e objetivos. <\/p>\n\n\n\n<p>Projeto, desenvolvimento e implementa&ccedil;&atilde;o de sistemas de informa&ccedil;&otilde;es log&iacute;sticas de alto valor agregado:<\/p>\n\n\n\n<ul class=\"wp-block-list\">\n<li>Sistemas de planejamento e gerenciamento da cadeia de suprimentos<\/li>\n\n\n\n<li>Sistemas de gerenciamento de produ&ccedil;&atilde;o<\/li>\n\n\n\n<li>Sistemas de rastreabilidade e controle de qualidade<\/li>\n\n\n\n<li>Sistemas de controle de custos log&iacute;sticos<\/li>\n\n\n\n<li>Sistemas de planejamento e gerenciamento de transporte<\/li>\n<\/ul>\n\n\n\n<p>Sele&ccedil;&atilde;o e implementa&ccedil;&atilde;o de solu&ccedil;&otilde;es de mercado que se adaptam aos requisitos de cada empresa.<\/p>\n\n\n\n<h2 class=\"wp-block-heading\">3.-Faixa de produtos de software (SISLOG)<\/h2>\n\n\n\n<p>Ao projetar a linha de produtos de software SISLOG, a Atos Origin priorizou o cumprimento simult&acirc;neo de uma s&eacute;rie de objetivos fundamentais. Por um lado, projetar solu&ccedil;&otilde;es integradas de gest&atilde;o log&iacute;stica especificamente adaptadas &agrave;s condi&ccedil;&otilde;es de neg&oacute;cio de cada empresa: em n&iacute;vel vertical, o SISLOG conta com tr&ecirc;s produtos espec&iacute;ficos desenvolvidos para os setores industrial, de distribui&ccedil;&atilde;o\/varejo e de operadores log&iacute;sticos, respectivamente. Por outro lado, para garantir a capacidade de gest&atilde;o em n&iacute;vel operacional das fun&ccedil;&otilde;es b&aacute;sicas: em n&iacute;vel horizontal, a SISLOG oferece a seus clientes produtos para a gest&atilde;o de armazenagem, transporte de suprimentos e previs&atilde;o de demanda. Em terceiro lugar, para facilitar a m&aacute;xima adapta&ccedil;&atilde;o &agrave;s necessidades e exig&ecirc;ncias de cada empresa: as solu&ccedil;&otilde;es da SISLOG foram concebidas com uma estrutura modular, o que permite a incorpora&ccedil;&atilde;o progressiva de funcionalidades &agrave; medida que avan&ccedil;a o seu grau de evolu&ccedil;&atilde;o log&iacute;stica. Finalmente, garantir a perfeita integra&ccedil;&atilde;o com os sistemas de gest&atilde;o de seus clientes, sejam ERPs ou sistemas propriet&aacute;rios, respondendo assim &agrave;s necessidades mais exigentes da gest&atilde;o da cadeia log&iacute;stica.    <\/p>\n\n\n\n<p>A SISLOG possui solu&ccedil;&otilde;es que podem ser perfeitamente integradas e adaptadas &agrave;s idiossincrasias de cada empresa, visando: Gest&atilde;o vertical ou gest&atilde;o log&iacute;stica integrada adaptada a cada setor de atividade econ&ocirc;mica:<\/p>\n\n\n\n<blockquote class=\"wp-block-quote is-layout-flow wp-block-quote-is-layout-flow\">\n<p><br><br><br>-SISLOG<a href=\"https:\/\/sema.es\/wp-content\/uploads\/SISLOG_INDUSTRIA_web.pdf\">INDUSTRY<\/a> (Setor industrial) -SISLOG<a href=\"https:\/\/sema.es\/wp-content\/uploads\/SISLOG_Distribucion_web.pdf\" target=\"_blank\" rel=\"noreferrer noopener\">DISTRIBUTION<\/a> (Setor de distribui&ccedil;&atilde;o\/varejo) -SISLOG<a href=\"https:\/\/sema.es\/wp-content\/uploads\/Sislog_OL.pdf\" target=\"_blank\" rel=\"noreferrer noopener\">OL <\/a>(Setor de operadores log&iacute;sticos) -SISLOG FIELD<a href=\"https:\/\/sema.es\/wp-content\/uploads\/SISLOG_TRAZABILIDAD_web.pdf\" target=\"_blank\" rel=\"noreferrer noopener\">TRACEABILITY<\/a>(Setor agroalimentar)<\/p>\n<\/blockquote>\n\n\n\n<p>Gerenciamento horizontal ou processamento em n&iacute;vel operacional das principais fun&ccedil;&otilde;es de log&iacute;stica:<\/p>\n\n\n\n<blockquote class=\"wp-block-quote is-layout-flow wp-block-quote-is-layout-flow\">\n<p><br><br>&ndash;<a href=\"https:\/\/sema.es\/wp-content\/uploads\/SISLOG_Almacen_web.pdf\" target=\"_blank\" rel=\"noreferrer noopener\">ARMAZ&Eacute;M<\/a> DO SISTEMA<a href=\"https:\/\/sema.es\/wp-content\/uploads\/SISLOG_Rutas_web.pdf\" target=\"_blank\" rel=\"noreferrer noopener\">-ROTAS<\/a> DO SISTEMA<a href=\"https:\/\/sema.es\/wp-content\/uploads\/SISLOG_Aprovisionamiento_web.pdf\" target=\"_blank\" rel=\"noreferrer noopener\">-COMPRAS<\/a> DO SISTEMA<\/p>\n<\/blockquote>\n\n<\/div>\n<\/div>\n","protected":false},"excerpt":{"rendered":"<p>Nossas capacidades Log&iacute;stica Atualmente, a capacidade log&iacute;stica das empresas &eacute; um fator competitivo fundamental. A maioria dos setores de atividade considera a log&iacute;stica como um objetivo estrat&eacute;gico, fundamental para competir em um mercado cada vez mais global, din&acirc;mico e agressivo. A dimens&atilde;o nacional e internacional, a vontade de servir, a utiliza&ccedil;&atilde;o de metodologias comprovadas, o &#8230; <a title=\"Log\u00edstica\" class=\"read-more\" href=\"https:\/\/sema.es\/pt-br\/logistica\/\" aria-label=\"Read more about Log\u00edstica\">Leia mais<\/a><\/p>\n","protected":false},"author":1,"featured_media":0,"parent":0,"menu_order":0,"comment_status":"closed","ping_status":"closed","template":"","meta":{"footnotes":""},"class_list":["post-27435","page","type-page","status-publish"],"rank_math_title":"Solu\u00e7\u00f5es log\u00edsticas da Atos Origin: simplificando as cadeias de suprimentos para obter vantagem competitiva","rank_math_description":"Com as solu\u00e7\u00f5es de log\u00edstica da Atos Origin, voc\u00ea pode liberar a efici\u00eancia e o valor estrat\u00e9gico de sua cadeia de suprimentos. Nossa experi\u00eancia abrange consultoria, integra\u00e7\u00e3o de sistemas e produtos de software inovadores para aprimorar suas opera\u00e7\u00f5es de log\u00edstica. ","rank_math_focus_keyword":"","_links":{"self":[{"href":"https:\/\/sema.es\/pt-br\/wp-json\/wp\/v2\/pages\/27435","targetHints":{"allow":["GET"]}}],"collection":[{"href":"https:\/\/sema.es\/pt-br\/wp-json\/wp\/v2\/pages"}],"about":[{"href":"https:\/\/sema.es\/pt-br\/wp-json\/wp\/v2\/types\/page"}],"author":[{"embeddable":true,"href":"https:\/\/sema.es\/pt-br\/wp-json\/wp\/v2\/users\/1"}],"replies":[{"embeddable":true,"href":"https:\/\/sema.es\/pt-br\/wp-json\/wp\/v2\/comments?post=27435"}],"version-history":[{"count":0,"href":"https:\/\/sema.es\/pt-br\/wp-json\/wp\/v2\/pages\/27435\/revisions"}],"wp:attachment":[{"href":"https:\/\/sema.es\/pt-br\/wp-json\/wp\/v2\/media?parent=27435"}],"curies":[{"name":"wp","href":"https:\/\/api.w.org\/{rel}","templated":true}]}}