{"id":27497,"date":"2024-01-11T12:54:02","date_gmt":"2024-01-11T12:54:02","guid":{"rendered":"https:\/\/sema.es\/bancos-e-seguros\/"},"modified":"2024-01-11T12:54:02","modified_gmt":"2024-01-11T12:54:02","slug":"banca-y-seguros","status":"publish","type":"page","link":"https:\/\/sema.es\/pt-br\/banca-y-seguros\/","title":{"rendered":"Bancos e seguros"},"content":{"rendered":"<?xml encoding=\"UTF-8\">\n","protected":false},"excerpt":{"rendered":"","protected":false},"author":1,"featured_media":0,"parent":0,"menu_order":0,"comment_status":"closed","ping_status":"closed","template":"","meta":{"footnotes":""},"class_list":["post-27497","page","type-page","status-publish"],"rank_math_title":"Atos Origin: l\u00edder no fornecimento de solu\u00e7\u00f5es banc\u00e1rias e de seguros","rank_math_description":"Capacite suas opera\u00e7\u00f5es banc\u00e1rias e de seguros com as solu\u00e7\u00f5es de TI personalizadas da Atos Origin. Nossos servi\u00e7os de ponta a ponta aumentam a efici\u00eancia, a inova\u00e7\u00e3o e a vantagem competitiva no setor financeiro. ","rank_math_focus_keyword":"","_links":{"self":[{"href":"https:\/\/sema.es\/pt-br\/wp-json\/wp\/v2\/pages\/27497","targetHints":{"allow":["GET"]}}],"collection":[{"href":"https:\/\/sema.es\/pt-br\/wp-json\/wp\/v2\/pages"}],"about":[{"href":"https:\/\/sema.es\/pt-br\/wp-json\/wp\/v2\/types\/page"}],"author":[{"embeddable":true,"href":"https:\/\/sema.es\/pt-br\/wp-json\/wp\/v2\/users\/1"}],"replies":[{"embeddable":true,"href":"https:\/\/sema.es\/pt-br\/wp-json\/wp\/v2\/comments?post=27497"}],"version-history":[{"count":0,"href":"https:\/\/sema.es\/pt-br\/wp-json\/wp\/v2\/pages\/27497\/revisions"}],"wp:attachment":[{"href":"https:\/\/sema.es\/pt-br\/wp-json\/wp\/v2\/media?parent=27497"}],"curies":[{"name":"wp","href":"https:\/\/api.w.org\/{rel}","templated":true}]}}