{"id":27510,"date":"2024-01-11T13:48:08","date_gmt":"2024-01-11T13:48:08","guid":{"rendered":"https:\/\/sema.es\/setor\/"},"modified":"2024-12-16T10:39:18","modified_gmt":"2024-12-16T10:39:18","slug":"industria","status":"publish","type":"page","link":"https:\/\/sema.es\/pt-br\/industria\/","title":{"rendered":"Setor"},"content":{"rendered":"<?xml encoding=\"UTF-8\"><div class=\"gb-container gb-container-64391086\">\n<div class=\"gb-container gb-container-7fddd5ff\">\n\n<p class=\"gb-headline gb-headline-9b73ecbe\"><span class=\"gb-icon\"><svg xmlns=\"http:\/\/www.w3.org\/2000\/svg\" viewbox=\"0 0 36.7 3\"><path d=\"M0 0h36.7v3H0z\"><\/path><\/svg><\/span><span class=\"gb-headline-text\">Setor<\/span><\/p>\n\n\n\n<h2 class=\"gb-headline gb-headline-d14c8852 gb-headline-text\">Na Atos Origin, combinamos nossos objetivos com os seus<\/h2>\n\n\n\n<p>A Atos Origin ajuda seus clientes a enfrentar o desafio de aumentar a participa&ccedil;&atilde;o no mercado, concentrando-se em suas atividades principais e atualizando seus processos de neg&oacute;cios, permitindo que eles atinjam seus objetivos estrat&eacute;gicos de crescimento.<\/p>\n\n\n\n<p>Nossa experi&ecirc;ncia se traduz em servi&ccedil;os que v&atilde;o desde a consultoria at&eacute; a implementa&ccedil;&atilde;o de solu&ccedil;&otilde;es que abrangem os processos cr&iacute;ticos de neg&oacute;cios de nossos clientes, tudo dentro da empresa ampliada. Tamb&eacute;m fornecemos nossa infraestrutura e recursos para o gerenciamento total ou parcial dos ambientes tecnol&oacute;gicos de nossos clientes (aplicativos, sistemas e redes de comunica&ccedil;&atilde;o). <\/p>\n\n\n\n<p>A Atos Origin ap&oacute;ia seus clientes por meio de sua especializa&ccedil;&atilde;o em consultoria, integra&ccedil;&atilde;o de sistemas e terceiriza&ccedil;&atilde;o.<\/p>\n\n\n\n<h2 class=\"wp-block-heading\">Tecnologia a servi&ccedil;o do setor<\/h2>\n\n\n\n<p>  O objetivo da Atos Origin &eacute; permitir que seus clientes do setor industrial aproveitem o poder da tecnologia para beneficiar seus objetivos de neg&oacute;cios e alcan&ccedil;ar o status de um parceiro tecnol&oacute;gico que se envolve com as necessidades e a vis&atilde;o de neg&oacute;cios de seus clientes, possibilitando resultados que maximizem o retorno sobre o investimento.<\/p>\n\n\n\n<p>Na Atos Origin, temos ampla experi&ecirc;ncia em diferentes setores da ind&uacute;stria, como Automotivo, CPG\/Retail, Transporte, Aeroespacial, &Aacute;gua, Constru&ccedil;&atilde;o e Meio Ambiente, Petr&oacute;leo e G&aacute;s, etc., que &eacute; refor&ccedil;ada pelo conhecimento e pr&aacute;tica global do grupo.<\/p>\n\n\n\n<p>Somos a sua escolha para garantir o sucesso dos projetos tecnol&oacute;gicos que ajudar&atilde;o voc&ecirc; no desenvolvimento de seus planos de neg&oacute;cios.<\/p>\n\n<\/div>\n<\/div>\n","protected":false},"excerpt":{"rendered":"<p>Setor Na Atos Origin, combinamos nossos objetivos com os seus A Atos Origin ajuda seus clientes a enfrentar o desafio de aumentar a participa&ccedil;&atilde;o no mercado, concentrando-se em suas atividades principais e atualizando seus processos de neg&oacute;cios, permitindo que eles atinjam seus objetivos estrat&eacute;gicos de crescimento. Nossa experi&ecirc;ncia se traduz em servi&ccedil;os que v&atilde;o desde &#8230; <a title=\"Setor\" class=\"read-more\" href=\"https:\/\/sema.es\/pt-br\/industria\/\" aria-label=\"Read more about Setor\">Leia mais<\/a><\/p>\n","protected":false},"author":1,"featured_media":0,"parent":0,"menu_order":0,"comment_status":"closed","ping_status":"closed","template":"","meta":{"footnotes":""},"class_list":["post-27510","page","type-page","status-publish"],"rank_math_title":"Atos Origin: transformando a ind\u00fastria com solu\u00e7\u00f5es tecnol\u00f3gicas de ponta","rank_math_description":"Alinhe suas opera\u00e7\u00f5es industriais com as solu\u00e7\u00f5es de tecnologia avan\u00e7ada da Atos Origin. Especializada em consultoria, integra\u00e7\u00e3o de sistemas e terceiriza\u00e7\u00e3o para impulsionar o crescimento e otimizar os processos de neg\u00f3cios em todos os setores. ","rank_math_focus_keyword":"","_links":{"self":[{"href":"https:\/\/sema.es\/pt-br\/wp-json\/wp\/v2\/pages\/27510","targetHints":{"allow":["GET"]}}],"collection":[{"href":"https:\/\/sema.es\/pt-br\/wp-json\/wp\/v2\/pages"}],"about":[{"href":"https:\/\/sema.es\/pt-br\/wp-json\/wp\/v2\/types\/page"}],"author":[{"embeddable":true,"href":"https:\/\/sema.es\/pt-br\/wp-json\/wp\/v2\/users\/1"}],"replies":[{"embeddable":true,"href":"https:\/\/sema.es\/pt-br\/wp-json\/wp\/v2\/comments?post=27510"}],"version-history":[{"count":0,"href":"https:\/\/sema.es\/pt-br\/wp-json\/wp\/v2\/pages\/27510\/revisions"}],"wp:attachment":[{"href":"https:\/\/sema.es\/pt-br\/wp-json\/wp\/v2\/media?parent=27510"}],"curies":[{"name":"wp","href":"https:\/\/api.w.org\/{rel}","templated":true}]}}