{"id":27557,"date":"2020-10-26T20:05:37","date_gmt":"2020-10-26T20:05:37","guid":{"rendered":"https:\/\/sema.es\/servicos\/"},"modified":"2024-12-16T10:39:46","modified_gmt":"2024-12-16T10:39:46","slug":"services","status":"publish","type":"page","link":"https:\/\/sema.es\/pt-br\/services\/","title":{"rendered":"Servi\u00e7os"},"content":{"rendered":"<?xml encoding=\"UTF-8\"><div class=\"gb-container gb-container-613ced2e\">\n<div class=\"gb-container gb-container-27a0e383\">\n\n<p class=\"gb-headline gb-headline-25158df7\"><span class=\"gb-icon\"><svg xmlns=\"http:\/\/www.w3.org\/2000\/svg\" viewbox=\"0 0 36.7 3\"><path d=\"M0 0h36.7v3H0z\"><\/path><\/svg><\/span><span class=\"gb-headline-text\"><strong>aprimoramento<\/strong><\/span><\/p>\n\n\n\n<h2 class=\"gb-headline gb-headline-e923e090 gb-headline-text\">Evoluir: processos, competitividade<\/h2>\n\n<\/div>\n\n<div class=\"gb-container gb-container-afc3afdf\">\n\n<p>As novas tecnologias: I-net, redes de alta capacidade, plataformas de middleware, uma nova concep&ccedil;&atilde;o de desenvolvimento de software, juntamente com as imensas possibilidades oferecidas pelas novas plataformas multim&iacute;dia e a explos&atilde;o do e-business, desempenham um papel fundamental no aumento da competitividade e do crescimento das empresas. Esses fatores provocaram uma mudan&ccedil;a radical na concep&ccedil;&atilde;o de neg&oacute;cios das grandes empresas. Diante dos novos rumos da Sociedade da Informa&ccedil;&atilde;o e respondendo a esses desafios atuais, a Atos Origin articulou uma proposta que visa a:  <\/p>\n\n\n\n<ul class=\"wp-block-list\">\n<li>Rentabilizar o investimento em recursos de TI com novas solu&ccedil;&otilde;es por meio de sua utiliza&ccedil;&atilde;o como fator de capacita&ccedil;&atilde;o empresarial e como caminho para uma nova concep&ccedil;&atilde;o de presen&ccedil;a no mercado.<\/li>\n\n\n\n<li>Revalorizar o capital do cliente por meio do abrangente &ldquo;Gerenciamento do relacionamento com o cliente&rdquo;.<\/li>\n\n\n\n<li>Obter o melhor dos sistemas de informa&ccedil;&atilde;o existentes para aumentar a capacidade de resposta do mercado<\/li>\n\n\n\n<li>  Desenvolver todo o potencial de novas solu&ccedil;&otilde;es de software, comunica&ccedil;&otilde;es e tecnologias de rede para abrir novas possibilidades em v&aacute;rias &aacute;reas de neg&oacute;cios por meio do e-business.<\/li>\n<\/ul>\n\n\n\n<p>O ciclo de relacionamento e atendimento a seus clientes n&atilde;o termina ap&oacute;s a implementa&ccedil;&atilde;o do projeto; a voca&ccedil;&atilde;o da Atos Origin &eacute; continuar a fornecer o mais amplo escopo de cobertura por meio de diferentes servi&ccedil;os cujo objetivo &eacute; apoi&aacute;-los em todas as facetas tecnol&oacute;gicas que os mant&ecirc;m na vanguarda tecnol&oacute;gica e fortalecem sua atividade comercial.<\/p>\n\n<\/div>\n<\/div><div class=\"gb-container gb-container-5bfca8d8\">\n\n<h3 class=\"gb-headline gb-headline-136b6ef2\"><span class=\"gb-icon\"><svg xmlns=\"http:\/\/www.w3.org\/2000\/svg\" viewbox=\"0 0 36.7 3\"><path d=\"M0 0h36.7v3H0z\"><\/path><\/svg><\/span><span class=\"gb-headline-text\">Servi&ccedil;os<\/span><\/h3>\n\n\n<div class=\"gb-grid-wrapper gb-grid-wrapper-c6f348c7\">\n<div class=\"gb-grid-column gb-grid-column-6fb26337\"><div class=\"gb-container gb-container-6fb26337\">\n\n<figure class=\"wp-block-image size-large grey-shadow img\"><img loading=\"lazy\" decoding=\"async\" width=\"600\" height=\"450\" src=\"https:\/\/sema.es\/wp-content\/uploads\/2020\/10\/family-practice.jpg\" alt=\"\" class=\"wp-image-4366\" title=\"\" srcset=\"https:\/\/sema.es\/wp-content\/uploads\/2020\/10\/family-practice.jpg 600w, https:\/\/sema.es\/wp-content\/uploads\/2020\/10\/family-practice-300x225.jpg 300w\" sizes=\"auto, (max-width: 600px) 100vw, 600px\" \/><\/figure>\n\n\n\n<h4 class=\"gb-headline gb-headline-387b221d gb-headline-text\">Consultoria<\/h4>\n\n\n\n<a class=\"gb-button gb-button-c121cf2a gb-button-text\" href=\"https:\/\/sema.es\/consultoria\/\">Mais informa&ccedil;&otilde;es<\/a>\n\n<\/div><\/div>\n\n<div class=\"gb-grid-column gb-grid-column-fd3424cf\"><div class=\"gb-container gb-container-fd3424cf\">\n\n<figure class=\"wp-block-image size-large grey-shadow img\"><img loading=\"lazy\" decoding=\"async\" width=\"600\" height=\"450\" src=\"https:\/\/sema.es\/wp-content\/uploads\/2020\/10\/counselling.jpg\" alt=\"\" class=\"wp-image-4364\" title=\"\" srcset=\"https:\/\/sema.es\/wp-content\/uploads\/2020\/10\/counselling.jpg 600w, https:\/\/sema.es\/wp-content\/uploads\/2020\/10\/counselling-300x225.jpg 300w\" sizes=\"auto, (max-width: 600px) 100vw, 600px\" \/><\/figure>\n\n\n\n<h4 class=\"gb-headline gb-headline-ecb5a3b5 gb-headline-text\">Integra&ccedil;&atilde;o de sistemas<\/h4>\n\n\n\n<a class=\"gb-button gb-button-9a9a0462 gb-button-text\" href=\"https:\/\/sema.es\/integracion-de-sistemas\/\">Mais informa&ccedil;&otilde;es<\/a>\n\n<\/div><\/div>\n\n<div class=\"gb-grid-column gb-grid-column-14ac2213\"><div class=\"gb-container gb-container-14ac2213\">\n\n<figure class=\"wp-block-image size-full grey-shadow img\"><img loading=\"lazy\" decoding=\"async\" width=\"853\" height=\"640\" src=\"https:\/\/sema.es\/wp-content\/uploads\/2024\/01\/Outsourcing-edited-1.png\" alt=\"\" class=\"wp-image-4835\" title=\"\" srcset=\"https:\/\/sema.es\/wp-content\/uploads\/2024\/01\/Outsourcing-edited-1.png 853w, https:\/\/sema.es\/wp-content\/uploads\/2024\/01\/Outsourcing-edited-1-300x225.png 300w, https:\/\/sema.es\/wp-content\/uploads\/2024\/01\/Outsourcing-edited-1-768x576.png 768w\" sizes=\"auto, (max-width: 853px) 100vw, 853px\" \/><\/figure>\n\n\n\n<h4 class=\"gb-headline gb-headline-94aa8199 gb-headline-text\">Terceiriza&ccedil;&atilde;o<\/h4>\n\n\n\n<a class=\"gb-button gb-button-10184df4 gb-button-text\" href=\"https:\/\/sema.es\/outsourcing\/\">Mais informa&ccedil;&otilde;es<\/a>\n\n<\/div><\/div>\n<\/div>\n<\/div><div class=\"gb-container gb-container-165f5d4c\">\n<div class=\"gb-container gb-container-8656b72e\">\n\n<h2 class=\"gb-headline gb-headline-7cc45e2b\"><span class=\"gb-icon\"><svg xmlns=\"http:\/\/www.w3.org\/2000\/svg\" viewbox=\"0 0 100 108.2\"><path d=\"M53.4 71.9c-.8 0-1.4-.6-1.4-1.4V56.7c0-.8.6-1.4 1.4-1.4s1.4.6 1.4 1.4v13.8c0 .8-.6 1.4-1.4 1.4zM50 108.2c-2.7 0-4.8-2.2-4.8-4.8V83.6c0-.8.6-1.4 1.4-1.4.8 0 1.4.6 1.4 1.4v19.8c0 1.1.9 2 2 2s2-.9 2-2V83.8c0-.8.6-1.4 1.4-1.4s1.4.6 1.4 1.4v19.6c0 2.7-2.1 4.8-4.8 4.8zM46.6 72c-.8 0-1.4-.6-1.4-1.4v-14c0-.8.6-1.4 1.4-1.4.8 0 1.4.6 1.4 1.4v14c0 .7-.6 1.4-1.4 1.4zM46.6 45.6c-.8 0-1.4-.6-1.4-1.4V14.3c-2.2-1.7-3.4-4.4-3.1-7.2.4-3.7 3.3-6.6 7-7.1 2.3-.3 4.5.5 6.2 2C57 3.5 58 5.7 58 8c0 2.5-1.2 4.8-3.1 6.3V44c0 .8-.6 1.4-1.4 1.4S52 44.8 52 44V13.5c0-.5.3-.9.7-1.2 1.5-.9 2.5-2.6 2.5-4.4 0-1.5-.6-2.8-1.7-3.8s-2.5-1.4-4-1.3c-2.3.3-4.3 2.2-4.5 4.5-.2 2 .7 3.9 2.4 4.9.4.3.7.7.7 1.2v30.7c-.1.9-.7 1.5-1.5 1.5z\"><\/path><path d=\"M68.2 38.8c-.4 0-.8-.2-1.1-.5-.5-.6-.5-1.5.1-2 1.1-1 1.9-2.3 2.6-3.9.1-.4.4-.7.8-.8.4-.1.8-.1 1.1 0 .4.2 3.6 1.5 5.1-1.4.2-.4.5-.6.9-.7.4-.1.8 0 1.1.2.3.2 3.3 2 5.3-.5.3-.4.9-.6 1.4-.5.3.1 6.5 1.3 10.5-2.6-3.3-.9-9.7-3.3-19-10.4l-.1-.1s-3.4-3.3-8.1-4c-2.3-.4-4.6.5-6.1 2.3-1.6 1.8-2.1 4.2-1.4 6.4.3 1.1.1 2.1-.5 2.9-1.7 2.3-6.1 2.4-7.4 2.4-.8 0-1.4-.6-1.4-1.4s.6-1.4 1.4-1.4c2.7 0 4.6-.7 5.1-1.3.1-.1.1-.2 0-.4-1-3.2-.2-6.6 2-9.1s5.4-3.7 8.7-3.2c5.2.8 9 4.2 9.5 4.7 12.9 9.8 19.8 10.3 19.9 10.3.5 0 1 .3 1.2.8.2.4.2 1 0 1.4-4 6.4-11.5 6-14 5.7-2.3 2.3-5.3 2-7.2 1.2-1.9 2.4-4.7 2.4-6.7 1.9-.7 1.5-1.7 2.7-2.8 3.7-.2.2-.6.3-.9.3zM32.4 39.3c-.3 0-.6-.1-.8-.3-1.4-1.1-2.6-2.5-3.5-4.3-2 .5-4.8.4-6.7-1.9-2 .8-4.9 1.2-7.2-1.2-2.5.3-10 .7-14-5.7-.3-.4-.3-1 0-1.4s.7-.7 1.2-.7c.1 0 7-.4 19.9-10.3.6-.5 4.3-3.9 9.5-4.7 3.3-.5 6.5.7 8.7 3.2 2.2 2.5 2.9 5.9 2 9.1-.1.2 0 .3 0 .4.5.7 2.5 1.3 5.1 1.3.8 0 1.4.6 1.4 1.4s-.6 1.4-1.4 1.4c-.9 0-5.6-.1-7.4-2.5-.6-.8-.8-1.9-.5-2.9.7-2.2.1-4.6-1.4-6.4-1.5-1.8-3.8-2.6-6.1-2.3-4.7.7-8 4-8.1 4l-.1.1C13.7 22.7 7.3 25.2 4 26c3.9 3.9 10.2 2.7 10.5 2.6.5-.1 1.1.1 1.4.5 2.1 2.5 5 .7 5.3.5.3-.2.7-.3 1.1-.2.4.1.7.4.9.7 1.5 2.9 4.7 1.5 5.1 1.4.4-.2.8-.2 1.1 0 .4.1.7.4.8.8.7 1.9 1.8 3.3 3.1 4.3.6.5.8 1.4.3 2-.3.5-.7.7-1.2.7z\"><\/path><path d=\"M14.7 31.5c-.4 0-.7-.1-1-.4-.6-.6-.6-1.4 0-2l6.2-6.2c.6-.6 1.4-.6 2 0 .6.6.6 1.4 0 2l-6.2 6.2c-.2.3-.6.4-1 .4zM21.9 32.4c-.4 0-.7-.1-1-.4-.6-.6-.6-1.4 0-2l4.9-4.9c.6-.6 1.4-.6 2 0 .6.6.6 1.4 0 2L22.9 32c-.3.2-.6.4-1 .4zM28.9 34.4c-.4 0-.7-.1-1-.4-.6-.6-.6-1.4 0-2l4.5-4.5c.6-.6 1.4-.6 2 0 .6.6.6 1.4 0 2L29.9 34c-.3.2-.7.4-1 .4zM85.3 31.5c-.4 0-.7-.1-1-.4L78.2 25c-.6-.6-.6-1.4 0-2 .6-.6 1.4-.6 2 0l6.2 6.2c.6.6.6 1.4 0 2-.3.2-.7.3-1.1.3zM78.1 32.4c-.4 0-.7-.1-1-.4l-4.9-4.9c-.6-.6-.6-1.4 0-2 .6-.6 1.4-.6 2 0l4.9 4.9c.6.6.6 1.4 0 2-.2.2-.6.4-1 .4zM71.2 34.4c-.4 0-.7-.1-1-.4l-4.5-4.5c-.6-.6-.6-1.4 0-2 .6-.6 1.4-.6 2 0l4.5 4.5c.6.6.6 1.4 0 2-.3.2-.6.4-1 .4zM42.3 96.1c-.4 0-.8-.2-1.1-.5-1.6-1.8-2.6-3.8-2.9-5.8-.6-4 1.6-8.3 5.8-11.4.6-.5 1.5-.3 2 .3s.3 1.5-.3 2c-2.6 1.9-5.2 5.2-4.7 8.7.2 1.5 1 2.9 2.2 4.3.5.6.5 1.5-.1 2-.2.3-.5.4-.9.4zM55.3 76.1c-.5 0-1-.3-1.3-.8-.3-.7 0-1.5.7-1.9.8-.4 1.4-.7 1.9-1.1 1.7-1.1 5.7-4.2 5.8-8.3.1-2.6-1.4-5.4-4-7.5-1-.8-2.1-1.5-3.4-2.1-.7-.3-1-1.2-.6-1.9.3-.7 1.2-1 1.9-.6 1.5.8 2.8 1.6 3.9 2.4 3.3 2.6 5.2 6.3 5 9.8-.2 5.3-4.5 8.9-7.1 10.6-.6.4-1.4.8-2.3 1.2-.1.2-.3.2-.5.2zM44.3 49.9c-.2 0-.4 0-.6-.1-1.2-.6-2.3-1.2-3.2-1.9-3.4-2.5-5.5-5.9-5.7-9.4-.2-4.3 2.9-8.3 6.8-8.8.8-.1 1.5.5 1.6 1.2.1.8-.5 1.5-1.2 1.6-2.7.3-4.4 3.4-4.3 5.9.1 2.6 1.8 5.3 4.5 7.3.8.6 1.8 1.2 2.8 1.7.7.3 1 1.2.6 1.9-.3.3-.8.6-1.3.6z\"><\/path><path d=\"M57.9 95.9c-.3 0-.7-.1-.9-.3-.6-.5-.7-1.4-.2-2 1.2-1.4 1.9-2.8 2.1-4.1.5-3.5-2.1-6.8-4.7-8.7-1.5-1.2-4-2.1-6.3-3.1-2.2-.9-4.4-1.8-6.1-2.9-2.6-1.7-6.9-5.3-7.1-10.6-.1-3.5 1.7-7.2 5-9.8 2.7-2.2 5.9-3.4 9.4-4.7l.3-.1c2.9-1.1 6-2.2 8.5-4 2.7-2 4.4-4.7 4.5-7.3.1-2.5-1.6-5.5-4.3-5.9-.8-.1-1.3-.8-1.2-1.6.1-.8.8-1.3 1.6-1.2 3.9.5 7 4.5 6.8 8.8-.2 3.5-2.2 6.9-5.7 9.4-2.8 2-6 3.2-9.2 4.4l-.3.1c-3.3 1.2-6.2 2.4-8.6 4.3-2.6 2.1-4.1 4.9-4 7.5.2 4.2 4.1 7.2 5.8 8.3 1.4.9 3.4 1.7 5.6 2.6 2.5 1 5.1 2 6.9 3.4 4.2 3.1 6.4 7.4 5.8 11.4-.3 1.9-1.2 3.8-2.7 5.6-.2.3-.6.5-1 .5z\"><\/path><path d=\"M75.1 17.8l-.2-.2s-2.8-2.7-6.5-3.2c-.2 0-.4-.1-.6-.1-1.6 0-2.5.9-2.9 1.4-.4.5-1.4 1.9-.8 3.8.6 1.9.2 3.9-.9 5.4-.3.3-.5.7-.9.9 2.1-.4 3.9-1.5 5-3.3.7-1.2 1.1-2.6 2.1-3.4.9-.7 2.1-.8 3.2-.8 1-.1 2-.1 3-.2l-.2-.2-.3-.1zM24.9 17.8l.2-.2s2.8-2.7 6.5-3.2c.2 0 .4-.1.6-.1 1.6 0 2.5.9 2.9 1.4.4.5 1.4 1.9.8 3.8-.6 1.9-.2 3.9.9 5.4.3.3.5.7.9.9-2.1-.4-3.9-1.5-5-3.3-.7-1.2-1.1-2.6-2.1-3.4-.9-.7-2.1-.8-3.2-.8-1-.1-2-.1-3-.2l.2-.2.3-.1z\"><\/path><\/svg><\/span><span class=\"gb-headline-text\"><\/span><\/h2>\n\n\n\n<p><\/p>\n\n<\/div>\n\n<div class=\"gb-container gb-container-df033ba0\">\n\n<p class=\"gb-headline gb-headline-7f270396\"><span class=\"gb-icon\"><svg xmlns=\"http:\/\/www.w3.org\/2000\/svg\" viewbox=\"0 0 256 512\" width=\"1em\" height=\"1em\" aria-hidden=\"true\"><path d=\"M224.3 273l-136 136c-9.4 9.4-24.6 9.4-33.9 0l-22.6-22.6c-9.4-9.4-9.4-24.6 0-33.9l96.4-96.4-96.4-96.4c-9.4-9.4-9.4-24.6 0-33.9L54.3 103c9.4-9.4 24.6-9.4 33.9 0l136 136c9.5 9.4 9.5 24.6.1 34z\" fill=\"currentColor\"><\/path><\/svg><\/span><span class=\"gb-headline-text\"><\/span><\/p>\n\n\n\n<p class=\"gb-headline gb-headline-f8165c48\"><span class=\"gb-icon\"><svg xmlns=\"http:\/\/www.w3.org\/2000\/svg\" viewbox=\"0 0 256 512\" width=\"1em\" height=\"1em\" aria-hidden=\"true\"><path d=\"M224.3 273l-136 136c-9.4 9.4-24.6 9.4-33.9 0l-22.6-22.6c-9.4-9.4-9.4-24.6 0-33.9l96.4-96.4-96.4-96.4c-9.4-9.4-9.4-24.6 0-33.9L54.3 103c9.4-9.4 24.6-9.4 33.9 0l136 136c9.5 9.4 9.5 24.6.1 34z\" fill=\"currentColor\"><\/path><\/svg><\/span><span class=\"gb-headline-text\"><\/span><\/p>\n\n\n\n<p class=\"gb-headline gb-headline-33dbab66\"><span class=\"gb-icon\"><svg xmlns=\"http:\/\/www.w3.org\/2000\/svg\" viewbox=\"0 0 256 512\" width=\"1em\" height=\"1em\" aria-hidden=\"true\"><path d=\"M224.3 273l-136 136c-9.4 9.4-24.6 9.4-33.9 0l-22.6-22.6c-9.4-9.4-9.4-24.6 0-33.9l96.4-96.4-96.4-96.4c-9.4-9.4-9.4-24.6 0-33.9L54.3 103c9.4-9.4 24.6-9.4 33.9 0l136 136c9.5 9.4 9.5 24.6.1 34z\" fill=\"currentColor\"><\/path><\/svg><\/span><span class=\"gb-headline-text\"><\/span><\/p>\n\n\n\n<p class=\"gb-headline gb-headline-e5e65d98\"><span class=\"gb-icon\"><svg xmlns=\"http:\/\/www.w3.org\/2000\/svg\" viewbox=\"0 0 256 512\" width=\"1em\" height=\"1em\" aria-hidden=\"true\"><path d=\"M224.3 273l-136 136c-9.4 9.4-24.6 9.4-33.9 0l-22.6-22.6c-9.4-9.4-9.4-24.6 0-33.9l96.4-96.4-96.4-96.4c-9.4-9.4-9.4-24.6 0-33.9L54.3 103c9.4-9.4 24.6-9.4 33.9 0l136 136c9.5 9.4 9.5 24.6.1 34z\" fill=\"currentColor\"><\/path><\/svg><\/span><span class=\"gb-headline-text\"><\/span><\/p>\n\n\n\n<p class=\"gb-headline gb-headline-6771850a\"><span class=\"gb-icon\"><svg xmlns=\"http:\/\/www.w3.org\/2000\/svg\" viewbox=\"0 0 256 512\" width=\"1em\" height=\"1em\" aria-hidden=\"true\"><path d=\"M224.3 273l-136 136c-9.4 9.4-24.6 9.4-33.9 0l-22.6-22.6c-9.4-9.4-9.4-24.6 0-33.9l96.4-96.4-96.4-96.4c-9.4-9.4-9.4-24.6 0-33.9L54.3 103c9.4-9.4 24.6-9.4 33.9 0l136 136c9.5 9.4 9.5 24.6.1 34z\" fill=\"currentColor\"><\/path><\/svg><\/span><span class=\"gb-headline-text\"><\/span><\/p>\n\n<\/div>\n<\/div>\n","protected":false},"excerpt":{"rendered":"<p>aprimoramento Evoluir: processos, competitividade As novas tecnologias: I-net, redes de alta capacidade, plataformas de middleware, uma nova concep&ccedil;&atilde;o de desenvolvimento de software, juntamente com as imensas possibilidades oferecidas pelas novas plataformas multim&iacute;dia e a explos&atilde;o do e-business, desempenham um papel fundamental no aumento da competitividade e do crescimento das empresas. Esses fatores provocaram uma mudan&ccedil;a &#8230; <a title=\"Servi\u00e7os\" class=\"read-more\" href=\"https:\/\/sema.es\/pt-br\/services\/\" aria-label=\"Read more about Servi\u00e7os\">Leia mais<\/a><\/p>\n","protected":false},"author":1,"featured_media":0,"parent":0,"menu_order":0,"comment_status":"closed","ping_status":"closed","template":"","meta":{"footnotes":""},"class_list":["post-27557","page","type-page","status-publish"],"rank_math_title":"Melhorando a competitividade das empresas com os servi\u00e7os da Atos Origin","rank_math_description":"Descubra como os servi\u00e7os da Atos Origin transformam as empresas, aproveitando as novas tecnologias, o com\u00e9rcio eletr\u00f4nico e as solu\u00e7\u00f5es avan\u00e7adas de software para melhorar a competitividade, a presen\u00e7a no mercado e o relacionamento com os clientes.","rank_math_focus_keyword":"","_links":{"self":[{"href":"https:\/\/sema.es\/pt-br\/wp-json\/wp\/v2\/pages\/27557","targetHints":{"allow":["GET"]}}],"collection":[{"href":"https:\/\/sema.es\/pt-br\/wp-json\/wp\/v2\/pages"}],"about":[{"href":"https:\/\/sema.es\/pt-br\/wp-json\/wp\/v2\/types\/page"}],"author":[{"embeddable":true,"href":"https:\/\/sema.es\/pt-br\/wp-json\/wp\/v2\/users\/1"}],"replies":[{"embeddable":true,"href":"https:\/\/sema.es\/pt-br\/wp-json\/wp\/v2\/comments?post=27557"}],"version-history":[{"count":0,"href":"https:\/\/sema.es\/pt-br\/wp-json\/wp\/v2\/pages\/27557\/revisions"}],"wp:attachment":[{"href":"https:\/\/sema.es\/pt-br\/wp-json\/wp\/v2\/media?parent=27557"}],"curies":[{"name":"wp","href":"https:\/\/api.w.org\/{rel}","templated":true}]}}