{"id":27601,"date":"2020-10-26T20:05:47","date_gmt":"2020-10-26T20:05:47","guid":{"rendered":"https:\/\/sema.es\/crm\/"},"modified":"2024-12-16T10:39:45","modified_gmt":"2024-12-16T10:39:45","slug":"crm","status":"publish","type":"page","link":"https:\/\/sema.es\/pt-br\/crm\/","title":{"rendered":"CRM"},"content":{"rendered":"<?xml encoding=\"UTF-8\"><div class=\"gb-container gb-container-dbd7fb60\">\n<div class=\"gb-container gb-container-132b70d5\"><div class=\"gb-inside-container\">\n\n<p class=\"gb-headline gb-headline-1dae00de\"><span class=\"gb-icon\"><svg xmlns=\"http:\/\/www.w3.org\/2000\/svg\" viewbox=\"0 0 36.7 3\"><path d=\"M0 0h36.7v3H0z\"><\/path><\/svg><\/span><span class=\"gb-headline-text\">Solu&ccedil;&otilde;es<\/span><\/p>\n\n\n\n<h2 class=\"gb-headline gb-headline-7f28430c gb-headline-text\">Gerenciamento de relacionamento com o cliente (CRM)<\/h2>\n\n<\/div><\/div>\n\n<div class=\"gb-container gb-container-b898dd4b\"><div class=\"gb-inside-container\">\n\n<p class=\"gb-headline gb-headline-57614a78 gb-headline-text\">&ldquo;As empresas ter&atilde;o sucesso se o cliente estiver no centro de sua estrat&eacute;gia. Na Atos Origin, temos as ideias claras para ajudar voc&ecirc; a alcan&ccedil;ar esse objetivo&rdquo;.<\/p>\n\n\n\n<p class=\"gb-headline gb-headline-d268030b gb-headline-text\"><em>Sara M. &ndash; Miami<\/em><\/p>\n\n<\/div><\/div>\n<\/div><div class=\"gb-container gb-container-613ced2e\">\n<div class=\"gb-container gb-container-27a0e383\">\n\n<p class=\"gb-headline gb-headline-25158df7\"><span class=\"gb-icon\"><svg xmlns=\"http:\/\/www.w3.org\/2000\/svg\" viewbox=\"0 0 36.7 3\"><path d=\"M0 0h36.7v3H0z\"><\/path><\/svg><\/span><span class=\"gb-headline-text\"><strong>aprimoramento<\/strong><\/span><\/p>\n\n\n\n<h2 class=\"gb-headline gb-headline-e923e090 gb-headline-text\">Evoluir: processos, competitividade<\/h2>\n\n\n\n<figure class=\"wp-block-image size-full\"><img loading=\"lazy\" decoding=\"async\" width=\"460\" height=\"278\" src=\"https:\/\/sema.es\/wp-content\/uploads\/2024\/01\/ciclo_crm.jpg\" alt=\"\" class=\"wp-image-4839\" title=\"\" srcset=\"https:\/\/sema.es\/wp-content\/uploads\/2024\/01\/ciclo_crm.jpg 460w, https:\/\/sema.es\/wp-content\/uploads\/2024\/01\/ciclo_crm-300x181.jpg 300w\" sizes=\"auto, (max-width: 460px) 100vw, 460px\" \/><\/figure>\n\n<\/div>\n\n<div class=\"gb-container gb-container-afc3afdf\">\n\n<p>Atualmente, os clientes exigem cada vez mais ofertas personalizadas. Os mercados s&atilde;o mais transparentes e facilitam a substitui&ccedil;&atilde;o de um fornecedor por outro. A globaliza&ccedil;&atilde;o e a redu&ccedil;&atilde;o das barreiras comerciais aumentaram a concorr&ecirc;ncia.  <\/p>\n\n\n\n<p><br>Para crescer, voc&ecirc; precisa conquistar novos clientes e aumentar os relacionamentos existentes. Portanto, o valor dos relacionamentos com seus clientes &eacute; fundamental para o sucesso de sua empresa. <\/p>\n\n\n\n<p><br>Para a Atos Origin, as solu&ccedil;&otilde;es de CRM devem ser uma abordagem de gerenciamento que coloca o cliente no centro dos processos e pr&aacute;ticas de cada empresa. Afinal, que melhor propaganda para uma empresa do que aumentar o n&uacute;mero de clientes satisfeitos? <\/p>\n\n\n\n<h3 class=\"gb-headline gb-headline-de303d0c gb-headline-text\">Solu&ccedil;&otilde;es de CRM<\/h3>\n\n\n\n<p>As solu&ccedil;&otilde;es e tecnologias de CRM oferecem maior percep&ccedil;&atilde;o do cliente interno, maior acesso ao cliente, intera&ccedil;&atilde;o mais eficaz e, por fim, integra&ccedil;&atilde;o em todos os canais voltados para o cliente e fun&ccedil;&otilde;es de back-office.<\/p>\n\n\n\n<p>A Atos Origin, como l&iacute;der em integra&ccedil;&atilde;o de neg&oacute;cios e tecnologia, oferece servi&ccedil;os completos de ciclo de vida em uma base global. Nossa comprovada abordagem &ldquo;Design, Build, Operate&rdquo; permitir&aacute; que voc&ecirc; transforme sua vis&atilde;o em uma estrat&eacute;gia voltada para o cliente. Os processos ser&atilde;o projetados com base em seus clientes e a solu&ccedil;&atilde;o de neg&oacute;cios levar&aacute; isso em considera&ccedil;&atilde;o e ser&aacute; integrada aos seus processos de back-office.  <\/p>\n\n<\/div>\n<\/div><div class=\"gb-container gb-container-b763d655\">\n\n<p class=\"gb-headline gb-headline-df762b4f\"><span class=\"gb-icon\"><svg xmlns=\"http:\/\/www.w3.org\/2000\/svg\" viewbox=\"0 0 36.7 3\"><path d=\"M0 0h36.7v3H0z\"><\/path><\/svg><\/span><span class=\"gb-headline-text\">Entre em contato conosco<\/span><\/p>\n\n\n\n<h2 class=\"gb-headline gb-headline-fbeda807 gb-headline-text\">Entre em contato com nosso departamento de agendamento hoje mesmo para marcar uma consulta.<\/h2>\n\n\n\n<a class=\"gb-button gb-button-0d97623a gb-button-text button\" href=\"https:\/\/sema.es\/contact\/\">Marque uma consulta<\/a>\n\n<\/div>\n","protected":false},"excerpt":{"rendered":"<p>Solu&ccedil;&otilde;es Gerenciamento de relacionamento com o cliente (CRM) &ldquo;As empresas ter&atilde;o sucesso se o cliente estiver no centro de sua estrat&eacute;gia. Na Atos Origin, temos as ideias claras para ajudar voc&ecirc; a alcan&ccedil;ar esse objetivo&rdquo;. Sara M. &ndash; Miami aprimoramento Evoluir: processos, competitividade Atualmente, os clientes exigem cada vez mais ofertas personalizadas. Os mercados s&atilde;o &#8230; <a title=\"CRM\" class=\"read-more\" href=\"https:\/\/sema.es\/pt-br\/crm\/\" aria-label=\"Read more about CRM\">Leia mais<\/a><\/p>\n","protected":false},"author":1,"featured_media":0,"parent":0,"menu_order":0,"comment_status":"closed","ping_status":"closed","template":"","meta":{"footnotes":""},"class_list":["post-27601","page","type-page","status-publish"],"rank_math_title":"Solu\u00e7\u00f5es de CRM da Atos Origin: melhorando o relacionamento com os clientes","rank_math_description":"Transforme suas intera\u00e7\u00f5es com os clientes com as solu\u00e7\u00f5es de CRM da Atos Origin. Nossa abordagem integra tecnologia e estrat\u00e9gia para colocar os clientes no centro do seu neg\u00f3cio, gerando satisfa\u00e7\u00e3o e crescimento. ","rank_math_focus_keyword":"","_links":{"self":[{"href":"https:\/\/sema.es\/pt-br\/wp-json\/wp\/v2\/pages\/27601","targetHints":{"allow":["GET"]}}],"collection":[{"href":"https:\/\/sema.es\/pt-br\/wp-json\/wp\/v2\/pages"}],"about":[{"href":"https:\/\/sema.es\/pt-br\/wp-json\/wp\/v2\/types\/page"}],"author":[{"embeddable":true,"href":"https:\/\/sema.es\/pt-br\/wp-json\/wp\/v2\/users\/1"}],"replies":[{"embeddable":true,"href":"https:\/\/sema.es\/pt-br\/wp-json\/wp\/v2\/comments?post=27601"}],"version-history":[{"count":0,"href":"https:\/\/sema.es\/pt-br\/wp-json\/wp\/v2\/pages\/27601\/revisions"}],"wp:attachment":[{"href":"https:\/\/sema.es\/pt-br\/wp-json\/wp\/v2\/media?parent=27601"}],"curies":[{"name":"wp","href":"https:\/\/api.w.org\/{rel}","templated":true}]}}