{"id":27665,"date":"2024-01-11T06:57:28","date_gmt":"2024-01-11T06:57:28","guid":{"rendered":"https:\/\/sema.es\/consultoria\/"},"modified":"2024-01-11T06:57:28","modified_gmt":"2024-01-11T06:57:28","slug":"consultoria","status":"publish","type":"page","link":"https:\/\/sema.es\/pt-br\/consultoria\/","title":{"rendered":"Consultoria"},"content":{"rendered":"<?xml encoding=\"UTF-8\">\n","protected":false},"excerpt":{"rendered":"","protected":false},"author":1,"featured_media":0,"parent":0,"menu_order":0,"comment_status":"closed","ping_status":"closed","template":"","meta":{"footnotes":""},"class_list":["post-27665","page","type-page","status-publish"],"rank_math_title":"Atos Consulting: Servi\u00e7os de consultoria estrat\u00e9gica de neg\u00f3cios e TI","rank_math_description":"Obtenha uma vantagem competitiva com os servi\u00e7os especializados de consultoria em TI e neg\u00f3cios da Atos Consulting. Solu\u00e7\u00f5es sob medida para telecomunica\u00e7\u00f5es, finan\u00e7as, setor p\u00fablico e muito mais, gerando resultados vis\u00edveis e crescimento estrat\u00e9gico. ","rank_math_focus_keyword":"","_links":{"self":[{"href":"https:\/\/sema.es\/pt-br\/wp-json\/wp\/v2\/pages\/27665","targetHints":{"allow":["GET"]}}],"collection":[{"href":"https:\/\/sema.es\/pt-br\/wp-json\/wp\/v2\/pages"}],"about":[{"href":"https:\/\/sema.es\/pt-br\/wp-json\/wp\/v2\/types\/page"}],"author":[{"embeddable":true,"href":"https:\/\/sema.es\/pt-br\/wp-json\/wp\/v2\/users\/1"}],"replies":[{"embeddable":true,"href":"https:\/\/sema.es\/pt-br\/wp-json\/wp\/v2\/comments?post=27665"}],"version-history":[{"count":0,"href":"https:\/\/sema.es\/pt-br\/wp-json\/wp\/v2\/pages\/27665\/revisions"}],"wp:attachment":[{"href":"https:\/\/sema.es\/pt-br\/wp-json\/wp\/v2\/media?parent=27665"}],"curies":[{"name":"wp","href":"https:\/\/api.w.org\/{rel}","templated":true}]}}