{"id":27685,"date":"2024-01-11T07:00:27","date_gmt":"2024-01-11T07:00:27","guid":{"rendered":"https:\/\/sema.es\/integracao-de-sistemas\/"},"modified":"2024-12-16T10:40:16","modified_gmt":"2024-12-16T10:40:16","slug":"integracion-de-sistemas","status":"publish","type":"page","link":"https:\/\/sema.es\/pt-br\/integracion-de-sistemas\/","title":{"rendered":"Integra\u00e7\u00e3o de sistemas"},"content":{"rendered":"<?xml encoding=\"UTF-8\"><div class=\"gb-container gb-container-64391086\">\n<div class=\"gb-container gb-container-7fddd5ff\">\n\n<p class=\"gb-headline gb-headline-9b73ecbe\"><span class=\"gb-icon\"><svg xmlns=\"http:\/\/www.w3.org\/2000\/svg\" viewbox=\"0 0 36.7 3\"><path d=\"M0 0h36.7v3H0z\"><\/path><\/svg><\/span><span class=\"gb-headline-text\"><\/span><\/p>\n\n\n\n<h2 class=\"gb-headline gb-headline-d14c8852 gb-headline-text\">GERENCIANDO A COMPLEXIDADE COM CLAREZA<\/h2>\n\n\n\n<p>O ambiente de neg&oacute;cios atual traz uma enxurrada de novas mudan&ccedil;as que exigem melhorias no desempenho dos neg&oacute;cios e no retorno sobre o investimento (ROI). A produtividade deve aumentar e, ao mesmo tempo, os gastos relacionados &agrave; TI devem diminuir. O desafio de fazer mais com menos pressiona as solu&ccedil;&otilde;es de TI para que sejam mais eficazes.  <\/p>\n\n\n\n<p>Em todos os setores, os principais desafios enfrentados pelas empresas atualmente s&atilde;o:<\/p>\n\n\n\n<ul class=\"wp-block-list\">\n<li>A manuten&ccedil;&atilde;o da integridade e da seguran&ccedil;a dos dados estrat&eacute;gicos<\/li>\n\n\n\n<li>o uso de infraestruturas existentes para implementar novos modelos de neg&oacute;cios<\/li>\n\n\n\n<li>ampliar o valor dos sistemas propriet&aacute;rios<\/li>\n\n\n\n<li>a ado&ccedil;&atilde;o de novas tecnologias e a manuten&ccedil;&atilde;o das atividades normais<\/li>\n\n\n\n<li>O uso da TI para otimizar a produtividade dos recursos<\/li>\n\n\n\n<li>manter um perfil de lideran&ccedil;a competitivo<\/li>\n<\/ul>\n\n\n\n<p>A Atos Origin entende esses desafios e seu impacto cr&iacute;tico nos neg&oacute;cios de nossos clientes. Nossa ampla experi&ecirc;ncia na integra&ccedil;&atilde;o de pessoas, processos e tecnologias nos permite projetar, desenvolver e implementar solu&ccedil;&otilde;es pr&aacute;ticas e robustas. Aplicamos metodologias e processos l&iacute;deres de mercado que permitem que nossos clientes minimizem os riscos e alcancem n&iacute;veis mais altos de efici&ecirc;ncia por meio da implementa&ccedil;&atilde;o de solu&ccedil;&otilde;es de neg&oacute;cios complexas.  <\/p>\n\n\n\n<h2 class=\"wp-block-heading\">Temos os recursos que maximizam seu investimento em TI<\/h2>\n\n\n\n<p>Nossos especialistas em integra&ccedil;&atilde;o de sistemas desenvolvem e implementam novas solu&ccedil;&otilde;es e sistemas de TI. Eles garantem uma adapta&ccedil;&atilde;o perfeita &agrave;s infraestruturas existentes e fornecem manuten&ccedil;&atilde;o e aprimoramento cont&iacute;nuos dos aplicativos de TI, conforme necess&aacute;rio. <\/p>\n\n\n\n<p>Trabalhamos com nossos clientes para desenvolver planos de TI de longo prazo que apoiem e reforcem sua estrat&eacute;gia comercial geral. Al&eacute;m disso, desenvolvemos solu&ccedil;&otilde;es especializadas, integramos as melhores tecnologias e oferecemos pacotes de sistemas como parte de uma oferta completa. <\/p>\n\n<\/div>\n\n<div class=\"gb-container gb-container-0896ed09\">\n\n<figure class=\"wp-block-image size-full blue-shadow img\"><img loading=\"lazy\" decoding=\"async\" width=\"600\" height=\"450\" src=\"https:\/\/sema.es\/wp-content\/uploads\/2020\/10\/counselling.jpg\" alt=\"\" class=\"wp-image-4364\" title=\"\" srcset=\"https:\/\/sema.es\/wp-content\/uploads\/2020\/10\/counselling.jpg 600w, https:\/\/sema.es\/wp-content\/uploads\/2020\/10\/counselling-300x225.jpg 300w\" sizes=\"auto, (max-width: 600px) 100vw, 600px\" \/><\/figure>\n\n<\/div>\n<\/div>\n","protected":false},"excerpt":{"rendered":"<p>GERENCIANDO A COMPLEXIDADE COM CLAREZA O ambiente de neg&oacute;cios atual traz uma enxurrada de novas mudan&ccedil;as que exigem melhorias no desempenho dos neg&oacute;cios e no retorno sobre o investimento (ROI). A produtividade deve aumentar e, ao mesmo tempo, os gastos relacionados &agrave; TI devem diminuir. O desafio de fazer mais com menos pressiona as solu&ccedil;&otilde;es &#8230; <a title=\"Integra\u00e7\u00e3o de sistemas\" class=\"read-more\" href=\"https:\/\/sema.es\/pt-br\/integracion-de-sistemas\/\" aria-label=\"Read more about Integra\u00e7\u00e3o de sistemas\">Leia mais<\/a><\/p>\n","protected":false},"author":1,"featured_media":0,"parent":0,"menu_order":0,"comment_status":"closed","ping_status":"closed","template":"","meta":{"footnotes":""},"class_list":["post-27685","page","type-page","status-publish"],"rank_math_title":"Atos Systems Integration Services: melhorando a efici\u00eancia dos neg\u00f3cios","rank_math_description":"Otimize seus neg\u00f3cios com os servi\u00e7os de integra\u00e7\u00e3o de sistemas da Atos. Voc\u00ea pode obter maior produtividade e ROI integrando novas tecnologias \u00e0s infraestruturas existentes, mantendo a integridade dos dados e aproveitando os avan\u00e7os da TI. ","rank_math_focus_keyword":"","_links":{"self":[{"href":"https:\/\/sema.es\/pt-br\/wp-json\/wp\/v2\/pages\/27685","targetHints":{"allow":["GET"]}}],"collection":[{"href":"https:\/\/sema.es\/pt-br\/wp-json\/wp\/v2\/pages"}],"about":[{"href":"https:\/\/sema.es\/pt-br\/wp-json\/wp\/v2\/types\/page"}],"author":[{"embeddable":true,"href":"https:\/\/sema.es\/pt-br\/wp-json\/wp\/v2\/users\/1"}],"replies":[{"embeddable":true,"href":"https:\/\/sema.es\/pt-br\/wp-json\/wp\/v2\/comments?post=27685"}],"version-history":[{"count":0,"href":"https:\/\/sema.es\/pt-br\/wp-json\/wp\/v2\/pages\/27685\/revisions"}],"wp:attachment":[{"href":"https:\/\/sema.es\/pt-br\/wp-json\/wp\/v2\/media?parent=27685"}],"curies":[{"name":"wp","href":"https:\/\/api.w.org\/{rel}","templated":true}]}}