{"id":27695,"date":"2024-01-11T07:03:23","date_gmt":"2024-01-11T07:03:23","guid":{"rendered":"https:\/\/sema.es\/terceirizacao\/"},"modified":"2024-12-16T10:40:15","modified_gmt":"2024-12-16T10:40:15","slug":"outsourcing","status":"publish","type":"page","link":"https:\/\/sema.es\/pt-br\/outsourcing\/","title":{"rendered":"Terceiriza\u00e7\u00e3o"},"content":{"rendered":"<?xml encoding=\"UTF-8\"><div class=\"gb-container gb-container-64391086\">\n<div class=\"gb-container gb-container-7fddd5ff\">\n\n<p class=\"gb-headline gb-headline-9b73ecbe\"><span class=\"gb-icon\"><svg xmlns=\"http:\/\/www.w3.org\/2000\/svg\" viewbox=\"0 0 36.7 3\"><path d=\"M0 0h36.7v3H0z\"><\/path><\/svg><\/span><span class=\"gb-headline-text\"><\/span><\/p>\n\n\n\n<h2 class=\"gb-headline gb-headline-d14c8852 gb-headline-text\">Subcontrata&ccedil;&atilde;o<\/h2>\n\n\n\n<p>Em um mundo em constante mudan&ccedil;a, as empresas precisam aprimorar seus processos de neg&oacute;cios para manter e melhorar seu n&iacute;vel de competitividade. Fatores como ciclos de produtos mais curtos, concorr&ecirc;ncia global, cadeias de suprimentos mais competitivas e sofistica&ccedil;&atilde;o crescente foram acompanhados por uma maior contribui&ccedil;&atilde;o e complexidade dos sistemas de informa&ccedil;&atilde;o. <\/p>\n\n\n\n<p>A necessidade de maior disponibilidade de recursos para lidar com projetos estrat&eacute;gicos, de ter sistemas ativos 7 dias por semana, 24 horas por dia, de se concentrar nas tarefas que realmente agregam valor ao seu neg&oacute;cio e de ter sistemas de TI cujo custo seja controlado e justificado est&aacute; se tornando mais urgente a cada dia.<\/p>\n\n\n\n<p>A Atos Origin atende a essas necessidades dos clientes por meio da implanta&ccedil;&atilde;o e do gerenciamento de ambientes de TI. Gra&ccedil;as &agrave; nossa posi&ccedil;&atilde;o de l&iacute;der de mercado no gerenciamento do ciclo de vida de aplicativos de neg&oacute;cios e da infraestrutura que os suporta, bem como &agrave; nossa ampla experi&ecirc;ncia na presta&ccedil;&atilde;o de servi&ccedil;os a organiza&ccedil;&otilde;es locais e globais, podemos compartilhar com nossos clientes os riscos e benef&iacute;cios dessa mudan&ccedil;a fundamental. <\/p>\n\n\n\n<p>Os servi&ccedil;os oferecidos pela Atos Origin abrangem a terceiriza&ccedil;&atilde;o completa de seus sistemas de informa&ccedil;&atilde;o, adaptados &agrave;s necessidades de seu neg&oacute;cio, compreendendo os seguintes elementos:<\/p>\n\n\n\n<ul class=\"wp-block-list\">\n<li>Gerenciamento de aplicativos<\/li>\n\n\n\n<li>Gerenciamento de servidores<\/li>\n\n\n\n<li>Gerenciamento do ambiente de desktop<\/li>\n\n\n\n<li>Gerenciamento de rede<\/li>\n\n\n\n<li>Servi&ccedil;os de suporte, helpdesk<\/li>\n<\/ul>\n\n\n\n<p>A presta&ccedil;&atilde;o desses servi&ccedil;os &eacute; baseada em tr&ecirc;s pilares fundamentais: processos, organiza&ccedil;&atilde;o e ferramentas. A Atos Origin desenvolveu sua pr&oacute;pria metodologia de presta&ccedil;&atilde;o de servi&ccedil;os, o Customer Service Delivery Model, baseado no ITIL, que garante que, onde quer que voc&ecirc; esteja no mundo, nossos clientes encontrar&atilde;o as mesmas maneiras de fazer as coisas. Mas o CSDM vai al&eacute;m, vinculando a organiza&ccedil;&atilde;o a esses processos, definindo as responsabilidades e as fun&ccedil;&otilde;es dos diferentes grupos. Por fim, as ferramentas permitem facilitar e apoiar a organiza&ccedil;&atilde;o e seus processos, usando aquelas que melhor se adaptam &agrave;s necessidades dos clientes em cada caso.   <\/p>\n\n\n\n<p>A solu&ccedil;&atilde;o Atos Origin trar&aacute; a voc&ecirc; benef&iacute;cios reais:<\/p>\n\n\n\n<ul class=\"wp-block-list\">\n<li>Garantir a continuidade dos sistemas de informa&ccedil;&atilde;o<\/li>\n\n\n\n<li>Liderar a inova&ccedil;&atilde;o tecnol&oacute;gica para melhorar a competitividade<\/li>\n\n\n\n<li>Garanta o uso das melhores solu&ccedil;&otilde;es de acordo com seus objetivos comerciais.<\/li>\n\n\n\n<li>Combina&ccedil;&atilde;o de requisitos de neg&oacute;cios com solu&ccedil;&otilde;es tecnol&oacute;gicas<\/li>\n\n\n\n<li>Compartilhar informa&ccedil;&otilde;es envolvendo nossos clientes em todos os est&aacute;gios principais<\/li>\n\n\n\n<li>Gerencie a complexidade e a din&acirc;mica dos sistemas distribu&iacute;dos por meio do gerenciamento proativo.<\/li>\n<\/ul>\n\n<\/div>\n\n<div class=\"gb-container gb-container-0896ed09\">\n\n<figure class=\"wp-block-image size-full blue-shadow img\"><img loading=\"lazy\" decoding=\"async\" width=\"1024\" height=\"1024\" src=\"https:\/\/sema.es\/wp-content\/uploads\/2024\/01\/hp_001.png\" alt=\"\" class=\"wp-image-4854\" title=\"\" srcset=\"https:\/\/sema.es\/wp-content\/uploads\/2024\/01\/hp_001.png 1024w, https:\/\/sema.es\/wp-content\/uploads\/2024\/01\/hp_001-300x300.png 300w, https:\/\/sema.es\/wp-content\/uploads\/2024\/01\/hp_001-150x150.png 150w, https:\/\/sema.es\/wp-content\/uploads\/2024\/01\/hp_001-768x768.png 768w\" sizes=\"auto, (max-width: 1024px) 100vw, 1024px\" \/><\/figure>\n\n<\/div>\n<\/div>\n","protected":false},"excerpt":{"rendered":"<p>Subcontrata&ccedil;&atilde;o Em um mundo em constante mudan&ccedil;a, as empresas precisam aprimorar seus processos de neg&oacute;cios para manter e melhorar seu n&iacute;vel de competitividade. Fatores como ciclos de produtos mais curtos, concorr&ecirc;ncia global, cadeias de suprimentos mais competitivas e sofistica&ccedil;&atilde;o crescente foram acompanhados por uma maior contribui&ccedil;&atilde;o e complexidade dos sistemas de informa&ccedil;&atilde;o. A necessidade de &#8230; <a title=\"Terceiriza\u00e7\u00e3o\" class=\"read-more\" href=\"https:\/\/sema.es\/pt-br\/outsourcing\/\" aria-label=\"Read more about Terceiriza\u00e7\u00e3o\">Leia mais<\/a><\/p>\n","protected":false},"author":1,"featured_media":0,"parent":0,"menu_order":0,"comment_status":"closed","ping_status":"closed","template":"","meta":{"footnotes":""},"class_list":["post-27695","page","type-page","status-publish"],"rank_math_title":"Atos Origin Outsourcing Services: melhorando a efici\u00eancia e a inova\u00e7\u00e3o dos neg\u00f3cios","rank_math_description":"Simplifique suas opera\u00e7\u00f5es com os servi\u00e7os de terceiriza\u00e7\u00e3o da Atos Origin. Obtenha inova\u00e7\u00e3o cont\u00ednua e vantagem competitiva, aproveitando nossa experi\u00eancia em gerenciamento de aplicativos, gerenciamento de servidores e redes e suporte ao usu\u00e1rio. ","rank_math_focus_keyword":"","_links":{"self":[{"href":"https:\/\/sema.es\/pt-br\/wp-json\/wp\/v2\/pages\/27695","targetHints":{"allow":["GET"]}}],"collection":[{"href":"https:\/\/sema.es\/pt-br\/wp-json\/wp\/v2\/pages"}],"about":[{"href":"https:\/\/sema.es\/pt-br\/wp-json\/wp\/v2\/types\/page"}],"author":[{"embeddable":true,"href":"https:\/\/sema.es\/pt-br\/wp-json\/wp\/v2\/users\/1"}],"replies":[{"embeddable":true,"href":"https:\/\/sema.es\/pt-br\/wp-json\/wp\/v2\/comments?post=27695"}],"version-history":[{"count":0,"href":"https:\/\/sema.es\/pt-br\/wp-json\/wp\/v2\/pages\/27695\/revisions"}],"wp:attachment":[{"href":"https:\/\/sema.es\/pt-br\/wp-json\/wp\/v2\/media?parent=27695"}],"curies":[{"name":"wp","href":"https:\/\/api.w.org\/{rel}","templated":true}]}}