{"id":27711,"date":"2024-01-11T12:27:04","date_gmt":"2024-01-11T12:27:04","guid":{"rendered":"https:\/\/sema.es\/fidelidade-e-consumo\/"},"modified":"2024-12-16T10:40:25","modified_gmt":"2024-12-16T10:40:25","slug":"fidelizacion-y-consumo","status":"publish","type":"page","link":"https:\/\/sema.es\/pt-br\/fidelizacion-y-consumo\/","title":{"rendered":"Fidelidade e consumo"},"content":{"rendered":"<?xml encoding=\"UTF-8\"><div class=\"gb-container gb-container-613ced2e\">\n<div class=\"gb-container gb-container-27a0e383\">\n\n<p class=\"gb-headline gb-headline-25158df7\"><span class=\"gb-icon\"><svg xmlns=\"http:\/\/www.w3.org\/2000\/svg\" viewbox=\"0 0 36.7 3\"><path d=\"M0 0h36.7v3H0z\"><\/path><\/svg><\/span><span class=\"gb-headline-text\"><strong>Infraestrutura humana e t&eacute;cnica a servi&ccedil;o de nossos clientes<\/strong><\/span><\/p>\n\n\n\n<h2 class=\"gb-headline gb-headline-e923e090 gb-headline-text\">Servi&ccedil;os gerenciados de fidelidade e de consumo<\/h2>\n\n\n\n<p>A &aacute;rea de Loyalty and Consumer Managed Services da Atos Origin se caracteriza por fornecer Solu&ccedil;&otilde;es Globais de Servi&ccedil;os para diferentes setores empresariais. Com doze anos de experi&ecirc;ncia nos setores de Fideliza&ccedil;&atilde;o de Clientes, Cr&eacute;dito ao Consumidor, Meios de Pagamento e Leasing, adquirimos amplo conhecimento dos processos de neg&oacute;cios nessas atividades. Em termos de recursos humanos e t&eacute;cnicos, temos os meios que nos permitem atingir os objetivos estabelecidos com nossos clientes.  <\/p>\n\n\n\n<p>Mais de 180.000 transa&ccedil;&otilde;es processadas anualmente<\/p>\n\n\n\n<h2 class=\"wp-block-heading\">1 &ndash; Fidelidade<\/h2>\n\n\n\n<p>Os programas de fidelidade mais bem-sucedidos contam com nossos servi&ccedil;os<\/p>\n\n\n\n<ul class=\"wp-block-list\">\n<li>Desenvolvimento de solu&ccedil;&otilde;es espec&iacute;ficas de TI<\/li>\n\n\n\n<li>Projetar e criar os bancos de dados operacionais e de marketing<\/li>\n\n\n\n<li>Definir e implementar sistemas de TI e de comunica&ccedil;&atilde;o.<\/li>\n<\/ul>\n\n\n\n<p>Qualquer estrat&eacute;gia de neg&oacute;cios bem-sucedida deve se basear na identifica&ccedil;&atilde;o de quem s&atilde;o os clientes de uma empresa, como eles s&atilde;o e o que desejam. Com esse conhecimento, &eacute; poss&iacute;vel desenvolver as a&ccedil;&otilde;es necess&aacute;rias para garantir a fidelidade do cliente. Em resumo, ofere&ccedil;a o que o cliente espera receber.  <\/p>\n\n\n\n<p>Fortalecer a imagem e a reputa&ccedil;&atilde;o da empresa, aumentar a efic&aacute;cia de todas as a&ccedil;&otilde;es de marketing, consolidar e expandir a participa&ccedil;&atilde;o no mercado, criar valor agregado para a empresa e impedir a entrada de novos concorrentes no mercado &eacute; um desafio para qualquer empresa.<\/p>\n\n\n\n<p>O desenvolvimento de um bom Programa de Fidelidade facilita a realiza&ccedil;&atilde;o dos objetivos comerciais mencionados acima. A Atos Origin fornece o conhecimento, a experi&ecirc;ncia e os recursos que garantem o sucesso do Programa de Fidelidade que acordamos com nossos clientes. Assumimos a gest&atilde;o integral do seu programa &ndash; Marketing, TI, Log&iacute;stica, Opera&ccedil;&otilde;es &ndash; em nossas instala&ccedil;&otilde;es.  <\/p>\n\n\n\n<h2 class=\"wp-block-heading\">2 &ndash; Meios de servi&ccedil;o de pagamento<\/h2>\n\n\n\n<p>Participa&ccedil;&atilde;o significativa no mercado de servi&ccedil;os de meios de pagamento<\/p>\n\n\n\n<ul class=\"wp-block-list\">\n<li>Mais de 2.000.000 de cart&otilde;es sob gerenciamento<\/li>\n\n\n\n<li>11.000 pontos de venda atendidos<\/li>\n<\/ul>\n\n\n\n<p><br>Desenvolvemos e implementamos, em uma base de servi&ccedil;os, nossa solu&ccedil;&atilde;o de TI no ambiente de meios de pagamento banc&aacute;rios ou privados. Gerenciamos redes de terminais e qualquer outro dispositivo, necess&aacute;rio ou complementar, para a ativa&ccedil;&atilde;o e implementa&ccedil;&atilde;o dos meios de pagamento mencionados acima, relacionados aos produtos oferecidos por cada entidade. <\/p>\n\n\n\n<p>A solu&ccedil;&atilde;o contempla a captura de dados de clientes e estabelecimentos, on-line, em lote e na Web; a manuten&ccedil;&atilde;o de clientes, estabelecimentos e sistemas de interc&acirc;mbio; a pontua&ccedil;&atilde;o, a emiss&atilde;o e a renova&ccedil;&atilde;o de cart&otilde;es, a captura e a autoriza&ccedil;&atilde;o de transa&ccedil;&otilde;es, incluindo transa&ccedil;&otilde;es divididas, bem como o processamento multimarcas e multicoletivo; a impress&atilde;o de demonstrativos financeiros, o m&oacute;dulo e a interface de fidelidade, os processos de faturamento e a integra&ccedil;&atilde;o com aplicativos de contabilidade e cobran&ccedil;a.<\/p>\n\n\n\n<p>Em suma, um gerenciamento integral das necessidades do cliente.<\/p>\n\n\n\n<h2 class=\"wp-block-heading\">3 &ndash; Cr&eacute;dito ao consumidor<\/h2>\n\n\n\n<p>Desde 1989, um servi&ccedil;o que fornece solu&ccedil;&otilde;es de neg&oacute;cios para nossos clientes.<\/p>\n\n\n\n<ul class=\"wp-block-list\">\n<li>Solu&ccedil;&atilde;o global para E.F.C.<\/li>\n\n\n\n<li>Experi&ecirc;ncia no setor<\/li>\n\n\n\n<li>Mais de 15.000.000 de declara&ccedil;&otilde;es emitidas<\/li>\n<\/ul>\n\n\n\n<p>Nossa solu&ccedil;&atilde;o permite a gest&atilde;o do neg&oacute;cio e a administra&ccedil;&atilde;o das opera&ccedil;&otilde;es de cr&eacute;dito ao consumidor, integrando clientes, opera&ccedil;&otilde;es, estabelecimentos e qualquer outro intermedi&aacute;rio que contribua para o neg&oacute;cio.<\/p>\n\n\n\n<p>Gerenciamos todo o ciclo de vida do empr&eacute;stimo, desde sua concess&atilde;o e administra&ccedil;&atilde;o at&eacute; o gerenciamento da inadimpl&ecirc;ncia.<\/p>\n\n\n\n<p>Realizamos as trocas com as entidades externas envolvidas (banco, recupera&ccedil;&atilde;o, risco etc.).<\/p>\n\n\n\n<p>Gest&atilde;o integral, tanto operacional quanto comercial, dos estabelecimentos que fornecem neg&oacute;cios, para os quais, entre outras funcionalidades, temos a possibilidade de conceder empr&eacute;stimos via web, bem como a possibilidade de realizar campanhas comerciais para os clientes do estabelecimento.<br><\/p>\n\n\n\n<h2 class=\"wp-block-heading\">4.- Leasing-Aluguel\/Gescob<\/h2>\n\n\n\n<p><br>Bancos e empresas de financiamento de marca confiam em nossos servi&ccedil;os<\/p>\n\n\n\n<h1 class=\"wp-block-heading\">Leasing-Aluguel<\/h1>\n\n\n\n<p>Sob o nome de Paraban, apresentamos um conjunto modular de procedimentos informatizados criados para fornecer solu&ccedil;&otilde;es para Institui&ccedil;&otilde;es de Cr&eacute;dito Financeiro em rela&ccedil;&atilde;o ao Leasing Financeiro, Leasing Operacional e Renting. Todas as informa&ccedil;&otilde;es necess&aacute;rias para a gest&atilde;o &ndash; participantes, objetos a serem financiados, dados econ&ocirc;micos, documenta&ccedil;&atilde;o a ser fornecida, garantias, etc. &ndash; permitem, uma vez que o risco tenha sido analisado, aprovar ou negar a opera&ccedil;&atilde;o. <\/p>\n\n\n\n<p>A solu&ccedil;&atilde;o controla toda a gest&atilde;o de portf&oacute;lio, gest&atilde;o comercial, gest&atilde;o de faturas n&atilde;o pagas, bem como a contabilidade autom&aacute;tica das entradas provenientes da gest&atilde;o.<\/p>\n\n\n\n<ul class=\"wp-block-list\">\n<li>Relat&oacute;rios de produ&ccedil;&atilde;o e investimento<\/li>\n\n\n\n<li>Acompanhamento da a&ccedil;&atilde;o comercial<\/li>\n\n\n\n<li>Gerenciamento de risco consolidado por cliente<\/li>\n\n\n\n<li>Estat&iacute;sticas, consultas e relat&oacute;rios<\/li>\n\n\n\n<li>Gescob<\/li>\n\n\n\n<li>Sistema de gerenciamento de cobran&ccedil;a de d&iacute;vidas, que incorpora o gerenciamento de agentes com distribui&ccedil;&atilde;o de carteira e clientes com agenda eletr&ocirc;nica.<\/li>\n<\/ul>\n\n\n\n<p>Ele tamb&eacute;m resolve o interc&acirc;mbio com entidades e sistemas externos, aplicativos de origem\/destino de d&iacute;vidas n&atilde;o pagas, empresas de cobran&ccedil;a externas, bureaus de cr&eacute;dito etc.<br><\/p>\n\n\n\n<h2 class=\"wp-block-heading\">5 &ndash; Minera&ccedil;&atilde;o de dados\/ Pontua&ccedil;&atilde;o de cr&eacute;dito<\/h2>\n\n\n\n<p>O gerenciamento de riscos e de conhecimento &eacute; um servi&ccedil;o que acordamos com nossos clientes.<\/p>\n\n\n\n<h1 class=\"wp-block-heading\">Minera&ccedil;&atilde;o de dados<\/h1>\n\n\n\n<p>A integra&ccedil;&atilde;o de conhecimentos avan&ccedil;ados em t&eacute;cnicas de an&aacute;lise de dados e os meios t&eacute;cnicos &agrave; nossa disposi&ccedil;&atilde;o permitem que nossa equipe de especialistas transforme seus dados operacionais em informa&ccedil;&otilde;es importantes, transformando seus dados em uma arma estrat&eacute;gica.<\/p>\n\n\n\n<p>Gra&ccedil;as ao desenvolvimento dessa atividade de an&aacute;lise, as empresas entram em um mundo empolgante: um dado pode revelar uma nova vis&atilde;o de mercado, uma alta probabilidade de resposta a uma campanha de marketing, uma pista sobre o rumo que a concorr&ecirc;ncia est&aacute; tomando.<\/p>\n\n\n\n<h1 class=\"wp-block-heading\">Pontua&ccedil;&atilde;o de cr&eacute;dito<\/h1>\n\n\n\n<p>O objetivo da pontua&ccedil;&atilde;o de cr&eacute;dito &eacute; &ldquo;prever&rdquo; qual ser&aacute; o comportamento de risco de um solicitante no exato momento em que a solicita&ccedil;&atilde;o de cr&eacute;dito estiver sendo feita.<\/p>\n\n\n\n<p>A pontua&ccedil;&atilde;o de cr&eacute;dito &eacute; um modelo matem&aacute;tico que prev&ecirc; o comportamento de risco de uma solicita&ccedil;&atilde;o de cr&eacute;dito, com base em t&eacute;cnicas estat&iacute;sticas de an&aacute;lise multivariada.<\/p>\n\n\n\n<p>Nosso compromisso com nossos clientes inclui a redu&ccedil;&atilde;o da inadimpl&ecirc;ncia por meio da objetiva&ccedil;&atilde;o e da simplifica&ccedil;&atilde;o dos crit&eacute;rios de avalia&ccedil;&atilde;o dos pedidos de empr&eacute;stimo.<br><\/p>\n\n\n\n<h2 class=\"wp-block-heading\">6.- Centro de servi&ccedil;os<\/h2>\n\n\n\n<p>Os meios certos para o gerenciamento integrado de clientes<\/p>\n\n\n\n<p>A partir de nossos Centros de Servi&ccedil;os, com recursos humanos altamente qualificados e as mais recentes tecnologias, ajudamos a gerenciar a atividade de nossos clientes por meio da cria&ccedil;&atilde;o personalizada de um Centro de Servi&ccedil;os Operacionais, que assume total responsabilidade pela gest&atilde;o administrativa, telef&ocirc;nica e log&iacute;stica exigida por sua atividade.<\/p>\n\n\n\n<p>Centro de Gerenciamento Operacional, com fun&ccedil;&otilde;es de:<\/p>\n\n\n\n<ul class=\"wp-block-list\">\n<li>Linha direta 24 horas\/365 dias<\/li>\n\n\n\n<li>Centro de back office<\/li>\n\n\n\n<li>Gerenciamento de clientes<\/li>\n\n\n\n<li>Gerenciamento do estabelecimento<\/li>\n\n\n\n<li>Instala&ccedil;&atilde;o e manuten&ccedil;&atilde;o de PDV<\/li>\n\n\n\n<li>Servi&ccedil;os administrativos<\/li>\n\n\n\n<li>Telecoleta amig&aacute;vel<br><\/li>\n<\/ul>\n\n\n\n<h2 class=\"wp-block-heading\">7.- Sistemas<\/h2>\n\n\n\n<p>As arquiteturas mais avan&ccedil;adas tecnologicamente, colocadas &agrave; disposi&ccedil;&atilde;o dos neg&oacute;cios<\/p>\n\n\n\n<p>Em nosso Data Center, temos os sistemas adequados &agrave;s necessidades de nossos clientes, mantendo uma evolu&ccedil;&atilde;o constante que inclui as mais recentes inova&ccedil;&otilde;es tecnol&oacute;gicas. Garantimos que nossos sistemas tragam benef&iacute;cios para os neg&oacute;cios de nossos clientes. <\/p>\n\n\n\n<ul class=\"wp-block-list\">\n<li>Servi&ccedil;o 24 horas\/365 dias<\/li>\n\n\n\n<li>Centro de impress&atilde;o<\/li>\n\n\n\n<li>Processamento e armazenamento de m&iacute;dia<\/li>\n\n\n\n<li>Seguran&ccedil;a de dados<\/li>\n\n\n\n<li>Seguran&ccedil;a l&oacute;gica<\/li>\n\n\n\n<li>Seguran&ccedil;a f&iacute;sica<\/li>\n\n\n\n<li>Instala&ccedil;&otilde;es com vigil&acirc;ncia 24 horas<\/li>\n\n\n\n<li>Sistemas de detec&ccedil;&atilde;o de inc&ecirc;ndio e umidade<\/li>\n\n\n\n<li>2 Ups (300+80 Kvas)<\/li>\n\n\n\n<li>2 Conjuntos geradores<\/li>\n\n\n\n<li>Grupos de continuidade ilimitados<\/li>\n\n\n\n<li>Operadores<\/li>\n\n\n\n<li>T&eacute;cnicos de sistemas<\/li>\n\n\n\n<li>T&eacute;cnicos de comunica&ccedil;&atilde;o<\/li>\n<\/ul>\n\n<\/div>\n<\/div>\n","protected":false},"excerpt":{"rendered":"<p>Infraestrutura humana e t&eacute;cnica a servi&ccedil;o de nossos clientes Servi&ccedil;os gerenciados de fidelidade e de consumo A &aacute;rea de Loyalty and Consumer Managed Services da Atos Origin se caracteriza por fornecer Solu&ccedil;&otilde;es Globais de Servi&ccedil;os para diferentes setores empresariais. Com doze anos de experi&ecirc;ncia nos setores de Fideliza&ccedil;&atilde;o de Clientes, Cr&eacute;dito ao Consumidor, Meios de &#8230; <a title=\"Fidelidade e consumo\" class=\"read-more\" href=\"https:\/\/sema.es\/pt-br\/fidelizacion-y-consumo\/\" aria-label=\"Read more about Fidelidade e consumo\">Leia mais<\/a><\/p>\n","protected":false},"author":1,"featured_media":0,"parent":0,"menu_order":0,"comment_status":"closed","ping_status":"closed","template":"","meta":{"footnotes":""},"class_list":["post-27711","page","type-page","status-publish"],"rank_math_title":"Atos Origin Loyalty and Consumer Services: melhorando o envolvimento do cliente","rank_math_description":"Maximize a fidelidade e o engajamento dos clientes com os servi\u00e7os gerenciados da Atos Origin. Nossa experi\u00eancia em programas de fidelidade, servi\u00e7os de cr\u00e9dito e solu\u00e7\u00f5es de pagamento impulsiona o crescimento dos neg\u00f3cios e a satisfa\u00e7\u00e3o dos clientes. ","rank_math_focus_keyword":"","_links":{"self":[{"href":"https:\/\/sema.es\/pt-br\/wp-json\/wp\/v2\/pages\/27711","targetHints":{"allow":["GET"]}}],"collection":[{"href":"https:\/\/sema.es\/pt-br\/wp-json\/wp\/v2\/pages"}],"about":[{"href":"https:\/\/sema.es\/pt-br\/wp-json\/wp\/v2\/types\/page"}],"author":[{"embeddable":true,"href":"https:\/\/sema.es\/pt-br\/wp-json\/wp\/v2\/users\/1"}],"replies":[{"embeddable":true,"href":"https:\/\/sema.es\/pt-br\/wp-json\/wp\/v2\/comments?post=27711"}],"version-history":[{"count":0,"href":"https:\/\/sema.es\/pt-br\/wp-json\/wp\/v2\/pages\/27711\/revisions"}],"wp:attachment":[{"href":"https:\/\/sema.es\/pt-br\/wp-json\/wp\/v2\/media?parent=27711"}],"curies":[{"name":"wp","href":"https:\/\/api.w.org\/{rel}","templated":true}]}}