{"id":27728,"date":"2024-01-11T12:40:23","date_gmt":"2024-01-11T12:40:23","guid":{"rendered":"https:\/\/sema.es\/meio-ambiente-e-sistemas-de-informacao\/"},"modified":"2024-12-16T10:40:34","modified_gmt":"2024-12-16T10:40:34","slug":"medio-ambiente-y-sistemas-de-informacion","status":"publish","type":"page","link":"https:\/\/sema.es\/pt-br\/medio-ambiente-y-sistemas-de-informacion\/","title":{"rendered":"Meio ambiente e sistemas de informa\u00e7\u00e3o"},"content":{"rendered":"<?xml encoding=\"UTF-8\"><div class=\"gb-container gb-container-613ced2e\">\n<div class=\"gb-container gb-container-27a0e383\">\n\n<p class=\"gb-headline gb-headline-25158df7\"><span class=\"gb-icon\"><svg xmlns=\"http:\/\/www.w3.org\/2000\/svg\" viewbox=\"0 0 36.7 3\"><path d=\"M0 0h36.7v3H0z\"><\/path><\/svg><\/span><span class=\"gb-headline-text\"><strong>Envolvidos no desenvolvimento sustent&aacute;vel<\/strong><\/span><\/p>\n\n\n\n<h2 class=\"gb-headline gb-headline-e923e090 gb-headline-text\">Meio ambiente e sistemas de informa&ccedil;&atilde;o<\/h2>\n\n\n\n<p>A Atos Origin e sua divis&atilde;o de consultoria internacional, a Atos Consulting, lideram o desenvolvimento de solu&ccedil;&otilde;es tecnol&oacute;gicas focadas em facilitar o compromisso de empresas e organiza&ccedil;&otilde;es com o desenvolvimento sustent&aacute;vel.<\/p>\n\n\n\n<p>A Atos Consulting, ciente do papel cada vez mais ativo da empresa em prol do meio ambiente, desenvolveu uma s&eacute;rie de solu&ccedil;&otilde;es focadas em sua prote&ccedil;&atilde;o por meio da integra&ccedil;&atilde;o de par&acirc;metros ambientais nos sistemas de informa&ccedil;&atilde;o financeira e comercial das organiza&ccedil;&otilde;es. Nossa iniciativa teve in&iacute;cio em 2001 no subsetor de Capta&ccedil;&atilde;o, Purifica&ccedil;&atilde;o e Abastecimento de &Aacute;gua ( <em><a href=\"https:\/\/sema.es\/pt-br\/water-pack\/\" data-type=\"page\" data-id=\"4879\">&Aacute;gua-Pack<\/a><\/em> ), um recurso natural de vital import&acirc;ncia cuja gest&atilde;o requer sistemas de informa&ccedil;&atilde;o capazes de analisar os dados de forma detalhada e, sobretudo, integrada. <\/p>\n\n\n\n<p>A Atos Consulting agora prop&otilde;e solu&ccedil;&otilde;es no subsetor de res&iacute;duos, em particular no gerenciamento de res&iacute;duos industriais ( <a href=\"https:\/\/sema.es\/pt-br\/environment-pack\/\" data-type=\"page\" data-id=\"4882\"><em>Pacote Ambiental<\/em> <\/a>). Para isso, adota mais uma vez o SAP como ferramenta de apoio ao neg&oacute;cio e constr&oacute;i sobre ele uma s&eacute;rie de produtos que d&atilde;o resposta &agrave;s partes envolvidas no neg&oacute;cio: Produtores, Gestores, Transportadores e Administra&ccedil;&atilde;o Ambiental. Essas ferramentas agregar&atilde;o valor ao seu neg&oacute;cio, otimizar&atilde;o seus processos e economizar&atilde;o custos em procedimentos administrativos, al&eacute;m de fornecer a voc&ecirc; crit&eacute;rios adequados para a tomada de decis&otilde;es estrat&eacute;gicas em seu neg&oacute;cio.  <\/p>\n\n<\/div>\n<\/div>\n","protected":false},"excerpt":{"rendered":"<p>Envolvidos no desenvolvimento sustent&aacute;vel Meio ambiente e sistemas de informa&ccedil;&atilde;o A Atos Origin e sua divis&atilde;o de consultoria internacional, a Atos Consulting, lideram o desenvolvimento de solu&ccedil;&otilde;es tecnol&oacute;gicas focadas em facilitar o compromisso de empresas e organiza&ccedil;&otilde;es com o desenvolvimento sustent&aacute;vel. A Atos Consulting, ciente do papel cada vez mais ativo da empresa em prol &#8230; <a title=\"Meio ambiente e sistemas de informa\u00e7\u00e3o\" class=\"read-more\" href=\"https:\/\/sema.es\/pt-br\/medio-ambiente-y-sistemas-de-informacion\/\" aria-label=\"Read more about Meio ambiente e sistemas de informa\u00e7\u00e3o\">Leia mais<\/a><\/p>\n","protected":false},"author":1,"featured_media":0,"parent":0,"menu_order":0,"comment_status":"closed","ping_status":"closed","template":"","meta":{"footnotes":""},"class_list":["post-27728","page","type-page","status-publish"],"rank_math_title":"Atos Origin: Pioneira em sustentabilidade ambiental por meio de solu\u00e7\u00f5es de TI","rank_math_description":"Aumente seu compromisso com a sustentabilidade com as solu\u00e7\u00f5es ambientais de TI da Atos Origin. Nossas abordagens inovadoras integram considera\u00e7\u00f5es ambientais em seus sistemas de neg\u00f3cios, promovendo pr\u00e1ticas sustent\u00e1veis e efici\u00eancia. ","rank_math_focus_keyword":"","_links":{"self":[{"href":"https:\/\/sema.es\/pt-br\/wp-json\/wp\/v2\/pages\/27728","targetHints":{"allow":["GET"]}}],"collection":[{"href":"https:\/\/sema.es\/pt-br\/wp-json\/wp\/v2\/pages"}],"about":[{"href":"https:\/\/sema.es\/pt-br\/wp-json\/wp\/v2\/types\/page"}],"author":[{"embeddable":true,"href":"https:\/\/sema.es\/pt-br\/wp-json\/wp\/v2\/users\/1"}],"replies":[{"embeddable":true,"href":"https:\/\/sema.es\/pt-br\/wp-json\/wp\/v2\/comments?post=27728"}],"version-history":[{"count":0,"href":"https:\/\/sema.es\/pt-br\/wp-json\/wp\/v2\/pages\/27728\/revisions"}],"wp:attachment":[{"href":"https:\/\/sema.es\/pt-br\/wp-json\/wp\/v2\/media?parent=27728"}],"curies":[{"name":"wp","href":"https:\/\/api.w.org\/{rel}","templated":true}]}}