{"id":28044,"date":"2024-12-30T10:36:07","date_gmt":"2024-12-30T10:36:07","guid":{"rendered":"https:\/\/sema.es\/descubra-as-melhores-ferramentas-de-inteligencia-artificial-e-de-negociacao-automatizada-em-sema-co-uk\/"},"modified":"2025-01-02T08:36:56","modified_gmt":"2025-01-02T08:36:56","slug":"opiniones","status":"publish","type":"page","link":"https:\/\/sema.es\/pt-br\/opiniones\/","title":{"rendered":"Descubra as melhores ferramentas de intelig\u00eancia artificial e de negocia\u00e7\u00e3o automatizada em Sema.co.uk"},"content":{"rendered":"<?xml encoding=\"UTF-8\"><div class=\"gb-container gb-container-2cb3225e\">\n<div class=\"gb-container gb-container-d91a046e\">\n\n<p>Escolher um projeto de negocia&ccedil;&atilde;o n&atilde;o &eacute; f&aacute;cil. Existem muitos e todos eles afirmam ser os melhores. Mas quais deles realmente funcionam? &Eacute; a&iacute; que entra a Sema.co.uk. Analisamos projetos de negocia&ccedil;&atilde;o que usam automa&ccedil;&atilde;o e IA e nos concentramos no que realmente importa: eles realmente funcionam bem, s&atilde;o f&aacute;ceis de usar, quanto custam e o que as pessoas reais dizem sobre eles?        <\/p>\n\n\n\n<p>Seu tempo &eacute; valioso e encontrar as ferramentas certas pode ser um desafio. &Eacute; por isso que analisamos mais de perto os detalhes e analisamos o desempenho desses projetos. Se voc&ecirc; est&aacute; procurando uma solu&ccedil;&atilde;o para gerenciar totalmente suas opera&ccedil;&otilde;es ou se precisa apenas de um pouco de suporte, simplificamos o processo para que voc&ecirc; possa comparar facilmente suas op&ccedil;&otilde;es.  <\/p>\n\n\n\n<p>Sem palavras pomposas. Sem promessas que n&atilde;o se confirmam. Apenas informa&ccedil;&otilde;es claras para ajud&aacute;-lo a escolher o que funciona para voc&ecirc;. Voc&ecirc; ver&aacute; quais valem a pena e quais n&atilde;o valem. Se voc&ecirc; est&aacute; cansado de tentar adivinhar e s&oacute; quer algo que realmente ajude, n&oacute;s o apoiamos. Deixe que a Sema.co.uk ajude voc&ecirc; a encontrar as ferramentas certas para tornar suas negocia&ccedil;&otilde;es mais inteligentes e f&aacute;ceis.     <\/p>\n\n\n\n<div class=\"gb-grid-wrapper gb-grid-wrapper-969764cd gb-query-loop-wrapper\">\n<div class=\"gb-grid-column gb-grid-column-bab92a39 gb-query-loop-item post-34090 opiniones type-opiniones status-publish format-standard has-post-thumbnail hentry\"><div class=\"gb-container gb-container-bab92a39\">\n<figure class=\"gb-block-image gb-block-image-3760521c\"><img loading=\"lazy\" decoding=\"async\" width=\"960\" height=\"538\" src=\"https:\/\/sema.es\/wp-content\/uploads\/2025\/04\/Laptop-trading-with-real-insights.jpg\" class=\"gb-image-3760521c\" alt=\"Laptop trading with real insights\" srcset=\"https:\/\/sema.es\/wp-content\/uploads\/2025\/04\/Laptop-trading-with-real-insights.jpg 960w, https:\/\/sema.es\/wp-content\/uploads\/2025\/04\/Laptop-trading-with-real-insights-300x168.jpg 300w, https:\/\/sema.es\/wp-content\/uploads\/2025\/04\/Laptop-trading-with-real-insights-768x430.jpg 768w\" sizes=\"auto, (max-width: 960px) 100vw, 960px\" title=\"\"><\/figure>\n\n<h2 class=\"gb-headline gb-headline-c749df71 gb-headline-text\"><a href=\"https:\/\/sema.es\/pt-br\/opiniones\/immediate-sanorex-app\/\">Como o K00414 me ajuda a ficar &agrave; frente<\/a><\/h2>\n\n<div class=\"gb-container gb-container-f0e6f24f\">\n<p class=\"gb-headline gb-headline-34b1bc7a gb-headline-text\"><time class=\"entry-date published\" datetime=\"2025-07-09T15:32:54+00:00\">julho 9, 2025<\/time><\/p>\n\n<p class=\"gb-headline gb-headline-d479f286 gb-headline-text\">Billy Zambrano<\/p>\n<\/div>\n\n<div class=\"gb-headline gb-headline-f7e2115e gb-headline-text\">Se negociar parece mais complicado do que deveria ser, sua plataforma pode estar te atrapalhando. O K00414 alivia a press&atilde;o com ferramentas acess&iacute;veis e desempenho consistente, projetados para acompanhar seu ritmo.<\/div>\n<\/div><\/div>\n\n<div class=\"gb-grid-column gb-grid-column-bab92a39 gb-query-loop-item post-34081 opiniones type-opiniones status-publish format-standard has-post-thumbnail hentry\"><div class=\"gb-container gb-container-bab92a39\">\n<figure class=\"gb-block-image gb-block-image-3760521c\"><img loading=\"lazy\" decoding=\"async\" width=\"960\" height=\"538\" src=\"https:\/\/sema.es\/wp-content\/uploads\/2025\/04\/Tablet-screen-with-trading-dashboard.jpg\" class=\"gb-image-3760521c\" alt=\"Tablet screen with trading dashboard\" srcset=\"https:\/\/sema.es\/wp-content\/uploads\/2025\/04\/Tablet-screen-with-trading-dashboard.jpg 960w, https:\/\/sema.es\/wp-content\/uploads\/2025\/04\/Tablet-screen-with-trading-dashboard-300x168.jpg 300w, https:\/\/sema.es\/wp-content\/uploads\/2025\/04\/Tablet-screen-with-trading-dashboard-768x430.jpg 768w\" sizes=\"auto, (max-width: 960px) 100vw, 960px\" title=\"\"><\/figure>\n\n<h2 class=\"gb-headline gb-headline-c749df71 gb-headline-text\"><a href=\"https:\/\/sema.es\/pt-br\/opiniones\/immediate-sanorex-review\/\">Revis&atilde;o K00413 2025: An&aacute;lise completa de ferramentas, riscos e assist&ecirc;ncia<\/a><\/h2>\n\n<div class=\"gb-container gb-container-f0e6f24f\">\n<p class=\"gb-headline gb-headline-34b1bc7a gb-headline-text\"><time class=\"entry-date published\" datetime=\"2025-07-09T15:26:13+00:00\">julho 9, 2025<\/time><\/p>\n\n<p class=\"gb-headline gb-headline-d479f286 gb-headline-text\">Anibal Diaz<\/p>\n<\/div>\n\n<div class=\"gb-headline gb-headline-f7e2115e gb-headline-text\">Como planejador financeiro certificado (CFP) e analista experiente com mais de uma d&eacute;cada de experi&ecirc;ncia nos mercados de criptomoedas, trago insights baseados em dados e uma perspectiva estrat&eacute;gica para cada avalia&ccedil;&atilde;o.<\/div>\n<\/div><\/div>\n\n<div class=\"gb-grid-column gb-grid-column-bab92a39 gb-query-loop-item post-34072 opiniones type-opiniones status-publish format-standard has-post-thumbnail hentry\"><div class=\"gb-container gb-container-bab92a39\">\n<figure class=\"gb-block-image gb-block-image-3760521c\"><img loading=\"lazy\" decoding=\"async\" width=\"960\" height=\"538\" src=\"https:\/\/sema.es\/wp-content\/uploads\/2025\/04\/Tablet-platform-for-smart-trading.jpg\" class=\"gb-image-3760521c\" alt=\"Tablet platform for smart trading\" srcset=\"https:\/\/sema.es\/wp-content\/uploads\/2025\/04\/Tablet-platform-for-smart-trading.jpg 960w, https:\/\/sema.es\/wp-content\/uploads\/2025\/04\/Tablet-platform-for-smart-trading-300x168.jpg 300w, https:\/\/sema.es\/wp-content\/uploads\/2025\/04\/Tablet-platform-for-smart-trading-768x430.jpg 768w\" sizes=\"auto, (max-width: 960px) 100vw, 960px\" title=\"\"><\/figure>\n\n<h2 class=\"gb-headline gb-headline-c749df71 gb-headline-text\"><a href=\"https:\/\/sema.es\/pt-br\/opiniones\/immediate-sanorex\/\">K00412 em 2025: Avaliando sua inova&ccedil;&atilde;o e abertura<\/a><\/h2>\n\n<div class=\"gb-container gb-container-f0e6f24f\">\n<p class=\"gb-headline gb-headline-34b1bc7a gb-headline-text\"><time class=\"entry-date published\" datetime=\"2025-07-09T15:09:06+00:00\">julho 9, 2025<\/time><\/p>\n\n<p class=\"gb-headline gb-headline-d479f286 gb-headline-text\">Anibal Diaz<\/p>\n<\/div>\n\n<div class=\"gb-headline gb-headline-f7e2115e gb-headline-text\">Com mais de dez anos de experi&ecirc;ncia como analista financeiro no mundo em constante mudan&ccedil;a das criptomoedas e certificado em sistemas blockchain, testemunhei a ascens&atilde;o e queda de muitas plataformas de criptomoedas.<\/div>\n<\/div><\/div>\n\n<div class=\"gb-grid-column gb-grid-column-bab92a39 gb-query-loop-item post-33239 opiniones type-opiniones status-publish format-standard has-post-thumbnail hentry\"><div class=\"gb-container gb-container-bab92a39\">\n<figure class=\"gb-block-image gb-block-image-3760521c\"><img loading=\"lazy\" decoding=\"async\" width=\"960\" height=\"538\" src=\"https:\/\/sema.es\/wp-content\/uploads\/2025\/04\/Positive-mobile-trading-experience.jpg\" class=\"gb-image-3760521c\" alt=\"Positive mobile trading experience\" srcset=\"https:\/\/sema.es\/wp-content\/uploads\/2025\/04\/Positive-mobile-trading-experience.jpg 960w, https:\/\/sema.es\/wp-content\/uploads\/2025\/04\/Positive-mobile-trading-experience-300x168.jpg 300w, https:\/\/sema.es\/wp-content\/uploads\/2025\/04\/Positive-mobile-trading-experience-768x430.jpg 768w\" sizes=\"auto, (max-width: 960px) 100vw, 960px\" title=\"\"><\/figure>\n\n<h2 class=\"gb-headline gb-headline-c749df71 gb-headline-text\"><a href=\"https:\/\/sema.es\/pt-br\/opiniones\/ethereum-cormax-app\/\">An&aacute;lise K00411 2025: Um olhar mais atento &agrave; sua plataforma de negocia&ccedil;&atilde;o com tecnologia de IA<\/a><\/h2>\n\n<div class=\"gb-container gb-container-f0e6f24f\">\n<p class=\"gb-headline gb-headline-34b1bc7a gb-headline-text\"><time class=\"entry-date published\" datetime=\"2025-05-28T11:46:19+00:00\">maio 28, 2025<\/time><\/p>\n\n<p class=\"gb-headline gb-headline-d479f286 gb-headline-text\">Billy Zambrano<\/p>\n<\/div>\n\n<div class=\"gb-headline gb-headline-f7e2115e gb-headline-text\">Como um profissional financeiro experiente com mais de dez anos de experi&ecirc;ncia em estrat&eacute;gia de investimento e um respeitado detentor do CFA Charter, ofere&ccedil;o uma avalia&ccedil;&atilde;o detalhada da taxa de sucesso relatada pela K00411 de 81,8% para 2025.<\/div>\n<\/div><\/div>\n\n<div class=\"gb-grid-column gb-grid-column-bab92a39 gb-query-loop-item post-33231 opiniones type-opiniones status-publish format-standard has-post-thumbnail hentry\"><div class=\"gb-container gb-container-bab92a39\">\n<figure class=\"gb-block-image gb-block-image-3760521c\"><img loading=\"lazy\" decoding=\"async\" width=\"960\" height=\"538\" src=\"https:\/\/sema.es\/wp-content\/uploads\/2025\/04\/Phone-based-trading-made-simple.jpg\" class=\"gb-image-3760521c\" alt=\"Phone-based trading made simple\" srcset=\"https:\/\/sema.es\/wp-content\/uploads\/2025\/04\/Phone-based-trading-made-simple.jpg 960w, https:\/\/sema.es\/wp-content\/uploads\/2025\/04\/Phone-based-trading-made-simple-300x168.jpg 300w, https:\/\/sema.es\/wp-content\/uploads\/2025\/04\/Phone-based-trading-made-simple-768x430.jpg 768w\" sizes=\"auto, (max-width: 960px) 100vw, 960px\" title=\"\"><\/figure>\n\n<h2 class=\"gb-headline gb-headline-c749df71 gb-headline-text\"><a href=\"https:\/\/sema.es\/pt-br\/opiniones\/ethereum-cormax-review\/\">Uma an&aacute;lise especializada da plataforma K00410 e sua funcionalidade de negocia&ccedil;&atilde;o<\/a><\/h2>\n\n<div class=\"gb-container gb-container-f0e6f24f\">\n<p class=\"gb-headline gb-headline-34b1bc7a gb-headline-text\"><time class=\"entry-date published\" datetime=\"2025-05-28T11:44:09+00:00\">maio 28, 2025<\/time><\/p>\n\n<p class=\"gb-headline gb-headline-d479f286 gb-headline-text\">Anibal Diaz<\/p>\n<\/div>\n\n<div class=\"gb-headline gb-headline-f7e2115e gb-headline-text\">Com mais de uma d&eacute;cada de experi&ecirc;ncia pr&aacute;tica em investimentos e um mestrado em Economia Financeira, estou animado para gui&aacute;-lo pelo funcionamento avan&ccedil;ado do K00410, uma for&ccedil;a transformadora na gest&atilde;o de criptoativos em 2025.<\/div>\n<\/div><\/div>\n\n<div class=\"gb-grid-column gb-grid-column-bab92a39 gb-query-loop-item post-33223 opiniones type-opiniones status-publish format-standard has-post-thumbnail hentry\"><div class=\"gb-container gb-container-bab92a39\">\n<figure class=\"gb-block-image gb-block-image-3760521c\"><img loading=\"lazy\" decoding=\"async\" width=\"960\" height=\"538\" src=\"https:\/\/sema.es\/wp-content\/uploads\/2025\/04\/Tablet-app-for-successful-trading.jpg\" class=\"gb-image-3760521c\" alt=\"Tablet app for successful trading\" srcset=\"https:\/\/sema.es\/wp-content\/uploads\/2025\/04\/Tablet-app-for-successful-trading.jpg 960w, https:\/\/sema.es\/wp-content\/uploads\/2025\/04\/Tablet-app-for-successful-trading-300x168.jpg 300w, https:\/\/sema.es\/wp-content\/uploads\/2025\/04\/Tablet-app-for-successful-trading-768x430.jpg 768w\" sizes=\"auto, (max-width: 960px) 100vw, 960px\" title=\"\"><\/figure>\n\n<h2 class=\"gb-headline gb-headline-c749df71 gb-headline-text\"><a href=\"https:\/\/sema.es\/pt-br\/opiniones\/ethereum-cormax\/\">Analisando a plataforma K00409: Uma vis&atilde;o geral de seus principais recursos em 2025<\/a><\/h2>\n\n<div class=\"gb-container gb-container-f0e6f24f\">\n<p class=\"gb-headline gb-headline-34b1bc7a gb-headline-text\"><time class=\"entry-date published\" datetime=\"2025-05-28T11:35:44+00:00\">maio 28, 2025<\/time><\/p>\n\n<p class=\"gb-headline gb-headline-d479f286 gb-headline-text\">Billy Zambrano<\/p>\n<\/div>\n\n<div class=\"gb-headline gb-headline-f7e2115e gb-headline-text\">Como analista financeiro experiente, com mais de dez anos de experi&ecirc;ncia na &aacute;rea e com a designa&ccedil;&atilde;o CFA, estudei atentamente o cen&aacute;rio din&acirc;mico das plataformas de negocia&ccedil;&atilde;o de criptomoedas, com a K00409 surgindo como uma concorrente &agrave; altura. <\/div>\n<\/div><\/div>\n\n<div class=\"gb-grid-column gb-grid-column-bab92a39 gb-query-loop-item post-33209 opiniones type-opiniones status-publish format-standard has-post-thumbnail hentry\"><div class=\"gb-container gb-container-bab92a39\">\n<figure class=\"gb-block-image gb-block-image-3760521c\"><img loading=\"lazy\" decoding=\"async\" width=\"960\" height=\"538\" src=\"https:\/\/sema.es\/wp-content\/uploads\/2025\/04\/Explore-crypto-without-investment-risk.jpg\" class=\"gb-image-3760521c\" alt=\"Explore crypto without investment risk\" srcset=\"https:\/\/sema.es\/wp-content\/uploads\/2025\/04\/Explore-crypto-without-investment-risk.jpg 960w, https:\/\/sema.es\/wp-content\/uploads\/2025\/04\/Explore-crypto-without-investment-risk-300x168.jpg 300w, https:\/\/sema.es\/wp-content\/uploads\/2025\/04\/Explore-crypto-without-investment-risk-768x430.jpg 768w\" sizes=\"auto, (max-width: 960px) 100vw, 960px\" title=\"\"><\/figure>\n\n<h2 class=\"gb-headline gb-headline-c749df71 gb-headline-text\"><a href=\"https:\/\/sema.es\/pt-br\/opiniones\/instant-akpro-app\/\">An&aacute;lise K00403 2025: A plataforma &eacute; confi&aacute;vel?<\/a><\/h2>\n\n<div class=\"gb-container gb-container-f0e6f24f\">\n<p class=\"gb-headline gb-headline-34b1bc7a gb-headline-text\"><time class=\"entry-date published\" datetime=\"2025-05-20T11:59:47+00:00\">maio 20, 2025<\/time><\/p>\n\n<p class=\"gb-headline gb-headline-d479f286 gb-headline-text\">Anibal Diaz<\/p>\n<\/div>\n\n<div class=\"gb-headline gb-headline-f7e2115e gb-headline-text\">Como analista financeiro experiente com mais de uma d&eacute;cada de experi&ecirc;ncia em mercados de criptomoedas e conformidade regulat&oacute;ria, forne&ccedil;o uma an&aacute;lise aprofundada da trajet&oacute;ria da K00403 em 2025. Este artigo &eacute; apoiado por insights de importantes especialistas financeiros e ampla pesquisa, com base em estruturas regulat&oacute;rias.<\/div>\n<\/div><\/div>\n\n<div class=\"gb-grid-column gb-grid-column-bab92a39 gb-query-loop-item post-33201 opiniones type-opiniones status-publish format-standard has-post-thumbnail hentry\"><div class=\"gb-container gb-container-bab92a39\">\n<figure class=\"gb-block-image gb-block-image-3760521c\"><img loading=\"lazy\" decoding=\"async\" width=\"960\" height=\"538\" src=\"https:\/\/sema.es\/wp-content\/uploads\/2025\/04\/Explore-crypto-markets-risk-free.jpg\" class=\"gb-image-3760521c\" alt=\"Explore crypto markets risk-free\" srcset=\"https:\/\/sema.es\/wp-content\/uploads\/2025\/04\/Explore-crypto-markets-risk-free.jpg 960w, https:\/\/sema.es\/wp-content\/uploads\/2025\/04\/Explore-crypto-markets-risk-free-300x168.jpg 300w, https:\/\/sema.es\/wp-content\/uploads\/2025\/04\/Explore-crypto-markets-risk-free-768x430.jpg 768w\" sizes=\"auto, (max-width: 960px) 100vw, 960px\" title=\"\"><\/figure>\n\n<h2 class=\"gb-headline gb-headline-c749df71 gb-headline-text\"><a href=\"https:\/\/sema.es\/pt-br\/opiniones\/instant-akpro-review\/\">Como o K00402 gerencia a atividade do mercado em tempo real<\/a><\/h2>\n\n<div class=\"gb-container gb-container-f0e6f24f\">\n<p class=\"gb-headline gb-headline-34b1bc7a gb-headline-text\"><time class=\"entry-date published\" datetime=\"2025-05-20T11:57:02+00:00\">maio 20, 2025<\/time><\/p>\n\n<p class=\"gb-headline gb-headline-d479f286 gb-headline-text\">Anibal Diaz<\/p>\n<\/div>\n\n<div class=\"gb-headline gb-headline-f7e2115e gb-headline-text\">Estou animado para compartilhar minha experi&ecirc;ncia positiva com o K00402 e seu potencial promissor para 2025. Esta plataforma de negocia&ccedil;&atilde;o de Bitcoin ostenta uma impressionante taxa de sucesso de 85%, o que surpreendeu positivamente muitos usu&aacute;rios, inclusive eu.<\/div>\n<\/div><\/div>\n\n<div class=\"gb-grid-column gb-grid-column-bab92a39 gb-query-loop-item post-33193 opiniones type-opiniones status-publish format-standard has-post-thumbnail hentry\"><div class=\"gb-container gb-container-bab92a39\">\n<figure class=\"gb-block-image gb-block-image-3760521c\"><img loading=\"lazy\" decoding=\"async\" width=\"960\" height=\"538\" src=\"https:\/\/sema.es\/wp-content\/uploads\/2025\/04\/Financial-strategy-tools-on-laptop.jpg\" class=\"gb-image-3760521c\" alt=\"Financial strategy tools on laptop\" srcset=\"https:\/\/sema.es\/wp-content\/uploads\/2025\/04\/Financial-strategy-tools-on-laptop.jpg 960w, https:\/\/sema.es\/wp-content\/uploads\/2025\/04\/Financial-strategy-tools-on-laptop-300x168.jpg 300w, https:\/\/sema.es\/wp-content\/uploads\/2025\/04\/Financial-strategy-tools-on-laptop-768x430.jpg 768w\" sizes=\"auto, (max-width: 960px) 100vw, 960px\" title=\"\"><\/figure>\n\n<h2 class=\"gb-headline gb-headline-c749df71 gb-headline-text\"><a href=\"https:\/\/sema.es\/pt-br\/opiniones\/instant-akpro\/\">&Eacute; por isso que confio na K00401 para minhas opera&ccedil;&otilde;es<\/a><\/h2>\n\n<div class=\"gb-container gb-container-f0e6f24f\">\n<p class=\"gb-headline gb-headline-34b1bc7a gb-headline-text\"><time class=\"entry-date published\" datetime=\"2025-05-20T11:53:07+00:00\">maio 20, 2025<\/time><\/p>\n\n<p class=\"gb-headline gb-headline-d479f286 gb-headline-text\">Anibal Diaz<\/p>\n<\/div>\n\n<div class=\"gb-headline gb-headline-f7e2115e gb-headline-text\">Experimentei recentemente o K00401 e devo dizer que &eacute; uma plataforma de negocia&ccedil;&atilde;o de criptomoedas atraente. Com uma impressionante taxa de sucesso de 85%, ele fornece um ponto de entrada interessante no mundo da negocia&ccedil;&atilde;o automatizada.<\/div>\n<\/div><\/div>\n\n<div class=\"gb-grid-column gb-grid-column-bab92a39 gb-query-loop-item post-33185 opiniones type-opiniones status-publish format-standard has-post-thumbnail hentry\"><div class=\"gb-container gb-container-bab92a39\">\n<figure class=\"gb-block-image gb-block-image-3760521c\"><img loading=\"lazy\" decoding=\"async\" width=\"960\" height=\"538\" src=\"https:\/\/sema.es\/wp-content\/uploads\/2025\/04\/Online-trading-platform-with-oversight.jpg\" class=\"gb-image-3760521c\" alt=\"Online trading platform with oversight\" srcset=\"https:\/\/sema.es\/wp-content\/uploads\/2025\/04\/Online-trading-platform-with-oversight.jpg 960w, https:\/\/sema.es\/wp-content\/uploads\/2025\/04\/Online-trading-platform-with-oversight-300x168.jpg 300w, https:\/\/sema.es\/wp-content\/uploads\/2025\/04\/Online-trading-platform-with-oversight-768x430.jpg 768w\" sizes=\"auto, (max-width: 960px) 100vw, 960px\" title=\"\"><\/figure>\n\n<h2 class=\"gb-headline gb-headline-c749df71 gb-headline-text\"><a href=\"https:\/\/sema.es\/pt-br\/opiniones\/energy-proair-app\/\">K00400: Principais destaques para uso di&aacute;rio<\/a><\/h2>\n\n<div class=\"gb-container gb-container-f0e6f24f\">\n<p class=\"gb-headline gb-headline-34b1bc7a gb-headline-text\"><time class=\"entry-date published\" datetime=\"2025-05-20T11:46:12+00:00\">maio 20, 2025<\/time><\/p>\n\n<p class=\"gb-headline gb-headline-d479f286 gb-headline-text\">Billy Zambrano<\/p>\n<\/div>\n\n<div class=\"gb-headline gb-headline-f7e2115e gb-headline-text\">Recentemente tive a oportunidade de explorar o K00400 e devo dizer que foi uma experi&ecirc;ncia surpreendentemente positiva. A interface amig&aacute;vel da plataforma e o sistema alimentado por IA realmente se destacaram.<\/div>\n<\/div><\/div>\n<\/div>\n\n<div class=\"gb-container gb-container-10244f3c gb-query-loop-pagination\">\n\n\n<span class=\"gb-button gb-button-5b9c5ca3 gb-button-text page-numbers gb-block-is-current\" aria-current=\"page\">1<\/span><a class=\"gb-button gb-button-5b9c5ca3 gb-button-text page-numbers\" href=\"?query-53cbeb2c-page=2\">2<\/a><a class=\"gb-button gb-button-5b9c5ca3 gb-button-text page-numbers\" href=\"?query-53cbeb2c-page=3\">3<\/a><span class=\"gb-button gb-button-5b9c5ca3 gb-button-text page-numbers dots\">&hellip;<\/span><a class=\"gb-button gb-button-5b9c5ca3 gb-button-text page-numbers\" href=\"?query-53cbeb2c-page=9\">9<\/a>\n\n<a class=\"gb-button gb-button-3985aef4 gb-button-text\" href=\"\/pt-br\/wp-json\/wp\/v2\/pages\/28044?query-53cbeb2c-page=2\">Pr&oacute;ximo<\/a>\n<\/div>\n\n<\/div>\n<\/div>\n","protected":false},"excerpt":{"rendered":"<p>Escolher um projeto de negocia&ccedil;&atilde;o n&atilde;o &eacute; f&aacute;cil. Existem muitos e todos eles afirmam ser os melhores. Mas quais deles realmente funcionam? &Eacute; a&iacute; que entra a Sema.co.uk. Analisamos projetos de negocia&ccedil;&atilde;o que usam automa&ccedil;&atilde;o e IA e nos concentramos no que realmente importa: eles realmente funcionam bem, s&atilde;o f&aacute;ceis de usar, quanto custam e &#8230; <a title=\"Descubra as melhores ferramentas de intelig\u00eancia artificial e de negocia\u00e7\u00e3o automatizada em Sema.co.uk\" class=\"read-more\" href=\"https:\/\/sema.es\/pt-br\/opiniones\/\" aria-label=\"Read more about Descubra as melhores ferramentas de intelig\u00eancia artificial e de negocia\u00e7\u00e3o automatizada em Sema.co.uk\">Leia mais<\/a><\/p>\n","protected":false},"author":1,"featured_media":0,"parent":0,"menu_order":0,"comment_status":"closed","ping_status":"closed","template":"","meta":{"footnotes":""},"class_list":["post-28044","page","type-page","status-publish"],"rank_math_title":"An\u00e1lise das melhores ferramentas de intelig\u00eancia artificial e negocia\u00e7\u00e3o automatizada | Sema.co.uk","rank_math_description":"Encontre as melhores ferramentas de intelig\u00eancia artificial e negocia\u00e7\u00e3o automatizada com an\u00e1lises detalhadas no Sema.co.uk. Compare o desempenho, a facilidade de uso, o custo e as avalia\u00e7\u00f5es de usu\u00e1rios reais para escolher a op\u00e7\u00e3o perfeita. ","rank_math_focus_keyword":"Sema.com.br","_links":{"self":[{"href":"https:\/\/sema.es\/pt-br\/wp-json\/wp\/v2\/pages\/28044","targetHints":{"allow":["GET"]}}],"collection":[{"href":"https:\/\/sema.es\/pt-br\/wp-json\/wp\/v2\/pages"}],"about":[{"href":"https:\/\/sema.es\/pt-br\/wp-json\/wp\/v2\/types\/page"}],"author":[{"embeddable":true,"href":"https:\/\/sema.es\/pt-br\/wp-json\/wp\/v2\/users\/1"}],"replies":[{"embeddable":true,"href":"https:\/\/sema.es\/pt-br\/wp-json\/wp\/v2\/comments?post=28044"}],"version-history":[{"count":0,"href":"https:\/\/sema.es\/pt-br\/wp-json\/wp\/v2\/pages\/28044\/revisions"}],"wp:attachment":[{"href":"https:\/\/sema.es\/pt-br\/wp-json\/wp\/v2\/media?parent=28044"}],"curies":[{"name":"wp","href":"https:\/\/api.w.org\/{rel}","templated":true}]}}