{"id":15492,"date":"2023-12-15T03:56:05","date_gmt":"2023-12-15T03:56:05","guid":{"rendered":"https:\/\/sema.es\/kullanim-kosullari-ve-gizlilik\/"},"modified":"2024-05-29T07:40:36","modified_gmt":"2024-05-29T07:40:36","slug":"privacy-policy","status":"publish","type":"page","link":"https:\/\/sema.es\/tr\/privacy-policy\/","title":{"rendered":"Kullan\u0131m Ko\u015fullar\u0131 ve Gizlilik"},"content":{"rendered":"<?xml encoding=\"UTF-8\"><h2 class=\"wp-block-heading\">Kullan&#305;m Ko&#351;ullar&#305;<\/h2><p>Atos Origin genel web sitesine ba&#287;land&#305;n&#305;z. Bu Sitede yer alan bilgiler ve i&ccedil;erik a&#351;a&#287;&#305;daki H&uuml;k&uuml;m ve Ko&#351;ullara tabidir ve bu Siteye eri&#351;iminiz ve Siteyi kullanmaya devam etmeniz bu H&uuml;k&uuml;m ve Ko&#351;ullar&#305; tamamen kabul etti&#287;iniz anlam&#305;na gelir: Bu Site, Atos Origin ve ba&#287;l&#305; kurulu&#351;lar&#305;, organizasyonu, &uuml;r&uuml;nleri ve sunulan hizmetler hakk&#305;nda bilgi vermeyi ama&ccedil;lamaktad&#305;r. Ancak, bu bilgiler yaln&#305;zca Atos Origin&rsquo;in hizmet ve &uuml;r&uuml;nlerinin bir sunumudur ve s&ouml;zle&#351;me a&ccedil;&#305;s&#305;ndan ba&#287;lay&#305;c&#305; de&#287;ildir. Herhangi bir s&ouml;zle&#351;me anla&#351;mas&#305;na girmek i&ccedil;in do&#287;rudan Atos Origin ile ileti&#351;ime ge&ccedil;melisiniz.<\/p><p>Atos Origin bu web sitesindeki bilgilerin do&#287;ru ve g&uuml;ncel olmas&#305; i&ccedil;in makul &ccedil;abay&#305; g&ouml;sterse de, bu web sitesi yanl&#305;&#351;l&#305;klar, g&uuml;ncel olmayan bilgiler veya yaz&#305;m hatalar&#305; i&ccedil;erebilir. Bu nedenle Atos Origin, bu Web Sitesinde yer alabilecek herhangi bir bilginin do&#287;rulu&#287;u veya eksiksizli&#287;i konusunda hi&ccedil;bir garanti veya beyanda bulunmaz. Ayr&#305;ca, Atos Origin bu Sitenin i&ccedil;eri&#287;indeki herhangi bir hata veya eksiklik i&ccedil;in hi&ccedil;bir sorumluluk, y&uuml;k&uuml;ml&uuml;l&uuml;k veya y&uuml;k&uuml;ml&uuml;l&uuml;k kabul etmez. Atos Origin hizmetlerini tan&#305;mlayan isimler, belgeler, g&ouml;r&uuml;nt&uuml;ler, logolar ve foto&#287;raflar Atos Origin ve\/veya ba&#287;l&#305; kurulu&#351;lar&#305;n&#305;n m&uuml;nhas&#305;r m&uuml;lkiyetindedir. Bu Web Sitesinin kullan&#305;m&#305;nda herhangi bir &uuml;&ccedil;&uuml;nc&uuml; taraf bilgisine, i&ccedil;eri&#287;ine, makalesine, &uuml;r&uuml;n&uuml;ne, s&uuml;recine veya hizmetine ticari isim, ticari marka, &uuml;retici veya ba&#351;ka bir &#351;ekilde yap&#305;lan herhangi bir at&#305;f, bunlar&#305;n Atos Origin taraf&#305;ndan kabul edildi&#287;i, onayland&#305;&#287;&#305; veya tavsiye edildi&#287;i veya Atos Origin ile herhangi bir ba&#287;lant&#305;s&#305; oldu&#287;u anlam&#305;na gelmez. Ayr&#305;ca, bu Web Sitesi Atos Origin&rsquo;in kontrol&uuml; alt&#305;nda olmayan veya Atos Origin taraf&#305;ndan s&uuml;rd&uuml;r&uuml;lmeyen di&#287;er web sitelerine ba&#287;lanabilir. Atos Origin, bu Siteye ba&#287;l&#305; sitelerin t&uuml;m&uuml;n&uuml; veya herhangi birini incelememi&#351;tir ve herhangi bir site d&#305;&#351;&#305; sayfan&#305;n veya bu Siteye ba&#287;l&#305; di&#287;er sitelerin i&ccedil;eri&#287;inden sorumlu de&#287;ildir. Atos Origin bu ba&#287;lant&#305;lar&#305; size yaln&#305;zca kolayl&#305;k sa&#287;lamak amac&#305;yla sunmaktad&#305;r ve bu t&uuml;r sitelere herhangi bir ba&#287;lant&#305;n&#305;n dahil edilmesi, bu sitelerin Atos Origin taraf&#305;ndan onayland&#305;&#287;&#305; anlam&#305;na gelmez.<\/p><p>Bu Web Sitesini kullanman&#305;z&#305;n ve bu Web Sitesinde gezinmenizin riski size aittir. Ne Atos Origin ne de Sitenin olu&#351;turulmas&#305;, &uuml;retilmesi veya sunulmas&#305;nda yer alan herhangi bir taraf, bu Siteye eri&#351;iminizden veya Siteyi kullan&#305;m&#305;n&#305;zdan kaynaklanan do&#287;rudan, dolayl&#305;, sonu&ccedil; olarak ortaya &ccedil;&#305;kan, ar&#305;zi veya cezai zararlardan sorumlu tutulamaz. Yukar&#305;da belirtilenleri s&#305;n&#305;rlamaks&#305;z&#305;n, bu Sitede sa&#287;lanan t&uuml;m bilgiler, herhangi bir z&#305;mni ticarete elveri&#351;lilik garantisi, belirli bir amaca uygunluk veya &uuml;&ccedil;&uuml;nc&uuml; taraf fikri m&uuml;lkiyet haklar&#305;n&#305;n ihlal edilmemesi dahil (ancak bunlarla s&#305;n&#305;rl&#305; olmamak &uuml;zere) a&ccedil;&#305;k veya z&#305;mni herhangi bir garanti olmaks&#305;z&#305;n &ldquo;oldu&#287;u gibi&rdquo; ve &ldquo;mevcut oldu&#287;u gibi&rdquo; sa&#287;lanmaktad&#305;r.<\/p><p>Atos Origin, herhangi bir zamanda, &ouml;nceden bildirimde bulunmaks&#305;z&#305;n bu Web Sitesinde de&#287;i&#351;iklikler, iyile&#351;tirmeler, d&uuml;zeltmeler ve\/veya de&#287;i&#351;iklikler yapabilir.<\/p><p>Bu &#350;artlar&#305;n herhangi bir k&#305;sm&#305;n&#305;n uygulanamaz oldu&#287;una karar verilirse, s&ouml;z konusu k&#305;s&#305;m y&uuml;r&uuml;rl&uuml;kteki yasalara uygun olarak taraflar&#305;n as&#305;l niyetine en yak&#305;n &#351;ekilde yorumlanacak ve h&uuml;k&uuml;mlerin geri kalan&#305; tam olarak y&uuml;r&uuml;rl&uuml;kte kalacakt&#305;r.<\/p><p>Atos Origin&rsquo;in bu S&ouml;zle&#351;menin herhangi bir h&uuml;km&uuml;n&uuml;n yerine getirilmesinde veya bu h&uuml;kme tam olarak uyulmas&#305;nda &#305;srar etmemesi durumunda, bu eylem herhangi bir hak veya h&uuml;k&uuml;mden feragat edildi&#287;i anlam&#305;na gelmez. Ne taraflar&#305;n davran&#305;&#351;lar&#305; ne de herhangi bir ticari uygulama, bu Ko&#351;ullar&#305;n herhangi bir h&uuml;km&uuml;n&uuml;n de&#287;i&#351;tirilmesine neden olmayacakt&#305;r.<\/p><p>Bu Ko&#351;ullar &#304;spanyol yasalar&#305;na g&ouml;re y&ouml;netilecek ve yorumlanacakt&#305;r. Atos Origin&rsquo;e kar&#351;&#305; herhangi bir hak talebi &#304;spanya&rsquo;da yap&#305;lmal&#305;d&#305;r.<\/p><p>BU KO&#350;ULLARIN TAMAMEN KABUL EDI&#775;LMEMESI&#775; DURUMUNDA, BU WEB SI&#775;TESI&#775;NI&#775; KULLANIMINIZ DERHAL SONLANDIRILMALIDIR.<\/p><h2 class=\"wp-block-heading\">Gizlilik<\/h2><p>Atos Origin, gizlilik konusundaki kararl&#305;l&#305;&#287;&#305;n&#305; g&ouml;stermek amac&#305;yla bu gizlilik bildirimini haz&#305;rlam&#305;&#351;t&#305;r. A&#351;a&#287;&#305;da, Web Sitemiz i&ccedil;in bilgi toplama ve yayma uygulamalar&#305;m&#305;z a&ccedil;&#305;klanmaktad&#305;r:<\/p><p>IP adresinizi sunucumuzla ilgili sorunlar&#305; tespit etmemize ve Web sitemizi y&ouml;netmemize yard&#305;mc&#305; olmas&#305; i&ccedil;in kullan&#305;r&#305;z.<\/p><p>Bu Site, ittifak ortaklar&#305;m&#305;z&#305;n Siteleri gibi di&#287;er Sitelere ba&#287;lant&#305;lar i&ccedil;erebilir. Atos Origin, bu t&uuml;r di&#287;er web sitelerinin i&ccedil;eri&#287;inden veya gizlilik uygulamalar&#305;ndan sorumlu de&#287;ildir.<\/p><h2 class=\"wp-block-heading\">G&uuml;venlik<\/h2><p>Bu Site, kontrol&uuml;m&uuml;z alt&#305;ndaki bilgilerin kaybolmas&#305;n&#305;, de&#287;i&#351;tirilmesini veya k&ouml;t&uuml;ye kullan&#305;lmas&#305;n&#305; &ouml;nlemek i&ccedil;in titiz g&uuml;venlik &ouml;nlemlerine sahiptir.<\/p><h2 class=\"wp-block-heading\">Web Sitesi ile nas&#305;l ileti&#351;ime ge&ccedil;ilir?<\/h2><p>Bu gizlilik bildirimi, bu Sitenin uygulamalar&#305; veya bu Web Sitesi ile olan ili&#351;kileriniz hakk&#305;nda herhangi bir sorunuz varsa, a&#351;a&#287;&#305;daki adresten bizimle ileti&#351;ime ge&ccedil;ebilirsiniz:<\/p><p><a href=\"mailto:es-marcom@sema.es\" data-type=\"mailto\" data-id=\"mailto:es-marcom@sema.es\">es-marcom@sema.es<\/a><\/p>\n","protected":false},"excerpt":{"rendered":"<p>Kullan&#305;m Ko&#351;ullar&#305; Atos Origin genel web sitesine ba&#287;land&#305;n&#305;z. Bu Sitede yer alan bilgiler ve i&ccedil;erik a&#351;a&#287;&#305;daki H&uuml;k&uuml;m ve Ko&#351;ullara tabidir ve bu Siteye eri&#351;iminiz ve Siteyi kullanmaya devam etmeniz bu H&uuml;k&uuml;m ve Ko&#351;ullar&#305; tamamen kabul etti&#287;iniz anlam&#305;na gelir: Bu Site, Atos Origin ve ba&#287;l&#305; kurulu&#351;lar&#305;, organizasyonu, &uuml;r&uuml;nleri ve sunulan hizmetler hakk&#305;nda bilgi vermeyi ama&ccedil;lamaktad&#305;r. Ancak, &#8230; <a title=\"Kullan\u0131m Ko\u015fullar\u0131 ve Gizlilik\" class=\"read-more\" href=\"https:\/\/sema.es\/tr\/privacy-policy\/\" aria-label=\"Read more about Kullan\u0131m Ko\u015fullar\u0131 ve Gizlilik\">Read more<\/a><\/p>\n","protected":false},"author":1,"featured_media":0,"parent":0,"menu_order":0,"comment_status":"closed","ping_status":"open","template":"","meta":{"footnotes":""},"class_list":["post-15492","page","type-page","status-publish"],"rank_math_title":"","rank_math_description":"","rank_math_focus_keyword":"","_links":{"self":[{"href":"https:\/\/sema.es\/tr\/wp-json\/wp\/v2\/pages\/15492","targetHints":{"allow":["GET"]}}],"collection":[{"href":"https:\/\/sema.es\/tr\/wp-json\/wp\/v2\/pages"}],"about":[{"href":"https:\/\/sema.es\/tr\/wp-json\/wp\/v2\/types\/page"}],"author":[{"embeddable":true,"href":"https:\/\/sema.es\/tr\/wp-json\/wp\/v2\/users\/1"}],"replies":[{"embeddable":true,"href":"https:\/\/sema.es\/tr\/wp-json\/wp\/v2\/comments?post=15492"}],"version-history":[{"count":0,"href":"https:\/\/sema.es\/tr\/wp-json\/wp\/v2\/pages\/15492\/revisions"}],"wp:attachment":[{"href":"https:\/\/sema.es\/tr\/wp-json\/wp\/v2\/media?parent=15492"}],"curies":[{"name":"wp","href":"https:\/\/api.w.org\/{rel}","templated":true}]}}