{"id":27492,"date":"2024-01-11T12:54:02","date_gmt":"2024-01-11T12:54:02","guid":{"rendered":"https:\/\/sema.es\/bankacilik-ve-sigortacilik\/"},"modified":"2024-01-11T12:54:02","modified_gmt":"2024-01-11T12:54:02","slug":"banca-y-seguros","status":"publish","type":"page","link":"https:\/\/sema.es\/tr\/banca-y-seguros\/","title":{"rendered":"Bankac\u0131l\u0131k ve Sigortac\u0131l\u0131k"},"content":{"rendered":"<?xml encoding=\"UTF-8\">\n","protected":false},"excerpt":{"rendered":"","protected":false},"author":1,"featured_media":0,"parent":0,"menu_order":0,"comment_status":"closed","ping_status":"closed","template":"","meta":{"footnotes":""},"class_list":["post-27492","page","type-page","status-publish"],"rank_math_title":"Atos Origin: bankac\u0131l\u0131k ve sigorta \u00e7\u00f6z\u00fcmlerinin lider sa\u011flay\u0131c\u0131s\u0131","rank_math_description":"Atos Origin'in \u00f6zelle\u015ftirilmi\u015f BT \u00e7\u00f6z\u00fcmleri ile bankac\u0131l\u0131k ve sigorta operasyonlar\u0131n\u0131z\u0131 g\u00fc\u00e7lendirin. U\u00e7tan uca hizmetlerimiz finans sekt\u00f6r\u00fcnde verimlili\u011fi, yenili\u011fi ve rekabet avantaj\u0131n\u0131 art\u0131r\u0131r. ","rank_math_focus_keyword":"","_links":{"self":[{"href":"https:\/\/sema.es\/tr\/wp-json\/wp\/v2\/pages\/27492","targetHints":{"allow":["GET"]}}],"collection":[{"href":"https:\/\/sema.es\/tr\/wp-json\/wp\/v2\/pages"}],"about":[{"href":"https:\/\/sema.es\/tr\/wp-json\/wp\/v2\/types\/page"}],"author":[{"embeddable":true,"href":"https:\/\/sema.es\/tr\/wp-json\/wp\/v2\/users\/1"}],"replies":[{"embeddable":true,"href":"https:\/\/sema.es\/tr\/wp-json\/wp\/v2\/comments?post=27492"}],"version-history":[{"count":0,"href":"https:\/\/sema.es\/tr\/wp-json\/wp\/v2\/pages\/27492\/revisions"}],"wp:attachment":[{"href":"https:\/\/sema.es\/tr\/wp-json\/wp\/v2\/media?parent=27492"}],"curies":[{"name":"wp","href":"https:\/\/api.w.org\/{rel}","templated":true}]}}