{"id":27506,"date":"2024-01-11T13:48:08","date_gmt":"2024-01-11T13:48:08","guid":{"rendered":"https:\/\/sema.es\/endustri\/"},"modified":"2024-12-16T10:39:18","modified_gmt":"2024-12-16T10:39:18","slug":"industria","status":"publish","type":"page","link":"https:\/\/sema.es\/tr\/industria\/","title":{"rendered":"End\u00fcstri"},"content":{"rendered":"<?xml encoding=\"UTF-8\"><div class=\"gb-container gb-container-64391086\">\n<div class=\"gb-container gb-container-7fddd5ff\">\n\n<p class=\"gb-headline gb-headline-9b73ecbe\"><span class=\"gb-icon\"><svg xmlns=\"http:\/\/www.w3.org\/2000\/svg\" viewbox=\"0 0 36.7 3\"><path d=\"M0 0h36.7v3H0z\"><\/path><\/svg><\/span><span class=\"gb-headline-text\">End&uuml;stri<\/span><\/p>\n\n\n\n<h2 class=\"gb-headline gb-headline-d14c8852 gb-headline-text\">Atos Origin&rsquo;de hedeflerimizi sizinkilerle e&#351;le&#351;tiriyoruz<\/h2>\n\n\n\n<p>Atos Origin, m&uuml;&#351;terilerinin temel faaliyetlerine odaklanarak ve i&#351; s&uuml;re&ccedil;lerini iyile&#351;tirerek pazar paylar&#305;n&#305; art&#305;rma zorluklar&#305;n&#305;n &uuml;stesinden gelmelerine yard&#305;mc&#305; olur ve stratejik b&uuml;y&uuml;me hedeflerine ula&#351;malar&#305;n&#305; sa&#287;lar.<\/p>\n\n\n\n<p>Deneyimlerimiz, dan&#305;&#351;manl&#305;ktan m&uuml;&#351;terilerimizin kritik i&#351; s&uuml;re&ccedil;lerini kapsayan &ccedil;&ouml;z&uuml;mlerin uygulanmas&#305;na kadar uzanan geni&#351; bir yelpazede hizmetlere d&ouml;n&uuml;&#351;mektedir. Ayr&#305;ca m&uuml;&#351;terilerimizin teknolojik ortamlar&#305;n&#305;n (uygulamalar, sistemler ve ileti&#351;im a&#287;lar&#305;) tamamen veya k&#305;smen y&ouml;netimi i&ccedil;in altyap&#305; ve kaynaklar&#305;m&#305;z&#305; sa&#287;l&#305;yoruz. <\/p>\n\n\n\n<p>Atos Origin, dan&#305;&#351;manl&#305;k, sistem entegrasyonu ve d&#305;&#351; kaynak kullan&#305;m&#305; alanlar&#305;ndaki uzmanl&#305;&#287;&#305; ile m&uuml;&#351;terilerini desteklemektedir.<\/p>\n\n\n\n<h2 class=\"wp-block-heading\">Teknoloji end&uuml;strinin hizmetinde<\/h2>\n\n\n\n<p>  Atos Origin&rsquo;in hedefi, sanayi sekt&ouml;r&uuml;ndeki m&uuml;&#351;terilerinin i&#351; hedeflerine fayda sa&#287;lamak i&ccedil;in teknolojinin g&uuml;c&uuml;nden yararlanmalar&#305;n&#305; sa&#287;lamak ve m&uuml;&#351;terilerinin i&#351; ihtiya&ccedil;lar&#305; ve vizyonuyla etkile&#351;im kurarak yat&#305;r&#305;m getirilerini en &uuml;st d&uuml;zeye &ccedil;&#305;karan sonu&ccedil;lar sa&#287;layan bir teknoloji orta&#287;&#305; stat&uuml;s&uuml;ne ula&#351;makt&#305;r.<\/p>\n\n\n\n<p>Atos Origin olarak Otomotiv, CPG\/Perakende, Ta&#351;&#305;mac&#305;l&#305;k, Havac&#305;l&#305;k ve Uzay, Su, &#304;n&#351;aat ve &Ccedil;evre, Petrol ve Gaz gibi farkl&#305; end&uuml;stri sekt&ouml;rlerinde, grubun k&uuml;resel bilgi birikimi ve uygulamalar&#305;yla peki&#351;tirilen kapsaml&#305; bir deneyime sahibiz.<\/p>\n\n\n\n<p>&#304;&#351; planlar&#305;n&#305;z&#305;n geli&#351;tirilmesinde size yard&#305;mc&#305; olacak teknolojik projelerin ba&#351;ar&#305;ya ula&#351;mas&#305;n&#305; sa&#287;lamak i&ccedil;in tercihiniz biziz.<\/p>\n\n<\/div>\n<\/div>\n","protected":false},"excerpt":{"rendered":"<p>End&uuml;stri Atos Origin&rsquo;de hedeflerimizi sizinkilerle e&#351;le&#351;tiriyoruz Atos Origin, m&uuml;&#351;terilerinin temel faaliyetlerine odaklanarak ve i&#351; s&uuml;re&ccedil;lerini iyile&#351;tirerek pazar paylar&#305;n&#305; art&#305;rma zorluklar&#305;n&#305;n &uuml;stesinden gelmelerine yard&#305;mc&#305; olur ve stratejik b&uuml;y&uuml;me hedeflerine ula&#351;malar&#305;n&#305; sa&#287;lar. Deneyimlerimiz, dan&#305;&#351;manl&#305;ktan m&uuml;&#351;terilerimizin kritik i&#351; s&uuml;re&ccedil;lerini kapsayan &ccedil;&ouml;z&uuml;mlerin uygulanmas&#305;na kadar uzanan geni&#351; bir yelpazede hizmetlere d&ouml;n&uuml;&#351;mektedir. Ayr&#305;ca m&uuml;&#351;terilerimizin teknolojik ortamlar&#305;n&#305;n (uygulamalar, sistemler ve ileti&#351;im a&#287;lar&#305;) &#8230; <a title=\"End\u00fcstri\" class=\"read-more\" href=\"https:\/\/sema.es\/tr\/industria\/\" aria-label=\"Read more about End\u00fcstri\">Read more<\/a><\/p>\n","protected":false},"author":1,"featured_media":0,"parent":0,"menu_order":0,"comment_status":"closed","ping_status":"closed","template":"","meta":{"footnotes":""},"class_list":["post-27506","page","type-page","status-publish"],"rank_math_title":"Atos Origin: lider teknoloji \u00e7\u00f6z\u00fcmleriyle end\u00fcstriyi d\u00f6n\u00fc\u015ft\u00fcr\u00fcyor","rank_math_description":"End\u00fcstriyel operasyonlar\u0131n\u0131z\u0131 Atos Origin'in ileri teknoloji \u00e7\u00f6z\u00fcmleriyle uyumlu hale getirin. T\u00fcm sekt\u00f6rlerde b\u00fcy\u00fcmeyi desteklemek ve i\u015f s\u00fcre\u00e7lerini optimize etmek i\u00e7in dan\u0131\u015fmanl\u0131k, sistem entegrasyonu ve d\u0131\u015f kaynak kullan\u0131m\u0131 konular\u0131nda uzmanla\u015fm\u0131\u015ft\u0131r. ","rank_math_focus_keyword":"","_links":{"self":[{"href":"https:\/\/sema.es\/tr\/wp-json\/wp\/v2\/pages\/27506","targetHints":{"allow":["GET"]}}],"collection":[{"href":"https:\/\/sema.es\/tr\/wp-json\/wp\/v2\/pages"}],"about":[{"href":"https:\/\/sema.es\/tr\/wp-json\/wp\/v2\/types\/page"}],"author":[{"embeddable":true,"href":"https:\/\/sema.es\/tr\/wp-json\/wp\/v2\/users\/1"}],"replies":[{"embeddable":true,"href":"https:\/\/sema.es\/tr\/wp-json\/wp\/v2\/comments?post=27506"}],"version-history":[{"count":0,"href":"https:\/\/sema.es\/tr\/wp-json\/wp\/v2\/pages\/27506\/revisions"}],"wp:attachment":[{"href":"https:\/\/sema.es\/tr\/wp-json\/wp\/v2\/media?parent=27506"}],"curies":[{"name":"wp","href":"https:\/\/api.w.org\/{rel}","templated":true}]}}