{"id":27588,"date":"2020-10-26T20:05:47","date_gmt":"2020-10-26T20:05:47","guid":{"rendered":"https:\/\/sema.es\/crm\/"},"modified":"2024-12-16T10:39:45","modified_gmt":"2024-12-16T10:39:45","slug":"crm","status":"publish","type":"page","link":"https:\/\/sema.es\/tr\/crm\/","title":{"rendered":"CRM"},"content":{"rendered":"<?xml encoding=\"UTF-8\"><div class=\"gb-container gb-container-dbd7fb60\">\n<div class=\"gb-container gb-container-132b70d5\"><div class=\"gb-inside-container\">\n\n<p class=\"gb-headline gb-headline-1dae00de\"><span class=\"gb-icon\"><svg xmlns=\"http:\/\/www.w3.org\/2000\/svg\" viewbox=\"0 0 36.7 3\"><path d=\"M0 0h36.7v3H0z\"><\/path><\/svg><\/span><span class=\"gb-headline-text\">&Ccedil;&ouml;z&uuml;mler<\/span><\/p>\n\n\n\n<h2 class=\"gb-headline gb-headline-7f28430c gb-headline-text\">M&uuml;&#351;teri &#304;li&#351;kileri Y&ouml;netimi (CRM)<\/h2>\n\n<\/div><\/div>\n\n<div class=\"gb-container gb-container-b898dd4b\"><div class=\"gb-inside-container\">\n\n<p class=\"gb-headline gb-headline-57614a78 gb-headline-text\">&ldquo;&#350;irketler, m&uuml;&#351;teri stratejilerinin merkezinde yer al&#305;rsa ba&#351;ar&#305;l&#305; olurlar. Atos Origin&rsquo;de bunu ba&#351;arman&#305;za yard&#305;mc&#305; olacak net fikirlere sahibiz&rdquo;.<\/p>\n\n\n\n<p class=\"gb-headline gb-headline-d268030b gb-headline-text\"><em>Sara M. &ndash; Miami<\/em><\/p>\n\n<\/div><\/div>\n<\/div><div class=\"gb-container gb-container-613ced2e\">\n<div class=\"gb-container gb-container-27a0e383\">\n\n<p class=\"gb-headline gb-headline-25158df7\"><span class=\"gb-icon\"><svg xmlns=\"http:\/\/www.w3.org\/2000\/svg\" viewbox=\"0 0 36.7 3\"><path d=\"M0 0h36.7v3H0z\"><\/path><\/svg><\/span><span class=\"gb-headline-text\"><strong>iyile&#351;tirme<\/strong><\/span><\/p>\n\n\n\n<h2 class=\"gb-headline gb-headline-e923e090 gb-headline-text\">Evrim: s&uuml;re&ccedil;ler, rekabet&ccedil;ilik<\/h2>\n\n\n\n<figure class=\"wp-block-image size-full\"><img loading=\"lazy\" decoding=\"async\" width=\"460\" height=\"278\" src=\"https:\/\/sema.es\/wp-content\/uploads\/2024\/01\/ciclo_crm.jpg\" alt=\"\" class=\"wp-image-4839\" title=\"\" srcset=\"https:\/\/sema.es\/wp-content\/uploads\/2024\/01\/ciclo_crm.jpg 460w, https:\/\/sema.es\/wp-content\/uploads\/2024\/01\/ciclo_crm-300x181.jpg 300w\" sizes=\"auto, (max-width: 460px) 100vw, 460px\" \/><\/figure>\n\n<\/div>\n\n<div class=\"gb-container gb-container-afc3afdf\">\n\n<p>G&uuml;n&uuml;m&uuml;zde m&uuml;&#351;teriler giderek daha fazla &ouml;zelle&#351;tirilmi&#351; teklifler talep etmektedir. Piyasalar daha &#351;effaft&#305;r ve bir tedarik&ccedil;iyi di&#287;eriyle de&#287;i&#351;tirmeyi kolayla&#351;t&#305;rmaktad&#305;r. K&uuml;reselle&#351;me ve ticaret engellerinin azalmas&#305; rekabeti art&#305;rm&#305;&#351;t&#305;r.  <\/p>\n\n\n\n<p><br>B&uuml;y&uuml;mek i&ccedil;in yeni m&uuml;&#351;teriler kazanmaya ve mevcut ili&#351;kileri geli&#351;tirmeye ihtiya&ccedil; vard&#305;r. Bu nedenle, m&uuml;&#351;teri ili&#351;kilerinizin de&#287;eri &#351;irketinizin ba&#351;ar&#305;s&#305; i&ccedil;in kritik &ouml;neme sahiptir. <\/p>\n\n\n\n<p><br>Atos Origin i&ccedil;in CRM &ccedil;&ouml;z&uuml;mleri, m&uuml;&#351;teriyi her &#351;irketin s&uuml;re&ccedil; ve uygulamalar&#305;n&#305;n merkezine koyan bir y&ouml;netim yakla&#351;&#305;m&#305; olmal&#305;d&#305;r. Sonu&ccedil;ta, bir i&#351;letme i&ccedil;in memnun m&uuml;&#351;teri say&#305;s&#305;n&#305; art&#305;rmaktan daha iyi bir reklam olabilir mi? <\/p>\n\n\n\n<h3 class=\"gb-headline gb-headline-de303d0c gb-headline-text\">CRM &Ccedil;&ouml;z&uuml;mleri<\/h3>\n\n\n\n<p>CRM &ccedil;&ouml;z&uuml;mleri ve teknolojileri daha fazla i&ccedil; m&uuml;&#351;teri i&ccedil;g&ouml;r&uuml;s&uuml;, daha fazla m&uuml;&#351;teri eri&#351;imi, daha etkili etkile&#351;im ve nihayetinde m&uuml;&#351;teriye y&ouml;nelik t&uuml;m kanallar ve arka ofis i&#351;levleri aras&#305;nda entegrasyon sunar.<\/p>\n\n\n\n<p>Atos Origin, i&#351; ve teknoloji entegrasyonunda bir lider olarak, k&uuml;resel bazda eksiksiz ya&#351;am d&ouml;ng&uuml;s&uuml; hizmetleri sunmaktad&#305;r. Kan&#305;tlanm&#305;&#351; &ldquo;Tasarla, Kur, &#304;&#351;let&rdquo; yakla&#351;&#305;m&#305;m&#305;z, vizyonunuzu m&uuml;&#351;teri odakl&#305; bir stratejiye d&ouml;n&uuml;&#351;t&uuml;rmenizi sa&#287;layacakt&#305;r. S&uuml;re&ccedil;ler m&uuml;&#351;terilerinizin etraf&#305;nda tasarlanacak ve i&#351; &ccedil;&ouml;z&uuml;m&uuml; bunu dikkate alacak ve arka ofis s&uuml;re&ccedil;lerinizle entegre edilecektir.  <\/p>\n\n<\/div>\n<\/div><div class=\"gb-container gb-container-b763d655\">\n\n<p class=\"gb-headline gb-headline-df762b4f\"><span class=\"gb-icon\"><svg xmlns=\"http:\/\/www.w3.org\/2000\/svg\" viewbox=\"0 0 36.7 3\"><path d=\"M0 0h36.7v3H0z\"><\/path><\/svg><\/span><span class=\"gb-headline-text\">Bize ula&#351;&#305;n<\/span><\/p>\n\n\n\n<h2 class=\"gb-headline gb-headline-fbeda807 gb-headline-text\">Randevu almak i&ccedil;in bug&uuml;n planlama departman&#305;m&#305;zla ileti&#351;ime ge&ccedil;in.<\/h2>\n\n\n\n<a class=\"gb-button gb-button-0d97623a gb-button-text button\" href=\"https:\/\/sema.es\/contact\/\">Randevu al&#305;n<\/a>\n\n<\/div>\n","protected":false},"excerpt":{"rendered":"<p>&Ccedil;&ouml;z&uuml;mler M&uuml;&#351;teri &#304;li&#351;kileri Y&ouml;netimi (CRM) &ldquo;&#350;irketler, m&uuml;&#351;teri stratejilerinin merkezinde yer al&#305;rsa ba&#351;ar&#305;l&#305; olurlar. Atos Origin&rsquo;de bunu ba&#351;arman&#305;za yard&#305;mc&#305; olacak net fikirlere sahibiz&rdquo;. Sara M. &ndash; Miami iyile&#351;tirme Evrim: s&uuml;re&ccedil;ler, rekabet&ccedil;ilik G&uuml;n&uuml;m&uuml;zde m&uuml;&#351;teriler giderek daha fazla &ouml;zelle&#351;tirilmi&#351; teklifler talep etmektedir. Piyasalar daha &#351;effaft&#305;r ve bir tedarik&ccedil;iyi di&#287;eriyle de&#287;i&#351;tirmeyi kolayla&#351;t&#305;rmaktad&#305;r. K&uuml;reselle&#351;me ve ticaret engellerinin azalmas&#305; rekabeti art&#305;rm&#305;&#351;t&#305;r. &#8230; <a title=\"CRM\" class=\"read-more\" href=\"https:\/\/sema.es\/tr\/crm\/\" aria-label=\"Read more about CRM\">Read more<\/a><\/p>\n","protected":false},"author":1,"featured_media":0,"parent":0,"menu_order":0,"comment_status":"closed","ping_status":"closed","template":"","meta":{"footnotes":""},"class_list":["post-27588","page","type-page","status-publish"],"rank_math_title":"Atos Origin CRM \u00e7\u00f6z\u00fcmleri: m\u00fc\u015fteri ili\u015fkilerini geli\u015ftirmek","rank_math_description":"Atos Origin CRM \u00e7\u00f6z\u00fcmleri ile m\u00fc\u015fteri etkile\u015fimlerinizi d\u00f6n\u00fc\u015ft\u00fcr\u00fcn. Yakla\u015f\u0131m\u0131m\u0131z, m\u00fc\u015fterileri i\u015finizin merkezine yerle\u015ftirmek, memnuniyeti ve b\u00fcy\u00fcmeyi sa\u011flamak i\u00e7in teknoloji ve stratejiyi entegre eder. ","rank_math_focus_keyword":"","_links":{"self":[{"href":"https:\/\/sema.es\/tr\/wp-json\/wp\/v2\/pages\/27588","targetHints":{"allow":["GET"]}}],"collection":[{"href":"https:\/\/sema.es\/tr\/wp-json\/wp\/v2\/pages"}],"about":[{"href":"https:\/\/sema.es\/tr\/wp-json\/wp\/v2\/types\/page"}],"author":[{"embeddable":true,"href":"https:\/\/sema.es\/tr\/wp-json\/wp\/v2\/users\/1"}],"replies":[{"embeddable":true,"href":"https:\/\/sema.es\/tr\/wp-json\/wp\/v2\/comments?post=27588"}],"version-history":[{"count":0,"href":"https:\/\/sema.es\/tr\/wp-json\/wp\/v2\/pages\/27588\/revisions"}],"wp:attachment":[{"href":"https:\/\/sema.es\/tr\/wp-json\/wp\/v2\/media?parent=27588"}],"curies":[{"name":"wp","href":"https:\/\/api.w.org\/{rel}","templated":true}]}}