{"id":27661,"date":"2024-01-11T06:57:28","date_gmt":"2024-01-11T06:57:28","guid":{"rendered":"https:\/\/sema.es\/danismanlik\/"},"modified":"2024-01-11T06:57:28","modified_gmt":"2024-01-11T06:57:28","slug":"consultoria","status":"publish","type":"page","link":"https:\/\/sema.es\/tr\/consultoria\/","title":{"rendered":"Dan\u0131\u015fmanl\u0131k"},"content":{"rendered":"<?xml encoding=\"UTF-8\">\n","protected":false},"excerpt":{"rendered":"","protected":false},"author":1,"featured_media":0,"parent":0,"menu_order":0,"comment_status":"closed","ping_status":"closed","template":"","meta":{"footnotes":""},"class_list":["post-27661","page","type-page","status-publish"],"rank_math_title":"Atos Consulting: Stratejik i\u015f ve BT dan\u0131\u015fmanl\u0131k hizmetleri","rank_math_description":"Atos Consulting'in uzman BT ve i\u015f dan\u0131\u015fmanl\u0131\u011f\u0131 hizmetleri ile rekabet avantaj\u0131 elde edin. Telekom\u00fcnikasyon, finans, kamu sekt\u00f6r\u00fc ve daha fazlas\u0131 i\u00e7in \u00f6zel \u00e7\u00f6z\u00fcmler, g\u00f6r\u00fcn\u00fcr sonu\u00e7lar ve stratejik b\u00fcy\u00fcme sa\u011flar. ","rank_math_focus_keyword":"","_links":{"self":[{"href":"https:\/\/sema.es\/tr\/wp-json\/wp\/v2\/pages\/27661","targetHints":{"allow":["GET"]}}],"collection":[{"href":"https:\/\/sema.es\/tr\/wp-json\/wp\/v2\/pages"}],"about":[{"href":"https:\/\/sema.es\/tr\/wp-json\/wp\/v2\/types\/page"}],"author":[{"embeddable":true,"href":"https:\/\/sema.es\/tr\/wp-json\/wp\/v2\/users\/1"}],"replies":[{"embeddable":true,"href":"https:\/\/sema.es\/tr\/wp-json\/wp\/v2\/comments?post=27661"}],"version-history":[{"count":0,"href":"https:\/\/sema.es\/tr\/wp-json\/wp\/v2\/pages\/27661\/revisions"}],"wp:attachment":[{"href":"https:\/\/sema.es\/tr\/wp-json\/wp\/v2\/media?parent=27661"}],"curies":[{"name":"wp","href":"https:\/\/api.w.org\/{rel}","templated":true}]}}