{"id":27678,"date":"2024-01-11T07:00:27","date_gmt":"2024-01-11T07:00:27","guid":{"rendered":"https:\/\/sema.es\/sistem-entegrasyonu\/"},"modified":"2024-12-16T10:40:08","modified_gmt":"2024-12-16T10:40:08","slug":"integracion-de-sistemas","status":"publish","type":"page","link":"https:\/\/sema.es\/tr\/integracion-de-sistemas\/","title":{"rendered":"Sistem Entegrasyonu"},"content":{"rendered":"<?xml encoding=\"UTF-8\"><div class=\"gb-container gb-container-64391086\">\n<div class=\"gb-container gb-container-7fddd5ff\">\n\n<p class=\"gb-headline gb-headline-9b73ecbe\"><span class=\"gb-icon\"><svg xmlns=\"http:\/\/www.w3.org\/2000\/svg\" viewbox=\"0 0 36.7 3\"><path d=\"M0 0h36.7v3H0z\"><\/path><\/svg><\/span><span class=\"gb-headline-text\"><\/span><\/p>\n\n\n\n<h2 class=\"gb-headline gb-headline-d14c8852 gb-headline-text\">KARMA&#350;IKLI&#286;I NETLIKLE Y&Ouml;NETMEK<\/h2>\n\n\n\n<p>G&uuml;n&uuml;m&uuml;z&uuml;n i&#351; ortam&#305;, i&#351; performans&#305;nda ve yat&#305;r&#305;m getirisinde (ROI) iyile&#351;tirmeler talep eden yeni de&#287;i&#351;iklikleri beraberinde getirmektedir. Verimlilik artmal&#305; ve ayn&#305; zamanda BT ile ilgili harcamalar azalmal&#305;d&#305;r. Daha az&#305;yla daha fazlas&#305;n&#305; yapma zorunlulu&#287;u, BT &ccedil;&ouml;z&uuml;mleri &uuml;zerinde daha etkili olmalar&#305; y&ouml;n&uuml;nde bask&#305; yaratmaktad&#305;r.  <\/p>\n\n\n\n<p>T&uuml;m sekt&ouml;rlerde, bug&uuml;n i&#351;letmelerin kar&#351;&#305;la&#351;t&#305;&#287;&#305; temel zorluklar &#351;unlard&#305;r:<\/p>\n\n\n\n<ul class=\"wp-block-list\">\n<li>stratejik verilerin b&uuml;t&uuml;nl&uuml;&#287;&uuml;n&uuml;n ve g&uuml;venli&#287;inin korunmas&#305;<\/li>\n\n\n\n<li>yeni i&#351; modellerini uygulamak i&ccedil;in mevcut altyap&#305;lar&#305;n kullan&#305;lmas&#305;<\/li>\n\n\n\n<li>tescilli sistemlerin de&#287;erinin art&#305;r&#305;lmas&#305;<\/li>\n\n\n\n<li>normal faaliyetler s&uuml;rd&uuml;r&uuml;l&uuml;rken yeni teknolojilerin benimsenmesi<\/li>\n\n\n\n<li>Kaynaklar&#305;n verimlili&#287;ini optimize etmek i&ccedil;in BT kullan&#305;m&#305;<\/li>\n\n\n\n<li>rekabet&ccedil;i bir liderlik profilinin s&uuml;rd&uuml;r&uuml;lmesi<\/li>\n<\/ul>\n\n\n\n<p>Atos Origin bu zorluklar&#305;n ve bunlar&#305;n m&uuml;&#351;terilerimizin i&#351;letmeleri &uuml;zerindeki kritik etkilerinin fark&#305;ndad&#305;r. &#304;nsanlar&#305;, s&uuml;re&ccedil;leri ve teknolojileri entegre eden kapsaml&#305; deneyimimiz, pratik ve sa&#287;lam &ccedil;&ouml;z&uuml;mler tasarlamam&#305;z&#305;, geli&#351;tirmemizi ve uygulamam&#305;z&#305; sa&#287;lar. Karma&#351;&#305;k i&#351; &ccedil;&ouml;z&uuml;mlerinin uygulanmas&#305; yoluyla m&uuml;&#351;terilerimizin riski en aza indirmelerini ve daha y&uuml;ksek verimlilik d&uuml;zeylerine &ouml;l&ccedil;eklenmelerini sa&#287;layan pazar lideri metodolojiler ve s&uuml;re&ccedil;ler uyguluyoruz.  <\/p>\n\n\n\n<h2 class=\"wp-block-heading\">BT yat&#305;r&#305;m&#305;n&#305;z&#305; en &uuml;st d&uuml;zeye &ccedil;&#305;karacak yeteneklere sahibiz<\/h2>\n\n\n\n<p>Sistem entegrasyon uzmanlar&#305;m&#305;z yeni BT &ccedil;&ouml;z&uuml;mleri ve sistemleri geli&#351;tirmekte ve uygulamaktad&#305;r. Mevcut altyap&#305;lara sorunsuz bir adaptasyon sa&#287;lar ve gerekti&#287;inde BT uygulamalar&#305;n&#305;n s&uuml;rekli bak&#305;m&#305;n&#305; ve geli&#351;tirilmesini sa&#287;larlar. <\/p>\n\n\n\n<p>Genel i&#351; stratejilerini destekleyen ve g&uuml;&ccedil;lendiren uzun vadeli BT planlar&#305; geli&#351;tirmek i&ccedil;in m&uuml;&#351;terilerimizle birlikte &ccedil;al&#305;&#351;&#305;yoruz. Ayr&#305;ca, &ouml;zel &ccedil;&ouml;z&uuml;mler geli&#351;tiriyor, t&uuml;r&uuml;n&uuml;n en iyisi teknolojileri entegre ediyor ve u&ccedil;tan uca bir teklifin par&ccedil;as&#305; olarak paketlenmi&#351; sistemler sunuyoruz. <\/p>\n\n<\/div>\n\n<div class=\"gb-container gb-container-0896ed09\">\n\n<figure class=\"wp-block-image size-full blue-shadow img\"><img loading=\"lazy\" decoding=\"async\" width=\"600\" height=\"450\" src=\"https:\/\/sema.es\/wp-content\/uploads\/2020\/10\/counselling.jpg\" alt=\"\" class=\"wp-image-4364\" title=\"\" srcset=\"https:\/\/sema.es\/wp-content\/uploads\/2020\/10\/counselling.jpg 600w, https:\/\/sema.es\/wp-content\/uploads\/2020\/10\/counselling-300x225.jpg 300w\" sizes=\"auto, (max-width: 600px) 100vw, 600px\" \/><\/figure>\n\n<\/div>\n<\/div>\n","protected":false},"excerpt":{"rendered":"<p>KARMA&#350;IKLI&#286;I NETLIKLE Y&Ouml;NETMEK G&uuml;n&uuml;m&uuml;z&uuml;n i&#351; ortam&#305;, i&#351; performans&#305;nda ve yat&#305;r&#305;m getirisinde (ROI) iyile&#351;tirmeler talep eden yeni de&#287;i&#351;iklikleri beraberinde getirmektedir. Verimlilik artmal&#305; ve ayn&#305; zamanda BT ile ilgili harcamalar azalmal&#305;d&#305;r. Daha az&#305;yla daha fazlas&#305;n&#305; yapma zorunlulu&#287;u, BT &ccedil;&ouml;z&uuml;mleri &uuml;zerinde daha etkili olmalar&#305; y&ouml;n&uuml;nde bask&#305; yaratmaktad&#305;r. T&uuml;m sekt&ouml;rlerde, bug&uuml;n i&#351;letmelerin kar&#351;&#305;la&#351;t&#305;&#287;&#305; temel zorluklar &#351;unlard&#305;r: Atos Origin bu &#8230; <a title=\"Sistem Entegrasyonu\" class=\"read-more\" href=\"https:\/\/sema.es\/tr\/integracion-de-sistemas\/\" aria-label=\"Read more about Sistem Entegrasyonu\">Read more<\/a><\/p>\n","protected":false},"author":1,"featured_media":0,"parent":0,"menu_order":0,"comment_status":"closed","ping_status":"closed","template":"","meta":{"footnotes":""},"class_list":["post-27678","page","type-page","status-publish"],"rank_math_title":"Atos sistem entegrasyon hizmetleri: i\u015f verimlili\u011fini art\u0131rma","rank_math_description":"Atos sistem entegrasyon hizmetleri ile i\u015finizi optimize edin. Yeni teknolojileri mevcut altyap\u0131larla entegre ederek, veri b\u00fct\u00fcnl\u00fc\u011f\u00fcn\u00fc koruyarak ve BT geli\u015fmelerinden yararlanarak daha fazla \u00fcretkenlik ve yat\u0131r\u0131m getirisi elde edin. ","rank_math_focus_keyword":"","_links":{"self":[{"href":"https:\/\/sema.es\/tr\/wp-json\/wp\/v2\/pages\/27678","targetHints":{"allow":["GET"]}}],"collection":[{"href":"https:\/\/sema.es\/tr\/wp-json\/wp\/v2\/pages"}],"about":[{"href":"https:\/\/sema.es\/tr\/wp-json\/wp\/v2\/types\/page"}],"author":[{"embeddable":true,"href":"https:\/\/sema.es\/tr\/wp-json\/wp\/v2\/users\/1"}],"replies":[{"embeddable":true,"href":"https:\/\/sema.es\/tr\/wp-json\/wp\/v2\/comments?post=27678"}],"version-history":[{"count":0,"href":"https:\/\/sema.es\/tr\/wp-json\/wp\/v2\/pages\/27678\/revisions"}],"wp:attachment":[{"href":"https:\/\/sema.es\/tr\/wp-json\/wp\/v2\/media?parent=27678"}],"curies":[{"name":"wp","href":"https:\/\/api.w.org\/{rel}","templated":true}]}}