{"id":27692,"date":"2024-01-11T07:03:23","date_gmt":"2024-01-11T07:03:23","guid":{"rendered":"https:\/\/sema.es\/dis-kaynak-kullanimi\/"},"modified":"2024-12-16T10:40:15","modified_gmt":"2024-12-16T10:40:15","slug":"outsourcing","status":"publish","type":"page","link":"https:\/\/sema.es\/tr\/outsourcing\/","title":{"rendered":"D\u0131\u015f Kaynak Kullan\u0131m\u0131"},"content":{"rendered":"<?xml encoding=\"UTF-8\"><div class=\"gb-container gb-container-64391086\">\n<div class=\"gb-container gb-container-7fddd5ff\">\n\n<p class=\"gb-headline gb-headline-9b73ecbe\"><span class=\"gb-icon\"><svg xmlns=\"http:\/\/www.w3.org\/2000\/svg\" viewbox=\"0 0 36.7 3\"><path d=\"M0 0h36.7v3H0z\"><\/path><\/svg><\/span><span class=\"gb-headline-text\"><\/span><\/p>\n\n\n\n<h2 class=\"gb-headline gb-headline-d14c8852 gb-headline-text\">Ta&#351;eronluk<\/h2>\n\n\n\n<p>S&uuml;rekli de&#287;i&#351;en bir d&uuml;nyada, &#351;irketler rekabet edebilirlik d&uuml;zeylerini korumak ve geli&#351;tirmek i&ccedil;in i&#351; s&uuml;re&ccedil;lerini iyile&#351;tirmek zorundad&#305;r. Daha k&#305;sa &uuml;r&uuml;n d&ouml;ng&uuml;leri, k&uuml;resel rekabet, daha rekabet&ccedil;i tedarik zincirleri ve artan karma&#351;&#305;kl&#305;k gibi fakt&ouml;rler, Bilgi Sistemlerinin daha fazla katk&#305;s&#305;n&#305; ve karma&#351;&#305;kl&#305;&#287;&#305;n&#305; beraberinde getirmi&#351;tir. <\/p>\n\n\n\n<p>Stratejik projelerin &uuml;stesinden gelmek, sistemlerin haftan&#305;n 7 g&uuml;n&uuml;, g&uuml;n&uuml;n 24 saati aktif olmas&#305;n&#305; sa&#287;lamak, i&#351;inize ger&ccedil;ekten de&#287;er katan g&ouml;revlere odaklanmak ve maliyeti kontrol edilen ve gerek&ccedil;elendirilen BT sistemlerine sahip olmak i&ccedil;in daha fazla kaynak kullan&#305;labilirli&#287;ine duyulan ihtiya&ccedil; her ge&ccedil;en g&uuml;n daha da artmaktad&#305;r.<\/p>\n\n\n\n<p>Atos Origin, BT ortamlar&#305;n&#305;n da&#287;&#305;t&#305;m&#305; ve y&ouml;netimi yoluyla m&uuml;&#351;terilerin bu ihtiya&ccedil;lar&#305;n&#305; kar&#351;&#305;lamaktad&#305;r. &#304;&#351; uygulamalar&#305;n&#305;n ve bunlar&#305; destekleyen altyap&#305;n&#305;n ya&#351;am d&ouml;ng&uuml;s&uuml;n&uuml; y&ouml;netmede pazar lideri konumumuz ve yerel ve k&uuml;resel kurulu&#351;lara hizmet sunma konusundaki kapsaml&#305; deneyimimiz sayesinde, m&uuml;&#351;terilerimizle bu temel de&#287;i&#351;imin risklerini ve faydalar&#305;n&#305; payla&#351;abiliyoruz. <\/p>\n\n\n\n<p>Atos Origin taraf&#305;ndan sunulan hizmetler, i&#351; ihtiya&ccedil;lar&#305;n&#305;za g&ouml;re uyarlanm&#305;&#351; ve a&#351;a&#287;&#305;daki unsurlar&#305; i&ccedil;eren Bilgi Sistemlerinizin eksiksiz D&#305;&#351; Kaynak Kullan&#305;m&#305;n&#305; kapsar:<\/p>\n\n\n\n<ul class=\"wp-block-list\">\n<li>Uygulama Y&ouml;netimi<\/li>\n\n\n\n<li>Sunucu Y&ouml;netimi<\/li>\n\n\n\n<li>Masa&uuml;st&uuml; ortam&#305; y&ouml;netimi<\/li>\n\n\n\n<li>A&#287; Y&ouml;netimi<\/li>\n\n\n\n<li>Destek Hizmetleri, Yard&#305;m Masas&#305;<\/li>\n<\/ul>\n\n\n\n<p>Bu hizmetlerin sunumu &uuml;&ccedil; temel s&uuml;tuna dayanmaktad&#305;r: s&uuml;re&ccedil;ler, organizasyon ve ara&ccedil;lar. Atos Origin, d&uuml;nyan&#305;n neresinde olursan&#305;z olun, m&uuml;&#351;terilerimizin ayn&#305; i&#351; yapma y&ouml;ntemlerini bulmas&#305;n&#305; sa&#287;layan ITIL&rsquo;e dayal&#305; kendi hizmet sunum metodolojisini, M&uuml;&#351;teri Hizmetleri Sunum Modelini geli&#351;tirmi&#351;tir. Ancak CSDM daha da ileri giderek organizasyonu bu s&uuml;re&ccedil;lere ba&#287;lamakta, farkl&#305; gruplar&#305;n sorumluluklar&#305;n&#305; ve rollerini tan&#305;mlamaktad&#305;r. Son olarak, ara&ccedil;lar, her durumda m&uuml;&#351;terilerin ihtiya&ccedil;lar&#305;na en iyi &#351;ekilde uyarlanm&#305;&#351; olanlar&#305; kullanarak kurulu&#351;u ve s&uuml;re&ccedil;lerini kolayla&#351;t&#305;rmaya ve desteklemeye izin verir.   <\/p>\n\n\n\n<p>Atos Origin &ccedil;&ouml;z&uuml;m&uuml; size ger&ccedil;ek faydalar sa&#287;layacakt&#305;r:<\/p>\n\n\n\n<ul class=\"wp-block-list\">\n<li>Bilgi Sistemlerinin S&uuml;reklili&#287;inin Sa&#287;lanmas&#305;<\/li>\n\n\n\n<li>Rekabet g&uuml;c&uuml;n&uuml; art&#305;rmak i&ccedil;in teknolojik yeniliklere &ouml;nc&uuml;l&uuml;k etmek<\/li>\n\n\n\n<li>&#304;&#351; hedeflerinize g&ouml;re en iyi &ccedil;&ouml;z&uuml;mlerin kullan&#305;lmas&#305;n&#305; sa&#287;lay&#305;n.<\/li>\n\n\n\n<li>&#304;&#351; gereksinimlerini teknoloji &ccedil;&ouml;z&uuml;mleriyle birle&#351;tirme<\/li>\n\n\n\n<li>M&uuml;&#351;terilerimizi t&uuml;m kilit a&#351;amalara dahil ederek bilgi payla&#351;&#305;m&#305;<\/li>\n\n\n\n<li>Proaktif y&ouml;netim yoluyla da&#287;&#305;t&#305;k sistemlerin karma&#351;&#305;kl&#305;&#287;&#305;n&#305; ve dinamiklerini y&ouml;netin.<\/li>\n<\/ul>\n\n<\/div>\n\n<div class=\"gb-container gb-container-0896ed09\">\n\n<figure class=\"wp-block-image size-full blue-shadow img\"><img loading=\"lazy\" decoding=\"async\" width=\"1024\" height=\"1024\" src=\"https:\/\/sema.es\/wp-content\/uploads\/2024\/01\/hp_001.png\" alt=\"\" class=\"wp-image-4854\" title=\"\" srcset=\"https:\/\/sema.es\/wp-content\/uploads\/2024\/01\/hp_001.png 1024w, https:\/\/sema.es\/wp-content\/uploads\/2024\/01\/hp_001-300x300.png 300w, https:\/\/sema.es\/wp-content\/uploads\/2024\/01\/hp_001-150x150.png 150w, https:\/\/sema.es\/wp-content\/uploads\/2024\/01\/hp_001-768x768.png 768w\" sizes=\"auto, (max-width: 1024px) 100vw, 1024px\" \/><\/figure>\n\n<\/div>\n<\/div>\n","protected":false},"excerpt":{"rendered":"<p>Ta&#351;eronluk S&uuml;rekli de&#287;i&#351;en bir d&uuml;nyada, &#351;irketler rekabet edebilirlik d&uuml;zeylerini korumak ve geli&#351;tirmek i&ccedil;in i&#351; s&uuml;re&ccedil;lerini iyile&#351;tirmek zorundad&#305;r. Daha k&#305;sa &uuml;r&uuml;n d&ouml;ng&uuml;leri, k&uuml;resel rekabet, daha rekabet&ccedil;i tedarik zincirleri ve artan karma&#351;&#305;kl&#305;k gibi fakt&ouml;rler, Bilgi Sistemlerinin daha fazla katk&#305;s&#305;n&#305; ve karma&#351;&#305;kl&#305;&#287;&#305;n&#305; beraberinde getirmi&#351;tir. Stratejik projelerin &uuml;stesinden gelmek, sistemlerin haftan&#305;n 7 g&uuml;n&uuml;, g&uuml;n&uuml;n 24 saati aktif olmas&#305;n&#305; sa&#287;lamak, &#8230; <a title=\"D\u0131\u015f Kaynak Kullan\u0131m\u0131\" class=\"read-more\" href=\"https:\/\/sema.es\/tr\/outsourcing\/\" aria-label=\"Read more about D\u0131\u015f Kaynak Kullan\u0131m\u0131\">Read more<\/a><\/p>\n","protected":false},"author":1,"featured_media":0,"parent":0,"menu_order":0,"comment_status":"closed","ping_status":"closed","template":"","meta":{"footnotes":""},"class_list":["post-27692","page","type-page","status-publish"],"rank_math_title":"Atos Origin D\u0131\u015f Kaynak Hizmetleri: i\u015f verimlili\u011fini ve inovasyonu art\u0131rmak","rank_math_description":"Atos Origin D\u0131\u015f Kaynak Hizmetleri ile operasyonlar\u0131n\u0131z\u0131 kolayla\u015ft\u0131r\u0131n. Uygulama y\u00f6netimi, sunucu ve a\u011f y\u00f6netimi ve kullan\u0131c\u0131 deste\u011fi alanlar\u0131ndaki uzmanl\u0131\u011f\u0131m\u0131zdan yararlanarak s\u00fcrekli yenilik ve rekabet avantaj\u0131 elde edin. ","rank_math_focus_keyword":"","_links":{"self":[{"href":"https:\/\/sema.es\/tr\/wp-json\/wp\/v2\/pages\/27692","targetHints":{"allow":["GET"]}}],"collection":[{"href":"https:\/\/sema.es\/tr\/wp-json\/wp\/v2\/pages"}],"about":[{"href":"https:\/\/sema.es\/tr\/wp-json\/wp\/v2\/types\/page"}],"author":[{"embeddable":true,"href":"https:\/\/sema.es\/tr\/wp-json\/wp\/v2\/users\/1"}],"replies":[{"embeddable":true,"href":"https:\/\/sema.es\/tr\/wp-json\/wp\/v2\/comments?post=27692"}],"version-history":[{"count":0,"href":"https:\/\/sema.es\/tr\/wp-json\/wp\/v2\/pages\/27692\/revisions"}],"wp:attachment":[{"href":"https:\/\/sema.es\/tr\/wp-json\/wp\/v2\/media?parent=27692"}],"curies":[{"name":"wp","href":"https:\/\/api.w.org\/{rel}","templated":true}]}}